{"id":9284,"date":"2021-04-16T10:19:51","date_gmt":"2021-04-16T15:19:51","guid":{"rendered":"http:\/\/osiskogr.com\/?page_id=9284"},"modified":"2025-05-12T09:25:55","modified_gmt":"2025-05-12T14:25:55","slug":"rapport-esg","status":"publish","type":"page","link":"https:\/\/orroyalties.com\/fr\/rapport-esg\/","title":{"rendered":"Rapport ESG"},"content":{"rendered":"<h4><strong>Rapport de d\u00e9veloppement durable 2024<\/strong><br \/>\n<em>Une croissance responsable<\/em><\/h4>\n<p><strong><a href=\"https:\/\/orroyalties.com\/app\/uploads\/2025\/05\/2024_OR_SD_Report_FINAL.pdf\" target=\"_blank\" rel=\"noopener\"><img loading=\"lazy\" decoding=\"async\" class=\"alignright wp-image-12752\" src=\"https:\/\/orroyalties.com\/app\/uploads\/2025\/05\/OGR-2024-ESG.jpg\" alt=\"\" width=\"184\" height=\"240\" \/><\/a><\/strong><\/p>\n<p>Nous sommes heureux de partager avec vous la cinqui\u00e8me \u00e9dition de <em>Une croissance responsable<\/em>, mettant en lumi\u00e8re certaines des nombreuses avanc\u00e9es que nous avons r\u00e9alis\u00e9es en 2024 pour am\u00e9liorer nos pratiques en mati\u00e8re d&rsquo;enjeux environnementaux, sociaux et de gouvernance (\u00ab ESG \u00bb).<\/p>\n<div class=\"bio-direction\">\n<div class=\"wrap-pdf\"> <a href=\"https:\/\/orroyalties.com\/app\/uploads\/2025\/05\/2024_OR_SD_Report_FINAL.pdf\" target=\"_blank\"> <div class=\"icon-pdf\">&nbsp;<\/div> <div class=\"pdf-box\">T\u00e9l\u00e9chargez en pdf<\/div> <\/a> <\/div>\n<\/div>\n<hr \/>\n<div class=\"bio-direction\"><\/div>\n<p><strong>LOI SUR LES MESURES DE TRANSPARENCE DANS LE SECTEUR EXTRACTIF &#8211; LMTSE<\/strong><\/p>\n<p>La loi sur les mesures de transparence dans le secteur extractif (LMTSE) a pour objet de mettre en oeuvre les engagements internationaux du Canada en mati\u00e8re de lutte contre la corruption par la prise de mesures applicables au secteur extractif, notamment pour favoriser la transparence et imposer l\u2019obligation de faire rapport sur des paiements faits par des entit\u00e9s. Ces mesures visent \u00e0 d\u00e9courager et \u00e0 d\u00e9tecter la corruption, notamment les formes de corruption vis\u00e9es \u00e0 l\u2019un ou l\u2019autre des articles 119 \u00e0 121 et 341 du Code criminel et des articles 3 et 4 de la Loi sur la corruption d\u2019agents publics \u00e9trangers.<\/p>\n<div class=\"wrap-pdf\"> <a href=\"https:\/\/orroyalties.com\/app\/uploads\/2023\/06\/Redevances-Auriferes-Osisko-ltee_rapport-LMTSE-2022_FR_final.pdf\" target=\"_blank\"> <div class=\"icon-pdf\">&nbsp;<\/div> <div class=\"pdf-box\">Rapport LMTSE 2022<\/div> <\/a> <\/div>\n<div class=\"wrap-pdf\"> <a href=\"http:\/\/orroyalties.com\/app\/uploads\/2022\/05\/Redevances-Auriferes-Osisko-ltee_rapport-LMTSE-2021_FR.pdf\" target=\"_blank\"> <div class=\"icon-pdf\">&nbsp;<\/div> <div class=\"pdf-box\">Rapport LMTSE 2021<\/div> <\/a> <\/div>\n<div class=\"wrap-pdf\"> <a href=\"https:\/\/orroyalties.com\/app\/uploads\/2021\/05\/Redevances-Auriferes-Osisko-ltee_rapport-LMTSE-2020_FR.pdf\" target=\"_blank\"> <div class=\"icon-pdf\">&nbsp;<\/div> <div class=\"pdf-box\">Rapport LMTSE 2020<\/div> <\/a> <\/div>\n<div class=\"wrap-pdf\"> <a href=\"http:\/\/orroyalties.com\/app\/uploads\/2020\/06\/RAO_LMTSE_2019_final.pdf\" target=\"_blank\"> <div class=\"icon-pdf\">&nbsp;<\/div> <div class=\"pdf-box\">Rapport LMTSE 2019<\/div> <\/a> <\/div>\n<div class=\"wrap-pdf\"> <a href=\"http:\/\/orroyalties.com\/app\/uploads\/2019\/06\/Redevances-Aurif\u00e8res-Osisko-Lt\u00e9e_Rapport-ESTMA-2018-Version-finale-20190604-fran\u00e7ais.pdf\" target=\"_blank\"> <div class=\"icon-pdf\">&nbsp;<\/div> <div class=\"pdf-box\">Rapport LMTSE 2018<\/div> <\/a> <\/div>\n<div class=\"wrap-pdf\"> <a href=\"http:\/\/orroyalties.com\/app\/uploads\/2018\/05\/Redevances-Aurif\u00e8res-Osisko-Lt\u00e9e_Rapport-ESTMA-2017-Version-finale-fr....pdf\" target=\"_blank\"> <div class=\"icon-pdf\">&nbsp;<\/div> <div class=\"pdf-box\">Rapport LMTSE 2017<\/div> <\/a> <\/div>\n<div class=\"wrap-pdf\"> <a href=\"http:\/\/orroyalties.com\/app\/uploads\/2017\/05\/OR-LMTSE-Rapport-consolid\u00e9-2016.pdf\" target=\"_blank\"> <div class=\"icon-pdf\">&nbsp;<\/div> <div class=\"pdf-box\">Rapport LMTSE 2016<\/div> <\/a> <\/div>\n","protected":false},"excerpt":{"rendered":"<p>Rapport de d\u00e9veloppement durable 2024 Une croissance responsable Nous sommes heureux de partager avec vous la cinqui\u00e8me \u00e9dition de Une croissance responsable, mettant en lumi\u00e8re certaines des nombreuses avanc\u00e9es que nous avons r\u00e9alis\u00e9es en 2024 pour am\u00e9liorer nos pratiques en mati\u00e8re d&rsquo;enjeux environnementaux, sociaux et de gouvernance (\u00ab ESG \u00bb). LOI SUR LES MESURES DE [&hellip;]<\/p>\n","protected":false},"author":4,"featured_media":11153,"parent":0,"menu_order":0,"comment_status":"closed","ping_status":"closed","template":"","meta":{"_monsterinsights_skip_tracking":false,"_monsterinsights_sitenote_active":false,"_monsterinsights_sitenote_note":"","_monsterinsights_sitenote_category":0,"footnotes":""},"acf":[],"yoast_head":"<!-- This site is optimized with the Yoast SEO plugin v21.9.1 - https:\/\/yoast.com\/wordpress\/plugins\/seo\/ -->\n<title>Rapport ESG | Redevances OR inc.<\/title>\n<meta name=\"robots\" content=\"index, follow, max-snippet:-1, max-image-preview:large, max-video-preview:-1\" \/>\n<link rel=\"canonical\" href=\"https:\/\/orroyalties.com\/fr\/rapport-esg\/\" \/>\n<meta property=\"og:locale\" content=\"fr_FR\" \/>\n<meta property=\"og:type\" content=\"article\" \/>\n<meta property=\"og:title\" content=\"Rapport ESG | Redevances OR inc.\" \/>\n<meta property=\"og:description\" content=\"Rapport de d\u00e9veloppement durable 2024 Une croissance responsable Nous sommes heureux de partager avec vous la cinqui\u00e8me \u00e9dition de Une croissance responsable, mettant en lumi\u00e8re certaines des nombreuses avanc\u00e9es que nous avons r\u00e9alis\u00e9es en 2024 pour am\u00e9liorer nos pratiques en mati\u00e8re d&rsquo;enjeux environnementaux, sociaux et de gouvernance (\u00ab ESG \u00bb). LOI SUR LES MESURES DE [&hellip;]\" \/>\n<meta property=\"og:url\" content=\"https:\/\/orroyalties.com\/fr\/rapport-esg\/\" \/>\n<meta property=\"og:site_name\" content=\"Redevances OR inc.\" \/>\n<meta property=\"article:modified_time\" content=\"2025-05-12T14:25:55+00:00\" \/>\n<meta property=\"og:image\" content=\"https:\/\/orroyalties.com\/app\/uploads\/2023\/06\/ESG2022_slider.jpg\" \/>\n\t<meta property=\"og:image:width\" content=\"1600\" \/>\n\t<meta property=\"og:image:height\" content=\"1000\" \/>\n\t<meta property=\"og:image:type\" content=\"image\/jpeg\" \/>\n<meta name=\"twitter:label1\" content=\"Est. reading time\" \/>\n\t<meta name=\"twitter:data1\" content=\"2 minutes\" \/>\n<script type=\"application\/ld+json\" class=\"yoast-schema-graph\">{\"@context\":\"https:\/\/schema.org\",\"@graph\":[{\"@type\":\"WebPage\",\"@id\":\"https:\/\/orroyalties.com\/fr\/rapport-esg\/\",\"url\":\"https:\/\/orroyalties.com\/fr\/rapport-esg\/\",\"name\":\"Rapport ESG | Redevances OR inc.\",\"isPartOf\":{\"@id\":\"https:\/\/orroyalties.com\/fr\/#website\"},\"datePublished\":\"2021-04-16T15:19:51+00:00\",\"dateModified\":\"2025-05-12T14:25:55+00:00\",\"breadcrumb\":{\"@id\":\"https:\/\/orroyalties.com\/fr\/rapport-esg\/#breadcrumb\"},\"inLanguage\":\"fr-FR\",\"potentialAction\":[{\"@type\":\"ReadAction\",\"target\":[\"https:\/\/orroyalties.com\/fr\/rapport-esg\/\"]}]},{\"@type\":\"BreadcrumbList\",\"@id\":\"https:\/\/orroyalties.com\/fr\/rapport-esg\/#breadcrumb\",\"itemListElement\":[{\"@type\":\"ListItem\",\"position\":1,\"name\":\"Accueil\",\"item\":\"https:\/\/orroyalties.com\/fr\/\"},{\"@type\":\"ListItem\",\"position\":2,\"name\":\"Rapport ESG\"}]},{\"@type\":\"WebSite\",\"@id\":\"https:\/\/orroyalties.com\/fr\/#website\",\"url\":\"https:\/\/orroyalties.com\/fr\/\",\"name\":\"Redevances OR inc.\",\"description\":\"Redevances OR inc. est une soci\u00e9t\u00e9 mini\u00e8re ax\u00e9e sur les redevances aurif\u00e8res et situ\u00e9e \u00e0 Montr\u00e9al, Qu\u00e9bec.\",\"publisher\":{\"@id\":\"https:\/\/orroyalties.com\/fr\/#organization\"},\"potentialAction\":[{\"@type\":\"SearchAction\",\"target\":{\"@type\":\"EntryPoint\",\"urlTemplate\":\"https:\/\/orroyalties.com\/fr\/?s={search_term_string}\"},\"query-input\":\"required name=search_term_string\"}],\"inLanguage\":\"fr-FR\"},{\"@type\":\"Organization\",\"@id\":\"https:\/\/orroyalties.com\/fr\/#organization\",\"name\":\"Osisko Gold Royalties Ltd\",\"url\":\"https:\/\/orroyalties.com\/fr\/\",\"logo\":{\"@type\":\"ImageObject\",\"inLanguage\":\"fr-FR\",\"@id\":\"https:\/\/orroyalties.com\/fr\/#\/schema\/logo\/image\/\",\"url\":\"https:\/\/orroyalties.com\/app\/uploads\/2019\/04\/Osisko_OGR-logo_color.jpg\",\"contentUrl\":\"https:\/\/orroyalties.com\/app\/uploads\/2019\/04\/Osisko_OGR-logo_color.jpg\",\"width\":2550,\"height\":1066,\"caption\":\"Osisko Gold Royalties Ltd\"},\"image\":{\"@id\":\"https:\/\/orroyalties.com\/fr\/#\/schema\/logo\/image\/\"},\"sameAs\":[\"https:\/\/twitter.com\/OsiskoRoyalties\",\"https:\/\/www.linkedin.com\/company\/osisko-gold-royalties-ltd\"]}]}<\/script>\n<!-- \/ Yoast SEO plugin. -->","yoast_head_json":{"title":"Rapport ESG | Redevances OR inc.","robots":{"index":"index","follow":"follow","max-snippet":"max-snippet:-1","max-image-preview":"max-image-preview:large","max-video-preview":"max-video-preview:-1"},"canonical":"https:\/\/orroyalties.com\/fr\/rapport-esg\/","og_locale":"fr_FR","og_type":"article","og_title":"Rapport ESG | Redevances OR inc.","og_description":"Rapport de d\u00e9veloppement durable 2024 Une croissance responsable Nous sommes heureux de partager avec vous la cinqui\u00e8me \u00e9dition de Une croissance responsable, mettant en lumi\u00e8re certaines des nombreuses avanc\u00e9es que nous avons r\u00e9alis\u00e9es en 2024 pour am\u00e9liorer nos pratiques en mati\u00e8re d&rsquo;enjeux environnementaux, sociaux et de gouvernance (\u00ab ESG \u00bb). LOI SUR LES MESURES DE [&hellip;]","og_url":"https:\/\/orroyalties.com\/fr\/rapport-esg\/","og_site_name":"Redevances OR inc.","article_modified_time":"2025-05-12T14:25:55+00:00","og_image":[{"width":1600,"height":1000,"url":"https:\/\/orroyalties.com\/app\/uploads\/2023\/06\/ESG2022_slider.jpg","type":"image\/jpeg"}],"twitter_misc":{"Est. reading time":"2 minutes"},"schema":{"@context":"https:\/\/schema.org","@graph":[{"@type":"WebPage","@id":"https:\/\/orroyalties.com\/fr\/rapport-esg\/","url":"https:\/\/orroyalties.com\/fr\/rapport-esg\/","name":"Rapport ESG | Redevances OR inc.","isPartOf":{"@id":"https:\/\/orroyalties.com\/fr\/#website"},"datePublished":"2021-04-16T15:19:51+00:00","dateModified":"2025-05-12T14:25:55+00:00","breadcrumb":{"@id":"https:\/\/orroyalties.com\/fr\/rapport-esg\/#breadcrumb"},"inLanguage":"fr-FR","potentialAction":[{"@type":"ReadAction","target":["https:\/\/orroyalties.com\/fr\/rapport-esg\/"]}]},{"@type":"BreadcrumbList","@id":"https:\/\/orroyalties.com\/fr\/rapport-esg\/#breadcrumb","itemListElement":[{"@type":"ListItem","position":1,"name":"Accueil","item":"https:\/\/orroyalties.com\/fr\/"},{"@type":"ListItem","position":2,"name":"Rapport ESG"}]},{"@type":"WebSite","@id":"https:\/\/orroyalties.com\/fr\/#website","url":"https:\/\/orroyalties.com\/fr\/","name":"Redevances OR inc.","description":"Redevances OR inc. est une soci\u00e9t\u00e9 mini\u00e8re ax\u00e9e sur les redevances aurif\u00e8res et situ\u00e9e \u00e0 Montr\u00e9al, Qu\u00e9bec.","publisher":{"@id":"https:\/\/orroyalties.com\/fr\/#organization"},"potentialAction":[{"@type":"SearchAction","target":{"@type":"EntryPoint","urlTemplate":"https:\/\/orroyalties.com\/fr\/?s={search_term_string}"},"query-input":"required name=search_term_string"}],"inLanguage":"fr-FR"},{"@type":"Organization","@id":"https:\/\/orroyalties.com\/fr\/#organization","name":"Osisko Gold Royalties Ltd","url":"https:\/\/orroyalties.com\/fr\/","logo":{"@type":"ImageObject","inLanguage":"fr-FR","@id":"https:\/\/orroyalties.com\/fr\/#\/schema\/logo\/image\/","url":"https:\/\/orroyalties.com\/app\/uploads\/2019\/04\/Osisko_OGR-logo_color.jpg","contentUrl":"https:\/\/orroyalties.com\/app\/uploads\/2019\/04\/Osisko_OGR-logo_color.jpg","width":2550,"height":1066,"caption":"Osisko Gold Royalties Ltd"},"image":{"@id":"https:\/\/orroyalties.com\/fr\/#\/schema\/logo\/image\/"},"sameAs":["https:\/\/twitter.com\/OsiskoRoyalties","https:\/\/www.linkedin.com\/company\/osisko-gold-royalties-ltd"]}]}},"_links":{"self":[{"href":"https:\/\/orroyalties.com\/fr\/wp-json\/wp\/v2\/pages\/9284"}],"collection":[{"href":"https:\/\/orroyalties.com\/fr\/wp-json\/wp\/v2\/pages"}],"about":[{"href":"https:\/\/orroyalties.com\/fr\/wp-json\/wp\/v2\/types\/page"}],"author":[{"embeddable":true,"href":"https:\/\/orroyalties.com\/fr\/wp-json\/wp\/v2\/users\/4"}],"replies":[{"embeddable":true,"href":"https:\/\/orroyalties.com\/fr\/wp-json\/wp\/v2\/comments?post=9284"}],"version-history":[{"count":18,"href":"https:\/\/orroyalties.com\/fr\/wp-json\/wp\/v2\/pages\/9284\/revisions"}],"predecessor-version":[{"id":12840,"href":"https:\/\/orroyalties.com\/fr\/wp-json\/wp\/v2\/pages\/9284\/revisions\/12840"}],"wp:featuredmedia":[{"embeddable":true,"href":"https:\/\/orroyalties.com\/fr\/wp-json\/wp\/v2\/media\/11153"}],"wp:attachment":[{"href":"https:\/\/orroyalties.com\/fr\/wp-json\/wp\/v2\/media?parent=9284"}],"curies":[{"name":"wp","href":"https:\/\/api.w.org\/{rel}","templated":true}]}}