{"id":9276,"date":"2021-04-16T09:36:13","date_gmt":"2021-04-16T14:36:13","guid":{"rendered":"http:\/\/osiskogr.com\/?page_id=9276"},"modified":"2025-07-18T11:23:45","modified_gmt":"2025-07-18T16:23:45","slug":"contributions-communautaires","status":"publish","type":"page","link":"https:\/\/orroyalties.com\/fr\/contributions-communautaires\/","title":{"rendered":"Contributions communautaires"},"content":{"rendered":"<table style=\"border-collapse: collapse; width: 100%; height: 10px;\">\n<tbody>\n<tr style=\"height: 29px;\">\n<td style=\"width: 68.7424%; height: 10px; vertical-align: middle;\" rowspan=\"2\">\n<h3><span style=\"color: #cc9900;\">Redevances OR estime que l&rsquo;\u00e9tablissement de relations solides avec les communaut\u00e9s dans lesquelles nous exer\u00e7ons nos activit\u00e9s contribue \u00e0 une croissance durable en instaurant la confiance, en comprenant les besoins locaux et en promouvant des valeurs communes au sein de nos communaut\u00e9s.<\/span><\/h3>\n<\/td>\n<td style=\"width: 31.2576%; height: 10px;\" rowspan=\"2\"><img loading=\"lazy\" decoding=\"async\" class=\"size-medium wp-image-11212 aligncenter\" src=\"https:\/\/orroyalties.com\/app\/uploads\/2023\/07\/FW_fr-190x300.png\" alt=\"\" width=\"190\" height=\"300\" srcset=\"https:\/\/orroyalties.com\/app\/uploads\/2023\/07\/FW_fr-190x300.png 190w, https:\/\/orroyalties.com\/app\/uploads\/2023\/07\/FW_fr-647x1024.png 647w, https:\/\/orroyalties.com\/app\/uploads\/2023\/07\/FW_fr.png 717w\" sizes=\"(max-width: 190px) 100vw, 190px\" \/><\/td>\n<\/tr>\n<\/tbody>\n<\/table>\n<p>&nbsp;<\/p>\n<p>Notre code d&rsquo;\u00e9thique souligne notre engagement envers les communaut\u00e9s dans lesquelles nous exer\u00e7ons nos activit\u00e9s. Le code d&rsquo;\u00e9thique comprend nos normes en mati\u00e8re de conduite responsable des affaires dans les communaut\u00e9s, d&rsquo;apport de contributions positives et de d\u00e9finition des attentes envers nos employ\u00e9s afin qu&rsquo;ils refl\u00e8tent cet engagement dans leurs comportements et leurs activit\u00e9s quotidiennes.<\/p>\n<p>En 2023, le comit\u00e9 de gestion ESG de Redevances OR a \u00e9tabli un nouveau processus et de nouvelles lignes directrices en mati\u00e8re d&rsquo;investissement social interne afin d&rsquo;am\u00e9liorer l&rsquo;efficacit\u00e9 de ses dons \u00e0 la communaut\u00e9. Cette approche strat\u00e9gique consiste \u00e0 d\u00e9finir les principaux domaines d&rsquo;action de la soci\u00e9t\u00e9 en mati\u00e8re de dons : \u00e9ducation, social\/communautaire (y compris la sant\u00e9 et le bien-\u00eatre) et changement climatique\/environnement. Gr\u00e2ce \u00e0 ce cadre structur\u00e9, nous visons \u00e0 rationaliser et \u00e0 amplifier l&rsquo;influence positive de nos contributions dans ces domaines.<\/p>\n<p>S&rsquo;appuyant sur cet engagement en faveur de dons structur\u00e9s et efficaces, Redevances OR a franchi une nouvelle \u00e9tape en 2024 en mettant en \u0153uvre une politique interne de jumelage des dons afin de soutenir et d&rsquo;amplifier davantage les contributions caritatives des employ\u00e9s. Cette initiative refl\u00e8te l&rsquo;engagement de l&rsquo;entreprise en mati\u00e8re de responsabilit\u00e9 sociale en doublant l&rsquo;impact des dons des employ\u00e9s \u00e0 des organismes de bienfaisance enregistr\u00e9s admissibles. Gr\u00e2ce \u00e0 ce programme, Redevances OR encourage une culture du don et renforce son soutien aux organisations qui apportent des changements significatifs dans les communaut\u00e9s o\u00f9 elle op\u00e8re.<\/p>\n<p><strong>En 2024, nous avons contribu\u00e9 \u00e0 hauteur de 361 000 dollars aux investissements communautaires, soit une augmentation de 51 % par rapport \u00e0 2023.<\/strong><\/p>\n<div class=\"wrap-pdf\"> <a href=\"https:\/\/orroyalties.com\/app\/uploads\/2025\/07\/2024_Comm_Inv.pdf\" target=\"_blank\"> <div class=\"icon-pdf\">&nbsp;<\/div> <div class=\"pdf-box\">Investissements communautaires 2024<\/div> <\/a> <\/div>\n","protected":false},"excerpt":{"rendered":"<p>Redevances OR estime que l&rsquo;\u00e9tablissement de relations solides avec les communaut\u00e9s dans lesquelles nous exer\u00e7ons nos activit\u00e9s contribue \u00e0 une croissance durable en instaurant la confiance, en comprenant les besoins locaux et en promouvant des valeurs communes au sein de nos communaut\u00e9s. &nbsp; Notre code d&rsquo;\u00e9thique souligne notre engagement envers les communaut\u00e9s dans lesquelles nous [&hellip;]<\/p>\n","protected":false},"author":4,"featured_media":9223,"parent":0,"menu_order":0,"comment_status":"closed","ping_status":"closed","template":"","meta":{"_monsterinsights_skip_tracking":false,"_monsterinsights_sitenote_active":false,"_monsterinsights_sitenote_note":"","_monsterinsights_sitenote_category":0,"footnotes":""},"acf":[],"yoast_head":"<!-- This site is optimized with the Yoast SEO plugin v21.9.1 - https:\/\/yoast.com\/wordpress\/plugins\/seo\/ -->\n<title>Contributions communautaires | Redevances OR inc.<\/title>\n<meta name=\"robots\" content=\"index, follow, max-snippet:-1, max-image-preview:large, max-video-preview:-1\" \/>\n<link rel=\"canonical\" href=\"https:\/\/orroyalties.com\/fr\/contributions-communautaires\/\" \/>\n<meta property=\"og:locale\" content=\"fr_FR\" \/>\n<meta property=\"og:type\" content=\"article\" \/>\n<meta property=\"og:title\" content=\"Contributions communautaires | Redevances OR inc.\" \/>\n<meta property=\"og:description\" content=\"Redevances OR estime que l&rsquo;\u00e9tablissement de relations solides avec les communaut\u00e9s dans lesquelles nous exer\u00e7ons nos activit\u00e9s contribue \u00e0 une croissance durable en instaurant la confiance, en comprenant les besoins locaux et en promouvant des valeurs communes au sein de nos communaut\u00e9s. &nbsp; Notre code d&rsquo;\u00e9thique souligne notre engagement envers les communaut\u00e9s dans lesquelles nous [&hellip;]\" \/>\n<meta property=\"og:url\" content=\"https:\/\/orroyalties.com\/fr\/contributions-communautaires\/\" \/>\n<meta property=\"og:site_name\" content=\"Redevances OR inc.\" \/>\n<meta property=\"article:modified_time\" content=\"2025-07-18T16:23:45+00:00\" \/>\n<meta property=\"og:image\" content=\"https:\/\/orroyalties.com\/app\/uploads\/2021\/04\/FRDJ.jpg\" \/>\n\t<meta property=\"og:image:width\" content=\"1600\" \/>\n\t<meta property=\"og:image:height\" content=\"1000\" \/>\n\t<meta property=\"og:image:type\" content=\"image\/jpeg\" \/>\n<meta name=\"twitter:label1\" content=\"Est. reading time\" \/>\n\t<meta name=\"twitter:data1\" content=\"2 minutes\" \/>\n<script type=\"application\/ld+json\" class=\"yoast-schema-graph\">{\"@context\":\"https:\/\/schema.org\",\"@graph\":[{\"@type\":\"WebPage\",\"@id\":\"https:\/\/orroyalties.com\/fr\/contributions-communautaires\/\",\"url\":\"https:\/\/orroyalties.com\/fr\/contributions-communautaires\/\",\"name\":\"Contributions communautaires | Redevances OR inc.\",\"isPartOf\":{\"@id\":\"https:\/\/orroyalties.com\/fr\/#website\"},\"datePublished\":\"2021-04-16T14:36:13+00:00\",\"dateModified\":\"2025-07-18T16:23:45+00:00\",\"breadcrumb\":{\"@id\":\"https:\/\/orroyalties.com\/fr\/contributions-communautaires\/#breadcrumb\"},\"inLanguage\":\"fr-FR\",\"potentialAction\":[{\"@type\":\"ReadAction\",\"target\":[\"https:\/\/orroyalties.com\/fr\/contributions-communautaires\/\"]}]},{\"@type\":\"BreadcrumbList\",\"@id\":\"https:\/\/orroyalties.com\/fr\/contributions-communautaires\/#breadcrumb\",\"itemListElement\":[{\"@type\":\"ListItem\",\"position\":1,\"name\":\"Accueil\",\"item\":\"https:\/\/orroyalties.com\/fr\/\"},{\"@type\":\"ListItem\",\"position\":2,\"name\":\"Contributions communautaires\"}]},{\"@type\":\"WebSite\",\"@id\":\"https:\/\/orroyalties.com\/fr\/#website\",\"url\":\"https:\/\/orroyalties.com\/fr\/\",\"name\":\"Redevances OR inc.\",\"description\":\"Redevances OR inc. est une soci\u00e9t\u00e9 mini\u00e8re ax\u00e9e sur les redevances aurif\u00e8res et situ\u00e9e \u00e0 Montr\u00e9al, Qu\u00e9bec.\",\"publisher\":{\"@id\":\"https:\/\/orroyalties.com\/fr\/#organization\"},\"potentialAction\":[{\"@type\":\"SearchAction\",\"target\":{\"@type\":\"EntryPoint\",\"urlTemplate\":\"https:\/\/orroyalties.com\/fr\/?s={search_term_string}\"},\"query-input\":\"required name=search_term_string\"}],\"inLanguage\":\"fr-FR\"},{\"@type\":\"Organization\",\"@id\":\"https:\/\/orroyalties.com\/fr\/#organization\",\"name\":\"Osisko Gold Royalties Ltd\",\"url\":\"https:\/\/orroyalties.com\/fr\/\",\"logo\":{\"@type\":\"ImageObject\",\"inLanguage\":\"fr-FR\",\"@id\":\"https:\/\/orroyalties.com\/fr\/#\/schema\/logo\/image\/\",\"url\":\"https:\/\/orroyalties.com\/app\/uploads\/2019\/04\/Osisko_OGR-logo_color.jpg\",\"contentUrl\":\"https:\/\/orroyalties.com\/app\/uploads\/2019\/04\/Osisko_OGR-logo_color.jpg\",\"width\":2550,\"height\":1066,\"caption\":\"Osisko Gold Royalties Ltd\"},\"image\":{\"@id\":\"https:\/\/orroyalties.com\/fr\/#\/schema\/logo\/image\/\"},\"sameAs\":[\"https:\/\/twitter.com\/OsiskoRoyalties\",\"https:\/\/www.linkedin.com\/company\/osisko-gold-royalties-ltd\"]}]}<\/script>\n<!-- \/ Yoast SEO plugin. -->","yoast_head_json":{"title":"Contributions communautaires | Redevances OR inc.","robots":{"index":"index","follow":"follow","max-snippet":"max-snippet:-1","max-image-preview":"max-image-preview:large","max-video-preview":"max-video-preview:-1"},"canonical":"https:\/\/orroyalties.com\/fr\/contributions-communautaires\/","og_locale":"fr_FR","og_type":"article","og_title":"Contributions communautaires | Redevances OR inc.","og_description":"Redevances OR estime que l&rsquo;\u00e9tablissement de relations solides avec les communaut\u00e9s dans lesquelles nous exer\u00e7ons nos activit\u00e9s contribue \u00e0 une croissance durable en instaurant la confiance, en comprenant les besoins locaux et en promouvant des valeurs communes au sein de nos communaut\u00e9s. &nbsp; Notre code d&rsquo;\u00e9thique souligne notre engagement envers les communaut\u00e9s dans lesquelles nous [&hellip;]","og_url":"https:\/\/orroyalties.com\/fr\/contributions-communautaires\/","og_site_name":"Redevances OR inc.","article_modified_time":"2025-07-18T16:23:45+00:00","og_image":[{"width":1600,"height":1000,"url":"https:\/\/orroyalties.com\/app\/uploads\/2021\/04\/FRDJ.jpg","type":"image\/jpeg"}],"twitter_misc":{"Est. reading time":"2 minutes"},"schema":{"@context":"https:\/\/schema.org","@graph":[{"@type":"WebPage","@id":"https:\/\/orroyalties.com\/fr\/contributions-communautaires\/","url":"https:\/\/orroyalties.com\/fr\/contributions-communautaires\/","name":"Contributions communautaires | Redevances OR inc.","isPartOf":{"@id":"https:\/\/orroyalties.com\/fr\/#website"},"datePublished":"2021-04-16T14:36:13+00:00","dateModified":"2025-07-18T16:23:45+00:00","breadcrumb":{"@id":"https:\/\/orroyalties.com\/fr\/contributions-communautaires\/#breadcrumb"},"inLanguage":"fr-FR","potentialAction":[{"@type":"ReadAction","target":["https:\/\/orroyalties.com\/fr\/contributions-communautaires\/"]}]},{"@type":"BreadcrumbList","@id":"https:\/\/orroyalties.com\/fr\/contributions-communautaires\/#breadcrumb","itemListElement":[{"@type":"ListItem","position":1,"name":"Accueil","item":"https:\/\/orroyalties.com\/fr\/"},{"@type":"ListItem","position":2,"name":"Contributions communautaires"}]},{"@type":"WebSite","@id":"https:\/\/orroyalties.com\/fr\/#website","url":"https:\/\/orroyalties.com\/fr\/","name":"Redevances OR inc.","description":"Redevances OR inc. est une soci\u00e9t\u00e9 mini\u00e8re ax\u00e9e sur les redevances aurif\u00e8res et situ\u00e9e \u00e0 Montr\u00e9al, Qu\u00e9bec.","publisher":{"@id":"https:\/\/orroyalties.com\/fr\/#organization"},"potentialAction":[{"@type":"SearchAction","target":{"@type":"EntryPoint","urlTemplate":"https:\/\/orroyalties.com\/fr\/?s={search_term_string}"},"query-input":"required name=search_term_string"}],"inLanguage":"fr-FR"},{"@type":"Organization","@id":"https:\/\/orroyalties.com\/fr\/#organization","name":"Osisko Gold Royalties Ltd","url":"https:\/\/orroyalties.com\/fr\/","logo":{"@type":"ImageObject","inLanguage":"fr-FR","@id":"https:\/\/orroyalties.com\/fr\/#\/schema\/logo\/image\/","url":"https:\/\/orroyalties.com\/app\/uploads\/2019\/04\/Osisko_OGR-logo_color.jpg","contentUrl":"https:\/\/orroyalties.com\/app\/uploads\/2019\/04\/Osisko_OGR-logo_color.jpg","width":2550,"height":1066,"caption":"Osisko Gold Royalties Ltd"},"image":{"@id":"https:\/\/orroyalties.com\/fr\/#\/schema\/logo\/image\/"},"sameAs":["https:\/\/twitter.com\/OsiskoRoyalties","https:\/\/www.linkedin.com\/company\/osisko-gold-royalties-ltd"]}]}},"_links":{"self":[{"href":"https:\/\/orroyalties.com\/fr\/wp-json\/wp\/v2\/pages\/9276"}],"collection":[{"href":"https:\/\/orroyalties.com\/fr\/wp-json\/wp\/v2\/pages"}],"about":[{"href":"https:\/\/orroyalties.com\/fr\/wp-json\/wp\/v2\/types\/page"}],"author":[{"embeddable":true,"href":"https:\/\/orroyalties.com\/fr\/wp-json\/wp\/v2\/users\/4"}],"replies":[{"embeddable":true,"href":"https:\/\/orroyalties.com\/fr\/wp-json\/wp\/v2\/comments?post=9276"}],"version-history":[{"count":12,"href":"https:\/\/orroyalties.com\/fr\/wp-json\/wp\/v2\/pages\/9276\/revisions"}],"predecessor-version":[{"id":13202,"href":"https:\/\/orroyalties.com\/fr\/wp-json\/wp\/v2\/pages\/9276\/revisions\/13202"}],"wp:featuredmedia":[{"embeddable":true,"href":"https:\/\/orroyalties.com\/fr\/wp-json\/wp\/v2\/media\/9223"}],"wp:attachment":[{"href":"https:\/\/orroyalties.com\/fr\/wp-json\/wp\/v2\/media?parent=9276"}],"curies":[{"name":"wp","href":"https:\/\/api.w.org\/{rel}","templated":true}]}}