{"id":9262,"date":"2021-04-16T08:28:52","date_gmt":"2021-04-16T13:28:52","guid":{"rendered":"http:\/\/osiskogr.com\/?page_id=9262"},"modified":"2025-07-18T11:16:54","modified_gmt":"2025-07-18T16:16:54","slug":"changement-climatique","status":"publish","type":"page","link":"https:\/\/orroyalties.com\/fr\/changement-climatique\/","title":{"rendered":"Changement climatique"},"content":{"rendered":"<table style=\"border-collapse: collapse; width: 100%; height: 81px;\">\n<tbody>\n<tr style=\"height: 29px;\">\n<td style=\"width: 68.7424%; height: 81px; vertical-align: middle;\" rowspan=\"2\">\n<h3><span style=\"color: #cc9900;\">Le changement climatique est l&rsquo;un des d\u00e9fis majeurs de notre \u00e9poque et peut avoir un impact significatif sur les populations et l&rsquo;environnement. Afin de contribuer \u00e0 un avenir durable, nous nous engageons \u00e0 int\u00e9grer les consid\u00e9rations climatiques dans nos prises de d\u00e9cision.<\/span><\/h3>\n<\/td>\n<td style=\"width: 31.2576%; height: 29px;\" rowspan=\"2\"><img loading=\"lazy\" decoding=\"async\" class=\"size-medium wp-image-11212 aligncenter\" src=\"https:\/\/orroyalties.com\/app\/uploads\/2023\/07\/FW_fr-190x300.png\" alt=\"\" width=\"190\" height=\"300\" srcset=\"https:\/\/orroyalties.com\/app\/uploads\/2023\/07\/FW_fr-190x300.png 190w, https:\/\/orroyalties.com\/app\/uploads\/2023\/07\/FW_fr-647x1024.png 647w, https:\/\/orroyalties.com\/app\/uploads\/2023\/07\/FW_fr.png 717w\" sizes=\"(max-width: 190px) 100vw, 190px\" \/><\/td>\n<\/tr>\n<\/tbody>\n<\/table>\n<p>&nbsp;<\/p>\n<p>Nous sommes une petite organisation qui dispose de bureaux lou\u00e9s \u00e0 Montr\u00e9al et Toronto, au Canada, ainsi qu&rsquo;\u00e0 Hamilton, aux Bermudes. Bien qu&rsquo;en tant que soci\u00e9t\u00e9 de redevances et de flux de m\u00e9taux, notre impact direct soit relativement faible et que nous n&rsquo;ayons aucun contr\u00f4le financier ou op\u00e9rationnel direct sur les actifs de notre portefeuille d&rsquo;investissement, nous nous engageons \u00e0 collaborer avec nos partenaires miniers dans le cadre de leurs propres efforts de d\u00e9carbonisation.<\/p>\n<h4><span style=\"color: #cc9900;\">GOUVERNANCE<\/span><\/h4>\n<p>En 2025, en r\u00e9ponse aux risques potentiellement accrus que le changement climatique pourrait faire peser sur nos activit\u00e9s, nos partenaires miniers et l&rsquo;\u00e9volution du paysage r\u00e9glementaire et des cadres mondiaux li\u00e9s au climat, Redevances OR a mis en place une politique sur le changement climatique. Cette politique d\u00e9crit notre engagement en faveur d&rsquo;un investissement responsable en int\u00e9grant l&rsquo;\u00e9valuation des risques climatiques, la surveillance et les pratiques durables dans l&rsquo;ensemble de nos activit\u00e9s et de nos investissements. Bien qu&rsquo;elle ne soit pas directement impliqu\u00e9e dans les op\u00e9rations mini\u00e8res, Redevances OR cherche \u00e0 collaborer avec ses partenaires miniers afin de g\u00e9rer les risques li\u00e9s au climat et de s&rsquo;aligner sur les meilleures pratiques de l&rsquo;industrie et les cadres reconnus \u00e0 l&rsquo;\u00e9chelle internationale.<\/p>\n<p>Le conseil d&rsquo;administration de Redevances OR et ses comit\u00e9s exercent une surveillance sur les risques et les opportunit\u00e9s li\u00e9s au changement climatique par le biais de multiples voies. Comme indiqu\u00e9 plus en d\u00e9tail dans la section \u00ab Gouvernance d&rsquo;entreprise \u00bb, le conseil d&rsquo;administration de Redevances OR assume la responsabilit\u00e9 ultime des questions li\u00e9es au climat au sein de la soci\u00e9t\u00e9. Le comit\u00e9 d&rsquo;audit et des risques et le comit\u00e9 de l&rsquo;environnement et du d\u00e9veloppement durable du conseil d&rsquo;administration supervisent tous deux les facteurs et\/ou les risques li\u00e9s au climat. Les risques ESG importants sont identifi\u00e9s par notre \u00e9valuation des risques d&rsquo;entreprise et sont transmis au conseil d&rsquo;administration par l&rsquo;interm\u00e9diaire du comit\u00e9 d&rsquo;audit et des risques. L&rsquo;\u00e9quipe de direction est responsable des op\u00e9rations quotidiennes de la soci\u00e9t\u00e9, y compris la gestion des risques financiers et l&rsquo;\u00e9valuation des risques d&rsquo;entreprise. Le comit\u00e9 de l&rsquo;environnement et du d\u00e9veloppement durable supervise les questions environnementales, sociales et certaines questions de gouvernance, y compris les risques li\u00e9s au changement climatique, et examine notre strat\u00e9gie et notre politique en mati\u00e8re de changement climatique, nos pratiques et nos divulgations dans ce domaine.<\/p>\n<p>L&rsquo;\u00e9quipe de direction partage la responsabilit\u00e9 de la mise en \u0153uvre des politiques d\u00e9finies par le conseil d&rsquo;administration et de la r\u00e9alisation des objectifs de performance ESG. Le comit\u00e9 de gestion ESG assure une surveillance suppl\u00e9mentaire des questions de durabilit\u00e9, y compris le changement climatique. Le vice-pr\u00e9sident charg\u00e9 de la durabilit\u00e9 et de la communication est responsable de la gestion des questions et des initiatives li\u00e9es \u00e0 la durabilit\u00e9, avec le soutien du comit\u00e9 de gestion ESG.<\/p>\n<hr \/>\n<h4><span style=\"color: #cc9900;\">STRAT\u00c9GIE<\/span><\/h4>\n<p>Redevances OR s&rsquo;engage \u00e0 comprendre les risques et les opportunit\u00e9s li\u00e9s au climat qui pourraient avoir une incidence sur sa strat\u00e9gie, son mod\u00e8le d&rsquo;affaires et sa cha\u00eene de valeur. Nos activit\u00e9s directes, qui consistent en trois bureaux, sont limit\u00e9es et ont un impact environnemental relativement faible. En raison de la nature de ces activit\u00e9s directes, les risques financiers li\u00e9s \u00e0 l&rsquo;environnement qui y sont associ\u00e9s sont faibles. L&rsquo;impact environnemental de notre portefeuille d&rsquo;investissements et des activit\u00e9s de nos partenaires miniers est plus important et peut \u00eatre soumis \u00e0 des risques financiers li\u00e9s au climat.<\/p>\n<p>Au d\u00e9but de l&rsquo;ann\u00e9e 2024, le conseil d&rsquo;administration de Redevances OR a approuv\u00e9 une strat\u00e9gie en mati\u00e8re de changement climatique couvrant la p\u00e9riode 2024-2027, dont un r\u00e9sum\u00e9 est pr\u00e9sent\u00e9 ci-dessous. Nous reconnaissons que cette strat\u00e9gie est un processus dynamique dont les objectifs et les plans sont r\u00e9examin\u00e9s et mis \u00e0 jour si n\u00e9cessaire. \u00c0 cet \u00e9gard, Redevances OR a r\u00e9examin\u00e9 et mis \u00e0 jour sa strat\u00e9gie en mati\u00e8re de changement climatique au d\u00e9but de l&rsquo;ann\u00e9e 2025 afin de tenir compte des nouvelles \u00e9volutions r\u00e9glementaires et des attentes changeantes des parties prenantes.<\/p>\n","protected":false},"excerpt":{"rendered":"<p>Le changement climatique est l&rsquo;un des d\u00e9fis majeurs de notre \u00e9poque et peut avoir un impact significatif sur les populations et l&rsquo;environnement. Afin de contribuer \u00e0 un avenir durable, nous nous engageons \u00e0 int\u00e9grer les consid\u00e9rations climatiques dans nos prises de d\u00e9cision. &nbsp; Nous sommes une petite organisation qui dispose de bureaux lou\u00e9s \u00e0 Montr\u00e9al [&hellip;]<\/p>\n","protected":false},"author":4,"featured_media":9200,"parent":0,"menu_order":0,"comment_status":"closed","ping_status":"closed","template":"","meta":{"_monsterinsights_skip_tracking":false,"_monsterinsights_sitenote_active":false,"_monsterinsights_sitenote_note":"","_monsterinsights_sitenote_category":0,"footnotes":""},"acf":[],"yoast_head":"<!-- This site is optimized with the Yoast SEO plugin v21.9.1 - https:\/\/yoast.com\/wordpress\/plugins\/seo\/ -->\n<title>Changement climatique | Redevances OR inc.<\/title>\n<meta name=\"robots\" content=\"index, follow, max-snippet:-1, max-image-preview:large, max-video-preview:-1\" \/>\n<link rel=\"canonical\" href=\"https:\/\/orroyalties.com\/fr\/changement-climatique\/\" \/>\n<meta property=\"og:locale\" content=\"fr_FR\" \/>\n<meta property=\"og:type\" content=\"article\" \/>\n<meta property=\"og:title\" content=\"Changement climatique | Redevances OR inc.\" \/>\n<meta property=\"og:description\" content=\"Le changement climatique est l&rsquo;un des d\u00e9fis majeurs de notre \u00e9poque et peut avoir un impact significatif sur les populations et l&rsquo;environnement. Afin de contribuer \u00e0 un avenir durable, nous nous engageons \u00e0 int\u00e9grer les consid\u00e9rations climatiques dans nos prises de d\u00e9cision. &nbsp; Nous sommes une petite organisation qui dispose de bureaux lou\u00e9s \u00e0 Montr\u00e9al [&hellip;]\" \/>\n<meta property=\"og:url\" content=\"https:\/\/orroyalties.com\/fr\/changement-climatique\/\" \/>\n<meta property=\"og:site_name\" content=\"Redevances OR inc.\" \/>\n<meta property=\"article:modified_time\" content=\"2025-07-18T16:16:54+00:00\" \/>\n<meta property=\"og:image\" content=\"https:\/\/orroyalties.com\/app\/uploads\/2021\/04\/climate_change.jpg\" \/>\n\t<meta property=\"og:image:width\" content=\"1600\" \/>\n\t<meta property=\"og:image:height\" content=\"1000\" \/>\n\t<meta property=\"og:image:type\" content=\"image\/jpeg\" \/>\n<meta name=\"twitter:label1\" content=\"Est. reading time\" \/>\n\t<meta name=\"twitter:data1\" content=\"4 minutes\" \/>\n<script type=\"application\/ld+json\" class=\"yoast-schema-graph\">{\"@context\":\"https:\/\/schema.org\",\"@graph\":[{\"@type\":\"WebPage\",\"@id\":\"https:\/\/orroyalties.com\/fr\/changement-climatique\/\",\"url\":\"https:\/\/orroyalties.com\/fr\/changement-climatique\/\",\"name\":\"Changement climatique | Redevances OR inc.\",\"isPartOf\":{\"@id\":\"https:\/\/orroyalties.com\/fr\/#website\"},\"datePublished\":\"2021-04-16T13:28:52+00:00\",\"dateModified\":\"2025-07-18T16:16:54+00:00\",\"breadcrumb\":{\"@id\":\"https:\/\/orroyalties.com\/fr\/changement-climatique\/#breadcrumb\"},\"inLanguage\":\"fr-FR\",\"potentialAction\":[{\"@type\":\"ReadAction\",\"target\":[\"https:\/\/orroyalties.com\/fr\/changement-climatique\/\"]}]},{\"@type\":\"BreadcrumbList\",\"@id\":\"https:\/\/orroyalties.com\/fr\/changement-climatique\/#breadcrumb\",\"itemListElement\":[{\"@type\":\"ListItem\",\"position\":1,\"name\":\"Accueil\",\"item\":\"https:\/\/orroyalties.com\/fr\/\"},{\"@type\":\"ListItem\",\"position\":2,\"name\":\"Changement climatique\"}]},{\"@type\":\"WebSite\",\"@id\":\"https:\/\/orroyalties.com\/fr\/#website\",\"url\":\"https:\/\/orroyalties.com\/fr\/\",\"name\":\"Redevances OR inc.\",\"description\":\"Redevances OR inc. est une soci\u00e9t\u00e9 mini\u00e8re ax\u00e9e sur les redevances aurif\u00e8res et situ\u00e9e \u00e0 Montr\u00e9al, Qu\u00e9bec.\",\"publisher\":{\"@id\":\"https:\/\/orroyalties.com\/fr\/#organization\"},\"potentialAction\":[{\"@type\":\"SearchAction\",\"target\":{\"@type\":\"EntryPoint\",\"urlTemplate\":\"https:\/\/orroyalties.com\/fr\/?s={search_term_string}\"},\"query-input\":\"required name=search_term_string\"}],\"inLanguage\":\"fr-FR\"},{\"@type\":\"Organization\",\"@id\":\"https:\/\/orroyalties.com\/fr\/#organization\",\"name\":\"Osisko Gold Royalties Ltd\",\"url\":\"https:\/\/orroyalties.com\/fr\/\",\"logo\":{\"@type\":\"ImageObject\",\"inLanguage\":\"fr-FR\",\"@id\":\"https:\/\/orroyalties.com\/fr\/#\/schema\/logo\/image\/\",\"url\":\"https:\/\/orroyalties.com\/app\/uploads\/2019\/04\/Osisko_OGR-logo_color.jpg\",\"contentUrl\":\"https:\/\/orroyalties.com\/app\/uploads\/2019\/04\/Osisko_OGR-logo_color.jpg\",\"width\":2550,\"height\":1066,\"caption\":\"Osisko Gold Royalties Ltd\"},\"image\":{\"@id\":\"https:\/\/orroyalties.com\/fr\/#\/schema\/logo\/image\/\"},\"sameAs\":[\"https:\/\/twitter.com\/OsiskoRoyalties\",\"https:\/\/www.linkedin.com\/company\/osisko-gold-royalties-ltd\"]}]}<\/script>\n<!-- \/ Yoast SEO plugin. -->","yoast_head_json":{"title":"Changement climatique | Redevances OR inc.","robots":{"index":"index","follow":"follow","max-snippet":"max-snippet:-1","max-image-preview":"max-image-preview:large","max-video-preview":"max-video-preview:-1"},"canonical":"https:\/\/orroyalties.com\/fr\/changement-climatique\/","og_locale":"fr_FR","og_type":"article","og_title":"Changement climatique | Redevances OR inc.","og_description":"Le changement climatique est l&rsquo;un des d\u00e9fis majeurs de notre \u00e9poque et peut avoir un impact significatif sur les populations et l&rsquo;environnement. Afin de contribuer \u00e0 un avenir durable, nous nous engageons \u00e0 int\u00e9grer les consid\u00e9rations climatiques dans nos prises de d\u00e9cision. &nbsp; Nous sommes une petite organisation qui dispose de bureaux lou\u00e9s \u00e0 Montr\u00e9al [&hellip;]","og_url":"https:\/\/orroyalties.com\/fr\/changement-climatique\/","og_site_name":"Redevances OR inc.","article_modified_time":"2025-07-18T16:16:54+00:00","og_image":[{"width":1600,"height":1000,"url":"https:\/\/orroyalties.com\/app\/uploads\/2021\/04\/climate_change.jpg","type":"image\/jpeg"}],"twitter_misc":{"Est. reading time":"4 minutes"},"schema":{"@context":"https:\/\/schema.org","@graph":[{"@type":"WebPage","@id":"https:\/\/orroyalties.com\/fr\/changement-climatique\/","url":"https:\/\/orroyalties.com\/fr\/changement-climatique\/","name":"Changement climatique | Redevances OR inc.","isPartOf":{"@id":"https:\/\/orroyalties.com\/fr\/#website"},"datePublished":"2021-04-16T13:28:52+00:00","dateModified":"2025-07-18T16:16:54+00:00","breadcrumb":{"@id":"https:\/\/orroyalties.com\/fr\/changement-climatique\/#breadcrumb"},"inLanguage":"fr-FR","potentialAction":[{"@type":"ReadAction","target":["https:\/\/orroyalties.com\/fr\/changement-climatique\/"]}]},{"@type":"BreadcrumbList","@id":"https:\/\/orroyalties.com\/fr\/changement-climatique\/#breadcrumb","itemListElement":[{"@type":"ListItem","position":1,"name":"Accueil","item":"https:\/\/orroyalties.com\/fr\/"},{"@type":"ListItem","position":2,"name":"Changement climatique"}]},{"@type":"WebSite","@id":"https:\/\/orroyalties.com\/fr\/#website","url":"https:\/\/orroyalties.com\/fr\/","name":"Redevances OR inc.","description":"Redevances OR inc. est une soci\u00e9t\u00e9 mini\u00e8re ax\u00e9e sur les redevances aurif\u00e8res et situ\u00e9e \u00e0 Montr\u00e9al, Qu\u00e9bec.","publisher":{"@id":"https:\/\/orroyalties.com\/fr\/#organization"},"potentialAction":[{"@type":"SearchAction","target":{"@type":"EntryPoint","urlTemplate":"https:\/\/orroyalties.com\/fr\/?s={search_term_string}"},"query-input":"required name=search_term_string"}],"inLanguage":"fr-FR"},{"@type":"Organization","@id":"https:\/\/orroyalties.com\/fr\/#organization","name":"Osisko Gold Royalties Ltd","url":"https:\/\/orroyalties.com\/fr\/","logo":{"@type":"ImageObject","inLanguage":"fr-FR","@id":"https:\/\/orroyalties.com\/fr\/#\/schema\/logo\/image\/","url":"https:\/\/orroyalties.com\/app\/uploads\/2019\/04\/Osisko_OGR-logo_color.jpg","contentUrl":"https:\/\/orroyalties.com\/app\/uploads\/2019\/04\/Osisko_OGR-logo_color.jpg","width":2550,"height":1066,"caption":"Osisko Gold Royalties Ltd"},"image":{"@id":"https:\/\/orroyalties.com\/fr\/#\/schema\/logo\/image\/"},"sameAs":["https:\/\/twitter.com\/OsiskoRoyalties","https:\/\/www.linkedin.com\/company\/osisko-gold-royalties-ltd"]}]}},"_links":{"self":[{"href":"https:\/\/orroyalties.com\/fr\/wp-json\/wp\/v2\/pages\/9262"}],"collection":[{"href":"https:\/\/orroyalties.com\/fr\/wp-json\/wp\/v2\/pages"}],"about":[{"href":"https:\/\/orroyalties.com\/fr\/wp-json\/wp\/v2\/types\/page"}],"author":[{"embeddable":true,"href":"https:\/\/orroyalties.com\/fr\/wp-json\/wp\/v2\/users\/4"}],"replies":[{"embeddable":true,"href":"https:\/\/orroyalties.com\/fr\/wp-json\/wp\/v2\/comments?post=9262"}],"version-history":[{"count":13,"href":"https:\/\/orroyalties.com\/fr\/wp-json\/wp\/v2\/pages\/9262\/revisions"}],"predecessor-version":[{"id":13196,"href":"https:\/\/orroyalties.com\/fr\/wp-json\/wp\/v2\/pages\/9262\/revisions\/13196"}],"wp:featuredmedia":[{"embeddable":true,"href":"https:\/\/orroyalties.com\/fr\/wp-json\/wp\/v2\/media\/9200"}],"wp:attachment":[{"href":"https:\/\/orroyalties.com\/fr\/wp-json\/wp\/v2\/media?parent=9262"}],"curies":[{"name":"wp","href":"https:\/\/api.w.org\/{rel}","templated":true}]}}