{"id":9256,"date":"2021-04-15T15:54:59","date_gmt":"2021-04-15T20:54:59","guid":{"rendered":"http:\/\/osiskogr.com\/?page_id=9256"},"modified":"2025-07-18T11:15:40","modified_gmt":"2025-07-18T16:15:40","slug":"diligence-gestion","status":"publish","type":"page","link":"https:\/\/orroyalties.com\/fr\/diligence-gestion\/","title":{"rendered":"Diligence raisonnable et gestion des investissements"},"content":{"rendered":"<table style=\"border-collapse: collapse; width: 100%; height: 81px;\">\n<tbody>\n<tr style=\"height: 29px;\">\n<td style=\"width: 68.7424%; height: 81px; vertical-align: middle;\" rowspan=\"2\">\n<h3><span style=\"color: #cc992a;\">Nous effectuons des v\u00e9rifications pr\u00e9alables et appliquons des pratiques de gestion des investissements rigoureuses afin d&rsquo;att\u00e9nuer les risques et de maximiser les opportunit\u00e9s. Nous int\u00e9grons les facteurs ESG dans notre processus d\u00e9cisionnel en mati\u00e8re d&rsquo;investissement et nous nous effor\u00e7ons d&rsquo;\u00e9valuer en permanence l&rsquo;efficacit\u00e9 de notre approche afin de respecter, voire de d\u00e9passer, les meilleures pratiques du secteur et les attentes de nos parties prenantes.<\/span><\/h3>\n<\/td>\n<td style=\"width: 31.2576%; height: 29px;\" rowspan=\"2\"><img loading=\"lazy\" decoding=\"async\" class=\"size-medium wp-image-11212 aligncenter\" src=\"https:\/\/orroyalties.com\/app\/uploads\/2023\/07\/FW_fr-190x300.png\" alt=\"\" width=\"190\" height=\"300\" srcset=\"https:\/\/orroyalties.com\/app\/uploads\/2023\/07\/FW_fr-190x300.png 190w, https:\/\/orroyalties.com\/app\/uploads\/2023\/07\/FW_fr-647x1024.png 647w, https:\/\/orroyalties.com\/app\/uploads\/2023\/07\/FW_fr.png 717w\" sizes=\"(max-width: 190px) 100vw, 190px\" \/><\/td>\n<\/tr>\n<\/tbody>\n<\/table>\n<p>&nbsp;<\/p>\n<p>En tant que fournisseur de capitaux, Redevances OR n&rsquo;exerce aucun contr\u00f4le direct sur les activit\u00e9s d&rsquo;exploitation ou de d\u00e9veloppement durable de ses partenaires miniers. Cependant, nous reconnaissons qu&rsquo;en soutenant des exploitants responsables, nous pouvons promouvoir un d\u00e9veloppement responsable des ressources gr\u00e2ce \u00e0 nos investissements. Nous adoptons une approche globale en mati\u00e8re de diligence raisonnable en examinant et en \u00e9valuant les performances dans divers domaines, notamment en mati\u00e8re d&rsquo;ESG, afin d&rsquo;identifier, d&rsquo;\u00e9valuer et d&rsquo;att\u00e9nuer tout risque potentiel avant d&rsquo;investir dans un actif. Le conseil d&rsquo;administration, en particulier le comit\u00e9 environnement et d\u00e9veloppement durable, surveille r\u00e9guli\u00e8rement les questions potentielles li\u00e9es au d\u00e9veloppement durable et se tient inform\u00e9 de tout risque \u00e9mergent gr\u00e2ce \u00e0 des mises \u00e0 jour r\u00e9guli\u00e8res de la part de l&rsquo;\u00e9quipe de direction.<\/p>\n<p>En 2024 (et jusqu&rsquo;en 2025), Redevances OR a entrepris un examen approfondi de son processus et de son cadre de diligence raisonnable afin d&rsquo;am\u00e9liorer son efficacit\u00e9 dans l&rsquo;orientation des d\u00e9cisions critiques et le soutien des pratiques d&rsquo;investissement responsables. Le cadre fournit une vue d&rsquo;ensemble structur\u00e9e pour guider les efforts d&rsquo;investigation, en d\u00e9finissant les activit\u00e9s cl\u00e9s qui garantissent une \u00e9valuation approfondie et syst\u00e9matique des risques et des opportunit\u00e9s.<\/p>\n<p><strong>Notre approche :<\/strong><\/p>\n<table style=\"width: 98.4859%;\" width=\"0\">\n<tbody>\n<tr>\n<td style=\"width: 14.8984%; text-align: center; vertical-align: middle;\" width=\"212\">\n<h1><span style=\"color: #cc992a;\"><strong>1<\/strong><\/span><\/h1>\n<\/td>\n<td style=\"background-color: #f0f0f0; width: 29.9058%; text-align: left; vertical-align: middle;\" width=\"86\">\n<h4>Trouver et \u00e9valuer les occasions d\u2019investissements<\/h4>\n<\/td>\n<td style=\"width: 167.166%; text-align: left;\" width=\"101\">\n<ul style=\"list-style-type: square;\">\n<li><span style=\"color: #cc992a;\">Examiner et \u00e9valuer les risques et les occasions, y compris les facteurs ESG<\/span><\/li>\n<li><span style=\"color: #cc992a;\">Visiter les sites, lorsque requis<\/span><\/li>\n<li><span style=\"color: #cc992a;\">Pr\u00e9parer le rapport et le tableau de bord des risques internes<\/span><\/li>\n<\/ul>\n<\/td>\n<\/tr>\n<tr>\n<td style=\"width: 14.8984%; text-align: center; vertical-align: middle;\" width=\"212\">\n<h1><span style=\"color: #cc992a;\"><strong>2<\/strong><\/span><\/h1>\n<\/td>\n<td style=\"background-color: #f0f0f0; width: 29.9058%; text-align: left; vertical-align: middle;\" width=\"86\">\n<h4>\u00c9valuer les crit\u00e8res d&rsquo;investissement<\/h4>\n<\/td>\n<td style=\"width: 167.166%; text-align: left;\" width=\"101\">\n<ul style=\"list-style-type: square;\">\n<li><span style=\"color: #cc992a;\">Examiner le rapport des risques et les mesures d\u2019att\u00e9nuation propos\u00e9es<\/span><\/li>\n<li><span style=\"color: #cc992a;\">Prendre une d\u00e9cision pr\u00e9liminaire<\/span><\/li>\n<li><span style=\"color: #cc992a;\">Mener des discussions d\u2019affaires pr\u00e9liminaires<\/span><\/li>\n<\/ul>\n<\/td>\n<\/tr>\n<tr>\n<td style=\"width: 14.8984%; text-align: center; vertical-align: middle;\" width=\"212\">\n<h1><span style=\"color: #cc992a;\"><strong>3<\/strong><\/span><\/h1>\n<\/td>\n<td style=\"background-color: #f0f0f0; width: 29.9058%; text-align: left; vertical-align: middle;\" width=\"86\">\n<h4>\u00c9laborer et signer la structure de l\u2019entente<\/h4>\n<\/td>\n<td style=\"width: 167.166%; text-align: left;\" width=\"101\">\n<ul style=\"list-style-type: square;\">\n<li><span style=\"color: #cc992a;\">Finaliser la structuration de l\u2019investissement<\/span><\/li>\n<li><span style=\"color: #cc992a;\">R\u00e9diger les ententes d\u00e9finitives, y compris des dispositions li\u00e9es aux op\u00e9rations et aux enjeux ESG<\/span><\/li>\n<li><span style=\"color: #cc992a;\">Prendre la d\u00e9cision d\u2019investissement finale<\/span><\/li>\n<li><span style=\"color: #cc992a;\">Obtenir l\u2019approbation du conseil<\/span><\/li>\n<\/ul>\n<\/td>\n<\/tr>\n<tr>\n<td style=\"width: 14.8984%; text-align: center; vertical-align: middle;\" width=\"212\">\n<h1><span style=\"color: #cc992a;\"><strong>4<\/strong><\/span><\/h1>\n<\/td>\n<td style=\"background-color: #f0f0f0; width: 29.9058%; text-align: left; vertical-align: middle;\" width=\"86\">\n<h4>Suivre et \u00e9valuer les actifs tout au long de la dur\u00e9e de vie de l\u2019investissement<\/h4>\n<\/td>\n<td style=\"text-align: center; width: 167.166%;\" width=\"101\">\n<ul style=\"list-style-type: square;\">\n<li style=\"text-align: left;\"><span style=\"color: #cc992a;\">Examiner et suivre la performance des partenaires miniers<\/span><\/li>\n<li style=\"text-align: left;\"><span style=\"color: #cc992a;\">Collaborer avec les partenaires miniers afin d\u2019appuyer l\u2019am\u00e9lioration continue des facteurs ESG<\/span><\/li>\n<li style=\"text-align: left;\"><span style=\"color: #cc992a;\">\u00c9tablir de potentielles collaborations dans le cadre d\u2019initiatives ESG<br \/>\n<\/span><\/li>\n<\/ul>\n<\/td>\n<\/tr>\n<\/tbody>\n<\/table>\n<p>&nbsp;<\/p>\n","protected":false},"excerpt":{"rendered":"<p>Nous effectuons des v\u00e9rifications pr\u00e9alables et appliquons des pratiques de gestion des investissements rigoureuses afin d&rsquo;att\u00e9nuer les risques et de maximiser les opportunit\u00e9s. Nous int\u00e9grons les facteurs ESG dans notre processus d\u00e9cisionnel en mati\u00e8re d&rsquo;investissement et nous nous effor\u00e7ons d&rsquo;\u00e9valuer en permanence l&rsquo;efficacit\u00e9 de notre approche afin de respecter, voire de d\u00e9passer, les meilleures pratiques [&hellip;]<\/p>\n","protected":false},"author":4,"featured_media":9186,"parent":0,"menu_order":0,"comment_status":"closed","ping_status":"closed","template":"","meta":{"_monsterinsights_skip_tracking":false,"_monsterinsights_sitenote_active":false,"_monsterinsights_sitenote_note":"","_monsterinsights_sitenote_category":0,"footnotes":""},"acf":[],"yoast_head":"<!-- This site is optimized with the Yoast SEO plugin v21.9.1 - https:\/\/yoast.com\/wordpress\/plugins\/seo\/ -->\n<title>Diligence raisonnable et gestion des investissements | Redevances OR inc.<\/title>\n<meta name=\"robots\" content=\"index, follow, max-snippet:-1, max-image-preview:large, max-video-preview:-1\" \/>\n<link rel=\"canonical\" href=\"https:\/\/orroyalties.com\/fr\/diligence-gestion\/\" \/>\n<meta property=\"og:locale\" content=\"fr_FR\" \/>\n<meta property=\"og:type\" content=\"article\" \/>\n<meta property=\"og:title\" content=\"Diligence raisonnable et gestion des investissements | Redevances OR inc.\" \/>\n<meta property=\"og:description\" content=\"Nous effectuons des v\u00e9rifications pr\u00e9alables et appliquons des pratiques de gestion des investissements rigoureuses afin d&rsquo;att\u00e9nuer les risques et de maximiser les opportunit\u00e9s. Nous int\u00e9grons les facteurs ESG dans notre processus d\u00e9cisionnel en mati\u00e8re d&rsquo;investissement et nous nous effor\u00e7ons d&rsquo;\u00e9valuer en permanence l&rsquo;efficacit\u00e9 de notre approche afin de respecter, voire de d\u00e9passer, les meilleures pratiques [&hellip;]\" \/>\n<meta property=\"og:url\" content=\"https:\/\/orroyalties.com\/fr\/diligence-gestion\/\" \/>\n<meta property=\"og:site_name\" content=\"Redevances OR inc.\" \/>\n<meta property=\"article:modified_time\" content=\"2025-07-18T16:15:40+00:00\" \/>\n<meta property=\"og:image\" content=\"https:\/\/orroyalties.com\/app\/uploads\/2021\/04\/CM_tailings2-1.jpg\" \/>\n\t<meta property=\"og:image:width\" content=\"1721\" \/>\n\t<meta property=\"og:image:height\" content=\"923\" \/>\n\t<meta property=\"og:image:type\" content=\"image\/jpeg\" \/>\n<meta name=\"twitter:label1\" content=\"Est. reading time\" \/>\n\t<meta name=\"twitter:data1\" content=\"3 minutes\" \/>\n<script type=\"application\/ld+json\" class=\"yoast-schema-graph\">{\"@context\":\"https:\/\/schema.org\",\"@graph\":[{\"@type\":\"WebPage\",\"@id\":\"https:\/\/orroyalties.com\/fr\/diligence-gestion\/\",\"url\":\"https:\/\/orroyalties.com\/fr\/diligence-gestion\/\",\"name\":\"Diligence raisonnable et gestion des investissements | Redevances OR inc.\",\"isPartOf\":{\"@id\":\"https:\/\/orroyalties.com\/fr\/#website\"},\"datePublished\":\"2021-04-15T20:54:59+00:00\",\"dateModified\":\"2025-07-18T16:15:40+00:00\",\"breadcrumb\":{\"@id\":\"https:\/\/orroyalties.com\/fr\/diligence-gestion\/#breadcrumb\"},\"inLanguage\":\"fr-FR\",\"potentialAction\":[{\"@type\":\"ReadAction\",\"target\":[\"https:\/\/orroyalties.com\/fr\/diligence-gestion\/\"]}]},{\"@type\":\"BreadcrumbList\",\"@id\":\"https:\/\/orroyalties.com\/fr\/diligence-gestion\/#breadcrumb\",\"itemListElement\":[{\"@type\":\"ListItem\",\"position\":1,\"name\":\"Accueil\",\"item\":\"https:\/\/orroyalties.com\/fr\/\"},{\"@type\":\"ListItem\",\"position\":2,\"name\":\"Diligence raisonnable et gestion des investissements\"}]},{\"@type\":\"WebSite\",\"@id\":\"https:\/\/orroyalties.com\/fr\/#website\",\"url\":\"https:\/\/orroyalties.com\/fr\/\",\"name\":\"Redevances OR inc.\",\"description\":\"Redevances OR inc. est une soci\u00e9t\u00e9 mini\u00e8re ax\u00e9e sur les redevances aurif\u00e8res et situ\u00e9e \u00e0 Montr\u00e9al, Qu\u00e9bec.\",\"publisher\":{\"@id\":\"https:\/\/orroyalties.com\/fr\/#organization\"},\"potentialAction\":[{\"@type\":\"SearchAction\",\"target\":{\"@type\":\"EntryPoint\",\"urlTemplate\":\"https:\/\/orroyalties.com\/fr\/?s={search_term_string}\"},\"query-input\":\"required name=search_term_string\"}],\"inLanguage\":\"fr-FR\"},{\"@type\":\"Organization\",\"@id\":\"https:\/\/orroyalties.com\/fr\/#organization\",\"name\":\"Osisko Gold Royalties Ltd\",\"url\":\"https:\/\/orroyalties.com\/fr\/\",\"logo\":{\"@type\":\"ImageObject\",\"inLanguage\":\"fr-FR\",\"@id\":\"https:\/\/orroyalties.com\/fr\/#\/schema\/logo\/image\/\",\"url\":\"https:\/\/orroyalties.com\/app\/uploads\/2019\/04\/Osisko_OGR-logo_color.jpg\",\"contentUrl\":\"https:\/\/orroyalties.com\/app\/uploads\/2019\/04\/Osisko_OGR-logo_color.jpg\",\"width\":2550,\"height\":1066,\"caption\":\"Osisko Gold Royalties Ltd\"},\"image\":{\"@id\":\"https:\/\/orroyalties.com\/fr\/#\/schema\/logo\/image\/\"},\"sameAs\":[\"https:\/\/twitter.com\/OsiskoRoyalties\",\"https:\/\/www.linkedin.com\/company\/osisko-gold-royalties-ltd\"]}]}<\/script>\n<!-- \/ Yoast SEO plugin. -->","yoast_head_json":{"title":"Diligence raisonnable et gestion des investissements | Redevances OR inc.","robots":{"index":"index","follow":"follow","max-snippet":"max-snippet:-1","max-image-preview":"max-image-preview:large","max-video-preview":"max-video-preview:-1"},"canonical":"https:\/\/orroyalties.com\/fr\/diligence-gestion\/","og_locale":"fr_FR","og_type":"article","og_title":"Diligence raisonnable et gestion des investissements | Redevances OR inc.","og_description":"Nous effectuons des v\u00e9rifications pr\u00e9alables et appliquons des pratiques de gestion des investissements rigoureuses afin d&rsquo;att\u00e9nuer les risques et de maximiser les opportunit\u00e9s. Nous int\u00e9grons les facteurs ESG dans notre processus d\u00e9cisionnel en mati\u00e8re d&rsquo;investissement et nous nous effor\u00e7ons d&rsquo;\u00e9valuer en permanence l&rsquo;efficacit\u00e9 de notre approche afin de respecter, voire de d\u00e9passer, les meilleures pratiques [&hellip;]","og_url":"https:\/\/orroyalties.com\/fr\/diligence-gestion\/","og_site_name":"Redevances OR inc.","article_modified_time":"2025-07-18T16:15:40+00:00","og_image":[{"width":1721,"height":923,"url":"https:\/\/orroyalties.com\/app\/uploads\/2021\/04\/CM_tailings2-1.jpg","type":"image\/jpeg"}],"twitter_misc":{"Est. reading time":"3 minutes"},"schema":{"@context":"https:\/\/schema.org","@graph":[{"@type":"WebPage","@id":"https:\/\/orroyalties.com\/fr\/diligence-gestion\/","url":"https:\/\/orroyalties.com\/fr\/diligence-gestion\/","name":"Diligence raisonnable et gestion des investissements | Redevances OR inc.","isPartOf":{"@id":"https:\/\/orroyalties.com\/fr\/#website"},"datePublished":"2021-04-15T20:54:59+00:00","dateModified":"2025-07-18T16:15:40+00:00","breadcrumb":{"@id":"https:\/\/orroyalties.com\/fr\/diligence-gestion\/#breadcrumb"},"inLanguage":"fr-FR","potentialAction":[{"@type":"ReadAction","target":["https:\/\/orroyalties.com\/fr\/diligence-gestion\/"]}]},{"@type":"BreadcrumbList","@id":"https:\/\/orroyalties.com\/fr\/diligence-gestion\/#breadcrumb","itemListElement":[{"@type":"ListItem","position":1,"name":"Accueil","item":"https:\/\/orroyalties.com\/fr\/"},{"@type":"ListItem","position":2,"name":"Diligence raisonnable et gestion des investissements"}]},{"@type":"WebSite","@id":"https:\/\/orroyalties.com\/fr\/#website","url":"https:\/\/orroyalties.com\/fr\/","name":"Redevances OR inc.","description":"Redevances OR inc. est une soci\u00e9t\u00e9 mini\u00e8re ax\u00e9e sur les redevances aurif\u00e8res et situ\u00e9e \u00e0 Montr\u00e9al, Qu\u00e9bec.","publisher":{"@id":"https:\/\/orroyalties.com\/fr\/#organization"},"potentialAction":[{"@type":"SearchAction","target":{"@type":"EntryPoint","urlTemplate":"https:\/\/orroyalties.com\/fr\/?s={search_term_string}"},"query-input":"required name=search_term_string"}],"inLanguage":"fr-FR"},{"@type":"Organization","@id":"https:\/\/orroyalties.com\/fr\/#organization","name":"Osisko Gold Royalties Ltd","url":"https:\/\/orroyalties.com\/fr\/","logo":{"@type":"ImageObject","inLanguage":"fr-FR","@id":"https:\/\/orroyalties.com\/fr\/#\/schema\/logo\/image\/","url":"https:\/\/orroyalties.com\/app\/uploads\/2019\/04\/Osisko_OGR-logo_color.jpg","contentUrl":"https:\/\/orroyalties.com\/app\/uploads\/2019\/04\/Osisko_OGR-logo_color.jpg","width":2550,"height":1066,"caption":"Osisko Gold Royalties Ltd"},"image":{"@id":"https:\/\/orroyalties.com\/fr\/#\/schema\/logo\/image\/"},"sameAs":["https:\/\/twitter.com\/OsiskoRoyalties","https:\/\/www.linkedin.com\/company\/osisko-gold-royalties-ltd"]}]}},"_links":{"self":[{"href":"https:\/\/orroyalties.com\/fr\/wp-json\/wp\/v2\/pages\/9256"}],"collection":[{"href":"https:\/\/orroyalties.com\/fr\/wp-json\/wp\/v2\/pages"}],"about":[{"href":"https:\/\/orroyalties.com\/fr\/wp-json\/wp\/v2\/types\/page"}],"author":[{"embeddable":true,"href":"https:\/\/orroyalties.com\/fr\/wp-json\/wp\/v2\/users\/4"}],"replies":[{"embeddable":true,"href":"https:\/\/orroyalties.com\/fr\/wp-json\/wp\/v2\/comments?post=9256"}],"version-history":[{"count":12,"href":"https:\/\/orroyalties.com\/fr\/wp-json\/wp\/v2\/pages\/9256\/revisions"}],"predecessor-version":[{"id":13195,"href":"https:\/\/orroyalties.com\/fr\/wp-json\/wp\/v2\/pages\/9256\/revisions\/13195"}],"wp:featuredmedia":[{"embeddable":true,"href":"https:\/\/orroyalties.com\/fr\/wp-json\/wp\/v2\/media\/9186"}],"wp:attachment":[{"href":"https:\/\/orroyalties.com\/fr\/wp-json\/wp\/v2\/media?parent=9256"}],"curies":[{"name":"wp","href":"https:\/\/api.w.org\/{rel}","templated":true}]}}