{"id":8965,"date":"2021-03-16T13:13:59","date_gmt":"2021-03-16T18:13:59","guid":{"rendered":"http:\/\/osiskogr.com\/?page_id=8965"},"modified":"2021-05-12T13:49:34","modified_gmt":"2021-05-12T18:49:34","slug":"aga-2021","status":"publish","type":"page","link":"https:\/\/orroyalties.com\/fr\/aga-2021\/","title":{"rendered":"Assembl\u00e9e annuelle des actionnaires 2021"},"content":{"rendered":"<iframe loading=\"lazy\" src=\"https:\/\/www.slideshare.net\/slideshow\/embed_code\/248303777\" width=\"740\" height=\"595\" frameborder=\"0\" marginwidth=\"0\" marginheight=\"0\" scrolling=\"no\"><\/iframe><br\/><div class=\"wrap-pdf\"> <a href=\"http:\/\/orroyalties.com\/app\/uploads\/2021\/05\/OR_AGM_May-12_FR-final.pdf\" target=\"_blank\"> <div class=\"icon-pdf\">&nbsp;<\/div> <div class=\"pdf-box\">T\u00e9l\u00e9chargez en pdf<\/div> <\/a> <\/div>\n<hr \/>\n<div class=\"wrap-pdf\"> <a href=\"http:\/\/orroyalties.com\/app\/uploads\/2021\/04\/OR_Avis_et_Acces_2021.pdf\" target=\"_blank\"> <div class=\"icon-pdf\">&nbsp;<\/div> <div class=\"pdf-box\">Avis de convocation \u00e0 l\u2019assembl\u00e9e annuelle des actionnaires de Redevances Aurif\u00e8res Osisko Lt\u00e9e et disponibilit\u00e9 des documents reli\u00e9s aux procurations<\/div> <\/a> <\/div>\n<div class=\"wrap-pdf\"> <a href=\"http:\/\/orroyalties.com\/app\/uploads\/2021\/04\/OR_Circulaire_2021.pdf\" target=\"_blank\"> <div class=\"icon-pdf\">&nbsp;<\/div> <div class=\"pdf-box\">Avis de convocation \u00e0 l\u2019assembl\u00e9e annuelle des actionnaires et circulaire d\u2019information de la direction<\/div> <\/a> <\/div>\n<div class=\"wrap-pdf\"> <a href=\"http:\/\/orroyalties.com\/app\/uploads\/2021\/04\/OR_Procuration-FR-2021.pdf\" target=\"_blank\"> <div class=\"icon-pdf\">&nbsp;<\/div> <div class=\"pdf-box\">Nomination d&rsquo;un fond\u00e9 de pouvoir<\/div> <\/a> <\/div>\n<div class=\"wrap-pdf\"> <a href=\"http:\/\/orroyalties.com\/app\/uploads\/2021\/04\/OR_EFA_RG_2020.pdf\" target=\"_blank\"> <div class=\"icon-pdf\">&nbsp;<\/div> <div class=\"pdf-box\">\u00c9tats financiers consolid\u00e9s et Rapport de gestion &#8211; pour les exercices termin\u00e9s les 31 d\u00e9cembre 2020 et 2019<\/div> <\/a> <\/div>\n<div class=\"wrap-pdf\"> <a href=\"http:\/\/orroyalties.com\/app\/uploads\/2021\/04\/OR_NI-Card-Billingual.pdf\" target=\"_blank\"> <div class=\"icon-pdf\">&nbsp;<\/div> <div class=\"pdf-box\">La Norme Canadienne 51-102 \u2013 Obligation d\u2019information continue<\/div> <\/a> <\/div>\n<div class=\"wrap-pdf\"> <a href=\"http:\/\/orroyalties.com\/app\/uploads\/2021\/04\/OR_Regime-dunites-dactions-restreintes_29-mars-2021_blacklined.pdf\" target=\"_blank\"> <div class=\"icon-pdf\">&nbsp;<\/div> <div class=\"pdf-box\">R\u00e9gime d&rsquo;unit\u00e9s d&rsquo;actions restreintes modifi\u00e9<\/div> <\/a> <\/div>\n","protected":false},"excerpt":{"rendered":"","protected":false},"author":4,"featured_media":469,"parent":0,"menu_order":0,"comment_status":"closed","ping_status":"closed","template":"","meta":{"_monsterinsights_skip_tracking":false,"_monsterinsights_sitenote_active":false,"_monsterinsights_sitenote_note":"","_monsterinsights_sitenote_category":0,"footnotes":""},"acf":[],"yoast_head":"<!-- This site is optimized with the Yoast SEO plugin v21.9.1 - https:\/\/yoast.com\/wordpress\/plugins\/seo\/ -->\n<title>Assembl\u00e9e annuelle des actionnaires 2021 | Redevances OR inc.<\/title>\n<meta name=\"robots\" content=\"index, follow, max-snippet:-1, max-image-preview:large, max-video-preview:-1\" \/>\n<link rel=\"canonical\" href=\"https:\/\/orroyalties.com\/fr\/aga-2021\/\" \/>\n<meta property=\"og:locale\" content=\"fr_FR\" \/>\n<meta property=\"og:type\" content=\"article\" \/>\n<meta property=\"og:title\" content=\"Assembl\u00e9e annuelle des actionnaires 2021 | Redevances OR inc.\" \/>\n<meta property=\"og:url\" content=\"https:\/\/orroyalties.com\/fr\/aga-2021\/\" \/>\n<meta property=\"og:site_name\" content=\"Redevances OR inc.\" \/>\n<meta property=\"article:modified_time\" content=\"2021-05-12T18:49:34+00:00\" \/>\n<meta property=\"og:image\" content=\"https:\/\/orroyalties.com\/app\/uploads\/2015\/02\/osisko-market.jpg\" \/>\n\t<meta property=\"og:image:width\" content=\"1600\" \/>\n\t<meta property=\"og:image:height\" content=\"579\" \/>\n\t<meta property=\"og:image:type\" content=\"image\/jpeg\" \/>\n<meta name=\"twitter:label1\" content=\"Est. reading time\" \/>\n\t<meta name=\"twitter:data1\" content=\"1 minute\" \/>\n<script type=\"application\/ld+json\" class=\"yoast-schema-graph\">{\"@context\":\"https:\/\/schema.org\",\"@graph\":[{\"@type\":\"WebPage\",\"@id\":\"https:\/\/orroyalties.com\/fr\/aga-2021\/\",\"url\":\"https:\/\/orroyalties.com\/fr\/aga-2021\/\",\"name\":\"Assembl\u00e9e annuelle des actionnaires 2021 | Redevances OR inc.\",\"isPartOf\":{\"@id\":\"https:\/\/orroyalties.com\/fr\/#website\"},\"datePublished\":\"2021-03-16T18:13:59+00:00\",\"dateModified\":\"2021-05-12T18:49:34+00:00\",\"breadcrumb\":{\"@id\":\"https:\/\/orroyalties.com\/fr\/aga-2021\/#breadcrumb\"},\"inLanguage\":\"fr-FR\",\"potentialAction\":[{\"@type\":\"ReadAction\",\"target\":[\"https:\/\/orroyalties.com\/fr\/aga-2021\/\"]}]},{\"@type\":\"BreadcrumbList\",\"@id\":\"https:\/\/orroyalties.com\/fr\/aga-2021\/#breadcrumb\",\"itemListElement\":[{\"@type\":\"ListItem\",\"position\":1,\"name\":\"Accueil\",\"item\":\"https:\/\/orroyalties.com\/fr\/\"},{\"@type\":\"ListItem\",\"position\":2,\"name\":\"Assembl\u00e9e annuelle des actionnaires 2021\"}]},{\"@type\":\"WebSite\",\"@id\":\"https:\/\/orroyalties.com\/fr\/#website\",\"url\":\"https:\/\/orroyalties.com\/fr\/\",\"name\":\"Redevances OR inc.\",\"description\":\"Redevances OR inc. est une soci\u00e9t\u00e9 mini\u00e8re ax\u00e9e sur les redevances aurif\u00e8res et situ\u00e9e \u00e0 Montr\u00e9al, Qu\u00e9bec.\",\"publisher\":{\"@id\":\"https:\/\/orroyalties.com\/fr\/#organization\"},\"potentialAction\":[{\"@type\":\"SearchAction\",\"target\":{\"@type\":\"EntryPoint\",\"urlTemplate\":\"https:\/\/orroyalties.com\/fr\/?s={search_term_string}\"},\"query-input\":\"required name=search_term_string\"}],\"inLanguage\":\"fr-FR\"},{\"@type\":\"Organization\",\"@id\":\"https:\/\/orroyalties.com\/fr\/#organization\",\"name\":\"Osisko Gold Royalties Ltd\",\"url\":\"https:\/\/orroyalties.com\/fr\/\",\"logo\":{\"@type\":\"ImageObject\",\"inLanguage\":\"fr-FR\",\"@id\":\"https:\/\/orroyalties.com\/fr\/#\/schema\/logo\/image\/\",\"url\":\"https:\/\/orroyalties.com\/app\/uploads\/2019\/04\/Osisko_OGR-logo_color.jpg\",\"contentUrl\":\"https:\/\/orroyalties.com\/app\/uploads\/2019\/04\/Osisko_OGR-logo_color.jpg\",\"width\":2550,\"height\":1066,\"caption\":\"Osisko Gold Royalties Ltd\"},\"image\":{\"@id\":\"https:\/\/orroyalties.com\/fr\/#\/schema\/logo\/image\/\"},\"sameAs\":[\"https:\/\/twitter.com\/OsiskoRoyalties\",\"https:\/\/www.linkedin.com\/company\/osisko-gold-royalties-ltd\"]}]}<\/script>\n<!-- \/ Yoast SEO plugin. -->","yoast_head_json":{"title":"Assembl\u00e9e annuelle des actionnaires 2021 | Redevances OR inc.","robots":{"index":"index","follow":"follow","max-snippet":"max-snippet:-1","max-image-preview":"max-image-preview:large","max-video-preview":"max-video-preview:-1"},"canonical":"https:\/\/orroyalties.com\/fr\/aga-2021\/","og_locale":"fr_FR","og_type":"article","og_title":"Assembl\u00e9e annuelle des actionnaires 2021 | Redevances OR inc.","og_url":"https:\/\/orroyalties.com\/fr\/aga-2021\/","og_site_name":"Redevances OR inc.","article_modified_time":"2021-05-12T18:49:34+00:00","og_image":[{"width":1600,"height":579,"url":"https:\/\/orroyalties.com\/app\/uploads\/2015\/02\/osisko-market.jpg","type":"image\/jpeg"}],"twitter_misc":{"Est. reading time":"1 minute"},"schema":{"@context":"https:\/\/schema.org","@graph":[{"@type":"WebPage","@id":"https:\/\/orroyalties.com\/fr\/aga-2021\/","url":"https:\/\/orroyalties.com\/fr\/aga-2021\/","name":"Assembl\u00e9e annuelle des actionnaires 2021 | Redevances OR inc.","isPartOf":{"@id":"https:\/\/orroyalties.com\/fr\/#website"},"datePublished":"2021-03-16T18:13:59+00:00","dateModified":"2021-05-12T18:49:34+00:00","breadcrumb":{"@id":"https:\/\/orroyalties.com\/fr\/aga-2021\/#breadcrumb"},"inLanguage":"fr-FR","potentialAction":[{"@type":"ReadAction","target":["https:\/\/orroyalties.com\/fr\/aga-2021\/"]}]},{"@type":"BreadcrumbList","@id":"https:\/\/orroyalties.com\/fr\/aga-2021\/#breadcrumb","itemListElement":[{"@type":"ListItem","position":1,"name":"Accueil","item":"https:\/\/orroyalties.com\/fr\/"},{"@type":"ListItem","position":2,"name":"Assembl\u00e9e annuelle des actionnaires 2021"}]},{"@type":"WebSite","@id":"https:\/\/orroyalties.com\/fr\/#website","url":"https:\/\/orroyalties.com\/fr\/","name":"Redevances OR inc.","description":"Redevances OR inc. est une soci\u00e9t\u00e9 mini\u00e8re ax\u00e9e sur les redevances aurif\u00e8res et situ\u00e9e \u00e0 Montr\u00e9al, Qu\u00e9bec.","publisher":{"@id":"https:\/\/orroyalties.com\/fr\/#organization"},"potentialAction":[{"@type":"SearchAction","target":{"@type":"EntryPoint","urlTemplate":"https:\/\/orroyalties.com\/fr\/?s={search_term_string}"},"query-input":"required name=search_term_string"}],"inLanguage":"fr-FR"},{"@type":"Organization","@id":"https:\/\/orroyalties.com\/fr\/#organization","name":"Osisko Gold Royalties Ltd","url":"https:\/\/orroyalties.com\/fr\/","logo":{"@type":"ImageObject","inLanguage":"fr-FR","@id":"https:\/\/orroyalties.com\/fr\/#\/schema\/logo\/image\/","url":"https:\/\/orroyalties.com\/app\/uploads\/2019\/04\/Osisko_OGR-logo_color.jpg","contentUrl":"https:\/\/orroyalties.com\/app\/uploads\/2019\/04\/Osisko_OGR-logo_color.jpg","width":2550,"height":1066,"caption":"Osisko Gold Royalties Ltd"},"image":{"@id":"https:\/\/orroyalties.com\/fr\/#\/schema\/logo\/image\/"},"sameAs":["https:\/\/twitter.com\/OsiskoRoyalties","https:\/\/www.linkedin.com\/company\/osisko-gold-royalties-ltd"]}]}},"_links":{"self":[{"href":"https:\/\/orroyalties.com\/fr\/wp-json\/wp\/v2\/pages\/8965"}],"collection":[{"href":"https:\/\/orroyalties.com\/fr\/wp-json\/wp\/v2\/pages"}],"about":[{"href":"https:\/\/orroyalties.com\/fr\/wp-json\/wp\/v2\/types\/page"}],"author":[{"embeddable":true,"href":"https:\/\/orroyalties.com\/fr\/wp-json\/wp\/v2\/users\/4"}],"replies":[{"embeddable":true,"href":"https:\/\/orroyalties.com\/fr\/wp-json\/wp\/v2\/comments?post=8965"}],"version-history":[{"count":5,"href":"https:\/\/orroyalties.com\/fr\/wp-json\/wp\/v2\/pages\/8965\/revisions"}],"predecessor-version":[{"id":9396,"href":"https:\/\/orroyalties.com\/fr\/wp-json\/wp\/v2\/pages\/8965\/revisions\/9396"}],"wp:featuredmedia":[{"embeddable":true,"href":"https:\/\/orroyalties.com\/fr\/wp-json\/wp\/v2\/media\/469"}],"wp:attachment":[{"href":"https:\/\/orroyalties.com\/fr\/wp-json\/wp\/v2\/media?parent=8965"}],"curies":[{"name":"wp","href":"https:\/\/api.w.org\/{rel}","templated":true}]}}