{"id":79,"date":"2015-02-03T10:18:59","date_gmt":"2015-02-03T15:18:59","guid":{"rendered":"http:\/\/localhost\/osisko\/?page_id=79"},"modified":"2025-05-11T07:21:15","modified_gmt":"2025-05-11T12:21:15","slug":"investisseurs","status":"publish","type":"page","link":"https:\/\/orroyalties.com\/fr\/investisseurs\/","title":{"rendered":"Survol investisseurs"},"content":{"rendered":"<p>Redevances OR inc. se consacre \u00e0 l&rsquo;acquisition et \u00e0 la gestion de redevances, flux et int\u00e9r\u00eats de haute qualit\u00e9 au Canada et dans le monde principalement sur les m\u00e9taux pr\u00e9cieux. Redevances OR inc. d\u00e9tient un portefeuille de redevances, de flux, d&rsquo;ententes d&rsquo;\u00e9coulements, d&rsquo;options sur les financements de redevances \/ flux et de droits exclusifs pour participer \u00e0 de futurs financements de redevances \/ flux sur divers projets. Le portefeuille de Redevances OR inc. s\u2019appuie sur son actif cl\u00e9, une redevance de 3 % \u00e0 5 % sur le rendement net de fonderie du complexe Canadian Malartic, l\u2019une des plus importantes op\u00e9rations aurif\u00e8res au Canada.<\/p>\n","protected":false},"excerpt":{"rendered":"<p>Redevances OR inc. se consacre \u00e0 l&rsquo;acquisition et \u00e0 la gestion de redevances, flux et int\u00e9r\u00eats de haute qualit\u00e9 au Canada et dans le monde principalement sur les m\u00e9taux pr\u00e9cieux. Redevances OR inc. d\u00e9tient un portefeuille de redevances, de flux, d&rsquo;ententes d&rsquo;\u00e9coulements, d&rsquo;options sur les financements de redevances \/ flux et de droits exclusifs pour [&hellip;]<\/p>\n","protected":false},"author":2,"featured_media":12814,"parent":0,"menu_order":300,"comment_status":"closed","ping_status":"closed","template":"page-templates\/page-survol.php","meta":{"_monsterinsights_skip_tracking":false,"_monsterinsights_sitenote_active":false,"_monsterinsights_sitenote_note":"","_monsterinsights_sitenote_category":0,"footnotes":""},"acf":[],"yoast_head":"<!-- This site is optimized with the Yoast SEO plugin v21.9.1 - https:\/\/yoast.com\/wordpress\/plugins\/seo\/ -->\n<title>Investisseurs | Redevances OR inc.<\/title>\n<meta name=\"description\" content=\"Redevances OR inc. se consacre \u00e0 l&#039;acquisition et \u00e0 la gestion de redevances, flux et int\u00e9r\u00eats de haute qualit\u00e9 au Canada et dans le monde principalement sur les m\u00e9taux pr\u00e9cieux. Redevances OR inc. d\u00e9tient un portefeuille de redevances, de flux, d&#039;ententes d&#039;\u00e9coulements, d&#039;options sur les financements de redevances \/ flux et de droits exclusifs pour participer \u00e0 de futurs financements de redevances \/ flux sur divers projets. L\u2019actif principal de Redevances OR inc. est une redevance de 5% NSR sur la mine Canadian Malartic, situ\u00e9e au Canada.\" \/>\n<meta name=\"robots\" content=\"index, follow, max-snippet:-1, max-image-preview:large, max-video-preview:-1\" \/>\n<link rel=\"canonical\" href=\"https:\/\/orroyalties.com\/fr\/investisseurs\/\" \/>\n<meta property=\"og:locale\" content=\"fr_FR\" \/>\n<meta property=\"og:type\" content=\"article\" \/>\n<meta property=\"og:title\" content=\"Investisseurs | Redevances OR inc.\" \/>\n<meta property=\"og:description\" content=\"Redevances OR inc. se consacre \u00e0 l&#039;acquisition et \u00e0 la gestion de redevances, flux et int\u00e9r\u00eats de haute qualit\u00e9 au Canada et dans le monde principalement sur les m\u00e9taux pr\u00e9cieux. Redevances OR inc. d\u00e9tient un portefeuille de redevances, de flux, d&#039;ententes d&#039;\u00e9coulements, d&#039;options sur les financements de redevances \/ flux et de droits exclusifs pour participer \u00e0 de futurs financements de redevances \/ flux sur divers projets. L\u2019actif principal de Redevances OR inc. est une redevance de 5% NSR sur la mine Canadian Malartic, situ\u00e9e au Canada.\" \/>\n<meta property=\"og:url\" content=\"https:\/\/orroyalties.com\/fr\/investisseurs\/\" \/>\n<meta property=\"og:site_name\" content=\"Redevances OR inc.\" \/>\n<meta property=\"article:modified_time\" content=\"2025-05-11T12:21:15+00:00\" \/>\n<meta property=\"og:image\" content=\"https:\/\/orroyalties.com\/app\/uploads\/2025\/05\/Overview2025-2.jpg\" \/>\n\t<meta property=\"og:image:width\" content=\"2000\" \/>\n\t<meta property=\"og:image:height\" content=\"1200\" \/>\n\t<meta property=\"og:image:type\" content=\"image\/jpeg\" \/>\n<meta name=\"twitter:label1\" content=\"Est. reading time\" \/>\n\t<meta name=\"twitter:data1\" content=\"1 minute\" \/>\n<script type=\"application\/ld+json\" class=\"yoast-schema-graph\">{\"@context\":\"https:\/\/schema.org\",\"@graph\":[{\"@type\":\"WebPage\",\"@id\":\"https:\/\/orroyalties.com\/fr\/investisseurs\/\",\"url\":\"https:\/\/orroyalties.com\/fr\/investisseurs\/\",\"name\":\"Investisseurs | Redevances OR inc.\",\"isPartOf\":{\"@id\":\"https:\/\/orroyalties.com\/fr\/#website\"},\"datePublished\":\"2015-02-03T15:18:59+00:00\",\"dateModified\":\"2025-05-11T12:21:15+00:00\",\"description\":\"Redevances OR inc. se consacre \u00e0 l'acquisition et \u00e0 la gestion de redevances, flux et int\u00e9r\u00eats de haute qualit\u00e9 au Canada et dans le monde principalement sur les m\u00e9taux pr\u00e9cieux. Redevances OR inc. d\u00e9tient un portefeuille de redevances, de flux, d'ententes d'\u00e9coulements, d'options sur les financements de redevances \/ flux et de droits exclusifs pour participer \u00e0 de futurs financements de redevances \/ flux sur divers projets. L\u2019actif principal de Redevances OR inc. est une redevance de 5% NSR sur la mine Canadian Malartic, situ\u00e9e au Canada.\",\"breadcrumb\":{\"@id\":\"https:\/\/orroyalties.com\/fr\/investisseurs\/#breadcrumb\"},\"inLanguage\":\"fr-FR\",\"potentialAction\":[{\"@type\":\"ReadAction\",\"target\":[\"https:\/\/orroyalties.com\/fr\/investisseurs\/\"]}]},{\"@type\":\"BreadcrumbList\",\"@id\":\"https:\/\/orroyalties.com\/fr\/investisseurs\/#breadcrumb\",\"itemListElement\":[{\"@type\":\"ListItem\",\"position\":1,\"name\":\"Accueil\",\"item\":\"https:\/\/orroyalties.com\/fr\/\"},{\"@type\":\"ListItem\",\"position\":2,\"name\":\"Survol investisseurs\"}]},{\"@type\":\"WebSite\",\"@id\":\"https:\/\/orroyalties.com\/fr\/#website\",\"url\":\"https:\/\/orroyalties.com\/fr\/\",\"name\":\"Redevances OR inc.\",\"description\":\"Redevances OR inc. est une soci\u00e9t\u00e9 mini\u00e8re ax\u00e9e sur les redevances aurif\u00e8res et situ\u00e9e \u00e0 Montr\u00e9al, Qu\u00e9bec.\",\"publisher\":{\"@id\":\"https:\/\/orroyalties.com\/fr\/#organization\"},\"potentialAction\":[{\"@type\":\"SearchAction\",\"target\":{\"@type\":\"EntryPoint\",\"urlTemplate\":\"https:\/\/orroyalties.com\/fr\/?s={search_term_string}\"},\"query-input\":\"required name=search_term_string\"}],\"inLanguage\":\"fr-FR\"},{\"@type\":\"Organization\",\"@id\":\"https:\/\/orroyalties.com\/fr\/#organization\",\"name\":\"Osisko Gold Royalties Ltd\",\"url\":\"https:\/\/orroyalties.com\/fr\/\",\"logo\":{\"@type\":\"ImageObject\",\"inLanguage\":\"fr-FR\",\"@id\":\"https:\/\/orroyalties.com\/fr\/#\/schema\/logo\/image\/\",\"url\":\"https:\/\/orroyalties.com\/app\/uploads\/2019\/04\/Osisko_OGR-logo_color.jpg\",\"contentUrl\":\"https:\/\/orroyalties.com\/app\/uploads\/2019\/04\/Osisko_OGR-logo_color.jpg\",\"width\":2550,\"height\":1066,\"caption\":\"Osisko Gold Royalties Ltd\"},\"image\":{\"@id\":\"https:\/\/orroyalties.com\/fr\/#\/schema\/logo\/image\/\"},\"sameAs\":[\"https:\/\/twitter.com\/OsiskoRoyalties\",\"https:\/\/www.linkedin.com\/company\/osisko-gold-royalties-ltd\"]}]}<\/script>\n<!-- \/ Yoast SEO plugin. -->","yoast_head_json":{"title":"Investisseurs | Redevances OR inc.","description":"Redevances OR inc. se consacre \u00e0 l'acquisition et \u00e0 la gestion de redevances, flux et int\u00e9r\u00eats de haute qualit\u00e9 au Canada et dans le monde principalement sur les m\u00e9taux pr\u00e9cieux. Redevances OR inc. d\u00e9tient un portefeuille de redevances, de flux, d'ententes d'\u00e9coulements, d'options sur les financements de redevances \/ flux et de droits exclusifs pour participer \u00e0 de futurs financements de redevances \/ flux sur divers projets. L\u2019actif principal de Redevances OR inc. est une redevance de 5% NSR sur la mine Canadian Malartic, situ\u00e9e au Canada.","robots":{"index":"index","follow":"follow","max-snippet":"max-snippet:-1","max-image-preview":"max-image-preview:large","max-video-preview":"max-video-preview:-1"},"canonical":"https:\/\/orroyalties.com\/fr\/investisseurs\/","og_locale":"fr_FR","og_type":"article","og_title":"Investisseurs | Redevances OR inc.","og_description":"Redevances OR inc. se consacre \u00e0 l'acquisition et \u00e0 la gestion de redevances, flux et int\u00e9r\u00eats de haute qualit\u00e9 au Canada et dans le monde principalement sur les m\u00e9taux pr\u00e9cieux. Redevances OR inc. d\u00e9tient un portefeuille de redevances, de flux, d'ententes d'\u00e9coulements, d'options sur les financements de redevances \/ flux et de droits exclusifs pour participer \u00e0 de futurs financements de redevances \/ flux sur divers projets. L\u2019actif principal de Redevances OR inc. est une redevance de 5% NSR sur la mine Canadian Malartic, situ\u00e9e au Canada.","og_url":"https:\/\/orroyalties.com\/fr\/investisseurs\/","og_site_name":"Redevances OR inc.","article_modified_time":"2025-05-11T12:21:15+00:00","og_image":[{"width":2000,"height":1200,"url":"https:\/\/orroyalties.com\/app\/uploads\/2025\/05\/Overview2025-2.jpg","type":"image\/jpeg"}],"twitter_misc":{"Est. reading time":"1 minute"},"schema":{"@context":"https:\/\/schema.org","@graph":[{"@type":"WebPage","@id":"https:\/\/orroyalties.com\/fr\/investisseurs\/","url":"https:\/\/orroyalties.com\/fr\/investisseurs\/","name":"Investisseurs | Redevances OR inc.","isPartOf":{"@id":"https:\/\/orroyalties.com\/fr\/#website"},"datePublished":"2015-02-03T15:18:59+00:00","dateModified":"2025-05-11T12:21:15+00:00","description":"Redevances OR inc. se consacre \u00e0 l'acquisition et \u00e0 la gestion de redevances, flux et int\u00e9r\u00eats de haute qualit\u00e9 au Canada et dans le monde principalement sur les m\u00e9taux pr\u00e9cieux. Redevances OR inc. d\u00e9tient un portefeuille de redevances, de flux, d'ententes d'\u00e9coulements, d'options sur les financements de redevances \/ flux et de droits exclusifs pour participer \u00e0 de futurs financements de redevances \/ flux sur divers projets. L\u2019actif principal de Redevances OR inc. est une redevance de 5% NSR sur la mine Canadian Malartic, situ\u00e9e au Canada.","breadcrumb":{"@id":"https:\/\/orroyalties.com\/fr\/investisseurs\/#breadcrumb"},"inLanguage":"fr-FR","potentialAction":[{"@type":"ReadAction","target":["https:\/\/orroyalties.com\/fr\/investisseurs\/"]}]},{"@type":"BreadcrumbList","@id":"https:\/\/orroyalties.com\/fr\/investisseurs\/#breadcrumb","itemListElement":[{"@type":"ListItem","position":1,"name":"Accueil","item":"https:\/\/orroyalties.com\/fr\/"},{"@type":"ListItem","position":2,"name":"Survol investisseurs"}]},{"@type":"WebSite","@id":"https:\/\/orroyalties.com\/fr\/#website","url":"https:\/\/orroyalties.com\/fr\/","name":"Redevances OR inc.","description":"Redevances OR inc. est une soci\u00e9t\u00e9 mini\u00e8re ax\u00e9e sur les redevances aurif\u00e8res et situ\u00e9e \u00e0 Montr\u00e9al, Qu\u00e9bec.","publisher":{"@id":"https:\/\/orroyalties.com\/fr\/#organization"},"potentialAction":[{"@type":"SearchAction","target":{"@type":"EntryPoint","urlTemplate":"https:\/\/orroyalties.com\/fr\/?s={search_term_string}"},"query-input":"required name=search_term_string"}],"inLanguage":"fr-FR"},{"@type":"Organization","@id":"https:\/\/orroyalties.com\/fr\/#organization","name":"Osisko Gold Royalties Ltd","url":"https:\/\/orroyalties.com\/fr\/","logo":{"@type":"ImageObject","inLanguage":"fr-FR","@id":"https:\/\/orroyalties.com\/fr\/#\/schema\/logo\/image\/","url":"https:\/\/orroyalties.com\/app\/uploads\/2019\/04\/Osisko_OGR-logo_color.jpg","contentUrl":"https:\/\/orroyalties.com\/app\/uploads\/2019\/04\/Osisko_OGR-logo_color.jpg","width":2550,"height":1066,"caption":"Osisko Gold Royalties Ltd"},"image":{"@id":"https:\/\/orroyalties.com\/fr\/#\/schema\/logo\/image\/"},"sameAs":["https:\/\/twitter.com\/OsiskoRoyalties","https:\/\/www.linkedin.com\/company\/osisko-gold-royalties-ltd"]}]}},"_links":{"self":[{"href":"https:\/\/orroyalties.com\/fr\/wp-json\/wp\/v2\/pages\/79"}],"collection":[{"href":"https:\/\/orroyalties.com\/fr\/wp-json\/wp\/v2\/pages"}],"about":[{"href":"https:\/\/orroyalties.com\/fr\/wp-json\/wp\/v2\/types\/page"}],"author":[{"embeddable":true,"href":"https:\/\/orroyalties.com\/fr\/wp-json\/wp\/v2\/users\/2"}],"replies":[{"embeddable":true,"href":"https:\/\/orroyalties.com\/fr\/wp-json\/wp\/v2\/comments?post=79"}],"version-history":[{"count":37,"href":"https:\/\/orroyalties.com\/fr\/wp-json\/wp\/v2\/pages\/79\/revisions"}],"predecessor-version":[{"id":5691,"href":"https:\/\/orroyalties.com\/fr\/wp-json\/wp\/v2\/pages\/79\/revisions\/5691"}],"wp:featuredmedia":[{"embeddable":true,"href":"https:\/\/orroyalties.com\/fr\/wp-json\/wp\/v2\/media\/12814"}],"wp:attachment":[{"href":"https:\/\/orroyalties.com\/fr\/wp-json\/wp\/v2\/media?parent=79"}],"curies":[{"name":"wp","href":"https:\/\/api.w.org\/{rel}","templated":true}]}}