{"id":753,"date":"2015-02-12T21:41:53","date_gmt":"2015-02-13T02:41:53","guid":{"rendered":"http:\/\/osisko.o2web.biz\/?page_id=753"},"modified":"2025-06-19T14:21:59","modified_gmt":"2025-06-19T19:21:59","slug":"contact","status":"publish","type":"page","link":"https:\/\/orroyalties.com\/fr\/contact\/","title":{"rendered":"Contact"},"content":{"rendered":"<div class=\"unit-4 alpha\">\n<h4><strong>Redevances OR inc. &#8211; Si\u00e8ge social<\/strong><\/h4>\n<p>1100, av. des Canadiens-de-Montr\u00e9al<br \/>\nBureau\u00a0300, C.P 211<br \/>\nMontr\u00e9al, QC, H3B 2S2<br \/>\nT\u00e9l : 1 (514) 940 0670<br \/>\nFax : 1 (514) 940 0669<\/p>\n<h4>Contact Investisseurs<\/h4>\n<p>Grant Moenting, vice-pr\u00e9sident, march\u00e9s des capitaux<br \/>\nT\u00e9l : 1 (514) 940 0670<br \/>\nCourriel\u00a0: <a href=\"mailto:info@orroyalties.com\">info@ORroyalties.com<\/a><br \/>\nVisitez notre page <a title=\"Contact investisseurs\" href=\"https:\/\/orroyalties.com\/fr\/contact-investisseurs\/\">Contact Investisseurs<\/a><\/p>\n<h4>Bureau de Toronto<\/h4>\n<p>100 King Street West<br \/>\nBureau 5710<br \/>\nToronto, Canada M5X 1E3<br \/>\nT\u00e9l : (647) 477-2087<br \/>\nFax : (441) 477-2088<\/p>\n<h4>OR Royalties International Ltd.<\/h4>\n<p>Cumberland House<br \/>\n1, Victoria Street<br \/>\nHamilton HM11, Bermudes<br \/>\nT\u00e9l : (441)\u00a0824\u00a07474<br \/>\nFax : (441) 292-6140<\/p>\n<\/div>\n<div class=\"unit-4 alpha\">\n<h4><\/h4>\n<h4><strong>Fier membre de :<\/strong><\/h4>\n<p><a href=\"http:\/\/www.amq-inc.com\/\" target=\"_blank\" rel=\"noopener noreferrer\"><img loading=\"lazy\" decoding=\"async\" class=\"alignnone wp-image-201 size-medium\" title=\"Association mini\u00e8re du Qu\u00e9bec\" src=\"http:\/\/orroyalties.com\/app\/uploads\/2015\/03\/AMQ.jpg\" alt=\"Logo de Laurel Hill Advisory Group\" width=\"300\" height=\"138\" \/><\/a><\/p>\n<p><a href=\"http:\/\/www.aemq.org\/\" target=\"_blank\" rel=\"noopener noreferrer\"><img loading=\"lazy\" decoding=\"async\" class=\"alignnone wp-image-201 size-medium\" title=\"Association de l'exploration mini\u00e8re du Qu\u00e9bec\" src=\"\/app\/uploads\/2015\/03\/AEMQ.jpg\" alt=\"Logo couleur de l'Association de l'exploitation mini\u00e8re du Qu\u00e9bec\" width=\"180\" height=\"83\" \/><\/a><\/p>\n<p><a href=\"http:\/\/www.gold.org\/\" target=\"_blank\" rel=\"noopener noreferrer\"><img loading=\"lazy\" decoding=\"async\" class=\"alignnone wp-image-201 size-medium\" title=\"World Gold Council\" src=\"https:\/\/orroyalties.com\/app\/uploads\/2023\/11\/World_Gold_Council_logo.svg_.png\" alt=\"World Gold Council\" width=\"180\" height=\"69\" \/><\/a><\/p>\n<h4>Auditeurs<\/h4>\n<p>PricewaterhouseCoopers, s.r.l.\/s.e.n.c.r.l.<\/p>\n<h4>D\u00e9p\u00f4ts r\u00e9glementaires<\/h4>\n<p>Sedar (<a href=\"https:\/\/www.sedar.com\/DisplayProfile.do?lang=FR&amp;issuerType=03&amp;issuerNo=00036016\" target=\"_blank\" rel=\"noopener noreferrer\">www.sedar.com<\/a>)<\/p>\n<h4>Agent de transfert<\/h4>\n<p>Trust TSX<br \/>\n<a title=\"\" href=\"mailto:shareholderinquiries@tmx.com\" target=\"_blank\" rel=\"nofollow noopener noreferrer\"><u>shareholderinquiries@tmx.com<\/u><\/a><\/p>\n<p>1-800-387-0825 (sans frais au Canada)<\/p>\n<\/div>\n<p>&nbsp;<\/p>\n<p>&nbsp;<\/p>\n","protected":false},"excerpt":{"rendered":"<p>&nbsp; &nbsp;<\/p>\n","protected":false},"author":2,"featured_media":12811,"parent":0,"menu_order":900,"comment_status":"closed","ping_status":"closed","template":"page-templates\/page-contact.php","meta":{"_monsterinsights_skip_tracking":false,"_monsterinsights_sitenote_active":false,"_monsterinsights_sitenote_note":"","_monsterinsights_sitenote_category":0,"footnotes":""},"acf":[],"yoast_head":"<!-- This site is optimized with the Yoast SEO plugin v21.9.1 - https:\/\/yoast.com\/wordpress\/plugins\/seo\/ -->\n<title>Contact | Redevances OR inc.<\/title>\n<meta name=\"description\" content=\"Contact\" \/>\n<meta name=\"robots\" content=\"index, follow, max-snippet:-1, max-image-preview:large, max-video-preview:-1\" \/>\n<link rel=\"canonical\" href=\"https:\/\/orroyalties.com\/fr\/contact\/\" \/>\n<meta property=\"og:locale\" content=\"fr_FR\" \/>\n<meta property=\"og:type\" content=\"article\" \/>\n<meta property=\"og:title\" content=\"Contact | Redevances OR inc.\" \/>\n<meta property=\"og:description\" content=\"Contact\" \/>\n<meta property=\"og:url\" content=\"https:\/\/orroyalties.com\/fr\/contact\/\" \/>\n<meta property=\"og:site_name\" content=\"Redevances OR inc.\" \/>\n<meta property=\"article:modified_time\" content=\"2025-06-19T19:21:59+00:00\" \/>\n<meta property=\"og:image\" content=\"https:\/\/orroyalties.com\/app\/uploads\/2025\/05\/About2025.jpg\" \/>\n\t<meta property=\"og:image:width\" content=\"2000\" \/>\n\t<meta property=\"og:image:height\" content=\"864\" \/>\n\t<meta property=\"og:image:type\" content=\"image\/jpeg\" \/>\n<meta name=\"twitter:label1\" content=\"Est. reading time\" \/>\n\t<meta name=\"twitter:data1\" content=\"2 minutes\" \/>\n<script type=\"application\/ld+json\" class=\"yoast-schema-graph\">{\"@context\":\"https:\/\/schema.org\",\"@graph\":[{\"@type\":\"WebPage\",\"@id\":\"https:\/\/orroyalties.com\/fr\/contact\/\",\"url\":\"https:\/\/orroyalties.com\/fr\/contact\/\",\"name\":\"Contact | Redevances OR inc.\",\"isPartOf\":{\"@id\":\"https:\/\/orroyalties.com\/fr\/#website\"},\"datePublished\":\"2015-02-13T02:41:53+00:00\",\"dateModified\":\"2025-06-19T19:21:59+00:00\",\"description\":\"Contact\",\"breadcrumb\":{\"@id\":\"https:\/\/orroyalties.com\/fr\/contact\/#breadcrumb\"},\"inLanguage\":\"fr-FR\",\"potentialAction\":[{\"@type\":\"ReadAction\",\"target\":[\"https:\/\/orroyalties.com\/fr\/contact\/\"]}]},{\"@type\":\"BreadcrumbList\",\"@id\":\"https:\/\/orroyalties.com\/fr\/contact\/#breadcrumb\",\"itemListElement\":[{\"@type\":\"ListItem\",\"position\":1,\"name\":\"Accueil\",\"item\":\"https:\/\/orroyalties.com\/fr\/\"},{\"@type\":\"ListItem\",\"position\":2,\"name\":\"Contact\"}]},{\"@type\":\"WebSite\",\"@id\":\"https:\/\/orroyalties.com\/fr\/#website\",\"url\":\"https:\/\/orroyalties.com\/fr\/\",\"name\":\"Redevances OR inc.\",\"description\":\"Redevances OR inc. est une soci\u00e9t\u00e9 mini\u00e8re ax\u00e9e sur les redevances aurif\u00e8res et situ\u00e9e \u00e0 Montr\u00e9al, Qu\u00e9bec.\",\"publisher\":{\"@id\":\"https:\/\/orroyalties.com\/fr\/#organization\"},\"potentialAction\":[{\"@type\":\"SearchAction\",\"target\":{\"@type\":\"EntryPoint\",\"urlTemplate\":\"https:\/\/orroyalties.com\/fr\/?s={search_term_string}\"},\"query-input\":\"required name=search_term_string\"}],\"inLanguage\":\"fr-FR\"},{\"@type\":\"Organization\",\"@id\":\"https:\/\/orroyalties.com\/fr\/#organization\",\"name\":\"Osisko Gold Royalties Ltd\",\"url\":\"https:\/\/orroyalties.com\/fr\/\",\"logo\":{\"@type\":\"ImageObject\",\"inLanguage\":\"fr-FR\",\"@id\":\"https:\/\/orroyalties.com\/fr\/#\/schema\/logo\/image\/\",\"url\":\"https:\/\/orroyalties.com\/app\/uploads\/2019\/04\/Osisko_OGR-logo_color.jpg\",\"contentUrl\":\"https:\/\/orroyalties.com\/app\/uploads\/2019\/04\/Osisko_OGR-logo_color.jpg\",\"width\":2550,\"height\":1066,\"caption\":\"Osisko Gold Royalties Ltd\"},\"image\":{\"@id\":\"https:\/\/orroyalties.com\/fr\/#\/schema\/logo\/image\/\"},\"sameAs\":[\"https:\/\/twitter.com\/OsiskoRoyalties\",\"https:\/\/www.linkedin.com\/company\/osisko-gold-royalties-ltd\"]}]}<\/script>\n<!-- \/ Yoast SEO plugin. -->","yoast_head_json":{"title":"Contact | Redevances OR inc.","description":"Contact","robots":{"index":"index","follow":"follow","max-snippet":"max-snippet:-1","max-image-preview":"max-image-preview:large","max-video-preview":"max-video-preview:-1"},"canonical":"https:\/\/orroyalties.com\/fr\/contact\/","og_locale":"fr_FR","og_type":"article","og_title":"Contact | Redevances OR inc.","og_description":"Contact","og_url":"https:\/\/orroyalties.com\/fr\/contact\/","og_site_name":"Redevances OR inc.","article_modified_time":"2025-06-19T19:21:59+00:00","og_image":[{"width":2000,"height":864,"url":"https:\/\/orroyalties.com\/app\/uploads\/2025\/05\/About2025.jpg","type":"image\/jpeg"}],"twitter_misc":{"Est. reading time":"2 minutes"},"schema":{"@context":"https:\/\/schema.org","@graph":[{"@type":"WebPage","@id":"https:\/\/orroyalties.com\/fr\/contact\/","url":"https:\/\/orroyalties.com\/fr\/contact\/","name":"Contact | Redevances OR inc.","isPartOf":{"@id":"https:\/\/orroyalties.com\/fr\/#website"},"datePublished":"2015-02-13T02:41:53+00:00","dateModified":"2025-06-19T19:21:59+00:00","description":"Contact","breadcrumb":{"@id":"https:\/\/orroyalties.com\/fr\/contact\/#breadcrumb"},"inLanguage":"fr-FR","potentialAction":[{"@type":"ReadAction","target":["https:\/\/orroyalties.com\/fr\/contact\/"]}]},{"@type":"BreadcrumbList","@id":"https:\/\/orroyalties.com\/fr\/contact\/#breadcrumb","itemListElement":[{"@type":"ListItem","position":1,"name":"Accueil","item":"https:\/\/orroyalties.com\/fr\/"},{"@type":"ListItem","position":2,"name":"Contact"}]},{"@type":"WebSite","@id":"https:\/\/orroyalties.com\/fr\/#website","url":"https:\/\/orroyalties.com\/fr\/","name":"Redevances OR inc.","description":"Redevances OR inc. est une soci\u00e9t\u00e9 mini\u00e8re ax\u00e9e sur les redevances aurif\u00e8res et situ\u00e9e \u00e0 Montr\u00e9al, Qu\u00e9bec.","publisher":{"@id":"https:\/\/orroyalties.com\/fr\/#organization"},"potentialAction":[{"@type":"SearchAction","target":{"@type":"EntryPoint","urlTemplate":"https:\/\/orroyalties.com\/fr\/?s={search_term_string}"},"query-input":"required name=search_term_string"}],"inLanguage":"fr-FR"},{"@type":"Organization","@id":"https:\/\/orroyalties.com\/fr\/#organization","name":"Osisko Gold Royalties Ltd","url":"https:\/\/orroyalties.com\/fr\/","logo":{"@type":"ImageObject","inLanguage":"fr-FR","@id":"https:\/\/orroyalties.com\/fr\/#\/schema\/logo\/image\/","url":"https:\/\/orroyalties.com\/app\/uploads\/2019\/04\/Osisko_OGR-logo_color.jpg","contentUrl":"https:\/\/orroyalties.com\/app\/uploads\/2019\/04\/Osisko_OGR-logo_color.jpg","width":2550,"height":1066,"caption":"Osisko Gold Royalties Ltd"},"image":{"@id":"https:\/\/orroyalties.com\/fr\/#\/schema\/logo\/image\/"},"sameAs":["https:\/\/twitter.com\/OsiskoRoyalties","https:\/\/www.linkedin.com\/company\/osisko-gold-royalties-ltd"]}]}},"_links":{"self":[{"href":"https:\/\/orroyalties.com\/fr\/wp-json\/wp\/v2\/pages\/753"}],"collection":[{"href":"https:\/\/orroyalties.com\/fr\/wp-json\/wp\/v2\/pages"}],"about":[{"href":"https:\/\/orroyalties.com\/fr\/wp-json\/wp\/v2\/types\/page"}],"author":[{"embeddable":true,"href":"https:\/\/orroyalties.com\/fr\/wp-json\/wp\/v2\/users\/2"}],"replies":[{"embeddable":true,"href":"https:\/\/orroyalties.com\/fr\/wp-json\/wp\/v2\/comments?post=753"}],"version-history":[{"count":62,"href":"https:\/\/orroyalties.com\/fr\/wp-json\/wp\/v2\/pages\/753\/revisions"}],"predecessor-version":[{"id":13115,"href":"https:\/\/orroyalties.com\/fr\/wp-json\/wp\/v2\/pages\/753\/revisions\/13115"}],"wp:featuredmedia":[{"embeddable":true,"href":"https:\/\/orroyalties.com\/fr\/wp-json\/wp\/v2\/media\/12811"}],"wp:attachment":[{"href":"https:\/\/orroyalties.com\/fr\/wp-json\/wp\/v2\/media?parent=753"}],"curies":[{"name":"wp","href":"https:\/\/api.w.org\/{rel}","templated":true}]}}