{"id":7353,"date":"2019-12-19T09:10:39","date_gmt":"2019-12-19T14:10:39","guid":{"rendered":"http:\/\/osiskogr.com\/?page_id=7353"},"modified":"2023-01-18T16:05:35","modified_gmt":"2023-01-18T21:05:35","slug":"formulaire-irs-8937","status":"publish","type":"page","link":"https:\/\/orroyalties.com\/fr\/formulaire-irs-8937\/","title":{"rendered":"Formulaire IRS 8937"},"content":{"rendered":"<p>Les \u00e9metteurs de titres n\u00e9gociables de soci\u00e9t\u00e9s sont tenus de compl\u00e9ter le formulaire <em>Internal Revenue Service<\/em> (\u00ab\u00a0IRS\u00a0\u00bb) 8937 afin de rapporter les actions au niveau organisationnel qui ont un impact sur la nature de ces titres n\u00e9gociables.<\/p>\n<p><strong>Avis<\/strong><\/p>\n<p><em>\u00ab Les informations contenues dans le pr\u00e9sent document ne constituent pas un avis fiscal et ne pr\u00e9tendent pas \u00eatre compl\u00e8tes ni prendre en compte la situation particuli\u00e8re d&rsquo;un actionnaire. Les informations contenues dans le pr\u00e9sent document sont fournies conform\u00e9ment aux exigences de la section 6045B de l&rsquo;Internal Revenue Code of 1986, tel que modifi\u00e9 (le \u00ab\u00a0Code\u00a0\u00bb), et en vertu du Treasury Regulations. Nous recommandons aux actionnaires am\u00e9ricains de consulter leurs propres conseillers fiscaux concernant les cons\u00e9quences fiscales am\u00e9ricaines de la transaction d\u00e9crites dans le pr\u00e9sent document et les actions re\u00e7us lors de la transaction. \u00bb<\/em><\/p>\n<div class=\"wrap-pdf\"> <a href=\"http:\/\/orroyalties.com\/app\/uploads\/2020\/06\/Form-8937-Amended-06-2020.pdf\" target=\"_blank\"> <div class=\"icon-pdf\">&nbsp;<\/div> <div class=\"pdf-box\">Formulaire IRS 8937 Barkerville Gold Mines Ltd. &#8211; 21 novembre 2019 amend\u00e9 juin 2020<\/div> <\/a> <\/div>\n","protected":false},"excerpt":{"rendered":"<p>Les \u00e9metteurs de titres n\u00e9gociables de soci\u00e9t\u00e9s sont tenus de compl\u00e9ter le formulaire Internal Revenue Service (\u00ab\u00a0IRS\u00a0\u00bb) 8937 afin de rapporter les actions au niveau organisationnel qui ont un impact sur la nature de ces titres n\u00e9gociables. Avis \u00ab Les informations contenues dans le pr\u00e9sent document ne constituent pas un avis fiscal et ne pr\u00e9tendent [&hellip;]<\/p>\n","protected":false},"author":4,"featured_media":4316,"parent":0,"menu_order":0,"comment_status":"closed","ping_status":"closed","template":"","meta":{"_monsterinsights_skip_tracking":false,"_monsterinsights_sitenote_active":false,"_monsterinsights_sitenote_note":"","_monsterinsights_sitenote_category":0,"footnotes":""},"acf":[],"yoast_head":"<!-- This site is optimized with the Yoast SEO plugin v21.9.1 - https:\/\/yoast.com\/wordpress\/plugins\/seo\/ -->\n<title>Formulaire IRS 8937 | Redevances OR inc.<\/title>\n<meta name=\"robots\" content=\"index, follow, max-snippet:-1, max-image-preview:large, max-video-preview:-1\" \/>\n<link rel=\"canonical\" href=\"https:\/\/orroyalties.com\/fr\/formulaire-irs-8937\/\" \/>\n<meta property=\"og:locale\" content=\"fr_FR\" \/>\n<meta property=\"og:type\" content=\"article\" \/>\n<meta property=\"og:title\" content=\"Formulaire IRS 8937 | Redevances OR inc.\" \/>\n<meta property=\"og:description\" content=\"Les \u00e9metteurs de titres n\u00e9gociables de soci\u00e9t\u00e9s sont tenus de compl\u00e9ter le formulaire Internal Revenue Service (\u00ab\u00a0IRS\u00a0\u00bb) 8937 afin de rapporter les actions au niveau organisationnel qui ont un impact sur la nature de ces titres n\u00e9gociables. Avis \u00ab Les informations contenues dans le pr\u00e9sent document ne constituent pas un avis fiscal et ne pr\u00e9tendent [&hellip;]\" \/>\n<meta property=\"og:url\" content=\"https:\/\/orroyalties.com\/fr\/formulaire-irs-8937\/\" \/>\n<meta property=\"og:site_name\" content=\"Redevances OR inc.\" \/>\n<meta property=\"article:modified_time\" content=\"2023-01-18T21:05:35+00:00\" \/>\n<meta property=\"og:image\" content=\"https:\/\/orroyalties.com\/app\/uploads\/2016\/07\/NYSE-OR.jpg\" \/>\n\t<meta property=\"og:image:width\" content=\"1600\" \/>\n\t<meta property=\"og:image:height\" content=\"1065\" \/>\n\t<meta property=\"og:image:type\" content=\"image\/jpeg\" \/>\n<meta name=\"twitter:label1\" content=\"Est. reading time\" \/>\n\t<meta name=\"twitter:data1\" content=\"1 minute\" \/>\n<script type=\"application\/ld+json\" class=\"yoast-schema-graph\">{\"@context\":\"https:\/\/schema.org\",\"@graph\":[{\"@type\":\"WebPage\",\"@id\":\"https:\/\/orroyalties.com\/fr\/formulaire-irs-8937\/\",\"url\":\"https:\/\/orroyalties.com\/fr\/formulaire-irs-8937\/\",\"name\":\"Formulaire IRS 8937 | Redevances OR inc.\",\"isPartOf\":{\"@id\":\"https:\/\/orroyalties.com\/fr\/#website\"},\"datePublished\":\"2019-12-19T14:10:39+00:00\",\"dateModified\":\"2023-01-18T21:05:35+00:00\",\"breadcrumb\":{\"@id\":\"https:\/\/orroyalties.com\/fr\/formulaire-irs-8937\/#breadcrumb\"},\"inLanguage\":\"fr-FR\",\"potentialAction\":[{\"@type\":\"ReadAction\",\"target\":[\"https:\/\/orroyalties.com\/fr\/formulaire-irs-8937\/\"]}]},{\"@type\":\"BreadcrumbList\",\"@id\":\"https:\/\/orroyalties.com\/fr\/formulaire-irs-8937\/#breadcrumb\",\"itemListElement\":[{\"@type\":\"ListItem\",\"position\":1,\"name\":\"Accueil\",\"item\":\"https:\/\/orroyalties.com\/fr\/\"},{\"@type\":\"ListItem\",\"position\":2,\"name\":\"Formulaire IRS 8937\"}]},{\"@type\":\"WebSite\",\"@id\":\"https:\/\/orroyalties.com\/fr\/#website\",\"url\":\"https:\/\/orroyalties.com\/fr\/\",\"name\":\"Redevances OR inc.\",\"description\":\"Redevances OR inc. est une soci\u00e9t\u00e9 mini\u00e8re ax\u00e9e sur les redevances aurif\u00e8res et situ\u00e9e \u00e0 Montr\u00e9al, Qu\u00e9bec.\",\"publisher\":{\"@id\":\"https:\/\/orroyalties.com\/fr\/#organization\"},\"potentialAction\":[{\"@type\":\"SearchAction\",\"target\":{\"@type\":\"EntryPoint\",\"urlTemplate\":\"https:\/\/orroyalties.com\/fr\/?s={search_term_string}\"},\"query-input\":\"required name=search_term_string\"}],\"inLanguage\":\"fr-FR\"},{\"@type\":\"Organization\",\"@id\":\"https:\/\/orroyalties.com\/fr\/#organization\",\"name\":\"Osisko Gold Royalties Ltd\",\"url\":\"https:\/\/orroyalties.com\/fr\/\",\"logo\":{\"@type\":\"ImageObject\",\"inLanguage\":\"fr-FR\",\"@id\":\"https:\/\/orroyalties.com\/fr\/#\/schema\/logo\/image\/\",\"url\":\"https:\/\/orroyalties.com\/app\/uploads\/2019\/04\/Osisko_OGR-logo_color.jpg\",\"contentUrl\":\"https:\/\/orroyalties.com\/app\/uploads\/2019\/04\/Osisko_OGR-logo_color.jpg\",\"width\":2550,\"height\":1066,\"caption\":\"Osisko Gold Royalties Ltd\"},\"image\":{\"@id\":\"https:\/\/orroyalties.com\/fr\/#\/schema\/logo\/image\/\"},\"sameAs\":[\"https:\/\/twitter.com\/OsiskoRoyalties\",\"https:\/\/www.linkedin.com\/company\/osisko-gold-royalties-ltd\"]}]}<\/script>\n<!-- \/ Yoast SEO plugin. -->","yoast_head_json":{"title":"Formulaire IRS 8937 | Redevances OR inc.","robots":{"index":"index","follow":"follow","max-snippet":"max-snippet:-1","max-image-preview":"max-image-preview:large","max-video-preview":"max-video-preview:-1"},"canonical":"https:\/\/orroyalties.com\/fr\/formulaire-irs-8937\/","og_locale":"fr_FR","og_type":"article","og_title":"Formulaire IRS 8937 | Redevances OR inc.","og_description":"Les \u00e9metteurs de titres n\u00e9gociables de soci\u00e9t\u00e9s sont tenus de compl\u00e9ter le formulaire Internal Revenue Service (\u00ab\u00a0IRS\u00a0\u00bb) 8937 afin de rapporter les actions au niveau organisationnel qui ont un impact sur la nature de ces titres n\u00e9gociables. Avis \u00ab Les informations contenues dans le pr\u00e9sent document ne constituent pas un avis fiscal et ne pr\u00e9tendent [&hellip;]","og_url":"https:\/\/orroyalties.com\/fr\/formulaire-irs-8937\/","og_site_name":"Redevances OR inc.","article_modified_time":"2023-01-18T21:05:35+00:00","og_image":[{"width":1600,"height":1065,"url":"https:\/\/orroyalties.com\/app\/uploads\/2016\/07\/NYSE-OR.jpg","type":"image\/jpeg"}],"twitter_misc":{"Est. reading time":"1 minute"},"schema":{"@context":"https:\/\/schema.org","@graph":[{"@type":"WebPage","@id":"https:\/\/orroyalties.com\/fr\/formulaire-irs-8937\/","url":"https:\/\/orroyalties.com\/fr\/formulaire-irs-8937\/","name":"Formulaire IRS 8937 | Redevances OR inc.","isPartOf":{"@id":"https:\/\/orroyalties.com\/fr\/#website"},"datePublished":"2019-12-19T14:10:39+00:00","dateModified":"2023-01-18T21:05:35+00:00","breadcrumb":{"@id":"https:\/\/orroyalties.com\/fr\/formulaire-irs-8937\/#breadcrumb"},"inLanguage":"fr-FR","potentialAction":[{"@type":"ReadAction","target":["https:\/\/orroyalties.com\/fr\/formulaire-irs-8937\/"]}]},{"@type":"BreadcrumbList","@id":"https:\/\/orroyalties.com\/fr\/formulaire-irs-8937\/#breadcrumb","itemListElement":[{"@type":"ListItem","position":1,"name":"Accueil","item":"https:\/\/orroyalties.com\/fr\/"},{"@type":"ListItem","position":2,"name":"Formulaire IRS 8937"}]},{"@type":"WebSite","@id":"https:\/\/orroyalties.com\/fr\/#website","url":"https:\/\/orroyalties.com\/fr\/","name":"Redevances OR inc.","description":"Redevances OR inc. est une soci\u00e9t\u00e9 mini\u00e8re ax\u00e9e sur les redevances aurif\u00e8res et situ\u00e9e \u00e0 Montr\u00e9al, Qu\u00e9bec.","publisher":{"@id":"https:\/\/orroyalties.com\/fr\/#organization"},"potentialAction":[{"@type":"SearchAction","target":{"@type":"EntryPoint","urlTemplate":"https:\/\/orroyalties.com\/fr\/?s={search_term_string}"},"query-input":"required name=search_term_string"}],"inLanguage":"fr-FR"},{"@type":"Organization","@id":"https:\/\/orroyalties.com\/fr\/#organization","name":"Osisko Gold Royalties Ltd","url":"https:\/\/orroyalties.com\/fr\/","logo":{"@type":"ImageObject","inLanguage":"fr-FR","@id":"https:\/\/orroyalties.com\/fr\/#\/schema\/logo\/image\/","url":"https:\/\/orroyalties.com\/app\/uploads\/2019\/04\/Osisko_OGR-logo_color.jpg","contentUrl":"https:\/\/orroyalties.com\/app\/uploads\/2019\/04\/Osisko_OGR-logo_color.jpg","width":2550,"height":1066,"caption":"Osisko Gold Royalties Ltd"},"image":{"@id":"https:\/\/orroyalties.com\/fr\/#\/schema\/logo\/image\/"},"sameAs":["https:\/\/twitter.com\/OsiskoRoyalties","https:\/\/www.linkedin.com\/company\/osisko-gold-royalties-ltd"]}]}},"_links":{"self":[{"href":"https:\/\/orroyalties.com\/fr\/wp-json\/wp\/v2\/pages\/7353"}],"collection":[{"href":"https:\/\/orroyalties.com\/fr\/wp-json\/wp\/v2\/pages"}],"about":[{"href":"https:\/\/orroyalties.com\/fr\/wp-json\/wp\/v2\/types\/page"}],"author":[{"embeddable":true,"href":"https:\/\/orroyalties.com\/fr\/wp-json\/wp\/v2\/users\/4"}],"replies":[{"embeddable":true,"href":"https:\/\/orroyalties.com\/fr\/wp-json\/wp\/v2\/comments?post=7353"}],"version-history":[{"count":4,"href":"https:\/\/orroyalties.com\/fr\/wp-json\/wp\/v2\/pages\/7353\/revisions"}],"predecessor-version":[{"id":8304,"href":"https:\/\/orroyalties.com\/fr\/wp-json\/wp\/v2\/pages\/7353\/revisions\/8304"}],"wp:featuredmedia":[{"embeddable":true,"href":"https:\/\/orroyalties.com\/fr\/wp-json\/wp\/v2\/media\/4316"}],"wp:attachment":[{"href":"https:\/\/orroyalties.com\/fr\/wp-json\/wp\/v2\/media?parent=7353"}],"curies":[{"name":"wp","href":"https:\/\/api.w.org\/{rel}","templated":true}]}}