{"id":70,"date":"2015-02-03T10:01:05","date_gmt":"2015-02-03T15:01:05","guid":{"rendered":"http:\/\/localhost\/osisko\/?page_id=70"},"modified":"2025-07-18T11:10:21","modified_gmt":"2025-07-18T16:10:21","slug":"message-parties-prenantes","status":"publish","type":"page","link":"https:\/\/orroyalties.com\/fr\/message-parties-prenantes\/","title":{"rendered":"Message \u00e0 nos parties prenantes"},"content":{"rendered":"<table style=\"border-collapse: collapse; width: 100%; height: 81px;\">\n<tbody>\n<tr style=\"height: 29px;\">\n<td style=\"width: 68.7424%; height: 81px; vertical-align: middle;\" rowspan=\"2\">\n<h3><span style=\"color: #cc992a;\">Publication du rapport de d\u00e9veloppement durable 2024 :<\/span><\/h3>\n<h3><em><span style=\"color: #cc992a;\">Une croissance responsable<\/span><\/em><\/h3>\n<\/td>\n<td style=\"width: 31.2576%; height: 29px;\" rowspan=\"2\"><img loading=\"lazy\" decoding=\"async\" class=\"size-medium wp-image-11212 aligncenter\" src=\"https:\/\/orroyalties.com\/app\/uploads\/2023\/07\/FW_fr-190x300.png\" alt=\"\" width=\"190\" height=\"300\" srcset=\"https:\/\/orroyalties.com\/app\/uploads\/2023\/07\/FW_fr-190x300.png 190w, https:\/\/orroyalties.com\/app\/uploads\/2023\/07\/FW_fr-647x1024.png 647w, https:\/\/orroyalties.com\/app\/uploads\/2023\/07\/FW_fr.png 717w\" sizes=\"(max-width: 190px) 100vw, 190px\" \/><\/td>\n<\/tr>\n<\/tbody>\n<\/table>\n<h4><strong><a href=\"https:\/\/orroyalties.com\/app\/uploads\/2025\/05\/2024_OR_SD_Report_FINAL.pdf\" target=\"_blank\" rel=\"noopener\"><img loading=\"lazy\" decoding=\"async\" class=\"alignright wp-image-12752\" src=\"https:\/\/orroyalties.com\/app\/uploads\/2025\/05\/OGR-2024-ESG.jpg\" alt=\"\" width=\"184\" height=\"240\" \/><\/a><br \/>\n<\/strong><\/h4>\n<p>C&rsquo;est avec grand plaisir que Redevances Aurif\u00e8res Osisko (aujourd&rsquo;hui Redevances OR Inc.) pr\u00e9sente la cinqui\u00e8me \u00e9dition de<em> Growing Responsibly <\/em>(Une croissance responsable), qui met en valeur nos r\u00e9alisations en mati\u00e8re de d\u00e9veloppement durable en 2024. En tant que chef de file des soci\u00e9t\u00e9s de redevances et de flux de m\u00e9taux pr\u00e9cieux et exer\u00e7ant ses activit\u00e9s dans des juridictions mini\u00e8res de premier plan, nous nous engageons \u00e0 d\u00e9fendre des pratiques mini\u00e8res responsables et \u00e0 favoriser des impacts positifs au sein des communaut\u00e9s o\u00f9 nos partenaires et nous-m\u00eames exer\u00e7ons nos activit\u00e9s. Ce rapport a \u00e9t\u00e9 pr\u00e9par\u00e9 par l&rsquo;\u00e9quipe de direction de Redevances OR, r\u00e9vis\u00e9 par le comit\u00e9 de l&rsquo;environnement et du d\u00e9veloppement durable et approuv\u00e9 par le conseil d&rsquo;administration. Le rapport n&rsquo;a pas fait l&rsquo;objet d&rsquo;une v\u00e9rification externe par un tiers ind\u00e9pendant.<\/p>\n<div class=\"wrap-pdf\"> <a href=\"https:\/\/orroyalties.com\/app\/uploads\/2025\/05\/2024_OR_SD_Report_FINAL.pdf\" target=\"_blank\"> <div class=\"icon-pdf\">&nbsp;<\/div> <div class=\"pdf-box\">T\u00e9l\u00e9chargez en pdf<\/div> <\/a> <\/div>\n<hr \/>\n<p>Au cours de la derni\u00e8re ann\u00e9e, nous avons continu\u00e9 \u00e0 renforcer les fondements de notre activit\u00e9. Nous avons atteint notre objectif de 40 % de repr\u00e9sentation f\u00e9minine au sein de notre conseil d&rsquo;administration, et nous avons int\u00e9gr\u00e9 davantage les consid\u00e9rations ESG dans notre processus d\u00e9cisionnel en int\u00e9grant des contr\u00f4les de diligence raisonnable suppl\u00e9mentaires li\u00e9s \u00e0 aux enjeux ESG dans les d\u00e9cisions d&rsquo;investissement \u00e0 un stade avanc\u00e9. Tout au long de cette p\u00e9riode, nous sommes rest\u00e9s fid\u00e8les \u00e0 notre engagement en faveur de pratiques commerciales \u00e9thiques, avec z\u00e9ro violation mat\u00e9rielle du code de conduite de Redevances OR ou de la politique de d\u00e9nonciation &#8211; un reflet de la culture \u00e9thique que nous nous effor\u00e7ons de maintenir.<\/p>\n<p>En 2024, nous avons \u00e9galement examin\u00e9 de plus pr\u00e8s ce qui compte le plus pour nos parties prenantes. En actualisant notre \u00e9valuation de la mat\u00e9rialit\u00e9 et en adoptant une double approche de la mat\u00e9rialit\u00e9 &#8211; inspir\u00e9e par le cadre europ\u00e9en CSRD en pleine \u00e9volution &#8211; nous avons obtenu des informations plus claires sur les sujets qui sont importants d&rsquo;un point de vue financier et d&rsquo;un point de vue de l&rsquo;impact. Ce processus rigoureux a inclus un engagement r\u00e9fl\u00e9chi avec notre conseil d&rsquo;administration, nos employ\u00e9s, nos partenaires miniers et nos investisseurs, ce qui nous a permis d&rsquo;affiner nos priorit\u00e9s ESG avec plus de clart\u00e9 et d&rsquo;objectif.<\/p>\n<p>Nos employ\u00e9s et les communaut\u00e9s que nous sommes fiers de soutenir sont au c\u0153ur de nos progr\u00e8s. Cette ann\u00e9e, nous avons mis en place une politique de remboursement des frais de conditionnement physique pour promouvoir le bien-\u00eatre des employ\u00e9s, lanc\u00e9 une enqu\u00eate sur la culture d&rsquo;entreprise \u00e0 l&rsquo;\u00e9chelle de la Soci\u00e9t\u00e9 et mis en \u0153uvre des \u00e9valuations \u00e0 360 degr\u00e9s pour notre \u00e9quipe de direction. Ces efforts s&rsquo;inscrivent dans le cadre de la mise en place d&rsquo;une culture d&rsquo;entreprise performante qui valorise \u00e0 la fois le retour d&rsquo;information et la croissance. En 2025, avec le soutien d&rsquo;un consultant externe, nous nous appuierons sur ces examens pour combler le foss\u00e9 entre l&rsquo;\u00e9valuation et l&rsquo;action.<\/p>\n<p>L&rsquo;investissement communautaire est \u00e9galement rest\u00e9 une pierre angulaire de notre strat\u00e9gie. En 2024, nous avons vers\u00e9 361 000 dollars \u00e0 des initiatives locales, ce qui porte le total de nos dons \u00e0 plus de 900 000 dollars depuis 2021. Nous avons \u00e9galement lanc\u00e9 un nouveau programme interne de jumelage des dons, permettant aux employ\u00e9s de soutenir les causes qui leur tiennent le plus \u00e0 c\u0153ur &#8211; parce que nous croyons que l&rsquo;impact collectif commence par la passion individuelle.<\/p>\n<p>La responsabilit\u00e9 environnementale reste au c\u0153ur de notre strat\u00e9gie. Nous avons continu\u00e9 \u00e0 acheter suffisamment de cr\u00e9dits carbone pour compenser les \u00e9missions de nos activit\u00e9s d&rsquo;entreprise (\u00e0 l&rsquo;exclusion des \u00e9missions financ\u00e9es), y compris 63 tCO\u2082e d&rsquo;\u00e9missions de port\u00e9e 2 et 380 tCO\u2082e provenant des voyages d&rsquo;affaires et des d\u00e9placements quotidiens des employ\u00e9s. De plus, nous avons am\u00e9lior\u00e9 notre transparence en mati\u00e8re de climat en remplissant notre premier questionnaire sur les changements climatiques de CDP &#8211; une autre \u00e9tape dans notre cheminement vers une plus grande responsabilisation.<\/p>\n<p>Pour ce qui est de l&rsquo;avenir, Redevances OR reste concentr\u00e9e sur l&rsquo;avancement de ses engagements ESG tout en offrant une valeur \u00e0 long terme \u00e0 ses parties prenantes. Nous continuerons \u00e0 int\u00e9grer le d\u00e9veloppement durable dans notre strat\u00e9gie d&rsquo;investissement, \u00e0 maintenir de solides pratiques de gouvernance et \u00e0 entretenir une culture de collaboration, de responsabilit\u00e9 et d&rsquo;innovation.<\/p>\n<p>Nous esp\u00e9rons que l&rsquo;\u00e9dition de cette ann\u00e9e de <em>Growing Responsibly<\/em> (Une croissance responsable) offrira un aper\u00e7u pr\u00e9cieux des progr\u00e8s que nous r\u00e9alisons sur la voie du d\u00e9veloppement durable. Merci \u00e0 nos employ\u00e9s, \u00e0 nos investisseurs, \u00e0 nos partenaires miniers et \u00e0 l&rsquo;ensemble des parties prenantes &#8211; c&rsquo;est gr\u00e2ce \u00e0 votre soutien continu que ce travail est possible. Ensemble, nous r\u00e9alisons des progr\u00e8s significatifs vers un avenir plus durable.<\/p>\n<p>Cordialement,<\/p>\n<p><strong>Jason Attew<\/strong><br \/>\n<em>Pr\u00e9sident et chef de la direction<\/em><\/p>\n<p>&#8212;&#8212;&#8212;<\/p>\n<p><strong>Edie Hofmeister<\/strong><br \/>\n<em>Pr\u00e9sidente du comit\u00e9 de l&rsquo;environnement et du d\u00e9veloppement durable du conseil d&rsquo;administration<\/em><\/p>\n","protected":false},"excerpt":{"rendered":"<p>Publication du rapport de d\u00e9veloppement durable 2024 : Une croissance responsable C&rsquo;est avec grand plaisir que Redevances Aurif\u00e8res Osisko (aujourd&rsquo;hui Redevances OR Inc.) pr\u00e9sente la cinqui\u00e8me \u00e9dition de Growing Responsibly (Une croissance responsable), qui met en valeur nos r\u00e9alisations en mati\u00e8re de d\u00e9veloppement durable en 2024. En tant que chef de file des soci\u00e9t\u00e9s de [&hellip;]<\/p>\n","protected":false},"author":2,"featured_media":9062,"parent":0,"menu_order":400,"comment_status":"closed","ping_status":"closed","template":"","meta":{"_monsterinsights_skip_tracking":false,"_monsterinsights_sitenote_active":false,"_monsterinsights_sitenote_note":"","_monsterinsights_sitenote_category":0,"footnotes":""},"acf":[],"yoast_head":"<!-- This site is optimized with the Yoast SEO plugin v21.9.1 - https:\/\/yoast.com\/wordpress\/plugins\/seo\/ -->\n<title>Message \u00e0 nos parties prenantes | Osisko<\/title>\n<meta name=\"description\" content=\"Vision d&#039;Osisko en lien au d\u00e9veloppement durable.\" \/>\n<meta name=\"robots\" content=\"index, follow, max-snippet:-1, max-image-preview:large, max-video-preview:-1\" \/>\n<link rel=\"canonical\" href=\"https:\/\/orroyalties.com\/fr\/message-parties-prenantes\/\" \/>\n<meta property=\"og:locale\" content=\"fr_FR\" \/>\n<meta property=\"og:type\" content=\"article\" \/>\n<meta property=\"og:title\" content=\"Message \u00e0 nos parties prenantes | Osisko\" \/>\n<meta property=\"og:description\" content=\"Vision d&#039;Osisko en lien au d\u00e9veloppement durable.\" \/>\n<meta property=\"og:url\" content=\"https:\/\/orroyalties.com\/fr\/message-parties-prenantes\/\" \/>\n<meta property=\"og:site_name\" content=\"Redevances OR inc.\" \/>\n<meta property=\"article:modified_time\" content=\"2025-07-18T16:10:21+00:00\" \/>\n<meta property=\"og:image\" content=\"https:\/\/orroyalties.com\/app\/uploads\/2021\/04\/Banner_ESG.jpg\" \/>\n\t<meta property=\"og:image:width\" content=\"1600\" \/>\n\t<meta property=\"og:image:height\" content=\"703\" \/>\n\t<meta property=\"og:image:type\" content=\"image\/jpeg\" \/>\n<meta name=\"twitter:label1\" content=\"Est. reading time\" \/>\n\t<meta name=\"twitter:data1\" content=\"5 minutes\" \/>\n<script type=\"application\/ld+json\" class=\"yoast-schema-graph\">{\"@context\":\"https:\/\/schema.org\",\"@graph\":[{\"@type\":\"WebPage\",\"@id\":\"https:\/\/orroyalties.com\/fr\/message-parties-prenantes\/\",\"url\":\"https:\/\/orroyalties.com\/fr\/message-parties-prenantes\/\",\"name\":\"Message \u00e0 nos parties prenantes | Osisko\",\"isPartOf\":{\"@id\":\"https:\/\/orroyalties.com\/fr\/#website\"},\"datePublished\":\"2015-02-03T15:01:05+00:00\",\"dateModified\":\"2025-07-18T16:10:21+00:00\",\"description\":\"Vision d'Osisko en lien au d\u00e9veloppement durable.\",\"breadcrumb\":{\"@id\":\"https:\/\/orroyalties.com\/fr\/message-parties-prenantes\/#breadcrumb\"},\"inLanguage\":\"fr-FR\",\"potentialAction\":[{\"@type\":\"ReadAction\",\"target\":[\"https:\/\/orroyalties.com\/fr\/message-parties-prenantes\/\"]}]},{\"@type\":\"BreadcrumbList\",\"@id\":\"https:\/\/orroyalties.com\/fr\/message-parties-prenantes\/#breadcrumb\",\"itemListElement\":[{\"@type\":\"ListItem\",\"position\":1,\"name\":\"Accueil\",\"item\":\"https:\/\/orroyalties.com\/fr\/\"},{\"@type\":\"ListItem\",\"position\":2,\"name\":\"Message \u00e0 nos parties prenantes\"}]},{\"@type\":\"WebSite\",\"@id\":\"https:\/\/orroyalties.com\/fr\/#website\",\"url\":\"https:\/\/orroyalties.com\/fr\/\",\"name\":\"Redevances OR inc.\",\"description\":\"Redevances OR inc. est une soci\u00e9t\u00e9 mini\u00e8re ax\u00e9e sur les redevances aurif\u00e8res et situ\u00e9e \u00e0 Montr\u00e9al, Qu\u00e9bec.\",\"publisher\":{\"@id\":\"https:\/\/orroyalties.com\/fr\/#organization\"},\"potentialAction\":[{\"@type\":\"SearchAction\",\"target\":{\"@type\":\"EntryPoint\",\"urlTemplate\":\"https:\/\/orroyalties.com\/fr\/?s={search_term_string}\"},\"query-input\":\"required name=search_term_string\"}],\"inLanguage\":\"fr-FR\"},{\"@type\":\"Organization\",\"@id\":\"https:\/\/orroyalties.com\/fr\/#organization\",\"name\":\"Osisko Gold Royalties Ltd\",\"url\":\"https:\/\/orroyalties.com\/fr\/\",\"logo\":{\"@type\":\"ImageObject\",\"inLanguage\":\"fr-FR\",\"@id\":\"https:\/\/orroyalties.com\/fr\/#\/schema\/logo\/image\/\",\"url\":\"https:\/\/orroyalties.com\/app\/uploads\/2019\/04\/Osisko_OGR-logo_color.jpg\",\"contentUrl\":\"https:\/\/orroyalties.com\/app\/uploads\/2019\/04\/Osisko_OGR-logo_color.jpg\",\"width\":2550,\"height\":1066,\"caption\":\"Osisko Gold Royalties Ltd\"},\"image\":{\"@id\":\"https:\/\/orroyalties.com\/fr\/#\/schema\/logo\/image\/\"},\"sameAs\":[\"https:\/\/twitter.com\/OsiskoRoyalties\",\"https:\/\/www.linkedin.com\/company\/osisko-gold-royalties-ltd\"]}]}<\/script>\n<!-- \/ Yoast SEO plugin. -->","yoast_head_json":{"title":"Message \u00e0 nos parties prenantes | Osisko","description":"Vision d'Osisko en lien au d\u00e9veloppement durable.","robots":{"index":"index","follow":"follow","max-snippet":"max-snippet:-1","max-image-preview":"max-image-preview:large","max-video-preview":"max-video-preview:-1"},"canonical":"https:\/\/orroyalties.com\/fr\/message-parties-prenantes\/","og_locale":"fr_FR","og_type":"article","og_title":"Message \u00e0 nos parties prenantes | Osisko","og_description":"Vision d'Osisko en lien au d\u00e9veloppement durable.","og_url":"https:\/\/orroyalties.com\/fr\/message-parties-prenantes\/","og_site_name":"Redevances OR inc.","article_modified_time":"2025-07-18T16:10:21+00:00","og_image":[{"width":1600,"height":703,"url":"https:\/\/orroyalties.com\/app\/uploads\/2021\/04\/Banner_ESG.jpg","type":"image\/jpeg"}],"twitter_misc":{"Est. reading time":"5 minutes"},"schema":{"@context":"https:\/\/schema.org","@graph":[{"@type":"WebPage","@id":"https:\/\/orroyalties.com\/fr\/message-parties-prenantes\/","url":"https:\/\/orroyalties.com\/fr\/message-parties-prenantes\/","name":"Message \u00e0 nos parties prenantes | Osisko","isPartOf":{"@id":"https:\/\/orroyalties.com\/fr\/#website"},"datePublished":"2015-02-03T15:01:05+00:00","dateModified":"2025-07-18T16:10:21+00:00","description":"Vision d'Osisko en lien au d\u00e9veloppement durable.","breadcrumb":{"@id":"https:\/\/orroyalties.com\/fr\/message-parties-prenantes\/#breadcrumb"},"inLanguage":"fr-FR","potentialAction":[{"@type":"ReadAction","target":["https:\/\/orroyalties.com\/fr\/message-parties-prenantes\/"]}]},{"@type":"BreadcrumbList","@id":"https:\/\/orroyalties.com\/fr\/message-parties-prenantes\/#breadcrumb","itemListElement":[{"@type":"ListItem","position":1,"name":"Accueil","item":"https:\/\/orroyalties.com\/fr\/"},{"@type":"ListItem","position":2,"name":"Message \u00e0 nos parties prenantes"}]},{"@type":"WebSite","@id":"https:\/\/orroyalties.com\/fr\/#website","url":"https:\/\/orroyalties.com\/fr\/","name":"Redevances OR inc.","description":"Redevances OR inc. est une soci\u00e9t\u00e9 mini\u00e8re ax\u00e9e sur les redevances aurif\u00e8res et situ\u00e9e \u00e0 Montr\u00e9al, Qu\u00e9bec.","publisher":{"@id":"https:\/\/orroyalties.com\/fr\/#organization"},"potentialAction":[{"@type":"SearchAction","target":{"@type":"EntryPoint","urlTemplate":"https:\/\/orroyalties.com\/fr\/?s={search_term_string}"},"query-input":"required name=search_term_string"}],"inLanguage":"fr-FR"},{"@type":"Organization","@id":"https:\/\/orroyalties.com\/fr\/#organization","name":"Osisko Gold Royalties Ltd","url":"https:\/\/orroyalties.com\/fr\/","logo":{"@type":"ImageObject","inLanguage":"fr-FR","@id":"https:\/\/orroyalties.com\/fr\/#\/schema\/logo\/image\/","url":"https:\/\/orroyalties.com\/app\/uploads\/2019\/04\/Osisko_OGR-logo_color.jpg","contentUrl":"https:\/\/orroyalties.com\/app\/uploads\/2019\/04\/Osisko_OGR-logo_color.jpg","width":2550,"height":1066,"caption":"Osisko Gold Royalties Ltd"},"image":{"@id":"https:\/\/orroyalties.com\/fr\/#\/schema\/logo\/image\/"},"sameAs":["https:\/\/twitter.com\/OsiskoRoyalties","https:\/\/www.linkedin.com\/company\/osisko-gold-royalties-ltd"]}]}},"_links":{"self":[{"href":"https:\/\/orroyalties.com\/fr\/wp-json\/wp\/v2\/pages\/70"}],"collection":[{"href":"https:\/\/orroyalties.com\/fr\/wp-json\/wp\/v2\/pages"}],"about":[{"href":"https:\/\/orroyalties.com\/fr\/wp-json\/wp\/v2\/types\/page"}],"author":[{"embeddable":true,"href":"https:\/\/orroyalties.com\/fr\/wp-json\/wp\/v2\/users\/2"}],"replies":[{"embeddable":true,"href":"https:\/\/orroyalties.com\/fr\/wp-json\/wp\/v2\/comments?post=70"}],"version-history":[{"count":35,"href":"https:\/\/orroyalties.com\/fr\/wp-json\/wp\/v2\/pages\/70\/revisions"}],"predecessor-version":[{"id":13191,"href":"https:\/\/orroyalties.com\/fr\/wp-json\/wp\/v2\/pages\/70\/revisions\/13191"}],"wp:featuredmedia":[{"embeddable":true,"href":"https:\/\/orroyalties.com\/fr\/wp-json\/wp\/v2\/media\/9062"}],"wp:attachment":[{"href":"https:\/\/orroyalties.com\/fr\/wp-json\/wp\/v2\/media?parent=70"}],"curies":[{"name":"wp","href":"https:\/\/api.w.org\/{rel}","templated":true}]}}