{"id":6771,"date":"2019-03-28T13:02:38","date_gmt":"2019-03-28T18:02:38","guid":{"rendered":"http:\/\/osiskogr.com\/?page_id=6771"},"modified":"2025-06-17T09:16:09","modified_gmt":"2025-06-17T14:16:09","slug":"regimes-dinteressement","status":"publish","type":"page","link":"https:\/\/orroyalties.com\/fr\/gouvernance\/regimes-dinteressement\/","title":{"rendered":"R\u00e9gimes d&rsquo;int\u00e9ressement"},"content":{"rendered":"<h4>R\u00e9gime d&rsquo;options d&rsquo;achat d&rsquo;actions<\/h4>\n<div class=\"wrap-pdf\"> <a href=\"https:\/\/orroyalties.com\/app\/uploads\/2025\/06\/OR_Regime-doptions-dachat-dactions_26-mars-2024-new-name.pdf\" target=\"_blank\"> <div class=\"icon-pdf\">&nbsp;<\/div> <div class=\"pdf-box\">T\u00e9l\u00e9chargez en pdf<\/div> <\/a> <\/div>\n<h4><\/h4>\n<h4>R\u00e9gime\u00a0d&rsquo;achat d&rsquo;actions \u00e0 l&rsquo;intention des employ\u00e9s<\/h4>\n<div class=\"wrap-pdf\"> <a href=\"https:\/\/orroyalties.com\/app\/uploads\/2025\/06\/OR_Regime-dachat-dactions-a-lintention-des-employes_modifie-new-name.pdf\" target=\"_blank\"> <div class=\"icon-pdf\">&nbsp;<\/div> <div class=\"pdf-box\">T\u00e9l\u00e9chargez en pdf<\/div> <\/a> <\/div>\n<h4><\/h4>\n<h4>R\u00e9gime d&rsquo;unit\u00e9s d&rsquo;actions diff\u00e9r\u00e9es<\/h4>\n<div class=\"wrap-pdf\"> <a href=\"https:\/\/orroyalties.com\/app\/uploads\/2025\/06\/OR_Regime-dunites-dactions-differees_20_fevrier_2024-new-name.pdf\" target=\"_blank\"> <div class=\"icon-pdf\">&nbsp;<\/div> <div class=\"pdf-box\">T\u00e9l\u00e9chargez en pdf<\/div> <\/a> <\/div>\n<h4><\/h4>\n<h4>Programme d&rsquo;unit\u00e9s d&rsquo;actions restreintes<\/h4>\n<div class=\"wrap-pdf\"> <a href=\"https:\/\/orroyalties.com\/app\/uploads\/2025\/06\/OR_Regime-dunites-dactions-restreintes_26_mars_2024-new-name.pdf\" target=\"_blank\"> <div class=\"icon-pdf\">&nbsp;<\/div> <div class=\"pdf-box\">T\u00e9l\u00e9chargez en pdf<\/div> <\/a> <\/div>\n","protected":false},"excerpt":{"rendered":"<p>R\u00e9gime d&rsquo;options d&rsquo;achat d&rsquo;actions R\u00e9gime\u00a0d&rsquo;achat d&rsquo;actions \u00e0 l&rsquo;intention des employ\u00e9s R\u00e9gime d&rsquo;unit\u00e9s d&rsquo;actions diff\u00e9r\u00e9es Programme d&rsquo;unit\u00e9s d&rsquo;actions restreintes<\/p>\n","protected":false},"author":4,"featured_media":12811,"parent":18,"menu_order":0,"comment_status":"closed","ping_status":"closed","template":"","meta":{"_monsterinsights_skip_tracking":false,"_monsterinsights_sitenote_active":false,"_monsterinsights_sitenote_note":"","_monsterinsights_sitenote_category":0,"footnotes":""},"acf":[],"yoast_head":"<!-- This site is optimized with the Yoast SEO plugin v21.9.1 - https:\/\/yoast.com\/wordpress\/plugins\/seo\/ -->\n<title>R\u00e9gimes d&#039;int\u00e9ressement | Redevances OR inc.<\/title>\n<meta name=\"robots\" content=\"index, follow, max-snippet:-1, max-image-preview:large, max-video-preview:-1\" \/>\n<link rel=\"canonical\" href=\"https:\/\/orroyalties.com\/fr\/gouvernance\/regimes-dinteressement\/\" \/>\n<meta property=\"og:locale\" content=\"fr_FR\" \/>\n<meta property=\"og:type\" content=\"article\" \/>\n<meta property=\"og:title\" content=\"R\u00e9gimes d&#039;int\u00e9ressement | Redevances OR inc.\" \/>\n<meta property=\"og:description\" content=\"R\u00e9gime d&rsquo;options d&rsquo;achat d&rsquo;actions R\u00e9gime\u00a0d&rsquo;achat d&rsquo;actions \u00e0 l&rsquo;intention des employ\u00e9s R\u00e9gime d&rsquo;unit\u00e9s d&rsquo;actions diff\u00e9r\u00e9es Programme d&rsquo;unit\u00e9s d&rsquo;actions restreintes\" \/>\n<meta property=\"og:url\" content=\"https:\/\/orroyalties.com\/fr\/gouvernance\/regimes-dinteressement\/\" \/>\n<meta property=\"og:site_name\" content=\"Redevances OR inc.\" \/>\n<meta property=\"article:modified_time\" content=\"2025-06-17T14:16:09+00:00\" \/>\n<meta property=\"og:image\" content=\"https:\/\/orroyalties.com\/app\/uploads\/2025\/05\/About2025.jpg\" \/>\n\t<meta property=\"og:image:width\" content=\"2000\" \/>\n\t<meta property=\"og:image:height\" content=\"864\" \/>\n\t<meta property=\"og:image:type\" content=\"image\/jpeg\" \/>\n<meta name=\"twitter:label1\" content=\"Est. reading time\" \/>\n\t<meta name=\"twitter:data1\" content=\"1 minute\" \/>\n<script type=\"application\/ld+json\" class=\"yoast-schema-graph\">{\"@context\":\"https:\/\/schema.org\",\"@graph\":[{\"@type\":\"WebPage\",\"@id\":\"https:\/\/orroyalties.com\/fr\/gouvernance\/regimes-dinteressement\/\",\"url\":\"https:\/\/orroyalties.com\/fr\/gouvernance\/regimes-dinteressement\/\",\"name\":\"R\u00e9gimes d'int\u00e9ressement | Redevances OR inc.\",\"isPartOf\":{\"@id\":\"https:\/\/orroyalties.com\/fr\/#website\"},\"datePublished\":\"2019-03-28T18:02:38+00:00\",\"dateModified\":\"2025-06-17T14:16:09+00:00\",\"breadcrumb\":{\"@id\":\"https:\/\/orroyalties.com\/fr\/gouvernance\/regimes-dinteressement\/#breadcrumb\"},\"inLanguage\":\"fr-FR\",\"potentialAction\":[{\"@type\":\"ReadAction\",\"target\":[\"https:\/\/orroyalties.com\/fr\/gouvernance\/regimes-dinteressement\/\"]}]},{\"@type\":\"BreadcrumbList\",\"@id\":\"https:\/\/orroyalties.com\/fr\/gouvernance\/regimes-dinteressement\/#breadcrumb\",\"itemListElement\":[{\"@type\":\"ListItem\",\"position\":1,\"name\":\"Accueil\",\"item\":\"https:\/\/orroyalties.com\/fr\/\"},{\"@type\":\"ListItem\",\"position\":2,\"name\":\"Gouvernance\",\"item\":\"https:\/\/orroyalties.com\/fr\/gouvernance\/\"},{\"@type\":\"ListItem\",\"position\":3,\"name\":\"R\u00e9gimes d&rsquo;int\u00e9ressement\"}]},{\"@type\":\"WebSite\",\"@id\":\"https:\/\/orroyalties.com\/fr\/#website\",\"url\":\"https:\/\/orroyalties.com\/fr\/\",\"name\":\"Redevances OR inc.\",\"description\":\"Redevances OR inc. est une soci\u00e9t\u00e9 mini\u00e8re ax\u00e9e sur les redevances aurif\u00e8res et situ\u00e9e \u00e0 Montr\u00e9al, Qu\u00e9bec.\",\"publisher\":{\"@id\":\"https:\/\/orroyalties.com\/fr\/#organization\"},\"potentialAction\":[{\"@type\":\"SearchAction\",\"target\":{\"@type\":\"EntryPoint\",\"urlTemplate\":\"https:\/\/orroyalties.com\/fr\/?s={search_term_string}\"},\"query-input\":\"required name=search_term_string\"}],\"inLanguage\":\"fr-FR\"},{\"@type\":\"Organization\",\"@id\":\"https:\/\/orroyalties.com\/fr\/#organization\",\"name\":\"Osisko Gold Royalties Ltd\",\"url\":\"https:\/\/orroyalties.com\/fr\/\",\"logo\":{\"@type\":\"ImageObject\",\"inLanguage\":\"fr-FR\",\"@id\":\"https:\/\/orroyalties.com\/fr\/#\/schema\/logo\/image\/\",\"url\":\"https:\/\/orroyalties.com\/app\/uploads\/2019\/04\/Osisko_OGR-logo_color.jpg\",\"contentUrl\":\"https:\/\/orroyalties.com\/app\/uploads\/2019\/04\/Osisko_OGR-logo_color.jpg\",\"width\":2550,\"height\":1066,\"caption\":\"Osisko Gold Royalties Ltd\"},\"image\":{\"@id\":\"https:\/\/orroyalties.com\/fr\/#\/schema\/logo\/image\/\"},\"sameAs\":[\"https:\/\/twitter.com\/OsiskoRoyalties\",\"https:\/\/www.linkedin.com\/company\/osisko-gold-royalties-ltd\"]}]}<\/script>\n<!-- \/ Yoast SEO plugin. -->","yoast_head_json":{"title":"R\u00e9gimes d'int\u00e9ressement | Redevances OR inc.","robots":{"index":"index","follow":"follow","max-snippet":"max-snippet:-1","max-image-preview":"max-image-preview:large","max-video-preview":"max-video-preview:-1"},"canonical":"https:\/\/orroyalties.com\/fr\/gouvernance\/regimes-dinteressement\/","og_locale":"fr_FR","og_type":"article","og_title":"R\u00e9gimes d'int\u00e9ressement | Redevances OR inc.","og_description":"R\u00e9gime d&rsquo;options d&rsquo;achat d&rsquo;actions R\u00e9gime\u00a0d&rsquo;achat d&rsquo;actions \u00e0 l&rsquo;intention des employ\u00e9s R\u00e9gime d&rsquo;unit\u00e9s d&rsquo;actions diff\u00e9r\u00e9es Programme d&rsquo;unit\u00e9s d&rsquo;actions restreintes","og_url":"https:\/\/orroyalties.com\/fr\/gouvernance\/regimes-dinteressement\/","og_site_name":"Redevances OR inc.","article_modified_time":"2025-06-17T14:16:09+00:00","og_image":[{"width":2000,"height":864,"url":"https:\/\/orroyalties.com\/app\/uploads\/2025\/05\/About2025.jpg","type":"image\/jpeg"}],"twitter_misc":{"Est. reading time":"1 minute"},"schema":{"@context":"https:\/\/schema.org","@graph":[{"@type":"WebPage","@id":"https:\/\/orroyalties.com\/fr\/gouvernance\/regimes-dinteressement\/","url":"https:\/\/orroyalties.com\/fr\/gouvernance\/regimes-dinteressement\/","name":"R\u00e9gimes d'int\u00e9ressement | Redevances OR inc.","isPartOf":{"@id":"https:\/\/orroyalties.com\/fr\/#website"},"datePublished":"2019-03-28T18:02:38+00:00","dateModified":"2025-06-17T14:16:09+00:00","breadcrumb":{"@id":"https:\/\/orroyalties.com\/fr\/gouvernance\/regimes-dinteressement\/#breadcrumb"},"inLanguage":"fr-FR","potentialAction":[{"@type":"ReadAction","target":["https:\/\/orroyalties.com\/fr\/gouvernance\/regimes-dinteressement\/"]}]},{"@type":"BreadcrumbList","@id":"https:\/\/orroyalties.com\/fr\/gouvernance\/regimes-dinteressement\/#breadcrumb","itemListElement":[{"@type":"ListItem","position":1,"name":"Accueil","item":"https:\/\/orroyalties.com\/fr\/"},{"@type":"ListItem","position":2,"name":"Gouvernance","item":"https:\/\/orroyalties.com\/fr\/gouvernance\/"},{"@type":"ListItem","position":3,"name":"R\u00e9gimes d&rsquo;int\u00e9ressement"}]},{"@type":"WebSite","@id":"https:\/\/orroyalties.com\/fr\/#website","url":"https:\/\/orroyalties.com\/fr\/","name":"Redevances OR inc.","description":"Redevances OR inc. est une soci\u00e9t\u00e9 mini\u00e8re ax\u00e9e sur les redevances aurif\u00e8res et situ\u00e9e \u00e0 Montr\u00e9al, Qu\u00e9bec.","publisher":{"@id":"https:\/\/orroyalties.com\/fr\/#organization"},"potentialAction":[{"@type":"SearchAction","target":{"@type":"EntryPoint","urlTemplate":"https:\/\/orroyalties.com\/fr\/?s={search_term_string}"},"query-input":"required name=search_term_string"}],"inLanguage":"fr-FR"},{"@type":"Organization","@id":"https:\/\/orroyalties.com\/fr\/#organization","name":"Osisko Gold Royalties Ltd","url":"https:\/\/orroyalties.com\/fr\/","logo":{"@type":"ImageObject","inLanguage":"fr-FR","@id":"https:\/\/orroyalties.com\/fr\/#\/schema\/logo\/image\/","url":"https:\/\/orroyalties.com\/app\/uploads\/2019\/04\/Osisko_OGR-logo_color.jpg","contentUrl":"https:\/\/orroyalties.com\/app\/uploads\/2019\/04\/Osisko_OGR-logo_color.jpg","width":2550,"height":1066,"caption":"Osisko Gold Royalties Ltd"},"image":{"@id":"https:\/\/orroyalties.com\/fr\/#\/schema\/logo\/image\/"},"sameAs":["https:\/\/twitter.com\/OsiskoRoyalties","https:\/\/www.linkedin.com\/company\/osisko-gold-royalties-ltd"]}]}},"_links":{"self":[{"href":"https:\/\/orroyalties.com\/fr\/wp-json\/wp\/v2\/pages\/6771"}],"collection":[{"href":"https:\/\/orroyalties.com\/fr\/wp-json\/wp\/v2\/pages"}],"about":[{"href":"https:\/\/orroyalties.com\/fr\/wp-json\/wp\/v2\/types\/page"}],"author":[{"embeddable":true,"href":"https:\/\/orroyalties.com\/fr\/wp-json\/wp\/v2\/users\/4"}],"replies":[{"embeddable":true,"href":"https:\/\/orroyalties.com\/fr\/wp-json\/wp\/v2\/comments?post=6771"}],"version-history":[{"count":11,"href":"https:\/\/orroyalties.com\/fr\/wp-json\/wp\/v2\/pages\/6771\/revisions"}],"predecessor-version":[{"id":13105,"href":"https:\/\/orroyalties.com\/fr\/wp-json\/wp\/v2\/pages\/6771\/revisions\/13105"}],"up":[{"embeddable":true,"href":"https:\/\/orroyalties.com\/fr\/wp-json\/wp\/v2\/pages\/18"}],"wp:featuredmedia":[{"embeddable":true,"href":"https:\/\/orroyalties.com\/fr\/wp-json\/wp\/v2\/media\/12811"}],"wp:attachment":[{"href":"https:\/\/orroyalties.com\/fr\/wp-json\/wp\/v2\/media?parent=6771"}],"curies":[{"name":"wp","href":"https:\/\/api.w.org\/{rel}","templated":true}]}}