{"id":6716,"date":"2019-03-27T12:44:51","date_gmt":"2019-03-27T17:44:51","guid":{"rendered":"http:\/\/osiskogr.com\/?page_id=6716"},"modified":"2019-03-29T14:51:54","modified_gmt":"2019-03-29T19:51:54","slug":"aga-2019","status":"publish","type":"page","link":"https:\/\/orroyalties.com\/fr\/aga-2019\/","title":{"rendered":"Assembl\u00e9e annuelle des actionnaires 2019"},"content":{"rendered":"<div class=\"wrap-pdf\"> <a href=\"http:\/\/orroyalties.com\/app\/uploads\/2019\/03\/Avis-Notification-et-acc\u00e8s_2019-Final.pdf\" target=\"_blank\"> <div class=\"icon-pdf\">&nbsp;<\/div> <div class=\"pdf-box\">Avis de convocation \u00e0 l\u2019assembl\u00e9e annuelle des actionnaires de Redevances Aurif\u00e8res Osisko Lt\u00e9e et disponibilit\u00e9 des documents reli\u00e9s aux procurations<\/div> <\/a> <\/div>\n<div class=\"wrap-pdf\"> <a href=\"http:\/\/orroyalties.com\/app\/uploads\/2019\/03\/OR_Circulaire_2019_Finale.pdf\" target=\"_blank\"> <div class=\"icon-pdf\">&nbsp;<\/div> <div class=\"pdf-box\">Avis de convocation \u00e0 l\u2019assembl\u00e9e annuelle des\u00a0actionnaires et\u00a0circulaire d\u2019information de la direction<\/div> <\/a> <\/div>\n<div class=\"wrap-pdf\"> <a href=\"http:\/\/orroyalties.com\/app\/uploads\/2019\/03\/OR_Procuration-FR-portrait.pdf\" target=\"_blank\"> <div class=\"icon-pdf\">&nbsp;<\/div> <div class=\"pdf-box\">Nomination d\u2019un fond\u00e9 de pouvoir<\/div> <\/a> <\/div>\n<div class=\"wrap-pdf\"> <a href=\"http:\/\/orroyalties.com\/app\/uploads\/2019\/03\/OR_VIF-FR-portrait.pdf\" target=\"_blank\"> <div class=\"icon-pdf\">&nbsp;<\/div> <div class=\"pdf-box\">Formulaire d\u2019instructions de vote \u2013 Propri\u00e9taires v\u00e9ritables non-oppos\u00e9s<\/div> <\/a> <\/div>\n<div class=\"wrap-pdf\"> <a href=\"http:\/\/orroyalties.com\/app\/uploads\/2019\/03\/Supplemental-Card-Ben.pdf\" target=\"_blank\"> <div class=\"icon-pdf\">&nbsp;<\/div> <div class=\"pdf-box\">Formulaire d&rsquo;envoi suppl\u00e9mentaire de la Soci\u00e9t\u00e9<\/div> <\/a> <\/div>\n<p><strong>MODIFICATIONS PROPOS\u00c9ES AUX ITEMS SUIVANTS<\/strong><strong>\u00a0\u00c0 \u00caTRE APPROUV\u00c9ES \u00c0 L\u2019ASSEMBL\u00c9E ANNUELLE DES ACTIONNAIRES 2019<\/strong><\/p>\n<div class=\"wrap-pdf\"> <a href=\"http:\/\/orroyalties.com\/app\/uploads\/2019\/03\/OR-Regime-UAD_Modification-Mars-2019_Draft03292019.pdf\" target=\"_blank\"> <div class=\"icon-pdf\">&nbsp;<\/div> <div class=\"pdf-box\">R\u00e9gime d&rsquo;unit\u00e9s d&rsquo;actions diff\u00e9r\u00e9es<\/div> <\/a> <\/div>\n<p>&nbsp;<\/p>\n<p><strong>Les questions et les demandes li\u00e9es \u00e0\u00a0l&rsquo;assistance\u00a0au vote\u00a0peuvent \u00eatre achemin\u00e9es directement \u00e0 l&rsquo;agent de sollicitation de procurations d&rsquo;Osisko au :<\/strong><\/p>\n<p><img loading=\"lazy\" decoding=\"async\" class=\"alignnone wp-image-201\" src=\"http:\/\/orroyalties.com\/app\/uploads\/2015\/02\/LH.jpg\" alt=\"Logo de Laurel Hill Advisory Group\" width=\"260\" height=\"69\" srcset=\"https:\/\/orroyalties.com\/app\/uploads\/2015\/02\/LH.jpg 350w, https:\/\/orroyalties.com\/app\/uploads\/2015\/02\/LH-300x80.jpg 300w\" sizes=\"(max-width: 260px) 100vw, 260px\" \/><\/p>\n<p>Laurel Hill Advisory Group<br \/>\nSans frais en Am\u00e9rique du Nord : 1-877-452-7184<br \/>\nDe l&rsquo;ext\u00e9rieur de l&rsquo;Am\u00e9rique du Nord : +1-416-304-0211<br \/>\nCourriel :\u00a0<a href=\"mailto:assistance@laurelhill.com\">assistance@laurelhill.com<\/a><\/p>\n","protected":false},"excerpt":{"rendered":"<p>MODIFICATIONS PROPOS\u00c9ES AUX ITEMS SUIVANTS\u00a0\u00c0 \u00caTRE APPROUV\u00c9ES \u00c0 L\u2019ASSEMBL\u00c9E ANNUELLE DES ACTIONNAIRES 2019 &nbsp; Les questions et les demandes li\u00e9es \u00e0\u00a0l&rsquo;assistance\u00a0au vote\u00a0peuvent \u00eatre achemin\u00e9es directement \u00e0 l&rsquo;agent de sollicitation de procurations d&rsquo;Osisko au : Laurel Hill Advisory Group Sans frais en Am\u00e9rique du Nord : 1-877-452-7184 De l&rsquo;ext\u00e9rieur de l&rsquo;Am\u00e9rique du Nord : +1-416-304-0211 Courriel [&hellip;]<\/p>\n","protected":false},"author":4,"featured_media":469,"parent":0,"menu_order":0,"comment_status":"closed","ping_status":"closed","template":"","meta":{"_monsterinsights_skip_tracking":false,"_monsterinsights_sitenote_active":false,"_monsterinsights_sitenote_note":"","_monsterinsights_sitenote_category":0,"footnotes":""},"acf":[],"yoast_head":"<!-- This site is optimized with the Yoast SEO plugin v21.9.1 - https:\/\/yoast.com\/wordpress\/plugins\/seo\/ -->\n<title>Assembl\u00e9e annuelle des actionnaires 2019 | Redevances OR inc.<\/title>\n<meta name=\"robots\" content=\"index, follow, max-snippet:-1, max-image-preview:large, max-video-preview:-1\" \/>\n<link rel=\"canonical\" href=\"https:\/\/orroyalties.com\/fr\/aga-2019\/\" \/>\n<meta property=\"og:locale\" content=\"fr_FR\" \/>\n<meta property=\"og:type\" content=\"article\" \/>\n<meta property=\"og:title\" content=\"Assembl\u00e9e annuelle des actionnaires 2019 | Redevances OR inc.\" \/>\n<meta property=\"og:description\" content=\"MODIFICATIONS PROPOS\u00c9ES AUX ITEMS SUIVANTS\u00a0\u00c0 \u00caTRE APPROUV\u00c9ES \u00c0 L\u2019ASSEMBL\u00c9E ANNUELLE DES ACTIONNAIRES 2019 &nbsp; Les questions et les demandes li\u00e9es \u00e0\u00a0l&rsquo;assistance\u00a0au vote\u00a0peuvent \u00eatre achemin\u00e9es directement \u00e0 l&rsquo;agent de sollicitation de procurations d&rsquo;Osisko au : Laurel Hill Advisory Group Sans frais en Am\u00e9rique du Nord : 1-877-452-7184 De l&rsquo;ext\u00e9rieur de l&rsquo;Am\u00e9rique du Nord : +1-416-304-0211 Courriel [&hellip;]\" \/>\n<meta property=\"og:url\" content=\"https:\/\/orroyalties.com\/fr\/aga-2019\/\" \/>\n<meta property=\"og:site_name\" content=\"Redevances OR inc.\" \/>\n<meta property=\"article:modified_time\" content=\"2019-03-29T19:51:54+00:00\" \/>\n<meta property=\"og:image\" content=\"https:\/\/orroyalties.com\/app\/uploads\/2015\/02\/osisko-market.jpg\" \/>\n\t<meta property=\"og:image:width\" content=\"1600\" \/>\n\t<meta property=\"og:image:height\" content=\"579\" \/>\n\t<meta property=\"og:image:type\" content=\"image\/jpeg\" \/>\n<meta name=\"twitter:label1\" content=\"Est. reading time\" \/>\n\t<meta name=\"twitter:data1\" content=\"1 minute\" \/>\n<script type=\"application\/ld+json\" class=\"yoast-schema-graph\">{\"@context\":\"https:\/\/schema.org\",\"@graph\":[{\"@type\":\"WebPage\",\"@id\":\"https:\/\/orroyalties.com\/fr\/aga-2019\/\",\"url\":\"https:\/\/orroyalties.com\/fr\/aga-2019\/\",\"name\":\"Assembl\u00e9e annuelle des actionnaires 2019 | Redevances OR inc.\",\"isPartOf\":{\"@id\":\"https:\/\/orroyalties.com\/fr\/#website\"},\"datePublished\":\"2019-03-27T17:44:51+00:00\",\"dateModified\":\"2019-03-29T19:51:54+00:00\",\"breadcrumb\":{\"@id\":\"https:\/\/orroyalties.com\/fr\/aga-2019\/#breadcrumb\"},\"inLanguage\":\"fr-FR\",\"potentialAction\":[{\"@type\":\"ReadAction\",\"target\":[\"https:\/\/orroyalties.com\/fr\/aga-2019\/\"]}]},{\"@type\":\"BreadcrumbList\",\"@id\":\"https:\/\/orroyalties.com\/fr\/aga-2019\/#breadcrumb\",\"itemListElement\":[{\"@type\":\"ListItem\",\"position\":1,\"name\":\"Accueil\",\"item\":\"https:\/\/orroyalties.com\/fr\/\"},{\"@type\":\"ListItem\",\"position\":2,\"name\":\"Assembl\u00e9e annuelle des actionnaires 2019\"}]},{\"@type\":\"WebSite\",\"@id\":\"https:\/\/orroyalties.com\/fr\/#website\",\"url\":\"https:\/\/orroyalties.com\/fr\/\",\"name\":\"Redevances OR inc.\",\"description\":\"Redevances OR inc. est une soci\u00e9t\u00e9 mini\u00e8re ax\u00e9e sur les redevances aurif\u00e8res et situ\u00e9e \u00e0 Montr\u00e9al, Qu\u00e9bec.\",\"publisher\":{\"@id\":\"https:\/\/orroyalties.com\/fr\/#organization\"},\"potentialAction\":[{\"@type\":\"SearchAction\",\"target\":{\"@type\":\"EntryPoint\",\"urlTemplate\":\"https:\/\/orroyalties.com\/fr\/?s={search_term_string}\"},\"query-input\":\"required name=search_term_string\"}],\"inLanguage\":\"fr-FR\"},{\"@type\":\"Organization\",\"@id\":\"https:\/\/orroyalties.com\/fr\/#organization\",\"name\":\"Osisko Gold Royalties Ltd\",\"url\":\"https:\/\/orroyalties.com\/fr\/\",\"logo\":{\"@type\":\"ImageObject\",\"inLanguage\":\"fr-FR\",\"@id\":\"https:\/\/orroyalties.com\/fr\/#\/schema\/logo\/image\/\",\"url\":\"https:\/\/orroyalties.com\/app\/uploads\/2019\/04\/Osisko_OGR-logo_color.jpg\",\"contentUrl\":\"https:\/\/orroyalties.com\/app\/uploads\/2019\/04\/Osisko_OGR-logo_color.jpg\",\"width\":2550,\"height\":1066,\"caption\":\"Osisko Gold Royalties Ltd\"},\"image\":{\"@id\":\"https:\/\/orroyalties.com\/fr\/#\/schema\/logo\/image\/\"},\"sameAs\":[\"https:\/\/twitter.com\/OsiskoRoyalties\",\"https:\/\/www.linkedin.com\/company\/osisko-gold-royalties-ltd\"]}]}<\/script>\n<!-- \/ Yoast SEO plugin. -->","yoast_head_json":{"title":"Assembl\u00e9e annuelle des actionnaires 2019 | Redevances OR inc.","robots":{"index":"index","follow":"follow","max-snippet":"max-snippet:-1","max-image-preview":"max-image-preview:large","max-video-preview":"max-video-preview:-1"},"canonical":"https:\/\/orroyalties.com\/fr\/aga-2019\/","og_locale":"fr_FR","og_type":"article","og_title":"Assembl\u00e9e annuelle des actionnaires 2019 | Redevances OR inc.","og_description":"MODIFICATIONS PROPOS\u00c9ES AUX ITEMS SUIVANTS\u00a0\u00c0 \u00caTRE APPROUV\u00c9ES \u00c0 L\u2019ASSEMBL\u00c9E ANNUELLE DES ACTIONNAIRES 2019 &nbsp; Les questions et les demandes li\u00e9es \u00e0\u00a0l&rsquo;assistance\u00a0au vote\u00a0peuvent \u00eatre achemin\u00e9es directement \u00e0 l&rsquo;agent de sollicitation de procurations d&rsquo;Osisko au : Laurel Hill Advisory Group Sans frais en Am\u00e9rique du Nord : 1-877-452-7184 De l&rsquo;ext\u00e9rieur de l&rsquo;Am\u00e9rique du Nord : +1-416-304-0211 Courriel [&hellip;]","og_url":"https:\/\/orroyalties.com\/fr\/aga-2019\/","og_site_name":"Redevances OR inc.","article_modified_time":"2019-03-29T19:51:54+00:00","og_image":[{"width":1600,"height":579,"url":"https:\/\/orroyalties.com\/app\/uploads\/2015\/02\/osisko-market.jpg","type":"image\/jpeg"}],"twitter_misc":{"Est. reading time":"1 minute"},"schema":{"@context":"https:\/\/schema.org","@graph":[{"@type":"WebPage","@id":"https:\/\/orroyalties.com\/fr\/aga-2019\/","url":"https:\/\/orroyalties.com\/fr\/aga-2019\/","name":"Assembl\u00e9e annuelle des actionnaires 2019 | Redevances OR inc.","isPartOf":{"@id":"https:\/\/orroyalties.com\/fr\/#website"},"datePublished":"2019-03-27T17:44:51+00:00","dateModified":"2019-03-29T19:51:54+00:00","breadcrumb":{"@id":"https:\/\/orroyalties.com\/fr\/aga-2019\/#breadcrumb"},"inLanguage":"fr-FR","potentialAction":[{"@type":"ReadAction","target":["https:\/\/orroyalties.com\/fr\/aga-2019\/"]}]},{"@type":"BreadcrumbList","@id":"https:\/\/orroyalties.com\/fr\/aga-2019\/#breadcrumb","itemListElement":[{"@type":"ListItem","position":1,"name":"Accueil","item":"https:\/\/orroyalties.com\/fr\/"},{"@type":"ListItem","position":2,"name":"Assembl\u00e9e annuelle des actionnaires 2019"}]},{"@type":"WebSite","@id":"https:\/\/orroyalties.com\/fr\/#website","url":"https:\/\/orroyalties.com\/fr\/","name":"Redevances OR inc.","description":"Redevances OR inc. est une soci\u00e9t\u00e9 mini\u00e8re ax\u00e9e sur les redevances aurif\u00e8res et situ\u00e9e \u00e0 Montr\u00e9al, Qu\u00e9bec.","publisher":{"@id":"https:\/\/orroyalties.com\/fr\/#organization"},"potentialAction":[{"@type":"SearchAction","target":{"@type":"EntryPoint","urlTemplate":"https:\/\/orroyalties.com\/fr\/?s={search_term_string}"},"query-input":"required name=search_term_string"}],"inLanguage":"fr-FR"},{"@type":"Organization","@id":"https:\/\/orroyalties.com\/fr\/#organization","name":"Osisko Gold Royalties Ltd","url":"https:\/\/orroyalties.com\/fr\/","logo":{"@type":"ImageObject","inLanguage":"fr-FR","@id":"https:\/\/orroyalties.com\/fr\/#\/schema\/logo\/image\/","url":"https:\/\/orroyalties.com\/app\/uploads\/2019\/04\/Osisko_OGR-logo_color.jpg","contentUrl":"https:\/\/orroyalties.com\/app\/uploads\/2019\/04\/Osisko_OGR-logo_color.jpg","width":2550,"height":1066,"caption":"Osisko Gold Royalties Ltd"},"image":{"@id":"https:\/\/orroyalties.com\/fr\/#\/schema\/logo\/image\/"},"sameAs":["https:\/\/twitter.com\/OsiskoRoyalties","https:\/\/www.linkedin.com\/company\/osisko-gold-royalties-ltd"]}]}},"_links":{"self":[{"href":"https:\/\/orroyalties.com\/fr\/wp-json\/wp\/v2\/pages\/6716"}],"collection":[{"href":"https:\/\/orroyalties.com\/fr\/wp-json\/wp\/v2\/pages"}],"about":[{"href":"https:\/\/orroyalties.com\/fr\/wp-json\/wp\/v2\/types\/page"}],"author":[{"embeddable":true,"href":"https:\/\/orroyalties.com\/fr\/wp-json\/wp\/v2\/users\/4"}],"replies":[{"embeddable":true,"href":"https:\/\/orroyalties.com\/fr\/wp-json\/wp\/v2\/comments?post=6716"}],"version-history":[{"count":8,"href":"https:\/\/orroyalties.com\/fr\/wp-json\/wp\/v2\/pages\/6716\/revisions"}],"predecessor-version":[{"id":6784,"href":"https:\/\/orroyalties.com\/fr\/wp-json\/wp\/v2\/pages\/6716\/revisions\/6784"}],"wp:featuredmedia":[{"embeddable":true,"href":"https:\/\/orroyalties.com\/fr\/wp-json\/wp\/v2\/media\/469"}],"wp:attachment":[{"href":"https:\/\/orroyalties.com\/fr\/wp-json\/wp\/v2\/media?parent=6716"}],"curies":[{"name":"wp","href":"https:\/\/api.w.org\/{rel}","templated":true}]}}