{"id":62,"date":"2015-02-03T09:58:08","date_gmt":"2015-02-03T14:58:08","guid":{"rendered":"http:\/\/localhost\/osisko\/?page_id=62"},"modified":"2025-07-15T10:28:27","modified_gmt":"2025-07-15T15:28:27","slug":"analystes-miniers","status":"publish","type":"page","link":"https:\/\/orroyalties.com\/fr\/analystes-miniers\/","title":{"rendered":"Analystes miniers"},"content":{"rendered":"<p>Redevances OR inc. est suivie par les analystes \u00e9num\u00e9r\u00e9s ci-dessous. Les estimations, opinions et pr\u00e9visions \u00e9tablies par ces analystes leur appartiennent et ne repr\u00e9sentent pas n\u00e9cessairement les estimations, opinions et pr\u00e9visions de Redevances OR inc. et de sa haute direction. Redevances OR inc. ne transmettra aucun rapport d\u2019analyste. Nous vous prions de les contacter directement pour obtenir l\u2019information d\u00e9sir\u00e9e.<\/p>\n<h3>BMO CAPITAL MARKETS<\/h3>\n<p><em>Rene Cartier<br \/>\n<\/em><a href=\"mailto:rene.cartier@bmo.com\">rene.cartier@bmo.com<\/a> &#8211; 1 (416) 359-5011<\/p>\n<h3>CANACCORD GENUITY<\/h3>\n<p>Carey MacRury<br \/>\n<span style=\"line-height: 1.5;\"><a href=\"mailto:cmacrury@cgf.com\">cmacrury@cgf.com<\/a>&#8211; 1 <\/span>(416) 867-6130<\/p>\n<h3>CIBC WORLD MARKETS<\/h3>\n<p>Cosmos Chiu<br \/>\n<a style=\"line-height: 1.5;\" href=\"mailto:cosmos.chiu@cibc.ca\"><i>cosmos.chiu@cibc.ca<\/i><\/a><span style=\"line-height: 1.5;\">\u00a0&#8211; 1 (416) 594-7106<\/span><\/p>\n<h3>CORMARK SECURITIES<\/h3>\n<p>Nicolas Dion<br \/>\n<a href=\"mailto:ndion@cormark.com\"><i>ndion@cormark.com<\/i><\/a><span style=\"line-height: 1.5;\"> &#8211; 1 (416) 943-4220<\/span><\/p>\n<h3>HAYWOOD SECURITIES INC.<\/h3>\n<p>Jamie Spratt<br \/>\n<a href=\"mailto:jspratt@hawood.com\">jspratt@hawood.com<\/a> \u2013 1 (416) 507-2302<\/p>\n<h3>JEFFERIES<\/h3>\n<p>Fahad Tariq<br \/>\n<a href=\"mailto:ftariq@jefferies.com\">ftariq@jefferies.com<\/a> \u2013 1 (416) 637-2372<\/p>\n<h3>NATIONAL BANK FINANCIAL<\/h3>\n<p>Shane Nagle<br \/>\n<a href=\"mailto:shane.nagle@nbc.ca\"><i>shane.nagle@nbc.ca<\/i><\/a><span style=\"line-height: 1.5;\">\u00a0&#8211; 1 (416) 869-7936<\/span><\/p>\n<h3>PARADIGM CAPITAL<\/h3>\n<p>Don Blyth<br \/>\n<i><a href=\"mailto:dblyth@paradigmcap.com\">dblyth@paradigmcap.com<\/a><\/i><span style=\"line-height: 1.5;\">\u00a0&#8211; 1 (416) 360-3461<\/span><\/p>\n<h3>RAYMOND JAMES<\/h3>\n<p>Brian MacArthur<br \/>\n<a href=\"mailto:brian.macarthur@raymondjames.ca\">brian.macarthur@raymondjames.ca<\/a> &#8211; 1 (416) 777-4914<\/p>\n<h3>RBC CAPITAL MARKETS<\/h3>\n<p>Josh Wolfson<br \/>\n<a href=\"mailto:josh.wolfson@rbccm.com\"><i>josh.wolfson@rbccm.com<\/i><\/a><span style=\"line-height: 1.5;\"> &#8211; 1 (416) 842-9893<\/span><\/p>\n<h3>SCOTIABANK GBM<\/h3>\n<p>Tanya Jakusconek<br \/>\n<a href=\"mailto:tanya.jakusconek@scotiabank.com\">tanya.jakusconek@scotiabank.com<\/a> &#8211; 1 (416) 945-4083<\/p>\n<h3>STIFEL<\/h3>\n<p>Ingrid\u00a0 Rico<br \/>\n<a href=\"mailto:irico@stifel.com\">irico@stifel.com<\/a>\u00a0 &#8211; 1 (416) 943-6639<\/p>\n<h3>TD COWEN<\/h3>\n<p>Derick Ma<br \/>\n<a href=\"mailto:derick.ma@tdsecurities.com\">derick.ma@tdsecurities.com<\/a>\u00a0\u2013\u00a01 (416) 308-3404<\/p>\n","protected":false},"excerpt":{"rendered":"<p>Redevances OR inc. est suivie par les analystes \u00e9num\u00e9r\u00e9s ci-dessous. Les estimations, opinions et pr\u00e9visions \u00e9tablies par ces analystes leur appartiennent et ne repr\u00e9sentent pas n\u00e9cessairement les estimations, opinions et pr\u00e9visions de Redevances OR inc. et de sa haute direction. Redevances OR inc. ne transmettra aucun rapport d\u2019analyste. Nous vous prions de les contacter directement [&hellip;]<\/p>\n","protected":false},"author":2,"featured_media":10725,"parent":0,"menu_order":305,"comment_status":"closed","ping_status":"closed","template":"","meta":{"_monsterinsights_skip_tracking":false,"_monsterinsights_sitenote_active":false,"_monsterinsights_sitenote_note":"","_monsterinsights_sitenote_category":0,"footnotes":""},"acf":[],"yoast_head":"<!-- This site is optimized with the Yoast SEO plugin v21.9.1 - https:\/\/yoast.com\/wordpress\/plugins\/seo\/ -->\n<title>Analystes miniers | Redevances OR inc.<\/title>\n<meta name=\"description\" content=\"Redevances OR inc. est suivie par les analystes \u00e9num\u00e9r\u00e9s ci-dessous.\" \/>\n<meta name=\"robots\" content=\"index, follow, max-snippet:-1, max-image-preview:large, max-video-preview:-1\" \/>\n<link rel=\"canonical\" href=\"https:\/\/orroyalties.com\/fr\/analystes-miniers\/\" \/>\n<meta property=\"og:locale\" content=\"fr_FR\" \/>\n<meta property=\"og:type\" content=\"article\" \/>\n<meta property=\"og:title\" content=\"Analystes miniers | Redevances OR inc.\" \/>\n<meta property=\"og:description\" content=\"Redevances OR inc. est suivie par les analystes \u00e9num\u00e9r\u00e9s ci-dessous.\" \/>\n<meta property=\"og:url\" content=\"https:\/\/orroyalties.com\/fr\/analystes-miniers\/\" \/>\n<meta property=\"og:site_name\" content=\"Redevances OR inc.\" \/>\n<meta property=\"article:modified_time\" content=\"2025-07-15T15:28:27+00:00\" \/>\n<meta property=\"og:image\" content=\"https:\/\/orroyalties.com\/app\/uploads\/2023\/01\/OGR_gold1.jpg\" \/>\n\t<meta property=\"og:image:width\" content=\"1600\" \/>\n\t<meta property=\"og:image:height\" content=\"800\" \/>\n\t<meta property=\"og:image:type\" content=\"image\/jpeg\" \/>\n<meta name=\"twitter:label1\" content=\"Est. reading time\" \/>\n\t<meta name=\"twitter:data1\" content=\"2 minutes\" \/>\n<script type=\"application\/ld+json\" class=\"yoast-schema-graph\">{\"@context\":\"https:\/\/schema.org\",\"@graph\":[{\"@type\":\"WebPage\",\"@id\":\"https:\/\/orroyalties.com\/fr\/analystes-miniers\/\",\"url\":\"https:\/\/orroyalties.com\/fr\/analystes-miniers\/\",\"name\":\"Analystes miniers | Redevances OR inc.\",\"isPartOf\":{\"@id\":\"https:\/\/orroyalties.com\/fr\/#website\"},\"datePublished\":\"2015-02-03T14:58:08+00:00\",\"dateModified\":\"2025-07-15T15:28:27+00:00\",\"description\":\"Redevances OR inc. est suivie par les analystes \u00e9num\u00e9r\u00e9s ci-dessous.\",\"breadcrumb\":{\"@id\":\"https:\/\/orroyalties.com\/fr\/analystes-miniers\/#breadcrumb\"},\"inLanguage\":\"fr-FR\",\"potentialAction\":[{\"@type\":\"ReadAction\",\"target\":[\"https:\/\/orroyalties.com\/fr\/analystes-miniers\/\"]}]},{\"@type\":\"BreadcrumbList\",\"@id\":\"https:\/\/orroyalties.com\/fr\/analystes-miniers\/#breadcrumb\",\"itemListElement\":[{\"@type\":\"ListItem\",\"position\":1,\"name\":\"Accueil\",\"item\":\"https:\/\/orroyalties.com\/fr\/\"},{\"@type\":\"ListItem\",\"position\":2,\"name\":\"Analystes miniers\"}]},{\"@type\":\"WebSite\",\"@id\":\"https:\/\/orroyalties.com\/fr\/#website\",\"url\":\"https:\/\/orroyalties.com\/fr\/\",\"name\":\"Redevances OR inc.\",\"description\":\"Redevances OR inc. est une soci\u00e9t\u00e9 mini\u00e8re ax\u00e9e sur les redevances aurif\u00e8res et situ\u00e9e \u00e0 Montr\u00e9al, Qu\u00e9bec.\",\"publisher\":{\"@id\":\"https:\/\/orroyalties.com\/fr\/#organization\"},\"potentialAction\":[{\"@type\":\"SearchAction\",\"target\":{\"@type\":\"EntryPoint\",\"urlTemplate\":\"https:\/\/orroyalties.com\/fr\/?s={search_term_string}\"},\"query-input\":\"required name=search_term_string\"}],\"inLanguage\":\"fr-FR\"},{\"@type\":\"Organization\",\"@id\":\"https:\/\/orroyalties.com\/fr\/#organization\",\"name\":\"Osisko Gold Royalties Ltd\",\"url\":\"https:\/\/orroyalties.com\/fr\/\",\"logo\":{\"@type\":\"ImageObject\",\"inLanguage\":\"fr-FR\",\"@id\":\"https:\/\/orroyalties.com\/fr\/#\/schema\/logo\/image\/\",\"url\":\"https:\/\/orroyalties.com\/app\/uploads\/2019\/04\/Osisko_OGR-logo_color.jpg\",\"contentUrl\":\"https:\/\/orroyalties.com\/app\/uploads\/2019\/04\/Osisko_OGR-logo_color.jpg\",\"width\":2550,\"height\":1066,\"caption\":\"Osisko Gold Royalties Ltd\"},\"image\":{\"@id\":\"https:\/\/orroyalties.com\/fr\/#\/schema\/logo\/image\/\"},\"sameAs\":[\"https:\/\/twitter.com\/OsiskoRoyalties\",\"https:\/\/www.linkedin.com\/company\/osisko-gold-royalties-ltd\"]}]}<\/script>\n<!-- \/ Yoast SEO plugin. -->","yoast_head_json":{"title":"Analystes miniers | Redevances OR inc.","description":"Redevances OR inc. est suivie par les analystes \u00e9num\u00e9r\u00e9s ci-dessous.","robots":{"index":"index","follow":"follow","max-snippet":"max-snippet:-1","max-image-preview":"max-image-preview:large","max-video-preview":"max-video-preview:-1"},"canonical":"https:\/\/orroyalties.com\/fr\/analystes-miniers\/","og_locale":"fr_FR","og_type":"article","og_title":"Analystes miniers | Redevances OR inc.","og_description":"Redevances OR inc. est suivie par les analystes \u00e9num\u00e9r\u00e9s ci-dessous.","og_url":"https:\/\/orroyalties.com\/fr\/analystes-miniers\/","og_site_name":"Redevances OR inc.","article_modified_time":"2025-07-15T15:28:27+00:00","og_image":[{"width":1600,"height":800,"url":"https:\/\/orroyalties.com\/app\/uploads\/2023\/01\/OGR_gold1.jpg","type":"image\/jpeg"}],"twitter_misc":{"Est. reading time":"2 minutes"},"schema":{"@context":"https:\/\/schema.org","@graph":[{"@type":"WebPage","@id":"https:\/\/orroyalties.com\/fr\/analystes-miniers\/","url":"https:\/\/orroyalties.com\/fr\/analystes-miniers\/","name":"Analystes miniers | Redevances OR inc.","isPartOf":{"@id":"https:\/\/orroyalties.com\/fr\/#website"},"datePublished":"2015-02-03T14:58:08+00:00","dateModified":"2025-07-15T15:28:27+00:00","description":"Redevances OR inc. est suivie par les analystes \u00e9num\u00e9r\u00e9s ci-dessous.","breadcrumb":{"@id":"https:\/\/orroyalties.com\/fr\/analystes-miniers\/#breadcrumb"},"inLanguage":"fr-FR","potentialAction":[{"@type":"ReadAction","target":["https:\/\/orroyalties.com\/fr\/analystes-miniers\/"]}]},{"@type":"BreadcrumbList","@id":"https:\/\/orroyalties.com\/fr\/analystes-miniers\/#breadcrumb","itemListElement":[{"@type":"ListItem","position":1,"name":"Accueil","item":"https:\/\/orroyalties.com\/fr\/"},{"@type":"ListItem","position":2,"name":"Analystes miniers"}]},{"@type":"WebSite","@id":"https:\/\/orroyalties.com\/fr\/#website","url":"https:\/\/orroyalties.com\/fr\/","name":"Redevances OR inc.","description":"Redevances OR inc. est une soci\u00e9t\u00e9 mini\u00e8re ax\u00e9e sur les redevances aurif\u00e8res et situ\u00e9e \u00e0 Montr\u00e9al, Qu\u00e9bec.","publisher":{"@id":"https:\/\/orroyalties.com\/fr\/#organization"},"potentialAction":[{"@type":"SearchAction","target":{"@type":"EntryPoint","urlTemplate":"https:\/\/orroyalties.com\/fr\/?s={search_term_string}"},"query-input":"required name=search_term_string"}],"inLanguage":"fr-FR"},{"@type":"Organization","@id":"https:\/\/orroyalties.com\/fr\/#organization","name":"Osisko Gold Royalties Ltd","url":"https:\/\/orroyalties.com\/fr\/","logo":{"@type":"ImageObject","inLanguage":"fr-FR","@id":"https:\/\/orroyalties.com\/fr\/#\/schema\/logo\/image\/","url":"https:\/\/orroyalties.com\/app\/uploads\/2019\/04\/Osisko_OGR-logo_color.jpg","contentUrl":"https:\/\/orroyalties.com\/app\/uploads\/2019\/04\/Osisko_OGR-logo_color.jpg","width":2550,"height":1066,"caption":"Osisko Gold Royalties Ltd"},"image":{"@id":"https:\/\/orroyalties.com\/fr\/#\/schema\/logo\/image\/"},"sameAs":["https:\/\/twitter.com\/OsiskoRoyalties","https:\/\/www.linkedin.com\/company\/osisko-gold-royalties-ltd"]}]}},"_links":{"self":[{"href":"https:\/\/orroyalties.com\/fr\/wp-json\/wp\/v2\/pages\/62"}],"collection":[{"href":"https:\/\/orroyalties.com\/fr\/wp-json\/wp\/v2\/pages"}],"about":[{"href":"https:\/\/orroyalties.com\/fr\/wp-json\/wp\/v2\/types\/page"}],"author":[{"embeddable":true,"href":"https:\/\/orroyalties.com\/fr\/wp-json\/wp\/v2\/users\/2"}],"replies":[{"embeddable":true,"href":"https:\/\/orroyalties.com\/fr\/wp-json\/wp\/v2\/comments?post=62"}],"version-history":[{"count":32,"href":"https:\/\/orroyalties.com\/fr\/wp-json\/wp\/v2\/pages\/62\/revisions"}],"predecessor-version":[{"id":13147,"href":"https:\/\/orroyalties.com\/fr\/wp-json\/wp\/v2\/pages\/62\/revisions\/13147"}],"wp:featuredmedia":[{"embeddable":true,"href":"https:\/\/orroyalties.com\/fr\/wp-json\/wp\/v2\/media\/10725"}],"wp:attachment":[{"href":"https:\/\/orroyalties.com\/fr\/wp-json\/wp\/v2\/media?parent=62"}],"curies":[{"name":"wp","href":"https:\/\/api.w.org\/{rel}","templated":true}]}}