{"id":60,"date":"2015-02-03T09:57:46","date_gmt":"2015-02-03T14:57:46","guid":{"rendered":"http:\/\/localhost\/osisko\/?page_id=60"},"modified":"2026-05-06T15:23:50","modified_gmt":"2026-05-06T20:23:50","slug":"dividendes","status":"publish","type":"page","link":"https:\/\/orroyalties.com\/fr\/dividendes\/","title":{"rendered":"Dividendes"},"content":{"rendered":"<p>Redevances OR inc. a le plaisir d\u2019annoncer que son conseil d\u2019administration a approuv\u00e9 le lancement d\u2019un programme de distribution trimestriel de dividendes de la Soci\u00e9t\u00e9. \u00a0Ce dividende est un dividende d\u00e9termin\u00e9, tel que d\u00e9fini par la Loi de l&rsquo;imp\u00f4t sur le revenu (Canada).<\/p>\n<p>En vertu de lois fiscales, les particuliers r\u00e9sidents canadiens qui re\u00e7oivent des dividendes d\u00e9termin\u00e9s ont droit \u00e0 une bonification de la majoration et du cr\u00e9dit d&rsquo;imp\u00f4t pour de tels dividendes. Tous les dividendes pay\u00e9s par Redevances OR inc. sont consid\u00e9r\u00e9s comme des dividendes d\u00e9termin\u00e9s aux fins de l&rsquo;imp\u00f4t sur le revenu, sauf indication contraire.<\/p>\n<div class=\"clear\"><\/div><div class=\"tabs-wrapper\"><ul class=\"tabs\"><li><a href=\"javascript:void(0)\" class=\"defaulttab\" rel=\"tab1995\"><span>2025<\/span><\/a><\/li><li><a href=\"javascript:void(0)\" rel=\"tab1850\"><span>2024 et avant<\/span><\/a><\/li><\/ul><div class=\"tab-content\" id=\"tab1995\"><h4 style=\"margin-bottom: 10px;\">Historique des dividendes<\/h4>\n<div class=\"table-responsive\">\n<table class=\"table-f\" style=\"width: 99.9689%; height: 82px;\">\n<thead>\n<tr style=\"height: 24px;\">\n<th style=\"height: 24px; width: 34.9024%;\">Cl\u00f4ture des registres<\/th>\n<th style=\"height: 24px; width: 29.5063%;\">Date de paiement<\/th>\n<th style=\"height: 24px; width: 88.3562%;\">Montant<\/th>\n<\/tr>\n<\/thead>\n<tbody>\n<tr>\n<td style=\"width: 34.9024%;\">30 juin 2026<\/td>\n<td style=\"width: 29.5063%;\">15 juillet 2026<\/td>\n<td style=\"width: 88.3562%;\">0,065 $ US\/action ordinaire<\/td>\n<\/tr>\n<tr>\n<td style=\"width: 34.9024%;\">31 mars 2026<\/td>\n<td style=\"width: 29.5063%;\">15 avril 2026<\/td>\n<td style=\"width: 88.3562%;\">0,055 $ US\/action ordinaire<\/td>\n<\/tr>\n<tr>\n<td style=\"width: 34.9024%;\">31 d\u00e9cembre 2025<\/td>\n<td style=\"width: 29.5063%;\">15 janvier 2026<\/td>\n<td style=\"width: 88.3562%;\">0,055 $ US\/action ordinaire<\/td>\n<\/tr>\n<tr>\n<td style=\"width: 34.9024%;\">30 septembre 2025<\/td>\n<td style=\"width: 29.5063%;\">15 octobre<\/td>\n<td style=\"width: 88.3562%;\">0,055 $ US\/action ordinaire<\/td>\n<\/tr>\n<tr style=\"height: 24px;\">\n<td style=\"width: 34.9024%; height: 10px;\">30 juin 2025<\/td>\n<td style=\"width: 29.5063%; height: 10px;\">15 juillet 2025<\/td>\n<td style=\"width: 88.3562%; height: 10px;\">0,055 $ US\/action ordinaire<\/td>\n<\/tr>\n<tr style=\"height: 24px;\">\n<td style=\"width: 34.9024%; height: 24px;\">31 mars 2025<\/td>\n<td style=\"width: 29.5063%; height: 24px;\">15 avril 2025<\/td>\n<td style=\"width: 88.3562%; height: 24px;\">0,065 $ CA\/action ordinaire<\/td>\n<\/tr>\n<tr style=\"height: 24px;\">\n<td style=\"width: 34.9024%; height: 24px;\">31 d\u00e9cembre 2024<\/td>\n<td style=\"width: 29.5063%; height: 24px;\">15 janvier 2025<\/td>\n<td style=\"width: 88.3562%; height: 24px;\">0,065 $ CA\/action ordinaire<\/td>\n<\/tr>\n<\/tbody>\n<\/table>\n<\/div><\/div><div class=\"tab-content\" id=\"tab1850\"><h4 style=\"margin-bottom: 10px;\">Historique des dividendes<\/h4>\n<div class=\"table-responsive\">\n<table class=\"table-f\" style=\"width: 99.9689%; height: 1032px;\">\n<thead>\n<tr style=\"height: 24px;\">\n<th style=\"height: 24px; width: 34.9024%;\">Cl\u00f4ture des registres<\/th>\n<th style=\"height: 24px; width: 29.5063%;\">Date de paiement<\/th>\n<th style=\"height: 24px; width: 88.3562%;\">Montant<\/th>\n<\/tr>\n<\/thead>\n<tbody>\n<tr style=\"height: 24px;\">\n<td style=\"width: 34.9024%; height: 24px;\">30 septembre 2024<\/td>\n<td style=\"width: 29.5063%; height: 24px;\">15 octobre 2024<\/td>\n<td style=\"width: 88.3562%; height: 24px;\">\u00a00,065 $ CA\/action ordinaire<\/td>\n<\/tr>\n<tr style=\"height: 24px;\">\n<td style=\"width: 34.9024%; height: 24px;\">28 juin 2024<\/td>\n<td style=\"width: 29.5063%; height: 24px;\">15 juillet 2024<\/td>\n<td style=\"width: 88.3562%; height: 24px;\">0,065 $ CA\/action ordinaire<\/td>\n<\/tr>\n<tr style=\"height: 24px;\">\n<td style=\"width: 34.9024%; height: 24px;\">28 mars 2024<\/td>\n<td style=\"width: 29.5063%; height: 24px;\">15 avril 2024<\/td>\n<td style=\"width: 88.3562%; height: 24px;\">0,060 $ CA\/action ordinaire<\/td>\n<\/tr>\n<tr style=\"height: 24px;\">\n<td style=\"width: 34.9024%; height: 24px;\">29 d\u00e9cembre 2023<\/td>\n<td style=\"width: 29.5063%; height: 24px;\">15 janvier 2024<\/td>\n<td style=\"width: 88.3562%; height: 24px;\">0,060 $ CA\/action ordinaire<\/td>\n<\/tr>\n<tr style=\"height: 24px;\">\n<td style=\"width: 34.9024%; height: 24px;\">29 septembre 2023<\/td>\n<td style=\"width: 29.5063%; height: 24px;\">16 octobre 2023<\/td>\n<td style=\"width: 88.3562%; height: 24px;\">0,060 $ CA\/action ordinaire<\/td>\n<\/tr>\n<tr style=\"height: 24px;\">\n<td style=\"width: 34.9024%; height: 24px;\">30 juin 2023<\/td>\n<td style=\"width: 29.5063%; height: 24px;\">14 juillet 2023<\/td>\n<td style=\"width: 88.3562%; height: 24px;\">0,060 $ CA\/action ordinaire<\/td>\n<\/tr>\n<tr style=\"height: 24px;\">\n<td style=\"width: 34.9024%; height: 24px;\">31 mars 2023<\/td>\n<td style=\"width: 29.5063%; height: 24px;\">14 avril 2023<\/td>\n<td style=\"width: 88.3562%; height: 24px;\">0,055 $ CA\/action ordinaire<\/td>\n<\/tr>\n<tr style=\"height: 24px;\">\n<td style=\"width: 34.9024%; height: 24px;\">30 d\u00e9cembre 2022<\/td>\n<td style=\"width: 29.5063%; height: 24px;\">16 janvier 2023<\/td>\n<td style=\"width: 88.3562%; height: 24px;\">0,055 $ CA\/action ordinaire<\/td>\n<\/tr>\n<tr style=\"height: 24px;\">\n<td style=\"width: 34.9024%; height: 24px;\">30 septembre 2022<\/td>\n<td style=\"width: 29.5063%; height: 24px;\">14 octobre 2022<\/td>\n<td style=\"width: 88.3562%; height: 24px;\">0,055 $ CA\/action ordinaire<\/td>\n<\/tr>\n<tr style=\"height: 24px;\">\n<td style=\"width: 34.9024%; height: 24px;\">30 juin 2022<\/td>\n<td style=\"width: 29.5063%; height: 24px;\">15 juillet 2022<\/td>\n<td style=\"width: 88.3562%; height: 24px;\">0,055 $ CA\/action ordinaire<\/td>\n<\/tr>\n<tr style=\"height: 24px;\">\n<td style=\"width: 34.9024%; height: 24px;\">31 mars 2022<\/td>\n<td style=\"width: 29.5063%; height: 24px;\">14 avril 2022<\/td>\n<td style=\"width: 88.3562%; height: 24px;\">0,055 $ CA\/action ordinaire<\/td>\n<\/tr>\n<tr style=\"height: 24px;\">\n<td style=\"width: 34.9024%; height: 24px;\">31 d\u00e9cembre 2021<\/td>\n<td style=\"width: 29.5063%; height: 24px;\">14 janvier 2022<\/td>\n<td style=\"width: 88.3562%; height: 24px;\">0,055 $ CA\/action ordinaire<\/td>\n<\/tr>\n<tr style=\"height: 24px;\">\n<td style=\"width: 34.9024%; height: 24px;\">30 septembre 2021<\/td>\n<td style=\"width: 29.5063%; height: 24px;\">15 octobre 2021<\/td>\n<td style=\"width: 88.3562%; height: 24px;\">0,055 $ CA\/action ordinaire<\/td>\n<\/tr>\n<tr style=\"height: 24px;\">\n<td style=\"width: 34.9024%; height: 24px;\">30 juin 2021<\/td>\n<td style=\"width: 29.5063%; height: 24px;\">15 juillet 2021<\/td>\n<td style=\"width: 88.3562%; height: 24px;\">0,05 $ CA\/action ordinaire<\/td>\n<\/tr>\n<tr style=\"height: 24px;\">\n<td style=\"width: 34.9024%; height: 24px;\">31 mars 2021<\/td>\n<td style=\"width: 29.5063%; height: 24px;\">15 avril 2021<\/td>\n<td style=\"width: 88.3562%; height: 24px;\">0,05 $ CA\/action ordinaire<\/td>\n<\/tr>\n<tr style=\"height: 24px;\">\n<td style=\"width: 34.9024%; height: 24px;\">31 d\u00e9cembre 2020<\/td>\n<td style=\"width: 29.5063%; height: 24px;\">15 janvier 2021<\/td>\n<td style=\"width: 88.3562%; height: 24px;\">0,05 $ CA\/action ordinaire<\/td>\n<\/tr>\n<tr style=\"height: 24px;\">\n<td style=\"height: 24px; width: 34.9024%;\">30 septembre 2020<\/td>\n<td style=\"height: 24px; width: 29.5063%;\">15 octobre 2020<\/td>\n<td style=\"height: 24px; width: 88.3562%;\">0,05 $ CA\/action ordinaire<\/td>\n<\/tr>\n<tr style=\"height: 24px;\">\n<td style=\"height: 24px; width: 34.9024%;\">30 juin 2020<\/td>\n<td style=\"height: 24px; width: 29.5063%;\">15 juillet 2020<\/td>\n<td style=\"height: 24px; width: 88.3562%;\">0,05 $ CA\/action ordinaire<\/td>\n<\/tr>\n<tr style=\"height: 24px;\">\n<td style=\"height: 24px; width: 34.9024%;\">31 mars 2020<\/td>\n<td style=\"height: 24px; width: 29.5063%;\">15 avril 2020<\/td>\n<td style=\"height: 24px; width: 88.3562%;\">0,05 $ CA\/action ordinaire<\/td>\n<\/tr>\n<tr style=\"height: 24px;\">\n<td style=\"height: 24px; width: 34.9024%;\">31 d\u00e9cembre 2019<\/td>\n<td style=\"height: 24px; width: 29.5063%;\">15 janvier 2020<\/td>\n<td style=\"height: 24px; width: 88.3562%;\">0,05 $ CA\/action ordinaire<\/td>\n<\/tr>\n<tr style=\"height: 24px;\">\n<td style=\"height: 24px; width: 34.9024%;\">30 septembre 2019<\/td>\n<td style=\"height: 24px; width: 29.5063%;\">15 octobre 2019<\/td>\n<td style=\"height: 24px; width: 88.3562%;\">0,05 $ CA\/action ordinaire<\/td>\n<\/tr>\n<tr style=\"height: 24px;\">\n<td style=\"height: 24px; width: 34.9024%;\">28 juin 2019<\/td>\n<td style=\"height: 24px; width: 29.5063%;\">15 juillet 2019<\/td>\n<td style=\"height: 24px; width: 88.3562%;\">0,05 $ CA\/action ordinaire<\/td>\n<\/tr>\n<tr style=\"height: 24px;\">\n<td style=\"height: 24px; width: 34.9024%;\">29 mars 2019<\/td>\n<td style=\"height: 24px; width: 29.5063%;\">15 avril 2019<\/td>\n<td style=\"height: 24px; width: 88.3562%;\">0,05 $ CA\/action ordinaire<\/td>\n<\/tr>\n<tr style=\"height: 24px;\">\n<td style=\"height: 24px; width: 34.9024%;\">31 d\u00e9cembre 2018<\/td>\n<td style=\"height: 24px; width: 29.5063%;\">15 janvier 2019<\/td>\n<td style=\"height: 24px; width: 88.3562%;\">0,05 $ CA\/action ordinaire<\/td>\n<\/tr>\n<tr style=\"height: 24px;\">\n<td style=\"height: 24px; width: 34.9024%;\">28 septembre 2018<\/td>\n<td style=\"height: 24px; width: 29.5063%;\">15 octobre 2018<\/td>\n<td style=\"height: 24px; width: 88.3562%;\">0,05 $ CA\/action ordinaire<\/td>\n<\/tr>\n<tr style=\"height: 24px;\">\n<td style=\"height: 24px; width: 34.9024%;\">29 juin 2018<\/td>\n<td style=\"height: 24px; width: 29.5063%;\">16 juillet 2018<\/td>\n<td style=\"height: 24px; width: 88.3562%;\">0,05 $ CA\/action ordinaire<\/td>\n<\/tr>\n<tr style=\"height: 24px;\">\n<td style=\"height: 24px; width: 34.9024%;\">30 mars 2018<\/td>\n<td style=\"height: 24px; width: 29.5063%;\">16 avril 2018<\/td>\n<td style=\"height: 24px; width: 88.3562%;\">0,05 $ CA\/action ordinaire<\/td>\n<\/tr>\n<tr style=\"height: 24px;\">\n<td style=\"height: 24px; width: 34.9024%;\">29 d\u00e9cembre 2017<\/td>\n<td style=\"height: 24px; width: 29.5063%;\">15 janvier 2018<\/td>\n<td style=\"height: 24px; width: 88.3562%;\">0,05 $ CA\/action ordinaire<\/td>\n<\/tr>\n<tr style=\"height: 24px;\">\n<td style=\"height: 24px; width: 34.9024%;\">30 septembre 2017<\/td>\n<td style=\"height: 24px; width: 29.5063%;\">16 octobre 2017<\/td>\n<td style=\"height: 24px; width: 88.3562%;\">0,05 $ CA\/action ordinaire<\/td>\n<\/tr>\n<tr style=\"height: 24px;\">\n<td style=\"height: 24px; width: 34.9024%;\">30 juin 2017<\/td>\n<td style=\"height: 24px; width: 29.5063%;\">17 juillet 2017<\/td>\n<td style=\"height: 24px; width: 88.3562%;\">0,04 $ CA\/action ordinaire<\/td>\n<\/tr>\n<tr style=\"height: 24px;\">\n<td style=\"height: 24px; width: 34.9024%;\">31 mars 2017<\/td>\n<td style=\"height: 24px; width: 29.5063%;\">17 avril 2017<\/td>\n<td style=\"height: 24px; width: 88.3562%;\">0,04 $ CA\/action ordinaire<\/td>\n<\/tr>\n<tr style=\"height: 24px;\">\n<td style=\"height: 24px; width: 34.9024%;\">31 d\u00e9cembre 2016<\/td>\n<td style=\"height: 24px; width: 29.5063%;\">16 janvier 2017<\/td>\n<td style=\"height: 24px; width: 88.3562%;\">0,04 $ CA\/action ordinaire<\/td>\n<\/tr>\n<tr style=\"height: 24px;\">\n<td style=\"height: 24px; width: 34.9024%;\">30 septembre 2016<\/td>\n<td style=\"height: 24px; width: 29.5063%;\">14 octobre 2016<\/td>\n<td style=\"height: 24px; width: 88.3562%;\">0,04 $ CA\/action ordinaire<\/td>\n<\/tr>\n<tr style=\"height: 24px;\">\n<td style=\"height: 24px; width: 34.9024%;\">30 juin 2016<\/td>\n<td style=\"height: 24px; width: 29.5063%;\">15 juillet 2016<\/td>\n<td style=\"height: 24px; width: 88.3562%;\">0,04 $ CA\/action ordinaire<\/td>\n<\/tr>\n<tr style=\"height: 24px;\">\n<td style=\"height: 24px; width: 34.9024%;\">31 mars 2016<\/td>\n<td style=\"height: 24px; width: 29.5063%;\">15 avril 2016<\/td>\n<td style=\"height: 24px; width: 88.3562%;\">0,04 $ CA\/action ordinaire<\/td>\n<\/tr>\n<tr style=\"height: 24px;\">\n<td style=\"height: 24px; width: 34.9024%;\">31 d\u00e9cembre 2015<\/td>\n<td style=\"height: 24px; width: 29.5063%;\">15 janvier 2016<\/td>\n<td style=\"height: 24px; width: 88.3562%;\">0,04 $ CA\/action ordinaire<\/td>\n<\/tr>\n<tr style=\"height: 24px;\">\n<td style=\"height: 24px; width: 34.9024%;\">30 septembre 2015<\/td>\n<td style=\"height: 24px; width: 29.5063%;\">15 octobre 2015<\/td>\n<td style=\"height: 24px; width: 88.3562%;\">0,03 $ CA\/action ordinaire<\/td>\n<\/tr>\n<tr style=\"height: 24px;\">\n<td style=\"height: 24px; width: 34.9024%;\">30 juin 2015<\/td>\n<td style=\"height: 24px; width: 29.5063%;\">15 juillet 2015<\/td>\n<td style=\"height: 24px; width: 88.3562%;\">0,03 $ CA\/action ordinaire<\/td>\n<\/tr>\n<tr style=\"height: 24px;\">\n<td style=\"height: 24px; width: 34.9024%;\">31 mars 2015<\/td>\n<td style=\"height: 24px; width: 29.5063%;\">15 avril 2015<\/td>\n<td style=\"height: 24px; width: 88.3562%;\">0,03 $ CA\/action ordinaire<\/td>\n<\/tr>\n<tr style=\"height: 24px;\">\n<td style=\"height: 24px; width: 34.9024%;\">31 d\u00e9cembre 2014<\/td>\n<td style=\"height: 24px; width: 29.5063%;\">15 janvier 2015<\/td>\n<td style=\"height: 24px; width: 88.3562%;\">0,03 $ CA\/action ordinaire<\/td>\n<\/tr>\n<\/tbody>\n<\/table>\n<\/div><\/div><\/div><!-- tabs-wrapper end --><div class=\"clear\"><\/div>\n<p><img loading=\"lazy\" decoding=\"async\" class=\"alignnone wp-image-526 size-large\" title=\"Osisko-Assembl\u00e9e des actionnaires\" src=\"http:\/\/orroyalties.com\/app\/uploads\/2015\/02\/osisko-dividendes-1024x681.jpg\" alt=\"Assembl\u00e9e des actionnaires d'Osisko\" width=\"1024\" height=\"681\" srcset=\"https:\/\/orroyalties.com\/app\/uploads\/2015\/02\/osisko-dividendes-1024x681.jpg 1024w, https:\/\/orroyalties.com\/app\/uploads\/2015\/02\/osisko-dividendes-300x200.jpg 300w, https:\/\/orroyalties.com\/app\/uploads\/2015\/02\/osisko-dividendes.jpg 1200w\" sizes=\"(max-width: 1024px) 100vw, 1024px\" \/><\/p>\n","protected":false},"excerpt":{"rendered":"<p>Redevances OR inc. a le plaisir d\u2019annoncer que son conseil d\u2019administration a approuv\u00e9 le lancement d\u2019un programme de distribution trimestriel de dividendes de la Soci\u00e9t\u00e9. \u00a0Ce dividende est un dividende d\u00e9termin\u00e9, tel que d\u00e9fini par la Loi de l&rsquo;imp\u00f4t sur le revenu (Canada). En vertu de lois fiscales, les particuliers r\u00e9sidents canadiens qui re\u00e7oivent des [&hellip;]<\/p>\n","protected":false},"author":2,"featured_media":10723,"parent":0,"menu_order":304,"comment_status":"closed","ping_status":"closed","template":"","meta":{"_monsterinsights_skip_tracking":false,"_monsterinsights_sitenote_active":false,"_monsterinsights_sitenote_note":"","_monsterinsights_sitenote_category":0,"footnotes":""},"acf":[],"yoast_head":"<!-- This site is optimized with the Yoast SEO plugin v21.9.1 - https:\/\/yoast.com\/wordpress\/plugins\/seo\/ -->\n<title>Dividendes | Redevances OR inc.<\/title>\n<meta name=\"description\" content=\"Le conseil d\u2019administration de Redevances OR inc. a approuv\u00e9 le lancement d\u2019un programme de distribution trimestriel de dividendes de la Soci\u00e9t\u00e9.\" \/>\n<meta name=\"robots\" content=\"index, follow, max-snippet:-1, max-image-preview:large, max-video-preview:-1\" \/>\n<link rel=\"canonical\" href=\"https:\/\/orroyalties.com\/fr\/dividendes\/\" \/>\n<meta property=\"og:locale\" content=\"fr_FR\" \/>\n<meta property=\"og:type\" content=\"article\" \/>\n<meta property=\"og:title\" content=\"Dividendes | Redevances OR inc.\" \/>\n<meta property=\"og:description\" content=\"Le conseil d\u2019administration de Redevances OR inc. a approuv\u00e9 le lancement d\u2019un programme de distribution trimestriel de dividendes de la Soci\u00e9t\u00e9.\" \/>\n<meta property=\"og:url\" content=\"https:\/\/orroyalties.com\/fr\/dividendes\/\" \/>\n<meta property=\"og:site_name\" content=\"Redevances OR inc.\" \/>\n<meta property=\"article:modified_time\" content=\"2026-05-06T20:23:50+00:00\" \/>\n<meta property=\"og:image\" content=\"https:\/\/orroyalties.com\/app\/uploads\/2023\/01\/OGR_gold2.jpg\" \/>\n\t<meta property=\"og:image:width\" content=\"1600\" \/>\n\t<meta property=\"og:image:height\" content=\"800\" \/>\n\t<meta property=\"og:image:type\" content=\"image\/jpeg\" \/>\n<meta name=\"twitter:label1\" content=\"Est. reading time\" \/>\n\t<meta name=\"twitter:data1\" content=\"4 minutes\" \/>\n<script type=\"application\/ld+json\" class=\"yoast-schema-graph\">{\"@context\":\"https:\/\/schema.org\",\"@graph\":[{\"@type\":\"WebPage\",\"@id\":\"https:\/\/orroyalties.com\/fr\/dividendes\/\",\"url\":\"https:\/\/orroyalties.com\/fr\/dividendes\/\",\"name\":\"Dividendes | Redevances OR inc.\",\"isPartOf\":{\"@id\":\"https:\/\/orroyalties.com\/fr\/#website\"},\"datePublished\":\"2015-02-03T14:57:46+00:00\",\"dateModified\":\"2026-05-06T20:23:50+00:00\",\"description\":\"Le conseil d\u2019administration de Redevances OR inc. a approuv\u00e9 le lancement d\u2019un programme de distribution trimestriel de dividendes de la Soci\u00e9t\u00e9.\",\"breadcrumb\":{\"@id\":\"https:\/\/orroyalties.com\/fr\/dividendes\/#breadcrumb\"},\"inLanguage\":\"fr-FR\",\"potentialAction\":[{\"@type\":\"ReadAction\",\"target\":[\"https:\/\/orroyalties.com\/fr\/dividendes\/\"]}]},{\"@type\":\"BreadcrumbList\",\"@id\":\"https:\/\/orroyalties.com\/fr\/dividendes\/#breadcrumb\",\"itemListElement\":[{\"@type\":\"ListItem\",\"position\":1,\"name\":\"Accueil\",\"item\":\"https:\/\/orroyalties.com\/fr\/\"},{\"@type\":\"ListItem\",\"position\":2,\"name\":\"Dividendes\"}]},{\"@type\":\"WebSite\",\"@id\":\"https:\/\/orroyalties.com\/fr\/#website\",\"url\":\"https:\/\/orroyalties.com\/fr\/\",\"name\":\"Redevances OR inc.\",\"description\":\"Redevances OR inc. est une soci\u00e9t\u00e9 mini\u00e8re ax\u00e9e sur les redevances aurif\u00e8res et situ\u00e9e \u00e0 Montr\u00e9al, Qu\u00e9bec.\",\"publisher\":{\"@id\":\"https:\/\/orroyalties.com\/fr\/#organization\"},\"potentialAction\":[{\"@type\":\"SearchAction\",\"target\":{\"@type\":\"EntryPoint\",\"urlTemplate\":\"https:\/\/orroyalties.com\/fr\/?s={search_term_string}\"},\"query-input\":\"required name=search_term_string\"}],\"inLanguage\":\"fr-FR\"},{\"@type\":\"Organization\",\"@id\":\"https:\/\/orroyalties.com\/fr\/#organization\",\"name\":\"Osisko Gold Royalties Ltd\",\"url\":\"https:\/\/orroyalties.com\/fr\/\",\"logo\":{\"@type\":\"ImageObject\",\"inLanguage\":\"fr-FR\",\"@id\":\"https:\/\/orroyalties.com\/fr\/#\/schema\/logo\/image\/\",\"url\":\"https:\/\/orroyalties.com\/app\/uploads\/2019\/04\/Osisko_OGR-logo_color.jpg\",\"contentUrl\":\"https:\/\/orroyalties.com\/app\/uploads\/2019\/04\/Osisko_OGR-logo_color.jpg\",\"width\":2550,\"height\":1066,\"caption\":\"Osisko Gold Royalties Ltd\"},\"image\":{\"@id\":\"https:\/\/orroyalties.com\/fr\/#\/schema\/logo\/image\/\"},\"sameAs\":[\"https:\/\/twitter.com\/OsiskoRoyalties\",\"https:\/\/www.linkedin.com\/company\/osisko-gold-royalties-ltd\"]}]}<\/script>\n<!-- \/ Yoast SEO plugin. -->","yoast_head_json":{"title":"Dividendes | Redevances OR inc.","description":"Le conseil d\u2019administration de Redevances OR inc. a approuv\u00e9 le lancement d\u2019un programme de distribution trimestriel de dividendes de la Soci\u00e9t\u00e9.","robots":{"index":"index","follow":"follow","max-snippet":"max-snippet:-1","max-image-preview":"max-image-preview:large","max-video-preview":"max-video-preview:-1"},"canonical":"https:\/\/orroyalties.com\/fr\/dividendes\/","og_locale":"fr_FR","og_type":"article","og_title":"Dividendes | Redevances OR inc.","og_description":"Le conseil d\u2019administration de Redevances OR inc. a approuv\u00e9 le lancement d\u2019un programme de distribution trimestriel de dividendes de la Soci\u00e9t\u00e9.","og_url":"https:\/\/orroyalties.com\/fr\/dividendes\/","og_site_name":"Redevances OR inc.","article_modified_time":"2026-05-06T20:23:50+00:00","og_image":[{"width":1600,"height":800,"url":"https:\/\/orroyalties.com\/app\/uploads\/2023\/01\/OGR_gold2.jpg","type":"image\/jpeg"}],"twitter_misc":{"Est. reading time":"4 minutes"},"schema":{"@context":"https:\/\/schema.org","@graph":[{"@type":"WebPage","@id":"https:\/\/orroyalties.com\/fr\/dividendes\/","url":"https:\/\/orroyalties.com\/fr\/dividendes\/","name":"Dividendes | Redevances OR inc.","isPartOf":{"@id":"https:\/\/orroyalties.com\/fr\/#website"},"datePublished":"2015-02-03T14:57:46+00:00","dateModified":"2026-05-06T20:23:50+00:00","description":"Le conseil d\u2019administration de Redevances OR inc. a approuv\u00e9 le lancement d\u2019un programme de distribution trimestriel de dividendes de la Soci\u00e9t\u00e9.","breadcrumb":{"@id":"https:\/\/orroyalties.com\/fr\/dividendes\/#breadcrumb"},"inLanguage":"fr-FR","potentialAction":[{"@type":"ReadAction","target":["https:\/\/orroyalties.com\/fr\/dividendes\/"]}]},{"@type":"BreadcrumbList","@id":"https:\/\/orroyalties.com\/fr\/dividendes\/#breadcrumb","itemListElement":[{"@type":"ListItem","position":1,"name":"Accueil","item":"https:\/\/orroyalties.com\/fr\/"},{"@type":"ListItem","position":2,"name":"Dividendes"}]},{"@type":"WebSite","@id":"https:\/\/orroyalties.com\/fr\/#website","url":"https:\/\/orroyalties.com\/fr\/","name":"Redevances OR inc.","description":"Redevances OR inc. est une soci\u00e9t\u00e9 mini\u00e8re ax\u00e9e sur les redevances aurif\u00e8res et situ\u00e9e \u00e0 Montr\u00e9al, Qu\u00e9bec.","publisher":{"@id":"https:\/\/orroyalties.com\/fr\/#organization"},"potentialAction":[{"@type":"SearchAction","target":{"@type":"EntryPoint","urlTemplate":"https:\/\/orroyalties.com\/fr\/?s={search_term_string}"},"query-input":"required name=search_term_string"}],"inLanguage":"fr-FR"},{"@type":"Organization","@id":"https:\/\/orroyalties.com\/fr\/#organization","name":"Osisko Gold Royalties Ltd","url":"https:\/\/orroyalties.com\/fr\/","logo":{"@type":"ImageObject","inLanguage":"fr-FR","@id":"https:\/\/orroyalties.com\/fr\/#\/schema\/logo\/image\/","url":"https:\/\/orroyalties.com\/app\/uploads\/2019\/04\/Osisko_OGR-logo_color.jpg","contentUrl":"https:\/\/orroyalties.com\/app\/uploads\/2019\/04\/Osisko_OGR-logo_color.jpg","width":2550,"height":1066,"caption":"Osisko Gold Royalties Ltd"},"image":{"@id":"https:\/\/orroyalties.com\/fr\/#\/schema\/logo\/image\/"},"sameAs":["https:\/\/twitter.com\/OsiskoRoyalties","https:\/\/www.linkedin.com\/company\/osisko-gold-royalties-ltd"]}]}},"_links":{"self":[{"href":"https:\/\/orroyalties.com\/fr\/wp-json\/wp\/v2\/pages\/60"}],"collection":[{"href":"https:\/\/orroyalties.com\/fr\/wp-json\/wp\/v2\/pages"}],"about":[{"href":"https:\/\/orroyalties.com\/fr\/wp-json\/wp\/v2\/types\/page"}],"author":[{"embeddable":true,"href":"https:\/\/orroyalties.com\/fr\/wp-json\/wp\/v2\/users\/2"}],"replies":[{"embeddable":true,"href":"https:\/\/orroyalties.com\/fr\/wp-json\/wp\/v2\/comments?post=60"}],"version-history":[{"count":58,"href":"https:\/\/orroyalties.com\/fr\/wp-json\/wp\/v2\/pages\/60\/revisions"}],"predecessor-version":[{"id":13775,"href":"https:\/\/orroyalties.com\/fr\/wp-json\/wp\/v2\/pages\/60\/revisions\/13775"}],"wp:featuredmedia":[{"embeddable":true,"href":"https:\/\/orroyalties.com\/fr\/wp-json\/wp\/v2\/media\/10723"}],"wp:attachment":[{"href":"https:\/\/orroyalties.com\/fr\/wp-json\/wp\/v2\/media?parent=60"}],"curies":[{"name":"wp","href":"https:\/\/api.w.org\/{rel}","templated":true}]}}