{"id":6,"date":"2015-02-03T09:37:09","date_gmt":"2015-02-03T14:37:09","guid":{"rendered":"http:\/\/localhost\/osisko\/?page_id=6"},"modified":"2025-05-11T07:15:37","modified_gmt":"2025-05-11T12:15:37","slug":"survol","status":"publish","type":"page","link":"https:\/\/orroyalties.com\/fr\/survol\/","title":{"rendered":"Survol"},"content":{"rendered":"<p align=\"justify\">Redevances OR inc. est une soci\u00e9t\u00e9 interm\u00e9diaire de redevances de m\u00e9taux pr\u00e9cieux ax\u00e9e sur les Am\u00e9riques qui a commenc\u00e9 ses activit\u00e9s en juin 2014. Redevances OR inc. d\u00e9tient un portefeuille nord-am\u00e9ricain de plus de 195 redevances, flux de m\u00e9taux et ententes d\u2019\u00e9coulement de m\u00e9taux pr\u00e9cieux. Le portefeuille de Redevances OR inc. s\u2019appuie sur son actif cl\u00e9, une redevance de 3 % \u00e0 5 % sur le rendement net de fonderie du complexe Canadian Malartic, l\u2019une des plus importantes op\u00e9rations aurif\u00e8res au Canada.<\/p>\n<p align=\"justify\">Redevances OR inc. est une soci\u00e9t\u00e9 constitu\u00e9e sous le r\u00e9gime des lois de la province de Qu\u00e9bec, son si\u00e8ge social \u00e9tant situ\u00e9 au 1100, avenue des Canadiens-de-Montr\u00e9al, bureau 300, Montr\u00e9al (Qu\u00e9bec) H3B 2S2.<\/p>\n","protected":false},"excerpt":{"rendered":"<p>Redevances OR inc. est une soci\u00e9t\u00e9 interm\u00e9diaire de redevances de m\u00e9taux pr\u00e9cieux ax\u00e9e sur les Am\u00e9riques qui a commenc\u00e9 ses activit\u00e9s en juin 2014. Redevances OR inc. d\u00e9tient un portefeuille nord-am\u00e9ricain de plus de 195 redevances, flux de m\u00e9taux et ententes d\u2019\u00e9coulement de m\u00e9taux pr\u00e9cieux. Le portefeuille de Redevances OR inc. s\u2019appuie sur son actif [&hellip;]<\/p>\n","protected":false},"author":2,"featured_media":12811,"parent":0,"menu_order":100,"comment_status":"closed","ping_status":"closed","template":"","meta":{"_monsterinsights_skip_tracking":false,"_monsterinsights_sitenote_active":false,"_monsterinsights_sitenote_note":"","_monsterinsights_sitenote_category":0,"footnotes":""},"acf":[],"yoast_head":"<!-- This site is optimized with the Yoast SEO plugin v21.9.1 - https:\/\/yoast.com\/wordpress\/plugins\/seo\/ -->\n<title>\u00c0 propos | Redevances OR inc.<\/title>\n<meta name=\"description\" content=\"Situ\u00e9e \u00e0 Montr\u00e9al, Qu\u00e9bec, Redevances OR inc. est active en tant que soci\u00e9t\u00e9 mini\u00e8re interm\u00e9diaire de redevances et flux de m\u00e9taux.\" \/>\n<meta name=\"robots\" content=\"index, follow, max-snippet:-1, max-image-preview:large, max-video-preview:-1\" \/>\n<link rel=\"canonical\" href=\"https:\/\/orroyalties.com\/fr\/survol\/\" \/>\n<meta property=\"og:locale\" content=\"fr_FR\" \/>\n<meta property=\"og:type\" content=\"article\" \/>\n<meta property=\"og:title\" content=\"\u00c0 propos | Redevances OR inc.\" \/>\n<meta property=\"og:description\" content=\"Situ\u00e9e \u00e0 Montr\u00e9al, Qu\u00e9bec, Redevances OR inc. est active en tant que soci\u00e9t\u00e9 mini\u00e8re interm\u00e9diaire de redevances et flux de m\u00e9taux.\" \/>\n<meta property=\"og:url\" content=\"https:\/\/orroyalties.com\/fr\/survol\/\" \/>\n<meta property=\"og:site_name\" content=\"Redevances OR inc.\" \/>\n<meta property=\"article:modified_time\" content=\"2025-05-11T12:15:37+00:00\" \/>\n<meta property=\"og:image\" content=\"https:\/\/orroyalties.com\/app\/uploads\/2025\/05\/About2025.jpg\" \/>\n\t<meta property=\"og:image:width\" content=\"2000\" \/>\n\t<meta property=\"og:image:height\" content=\"864\" \/>\n\t<meta property=\"og:image:type\" content=\"image\/jpeg\" \/>\n<meta name=\"twitter:label1\" content=\"Est. reading time\" \/>\n\t<meta name=\"twitter:data1\" content=\"1 minute\" \/>\n<script type=\"application\/ld+json\" class=\"yoast-schema-graph\">{\"@context\":\"https:\/\/schema.org\",\"@graph\":[{\"@type\":\"WebPage\",\"@id\":\"https:\/\/orroyalties.com\/fr\/survol\/\",\"url\":\"https:\/\/orroyalties.com\/fr\/survol\/\",\"name\":\"\u00c0 propos | Redevances OR inc.\",\"isPartOf\":{\"@id\":\"https:\/\/orroyalties.com\/fr\/#website\"},\"datePublished\":\"2015-02-03T14:37:09+00:00\",\"dateModified\":\"2025-05-11T12:15:37+00:00\",\"description\":\"Situ\u00e9e \u00e0 Montr\u00e9al, Qu\u00e9bec, Redevances OR inc. est active en tant que soci\u00e9t\u00e9 mini\u00e8re interm\u00e9diaire de redevances et flux de m\u00e9taux.\",\"breadcrumb\":{\"@id\":\"https:\/\/orroyalties.com\/fr\/survol\/#breadcrumb\"},\"inLanguage\":\"fr-FR\",\"potentialAction\":[{\"@type\":\"ReadAction\",\"target\":[\"https:\/\/orroyalties.com\/fr\/survol\/\"]}]},{\"@type\":\"BreadcrumbList\",\"@id\":\"https:\/\/orroyalties.com\/fr\/survol\/#breadcrumb\",\"itemListElement\":[{\"@type\":\"ListItem\",\"position\":1,\"name\":\"Accueil\",\"item\":\"https:\/\/orroyalties.com\/fr\/\"},{\"@type\":\"ListItem\",\"position\":2,\"name\":\"Survol\"}]},{\"@type\":\"WebSite\",\"@id\":\"https:\/\/orroyalties.com\/fr\/#website\",\"url\":\"https:\/\/orroyalties.com\/fr\/\",\"name\":\"Redevances OR inc.\",\"description\":\"Redevances OR inc. est une soci\u00e9t\u00e9 mini\u00e8re ax\u00e9e sur les redevances aurif\u00e8res et situ\u00e9e \u00e0 Montr\u00e9al, Qu\u00e9bec.\",\"publisher\":{\"@id\":\"https:\/\/orroyalties.com\/fr\/#organization\"},\"potentialAction\":[{\"@type\":\"SearchAction\",\"target\":{\"@type\":\"EntryPoint\",\"urlTemplate\":\"https:\/\/orroyalties.com\/fr\/?s={search_term_string}\"},\"query-input\":\"required name=search_term_string\"}],\"inLanguage\":\"fr-FR\"},{\"@type\":\"Organization\",\"@id\":\"https:\/\/orroyalties.com\/fr\/#organization\",\"name\":\"Osisko Gold Royalties Ltd\",\"url\":\"https:\/\/orroyalties.com\/fr\/\",\"logo\":{\"@type\":\"ImageObject\",\"inLanguage\":\"fr-FR\",\"@id\":\"https:\/\/orroyalties.com\/fr\/#\/schema\/logo\/image\/\",\"url\":\"https:\/\/orroyalties.com\/app\/uploads\/2019\/04\/Osisko_OGR-logo_color.jpg\",\"contentUrl\":\"https:\/\/orroyalties.com\/app\/uploads\/2019\/04\/Osisko_OGR-logo_color.jpg\",\"width\":2550,\"height\":1066,\"caption\":\"Osisko Gold Royalties Ltd\"},\"image\":{\"@id\":\"https:\/\/orroyalties.com\/fr\/#\/schema\/logo\/image\/\"},\"sameAs\":[\"https:\/\/twitter.com\/OsiskoRoyalties\",\"https:\/\/www.linkedin.com\/company\/osisko-gold-royalties-ltd\"]}]}<\/script>\n<!-- \/ Yoast SEO plugin. -->","yoast_head_json":{"title":"\u00c0 propos | Redevances OR inc.","description":"Situ\u00e9e \u00e0 Montr\u00e9al, Qu\u00e9bec, Redevances OR inc. est active en tant que soci\u00e9t\u00e9 mini\u00e8re interm\u00e9diaire de redevances et flux de m\u00e9taux.","robots":{"index":"index","follow":"follow","max-snippet":"max-snippet:-1","max-image-preview":"max-image-preview:large","max-video-preview":"max-video-preview:-1"},"canonical":"https:\/\/orroyalties.com\/fr\/survol\/","og_locale":"fr_FR","og_type":"article","og_title":"\u00c0 propos | Redevances OR inc.","og_description":"Situ\u00e9e \u00e0 Montr\u00e9al, Qu\u00e9bec, Redevances OR inc. est active en tant que soci\u00e9t\u00e9 mini\u00e8re interm\u00e9diaire de redevances et flux de m\u00e9taux.","og_url":"https:\/\/orroyalties.com\/fr\/survol\/","og_site_name":"Redevances OR inc.","article_modified_time":"2025-05-11T12:15:37+00:00","og_image":[{"width":2000,"height":864,"url":"https:\/\/orroyalties.com\/app\/uploads\/2025\/05\/About2025.jpg","type":"image\/jpeg"}],"twitter_misc":{"Est. reading time":"1 minute"},"schema":{"@context":"https:\/\/schema.org","@graph":[{"@type":"WebPage","@id":"https:\/\/orroyalties.com\/fr\/survol\/","url":"https:\/\/orroyalties.com\/fr\/survol\/","name":"\u00c0 propos | Redevances OR inc.","isPartOf":{"@id":"https:\/\/orroyalties.com\/fr\/#website"},"datePublished":"2015-02-03T14:37:09+00:00","dateModified":"2025-05-11T12:15:37+00:00","description":"Situ\u00e9e \u00e0 Montr\u00e9al, Qu\u00e9bec, Redevances OR inc. est active en tant que soci\u00e9t\u00e9 mini\u00e8re interm\u00e9diaire de redevances et flux de m\u00e9taux.","breadcrumb":{"@id":"https:\/\/orroyalties.com\/fr\/survol\/#breadcrumb"},"inLanguage":"fr-FR","potentialAction":[{"@type":"ReadAction","target":["https:\/\/orroyalties.com\/fr\/survol\/"]}]},{"@type":"BreadcrumbList","@id":"https:\/\/orroyalties.com\/fr\/survol\/#breadcrumb","itemListElement":[{"@type":"ListItem","position":1,"name":"Accueil","item":"https:\/\/orroyalties.com\/fr\/"},{"@type":"ListItem","position":2,"name":"Survol"}]},{"@type":"WebSite","@id":"https:\/\/orroyalties.com\/fr\/#website","url":"https:\/\/orroyalties.com\/fr\/","name":"Redevances OR inc.","description":"Redevances OR inc. est une soci\u00e9t\u00e9 mini\u00e8re ax\u00e9e sur les redevances aurif\u00e8res et situ\u00e9e \u00e0 Montr\u00e9al, Qu\u00e9bec.","publisher":{"@id":"https:\/\/orroyalties.com\/fr\/#organization"},"potentialAction":[{"@type":"SearchAction","target":{"@type":"EntryPoint","urlTemplate":"https:\/\/orroyalties.com\/fr\/?s={search_term_string}"},"query-input":"required name=search_term_string"}],"inLanguage":"fr-FR"},{"@type":"Organization","@id":"https:\/\/orroyalties.com\/fr\/#organization","name":"Osisko Gold Royalties Ltd","url":"https:\/\/orroyalties.com\/fr\/","logo":{"@type":"ImageObject","inLanguage":"fr-FR","@id":"https:\/\/orroyalties.com\/fr\/#\/schema\/logo\/image\/","url":"https:\/\/orroyalties.com\/app\/uploads\/2019\/04\/Osisko_OGR-logo_color.jpg","contentUrl":"https:\/\/orroyalties.com\/app\/uploads\/2019\/04\/Osisko_OGR-logo_color.jpg","width":2550,"height":1066,"caption":"Osisko Gold Royalties Ltd"},"image":{"@id":"https:\/\/orroyalties.com\/fr\/#\/schema\/logo\/image\/"},"sameAs":["https:\/\/twitter.com\/OsiskoRoyalties","https:\/\/www.linkedin.com\/company\/osisko-gold-royalties-ltd"]}]}},"_links":{"self":[{"href":"https:\/\/orroyalties.com\/fr\/wp-json\/wp\/v2\/pages\/6"}],"collection":[{"href":"https:\/\/orroyalties.com\/fr\/wp-json\/wp\/v2\/pages"}],"about":[{"href":"https:\/\/orroyalties.com\/fr\/wp-json\/wp\/v2\/types\/page"}],"author":[{"embeddable":true,"href":"https:\/\/orroyalties.com\/fr\/wp-json\/wp\/v2\/users\/2"}],"replies":[{"embeddable":true,"href":"https:\/\/orroyalties.com\/fr\/wp-json\/wp\/v2\/comments?post=6"}],"version-history":[{"count":56,"href":"https:\/\/orroyalties.com\/fr\/wp-json\/wp\/v2\/pages\/6\/revisions"}],"predecessor-version":[{"id":1770,"href":"https:\/\/orroyalties.com\/fr\/wp-json\/wp\/v2\/pages\/6\/revisions\/1770"}],"wp:featuredmedia":[{"embeddable":true,"href":"https:\/\/orroyalties.com\/fr\/wp-json\/wp\/v2\/media\/12811"}],"wp:attachment":[{"href":"https:\/\/orroyalties.com\/fr\/wp-json\/wp\/v2\/media?parent=6"}],"curies":[{"name":"wp","href":"https:\/\/api.w.org\/{rel}","templated":true}]}}