{"id":5959,"date":"2018-03-09T08:17:10","date_gmt":"2018-03-09T13:17:10","guid":{"rendered":"http:\/\/osiskogr.com\/?page_id=5959"},"modified":"2025-05-27T09:30:15","modified_gmt":"2025-05-27T14:30:15","slug":"documents-de-constitution","status":"publish","type":"page","link":"https:\/\/orroyalties.com\/fr\/gouvernance\/documents-de-constitution\/","title":{"rendered":"Documents de constitution"},"content":{"rendered":"<div class=\"wrap-pdf\"> <a href=\"https:\/\/orroyalties.com\/app\/uploads\/2025\/05\/Articles-OR_Website_05132025.pdf\" target=\"_blank\"> <div class=\"icon-pdf\">&nbsp;<\/div> <div class=\"pdf-box\">Articles<\/div> <\/a> <\/div>\n<div class=\"wrap-pdf\"> <a href=\"https:\/\/orroyalties.com\/app\/uploads\/2025\/05\/By-laws-OR_updated_052725.pdf\" target=\"_blank\"> <div class=\"icon-pdf\">&nbsp;<\/div> <div class=\"pdf-box\">R\u00e8gles et statuts<\/div> <\/a> <\/div>\n","protected":false},"excerpt":{"rendered":"","protected":false},"author":4,"featured_media":12811,"parent":18,"menu_order":0,"comment_status":"closed","ping_status":"closed","template":"","meta":{"_monsterinsights_skip_tracking":false,"_monsterinsights_sitenote_active":false,"_monsterinsights_sitenote_note":"","_monsterinsights_sitenote_category":0,"footnotes":""},"acf":[],"yoast_head":"<!-- This site is optimized with the Yoast SEO plugin v21.9.1 - https:\/\/yoast.com\/wordpress\/plugins\/seo\/ -->\n<title>Documents de constitution | Redevances OR inc.<\/title>\n<meta name=\"robots\" content=\"index, follow, max-snippet:-1, max-image-preview:large, max-video-preview:-1\" \/>\n<link rel=\"canonical\" href=\"https:\/\/orroyalties.com\/fr\/gouvernance\/documents-de-constitution\/\" \/>\n<meta property=\"og:locale\" content=\"fr_FR\" \/>\n<meta property=\"og:type\" content=\"article\" \/>\n<meta property=\"og:title\" content=\"Documents de constitution | Redevances OR inc.\" \/>\n<meta property=\"og:url\" content=\"https:\/\/orroyalties.com\/fr\/gouvernance\/documents-de-constitution\/\" \/>\n<meta property=\"og:site_name\" content=\"Redevances OR inc.\" \/>\n<meta property=\"article:modified_time\" content=\"2025-05-27T14:30:15+00:00\" \/>\n<meta property=\"og:image\" content=\"https:\/\/orroyalties.com\/app\/uploads\/2025\/05\/About2025.jpg\" \/>\n\t<meta property=\"og:image:width\" content=\"2000\" \/>\n\t<meta property=\"og:image:height\" content=\"864\" \/>\n\t<meta property=\"og:image:type\" content=\"image\/jpeg\" \/>\n<meta name=\"twitter:label1\" content=\"Est. reading time\" \/>\n\t<meta name=\"twitter:data1\" content=\"1 minute\" \/>\n<script type=\"application\/ld+json\" class=\"yoast-schema-graph\">{\"@context\":\"https:\/\/schema.org\",\"@graph\":[{\"@type\":\"WebPage\",\"@id\":\"https:\/\/orroyalties.com\/fr\/gouvernance\/documents-de-constitution\/\",\"url\":\"https:\/\/orroyalties.com\/fr\/gouvernance\/documents-de-constitution\/\",\"name\":\"Documents de constitution | Redevances OR inc.\",\"isPartOf\":{\"@id\":\"https:\/\/orroyalties.com\/fr\/#website\"},\"datePublished\":\"2018-03-09T13:17:10+00:00\",\"dateModified\":\"2025-05-27T14:30:15+00:00\",\"breadcrumb\":{\"@id\":\"https:\/\/orroyalties.com\/fr\/gouvernance\/documents-de-constitution\/#breadcrumb\"},\"inLanguage\":\"fr-FR\",\"potentialAction\":[{\"@type\":\"ReadAction\",\"target\":[\"https:\/\/orroyalties.com\/fr\/gouvernance\/documents-de-constitution\/\"]}]},{\"@type\":\"BreadcrumbList\",\"@id\":\"https:\/\/orroyalties.com\/fr\/gouvernance\/documents-de-constitution\/#breadcrumb\",\"itemListElement\":[{\"@type\":\"ListItem\",\"position\":1,\"name\":\"Accueil\",\"item\":\"https:\/\/orroyalties.com\/fr\/\"},{\"@type\":\"ListItem\",\"position\":2,\"name\":\"Gouvernance\",\"item\":\"https:\/\/orroyalties.com\/fr\/gouvernance\/\"},{\"@type\":\"ListItem\",\"position\":3,\"name\":\"Documents de constitution\"}]},{\"@type\":\"WebSite\",\"@id\":\"https:\/\/orroyalties.com\/fr\/#website\",\"url\":\"https:\/\/orroyalties.com\/fr\/\",\"name\":\"Redevances OR inc.\",\"description\":\"Redevances OR inc. est une soci\u00e9t\u00e9 mini\u00e8re ax\u00e9e sur les redevances aurif\u00e8res et situ\u00e9e \u00e0 Montr\u00e9al, Qu\u00e9bec.\",\"publisher\":{\"@id\":\"https:\/\/orroyalties.com\/fr\/#organization\"},\"potentialAction\":[{\"@type\":\"SearchAction\",\"target\":{\"@type\":\"EntryPoint\",\"urlTemplate\":\"https:\/\/orroyalties.com\/fr\/?s={search_term_string}\"},\"query-input\":\"required name=search_term_string\"}],\"inLanguage\":\"fr-FR\"},{\"@type\":\"Organization\",\"@id\":\"https:\/\/orroyalties.com\/fr\/#organization\",\"name\":\"Osisko Gold Royalties Ltd\",\"url\":\"https:\/\/orroyalties.com\/fr\/\",\"logo\":{\"@type\":\"ImageObject\",\"inLanguage\":\"fr-FR\",\"@id\":\"https:\/\/orroyalties.com\/fr\/#\/schema\/logo\/image\/\",\"url\":\"https:\/\/orroyalties.com\/app\/uploads\/2019\/04\/Osisko_OGR-logo_color.jpg\",\"contentUrl\":\"https:\/\/orroyalties.com\/app\/uploads\/2019\/04\/Osisko_OGR-logo_color.jpg\",\"width\":2550,\"height\":1066,\"caption\":\"Osisko Gold Royalties Ltd\"},\"image\":{\"@id\":\"https:\/\/orroyalties.com\/fr\/#\/schema\/logo\/image\/\"},\"sameAs\":[\"https:\/\/twitter.com\/OsiskoRoyalties\",\"https:\/\/www.linkedin.com\/company\/osisko-gold-royalties-ltd\"]}]}<\/script>\n<!-- \/ Yoast SEO plugin. -->","yoast_head_json":{"title":"Documents de constitution | Redevances OR inc.","robots":{"index":"index","follow":"follow","max-snippet":"max-snippet:-1","max-image-preview":"max-image-preview:large","max-video-preview":"max-video-preview:-1"},"canonical":"https:\/\/orroyalties.com\/fr\/gouvernance\/documents-de-constitution\/","og_locale":"fr_FR","og_type":"article","og_title":"Documents de constitution | Redevances OR inc.","og_url":"https:\/\/orroyalties.com\/fr\/gouvernance\/documents-de-constitution\/","og_site_name":"Redevances OR inc.","article_modified_time":"2025-05-27T14:30:15+00:00","og_image":[{"width":2000,"height":864,"url":"https:\/\/orroyalties.com\/app\/uploads\/2025\/05\/About2025.jpg","type":"image\/jpeg"}],"twitter_misc":{"Est. reading time":"1 minute"},"schema":{"@context":"https:\/\/schema.org","@graph":[{"@type":"WebPage","@id":"https:\/\/orroyalties.com\/fr\/gouvernance\/documents-de-constitution\/","url":"https:\/\/orroyalties.com\/fr\/gouvernance\/documents-de-constitution\/","name":"Documents de constitution | Redevances OR inc.","isPartOf":{"@id":"https:\/\/orroyalties.com\/fr\/#website"},"datePublished":"2018-03-09T13:17:10+00:00","dateModified":"2025-05-27T14:30:15+00:00","breadcrumb":{"@id":"https:\/\/orroyalties.com\/fr\/gouvernance\/documents-de-constitution\/#breadcrumb"},"inLanguage":"fr-FR","potentialAction":[{"@type":"ReadAction","target":["https:\/\/orroyalties.com\/fr\/gouvernance\/documents-de-constitution\/"]}]},{"@type":"BreadcrumbList","@id":"https:\/\/orroyalties.com\/fr\/gouvernance\/documents-de-constitution\/#breadcrumb","itemListElement":[{"@type":"ListItem","position":1,"name":"Accueil","item":"https:\/\/orroyalties.com\/fr\/"},{"@type":"ListItem","position":2,"name":"Gouvernance","item":"https:\/\/orroyalties.com\/fr\/gouvernance\/"},{"@type":"ListItem","position":3,"name":"Documents de constitution"}]},{"@type":"WebSite","@id":"https:\/\/orroyalties.com\/fr\/#website","url":"https:\/\/orroyalties.com\/fr\/","name":"Redevances OR inc.","description":"Redevances OR inc. est une soci\u00e9t\u00e9 mini\u00e8re ax\u00e9e sur les redevances aurif\u00e8res et situ\u00e9e \u00e0 Montr\u00e9al, Qu\u00e9bec.","publisher":{"@id":"https:\/\/orroyalties.com\/fr\/#organization"},"potentialAction":[{"@type":"SearchAction","target":{"@type":"EntryPoint","urlTemplate":"https:\/\/orroyalties.com\/fr\/?s={search_term_string}"},"query-input":"required name=search_term_string"}],"inLanguage":"fr-FR"},{"@type":"Organization","@id":"https:\/\/orroyalties.com\/fr\/#organization","name":"Osisko Gold Royalties Ltd","url":"https:\/\/orroyalties.com\/fr\/","logo":{"@type":"ImageObject","inLanguage":"fr-FR","@id":"https:\/\/orroyalties.com\/fr\/#\/schema\/logo\/image\/","url":"https:\/\/orroyalties.com\/app\/uploads\/2019\/04\/Osisko_OGR-logo_color.jpg","contentUrl":"https:\/\/orroyalties.com\/app\/uploads\/2019\/04\/Osisko_OGR-logo_color.jpg","width":2550,"height":1066,"caption":"Osisko Gold Royalties Ltd"},"image":{"@id":"https:\/\/orroyalties.com\/fr\/#\/schema\/logo\/image\/"},"sameAs":["https:\/\/twitter.com\/OsiskoRoyalties","https:\/\/www.linkedin.com\/company\/osisko-gold-royalties-ltd"]}]}},"_links":{"self":[{"href":"https:\/\/orroyalties.com\/fr\/wp-json\/wp\/v2\/pages\/5959"}],"collection":[{"href":"https:\/\/orroyalties.com\/fr\/wp-json\/wp\/v2\/pages"}],"about":[{"href":"https:\/\/orroyalties.com\/fr\/wp-json\/wp\/v2\/types\/page"}],"author":[{"embeddable":true,"href":"https:\/\/orroyalties.com\/fr\/wp-json\/wp\/v2\/users\/4"}],"replies":[{"embeddable":true,"href":"https:\/\/orroyalties.com\/fr\/wp-json\/wp\/v2\/comments?post=5959"}],"version-history":[{"count":5,"href":"https:\/\/orroyalties.com\/fr\/wp-json\/wp\/v2\/pages\/5959\/revisions"}],"predecessor-version":[{"id":13008,"href":"https:\/\/orroyalties.com\/fr\/wp-json\/wp\/v2\/pages\/5959\/revisions\/13008"}],"up":[{"embeddable":true,"href":"https:\/\/orroyalties.com\/fr\/wp-json\/wp\/v2\/pages\/18"}],"wp:featuredmedia":[{"embeddable":true,"href":"https:\/\/orroyalties.com\/fr\/wp-json\/wp\/v2\/media\/12811"}],"wp:attachment":[{"href":"https:\/\/orroyalties.com\/fr\/wp-json\/wp\/v2\/media?parent=5959"}],"curies":[{"name":"wp","href":"https:\/\/api.w.org\/{rel}","templated":true}]}}