{"id":58,"date":"2015-02-03T09:57:29","date_gmt":"2015-02-03T14:57:29","guid":{"rendered":"http:\/\/localhost\/osisko\/?page_id=58"},"modified":"2026-05-06T15:26:56","modified_gmt":"2026-05-06T20:26:56","slug":"structure-du-capital","status":"publish","type":"page","link":"https:\/\/orroyalties.com\/fr\/structure-du-capital\/","title":{"rendered":"Structure du capital"},"content":{"rendered":"<h4>Structure du capital &#8211; en date du 31 mars 2026<\/h4>\n<table class=\"table-f\" style=\"width: 77.4955%; height: 178px;\">\n<tbody>\n<tr style=\"height: 24px;\">\n<td style=\"width: 31.6384%; height: 24px;\">Nombre d&rsquo;actions ordinaires \u00e9mises et en circulation<\/td>\n<td style=\"width: 11.3395%; height: 24px;\"><span style=\"color: #000000;\">187,4 M<\/span><\/td>\n<\/tr>\n<tr style=\"height: 24px;\">\n<td style=\"width: 31.6384%; height: 24px;\">Capitalisation boursi\u00e8re (G $ US)<\/td>\n<td style=\"width: 11.3395%; height: 24px;\"><span style=\"color: #000000;\">7,1 G $<\/span><\/td>\n<\/tr>\n<tr style=\"height: 24px;\">\n<td style=\"height: 24px; width: 31.6384%;\">Tr\u00e9sorerie (M $ US)<\/td>\n<td style=\"height: 24px; width: 11.3395%;\"><span style=\"color: #000000;\">94,9 M $<\/span><\/td>\n<\/tr>\n<tr style=\"height: 24px;\">\n<td style=\"height: 24px; width: 31.6384%;\">Investissement (M $ US)<\/td>\n<td style=\"height: 24px; width: 11.3395%;\"><span style=\"color: #000000;\">186,1 M $<\/span><\/td>\n<\/tr>\n<tr style=\"height: 24px;\">\n<td style=\"height: 10px; width: 31.6384%;\">Dette (M $ US)<\/td>\n<td style=\"height: 10px; width: 11.3395%;\"><span style=\"color: #000000;\">0 M $<\/span><\/td>\n<\/tr>\n<\/tbody>\n<\/table>\n<hr \/>\n<h4>Symbole boursier<\/h4>\n<p><a href=\"https:\/\/money.tmx.com\/fr\/quote\/OR\" target=\"_blank\" rel=\"noopener noreferrer\">TSX : OR<\/a> \u00a0 | \u00a0 <a href=\"https:\/\/www.nyse.com\/quote\/XNYS:OR\" target=\"_blank\" rel=\"noopener noreferrer\">NYSE : OR<\/a><\/p>\n<hr \/>\n<h4><strong>Cours de l&rsquo;action<\/strong><\/h4>\n<p><iframe loading=\"lazy\" src=\"https:\/\/osiskogr.gcs-web.com\/?auth_token=8f63b119-f50e-486d-b3a3-8a327fcb8ece\" width=\"573\" height=\"1300\" frameborder=\"0\" allowfullscreen=\"allowfullscreen\"><span data-mce-type=\"bookmark\" style=\"display: inline-block; width: 0px; overflow: hidden; line-height: 0;\" class=\"mce_SELRES_start\">\ufeff<\/span><span data-mce-type=\"bookmark\" style=\"display: inline-block; width: 0px; overflow: hidden; line-height: 0;\" class=\"mce_SELRES_start\">\ufeff<\/span><\/iframe><\/p>\n","protected":false},"excerpt":{"rendered":"<p>Structure du capital &#8211; en date du 31 mars 2026 Nombre d&rsquo;actions ordinaires \u00e9mises et en circulation 187,4 M Capitalisation boursi\u00e8re (G $ US) 7,1 G $ Tr\u00e9sorerie (M $ US) 94,9 M $ Investissement (M $ US) 186,1 M $ Dette (M $ US) 0 M $ Symbole boursier TSX : OR \u00a0 | [&hellip;]<\/p>\n","protected":false},"author":2,"featured_media":469,"parent":0,"menu_order":303,"comment_status":"closed","ping_status":"closed","template":"","meta":{"_monsterinsights_skip_tracking":false,"_monsterinsights_sitenote_active":false,"_monsterinsights_sitenote_note":"","_monsterinsights_sitenote_category":0,"footnotes":""},"acf":[],"yoast_head":"<!-- This site is optimized with the Yoast SEO plugin v21.9.1 - https:\/\/yoast.com\/wordpress\/plugins\/seo\/ -->\n<title>Structure du capital | Osisko<\/title>\n<meta name=\"description\" content=\"Structure du capital\" \/>\n<meta name=\"robots\" content=\"index, follow, max-snippet:-1, max-image-preview:large, max-video-preview:-1\" \/>\n<link rel=\"canonical\" href=\"https:\/\/orroyalties.com\/fr\/structure-du-capital\/\" \/>\n<meta property=\"og:locale\" content=\"fr_FR\" \/>\n<meta property=\"og:type\" content=\"article\" \/>\n<meta property=\"og:title\" content=\"Structure du capital | Osisko\" \/>\n<meta property=\"og:description\" content=\"Structure du capital\" \/>\n<meta property=\"og:url\" content=\"https:\/\/orroyalties.com\/fr\/structure-du-capital\/\" \/>\n<meta property=\"og:site_name\" content=\"Redevances OR inc.\" \/>\n<meta property=\"article:modified_time\" content=\"2026-05-06T20:26:56+00:00\" \/>\n<meta property=\"og:image\" content=\"https:\/\/orroyalties.com\/app\/uploads\/2015\/02\/osisko-market.jpg\" \/>\n\t<meta property=\"og:image:width\" content=\"1600\" \/>\n\t<meta property=\"og:image:height\" content=\"579\" \/>\n\t<meta property=\"og:image:type\" content=\"image\/jpeg\" \/>\n<meta name=\"twitter:label1\" content=\"Est. reading time\" \/>\n\t<meta name=\"twitter:data1\" content=\"1 minute\" \/>\n<script type=\"application\/ld+json\" class=\"yoast-schema-graph\">{\"@context\":\"https:\/\/schema.org\",\"@graph\":[{\"@type\":\"WebPage\",\"@id\":\"https:\/\/orroyalties.com\/fr\/structure-du-capital\/\",\"url\":\"https:\/\/orroyalties.com\/fr\/structure-du-capital\/\",\"name\":\"Structure du capital | Osisko\",\"isPartOf\":{\"@id\":\"https:\/\/orroyalties.com\/fr\/#website\"},\"datePublished\":\"2015-02-03T14:57:29+00:00\",\"dateModified\":\"2026-05-06T20:26:56+00:00\",\"description\":\"Structure du capital\",\"breadcrumb\":{\"@id\":\"https:\/\/orroyalties.com\/fr\/structure-du-capital\/#breadcrumb\"},\"inLanguage\":\"fr-FR\",\"potentialAction\":[{\"@type\":\"ReadAction\",\"target\":[\"https:\/\/orroyalties.com\/fr\/structure-du-capital\/\"]}]},{\"@type\":\"BreadcrumbList\",\"@id\":\"https:\/\/orroyalties.com\/fr\/structure-du-capital\/#breadcrumb\",\"itemListElement\":[{\"@type\":\"ListItem\",\"position\":1,\"name\":\"Accueil\",\"item\":\"https:\/\/orroyalties.com\/fr\/\"},{\"@type\":\"ListItem\",\"position\":2,\"name\":\"Structure du capital\"}]},{\"@type\":\"WebSite\",\"@id\":\"https:\/\/orroyalties.com\/fr\/#website\",\"url\":\"https:\/\/orroyalties.com\/fr\/\",\"name\":\"Redevances OR inc.\",\"description\":\"Redevances OR inc. est une soci\u00e9t\u00e9 mini\u00e8re ax\u00e9e sur les redevances aurif\u00e8res et situ\u00e9e \u00e0 Montr\u00e9al, Qu\u00e9bec.\",\"publisher\":{\"@id\":\"https:\/\/orroyalties.com\/fr\/#organization\"},\"potentialAction\":[{\"@type\":\"SearchAction\",\"target\":{\"@type\":\"EntryPoint\",\"urlTemplate\":\"https:\/\/orroyalties.com\/fr\/?s={search_term_string}\"},\"query-input\":\"required name=search_term_string\"}],\"inLanguage\":\"fr-FR\"},{\"@type\":\"Organization\",\"@id\":\"https:\/\/orroyalties.com\/fr\/#organization\",\"name\":\"Osisko Gold Royalties Ltd\",\"url\":\"https:\/\/orroyalties.com\/fr\/\",\"logo\":{\"@type\":\"ImageObject\",\"inLanguage\":\"fr-FR\",\"@id\":\"https:\/\/orroyalties.com\/fr\/#\/schema\/logo\/image\/\",\"url\":\"https:\/\/orroyalties.com\/app\/uploads\/2019\/04\/Osisko_OGR-logo_color.jpg\",\"contentUrl\":\"https:\/\/orroyalties.com\/app\/uploads\/2019\/04\/Osisko_OGR-logo_color.jpg\",\"width\":2550,\"height\":1066,\"caption\":\"Osisko Gold Royalties Ltd\"},\"image\":{\"@id\":\"https:\/\/orroyalties.com\/fr\/#\/schema\/logo\/image\/\"},\"sameAs\":[\"https:\/\/twitter.com\/OsiskoRoyalties\",\"https:\/\/www.linkedin.com\/company\/osisko-gold-royalties-ltd\"]}]}<\/script>\n<!-- \/ Yoast SEO plugin. -->","yoast_head_json":{"title":"Structure du capital | Osisko","description":"Structure du capital","robots":{"index":"index","follow":"follow","max-snippet":"max-snippet:-1","max-image-preview":"max-image-preview:large","max-video-preview":"max-video-preview:-1"},"canonical":"https:\/\/orroyalties.com\/fr\/structure-du-capital\/","og_locale":"fr_FR","og_type":"article","og_title":"Structure du capital | Osisko","og_description":"Structure du capital","og_url":"https:\/\/orroyalties.com\/fr\/structure-du-capital\/","og_site_name":"Redevances OR inc.","article_modified_time":"2026-05-06T20:26:56+00:00","og_image":[{"width":1600,"height":579,"url":"https:\/\/orroyalties.com\/app\/uploads\/2015\/02\/osisko-market.jpg","type":"image\/jpeg"}],"twitter_misc":{"Est. reading time":"1 minute"},"schema":{"@context":"https:\/\/schema.org","@graph":[{"@type":"WebPage","@id":"https:\/\/orroyalties.com\/fr\/structure-du-capital\/","url":"https:\/\/orroyalties.com\/fr\/structure-du-capital\/","name":"Structure du capital | Osisko","isPartOf":{"@id":"https:\/\/orroyalties.com\/fr\/#website"},"datePublished":"2015-02-03T14:57:29+00:00","dateModified":"2026-05-06T20:26:56+00:00","description":"Structure du capital","breadcrumb":{"@id":"https:\/\/orroyalties.com\/fr\/structure-du-capital\/#breadcrumb"},"inLanguage":"fr-FR","potentialAction":[{"@type":"ReadAction","target":["https:\/\/orroyalties.com\/fr\/structure-du-capital\/"]}]},{"@type":"BreadcrumbList","@id":"https:\/\/orroyalties.com\/fr\/structure-du-capital\/#breadcrumb","itemListElement":[{"@type":"ListItem","position":1,"name":"Accueil","item":"https:\/\/orroyalties.com\/fr\/"},{"@type":"ListItem","position":2,"name":"Structure du capital"}]},{"@type":"WebSite","@id":"https:\/\/orroyalties.com\/fr\/#website","url":"https:\/\/orroyalties.com\/fr\/","name":"Redevances OR inc.","description":"Redevances OR inc. est une soci\u00e9t\u00e9 mini\u00e8re ax\u00e9e sur les redevances aurif\u00e8res et situ\u00e9e \u00e0 Montr\u00e9al, Qu\u00e9bec.","publisher":{"@id":"https:\/\/orroyalties.com\/fr\/#organization"},"potentialAction":[{"@type":"SearchAction","target":{"@type":"EntryPoint","urlTemplate":"https:\/\/orroyalties.com\/fr\/?s={search_term_string}"},"query-input":"required name=search_term_string"}],"inLanguage":"fr-FR"},{"@type":"Organization","@id":"https:\/\/orroyalties.com\/fr\/#organization","name":"Osisko Gold Royalties Ltd","url":"https:\/\/orroyalties.com\/fr\/","logo":{"@type":"ImageObject","inLanguage":"fr-FR","@id":"https:\/\/orroyalties.com\/fr\/#\/schema\/logo\/image\/","url":"https:\/\/orroyalties.com\/app\/uploads\/2019\/04\/Osisko_OGR-logo_color.jpg","contentUrl":"https:\/\/orroyalties.com\/app\/uploads\/2019\/04\/Osisko_OGR-logo_color.jpg","width":2550,"height":1066,"caption":"Osisko Gold Royalties Ltd"},"image":{"@id":"https:\/\/orroyalties.com\/fr\/#\/schema\/logo\/image\/"},"sameAs":["https:\/\/twitter.com\/OsiskoRoyalties","https:\/\/www.linkedin.com\/company\/osisko-gold-royalties-ltd"]}]}},"_links":{"self":[{"href":"https:\/\/orroyalties.com\/fr\/wp-json\/wp\/v2\/pages\/58"}],"collection":[{"href":"https:\/\/orroyalties.com\/fr\/wp-json\/wp\/v2\/pages"}],"about":[{"href":"https:\/\/orroyalties.com\/fr\/wp-json\/wp\/v2\/types\/page"}],"author":[{"embeddable":true,"href":"https:\/\/orroyalties.com\/fr\/wp-json\/wp\/v2\/users\/2"}],"replies":[{"embeddable":true,"href":"https:\/\/orroyalties.com\/fr\/wp-json\/wp\/v2\/comments?post=58"}],"version-history":[{"count":78,"href":"https:\/\/orroyalties.com\/fr\/wp-json\/wp\/v2\/pages\/58\/revisions"}],"predecessor-version":[{"id":13777,"href":"https:\/\/orroyalties.com\/fr\/wp-json\/wp\/v2\/pages\/58\/revisions\/13777"}],"wp:featuredmedia":[{"embeddable":true,"href":"https:\/\/orroyalties.com\/fr\/wp-json\/wp\/v2\/media\/469"}],"wp:attachment":[{"href":"https:\/\/orroyalties.com\/fr\/wp-json\/wp\/v2\/media?parent=58"}],"curies":[{"name":"wp","href":"https:\/\/api.w.org\/{rel}","templated":true}]}}