{"id":562,"date":"2015-02-11T12:12:26","date_gmt":"2015-02-11T17:12:26","guid":{"rendered":"http:\/\/osisko.o2web.biz\/?page_id=562"},"modified":"2025-06-19T14:26:07","modified_gmt":"2025-06-19T19:26:07","slug":"redevances-en-developpement","status":"publish","type":"page","link":"https:\/\/orroyalties.com\/fr\/carte-des-proprietes\/redevances-en-developpement\/","title":{"rendered":"Redevances en d\u00e9veloppement"},"content":{"rendered":"<p>Redevances OR inc. d\u00e9tient plus de 195 redevances, flux de m\u00e9taux et ententes d&rsquo;\u00e9coulement au Qu\u00e9bec, en Ontario, ailleurs au Canada et dans le monde. <a href=\"https:\/\/orroyalties.com\/app\/uploads\/2025\/05\/OR_2025_asset_list.pdf\" target=\"_blank\" rel=\"noopener noreferrer\">Vous pouvez consulter la liste compl\u00e8te ici.<\/a><\/p>\n<p><img loading=\"lazy\" decoding=\"async\" class=\"aligncenter wp-image-563 size-large\" title=\"Osisko-Carottes de forage\" src=\"http:\/\/orroyalties.com\/app\/uploads\/2015\/02\/osisko-dev-1024x683.jpg\" alt=\"Carottes de forages d'exploration \u00e0 Malartic\" width=\"1024\" height=\"683\" srcset=\"https:\/\/orroyalties.com\/app\/uploads\/2015\/02\/osisko-dev.jpg 1024w, https:\/\/orroyalties.com\/app\/uploads\/2015\/02\/osisko-dev-300x200.jpg 300w\" sizes=\"(max-width: 1024px) 100vw, 1024px\" \/><\/p>\n","protected":false},"excerpt":{"rendered":"<p>Redevances OR inc. d\u00e9tient plus de 195 redevances, flux de m\u00e9taux et ententes d&rsquo;\u00e9coulement au Qu\u00e9bec, en Ontario, ailleurs au Canada et dans le monde. Vous pouvez consulter la liste compl\u00e8te ici.<\/p>\n","protected":false},"author":2,"featured_media":10674,"parent":34,"menu_order":202,"comment_status":"closed","ping_status":"closed","template":"","meta":{"_monsterinsights_skip_tracking":false,"_monsterinsights_sitenote_active":false,"_monsterinsights_sitenote_note":"","_monsterinsights_sitenote_category":0,"footnotes":""},"acf":[],"yoast_head":"<!-- This site is optimized with the Yoast SEO plugin v21.9.1 - https:\/\/yoast.com\/wordpress\/plugins\/seo\/ -->\n<title>Redevances en d\u00e9veloppement | Redevances OR inc.<\/title>\n<meta name=\"description\" content=\"Redevances OR inc. d\u00e9tient aussi un portefeuille d\u2019actifs en d\u00e9veloppement de premier plan. Outre Canadian Malartic et \u00c9l\u00e9onore, Redevances OR inc. d\u00e9tient 14 redevances additionnelles au Qu\u00e9bec, en Ontario et ailleurs au Canada.\" \/>\n<meta name=\"robots\" content=\"index, follow, max-snippet:-1, max-image-preview:large, max-video-preview:-1\" \/>\n<link rel=\"canonical\" href=\"https:\/\/orroyalties.com\/fr\/carte-des-proprietes\/redevances-en-developpement\/\" \/>\n<meta property=\"og:locale\" content=\"fr_FR\" \/>\n<meta property=\"og:type\" content=\"article\" \/>\n<meta property=\"og:title\" content=\"Redevances en d\u00e9veloppement | Redevances OR inc.\" \/>\n<meta property=\"og:description\" content=\"Redevances OR inc. d\u00e9tient aussi un portefeuille d\u2019actifs en d\u00e9veloppement de premier plan. Outre Canadian Malartic et \u00c9l\u00e9onore, Redevances OR inc. d\u00e9tient 14 redevances additionnelles au Qu\u00e9bec, en Ontario et ailleurs au Canada.\" \/>\n<meta property=\"og:url\" content=\"https:\/\/orroyalties.com\/fr\/carte-des-proprietes\/redevances-en-developpement\/\" \/>\n<meta property=\"og:site_name\" content=\"Redevances OR inc.\" \/>\n<meta property=\"article:modified_time\" content=\"2025-06-19T19:26:07+00:00\" \/>\n<meta property=\"og:image\" content=\"https:\/\/orroyalties.com\/app\/uploads\/2022\/12\/OGR_dev.jpg\" \/>\n\t<meta property=\"og:image:width\" content=\"1600\" \/>\n\t<meta property=\"og:image:height\" content=\"1000\" \/>\n\t<meta property=\"og:image:type\" content=\"image\/jpeg\" \/>\n<meta name=\"twitter:label1\" content=\"Est. reading time\" \/>\n\t<meta name=\"twitter:data1\" content=\"1 minute\" \/>\n<script type=\"application\/ld+json\" class=\"yoast-schema-graph\">{\"@context\":\"https:\/\/schema.org\",\"@graph\":[{\"@type\":\"WebPage\",\"@id\":\"https:\/\/orroyalties.com\/fr\/carte-des-proprietes\/redevances-en-developpement\/\",\"url\":\"https:\/\/orroyalties.com\/fr\/carte-des-proprietes\/redevances-en-developpement\/\",\"name\":\"Redevances en d\u00e9veloppement | Redevances OR inc.\",\"isPartOf\":{\"@id\":\"https:\/\/orroyalties.com\/fr\/#website\"},\"datePublished\":\"2015-02-11T17:12:26+00:00\",\"dateModified\":\"2025-06-19T19:26:07+00:00\",\"description\":\"Redevances OR inc. d\u00e9tient aussi un portefeuille d\u2019actifs en d\u00e9veloppement de premier plan. Outre Canadian Malartic et \u00c9l\u00e9onore, Redevances OR inc. d\u00e9tient 14 redevances additionnelles au Qu\u00e9bec, en Ontario et ailleurs au Canada.\",\"breadcrumb\":{\"@id\":\"https:\/\/orroyalties.com\/fr\/carte-des-proprietes\/redevances-en-developpement\/#breadcrumb\"},\"inLanguage\":\"fr-FR\",\"potentialAction\":[{\"@type\":\"ReadAction\",\"target\":[\"https:\/\/orroyalties.com\/fr\/carte-des-proprietes\/redevances-en-developpement\/\"]}]},{\"@type\":\"BreadcrumbList\",\"@id\":\"https:\/\/orroyalties.com\/fr\/carte-des-proprietes\/redevances-en-developpement\/#breadcrumb\",\"itemListElement\":[{\"@type\":\"ListItem\",\"position\":1,\"name\":\"Accueil\",\"item\":\"https:\/\/orroyalties.com\/fr\/\"},{\"@type\":\"ListItem\",\"position\":2,\"name\":\"Carte des propri\u00e9t\u00e9s\",\"item\":\"https:\/\/orroyalties.com\/fr\/carte-des-proprietes\/\"},{\"@type\":\"ListItem\",\"position\":3,\"name\":\"Redevances en d\u00e9veloppement\"}]},{\"@type\":\"WebSite\",\"@id\":\"https:\/\/orroyalties.com\/fr\/#website\",\"url\":\"https:\/\/orroyalties.com\/fr\/\",\"name\":\"Redevances OR inc.\",\"description\":\"Redevances OR inc. est une soci\u00e9t\u00e9 mini\u00e8re ax\u00e9e sur les redevances aurif\u00e8res et situ\u00e9e \u00e0 Montr\u00e9al, Qu\u00e9bec.\",\"publisher\":{\"@id\":\"https:\/\/orroyalties.com\/fr\/#organization\"},\"potentialAction\":[{\"@type\":\"SearchAction\",\"target\":{\"@type\":\"EntryPoint\",\"urlTemplate\":\"https:\/\/orroyalties.com\/fr\/?s={search_term_string}\"},\"query-input\":\"required name=search_term_string\"}],\"inLanguage\":\"fr-FR\"},{\"@type\":\"Organization\",\"@id\":\"https:\/\/orroyalties.com\/fr\/#organization\",\"name\":\"Osisko Gold Royalties Ltd\",\"url\":\"https:\/\/orroyalties.com\/fr\/\",\"logo\":{\"@type\":\"ImageObject\",\"inLanguage\":\"fr-FR\",\"@id\":\"https:\/\/orroyalties.com\/fr\/#\/schema\/logo\/image\/\",\"url\":\"https:\/\/orroyalties.com\/app\/uploads\/2019\/04\/Osisko_OGR-logo_color.jpg\",\"contentUrl\":\"https:\/\/orroyalties.com\/app\/uploads\/2019\/04\/Osisko_OGR-logo_color.jpg\",\"width\":2550,\"height\":1066,\"caption\":\"Osisko Gold Royalties Ltd\"},\"image\":{\"@id\":\"https:\/\/orroyalties.com\/fr\/#\/schema\/logo\/image\/\"},\"sameAs\":[\"https:\/\/twitter.com\/OsiskoRoyalties\",\"https:\/\/www.linkedin.com\/company\/osisko-gold-royalties-ltd\"]}]}<\/script>\n<!-- \/ Yoast SEO plugin. -->","yoast_head_json":{"title":"Redevances en d\u00e9veloppement | Redevances OR inc.","description":"Redevances OR inc. d\u00e9tient aussi un portefeuille d\u2019actifs en d\u00e9veloppement de premier plan. Outre Canadian Malartic et \u00c9l\u00e9onore, Redevances OR inc. d\u00e9tient 14 redevances additionnelles au Qu\u00e9bec, en Ontario et ailleurs au Canada.","robots":{"index":"index","follow":"follow","max-snippet":"max-snippet:-1","max-image-preview":"max-image-preview:large","max-video-preview":"max-video-preview:-1"},"canonical":"https:\/\/orroyalties.com\/fr\/carte-des-proprietes\/redevances-en-developpement\/","og_locale":"fr_FR","og_type":"article","og_title":"Redevances en d\u00e9veloppement | Redevances OR inc.","og_description":"Redevances OR inc. d\u00e9tient aussi un portefeuille d\u2019actifs en d\u00e9veloppement de premier plan. Outre Canadian Malartic et \u00c9l\u00e9onore, Redevances OR inc. d\u00e9tient 14 redevances additionnelles au Qu\u00e9bec, en Ontario et ailleurs au Canada.","og_url":"https:\/\/orroyalties.com\/fr\/carte-des-proprietes\/redevances-en-developpement\/","og_site_name":"Redevances OR inc.","article_modified_time":"2025-06-19T19:26:07+00:00","og_image":[{"width":1600,"height":1000,"url":"https:\/\/orroyalties.com\/app\/uploads\/2022\/12\/OGR_dev.jpg","type":"image\/jpeg"}],"twitter_misc":{"Est. reading time":"1 minute"},"schema":{"@context":"https:\/\/schema.org","@graph":[{"@type":"WebPage","@id":"https:\/\/orroyalties.com\/fr\/carte-des-proprietes\/redevances-en-developpement\/","url":"https:\/\/orroyalties.com\/fr\/carte-des-proprietes\/redevances-en-developpement\/","name":"Redevances en d\u00e9veloppement | Redevances OR inc.","isPartOf":{"@id":"https:\/\/orroyalties.com\/fr\/#website"},"datePublished":"2015-02-11T17:12:26+00:00","dateModified":"2025-06-19T19:26:07+00:00","description":"Redevances OR inc. d\u00e9tient aussi un portefeuille d\u2019actifs en d\u00e9veloppement de premier plan. Outre Canadian Malartic et \u00c9l\u00e9onore, Redevances OR inc. d\u00e9tient 14 redevances additionnelles au Qu\u00e9bec, en Ontario et ailleurs au Canada.","breadcrumb":{"@id":"https:\/\/orroyalties.com\/fr\/carte-des-proprietes\/redevances-en-developpement\/#breadcrumb"},"inLanguage":"fr-FR","potentialAction":[{"@type":"ReadAction","target":["https:\/\/orroyalties.com\/fr\/carte-des-proprietes\/redevances-en-developpement\/"]}]},{"@type":"BreadcrumbList","@id":"https:\/\/orroyalties.com\/fr\/carte-des-proprietes\/redevances-en-developpement\/#breadcrumb","itemListElement":[{"@type":"ListItem","position":1,"name":"Accueil","item":"https:\/\/orroyalties.com\/fr\/"},{"@type":"ListItem","position":2,"name":"Carte des propri\u00e9t\u00e9s","item":"https:\/\/orroyalties.com\/fr\/carte-des-proprietes\/"},{"@type":"ListItem","position":3,"name":"Redevances en d\u00e9veloppement"}]},{"@type":"WebSite","@id":"https:\/\/orroyalties.com\/fr\/#website","url":"https:\/\/orroyalties.com\/fr\/","name":"Redevances OR inc.","description":"Redevances OR inc. est une soci\u00e9t\u00e9 mini\u00e8re ax\u00e9e sur les redevances aurif\u00e8res et situ\u00e9e \u00e0 Montr\u00e9al, Qu\u00e9bec.","publisher":{"@id":"https:\/\/orroyalties.com\/fr\/#organization"},"potentialAction":[{"@type":"SearchAction","target":{"@type":"EntryPoint","urlTemplate":"https:\/\/orroyalties.com\/fr\/?s={search_term_string}"},"query-input":"required name=search_term_string"}],"inLanguage":"fr-FR"},{"@type":"Organization","@id":"https:\/\/orroyalties.com\/fr\/#organization","name":"Osisko Gold Royalties Ltd","url":"https:\/\/orroyalties.com\/fr\/","logo":{"@type":"ImageObject","inLanguage":"fr-FR","@id":"https:\/\/orroyalties.com\/fr\/#\/schema\/logo\/image\/","url":"https:\/\/orroyalties.com\/app\/uploads\/2019\/04\/Osisko_OGR-logo_color.jpg","contentUrl":"https:\/\/orroyalties.com\/app\/uploads\/2019\/04\/Osisko_OGR-logo_color.jpg","width":2550,"height":1066,"caption":"Osisko Gold Royalties Ltd"},"image":{"@id":"https:\/\/orroyalties.com\/fr\/#\/schema\/logo\/image\/"},"sameAs":["https:\/\/twitter.com\/OsiskoRoyalties","https:\/\/www.linkedin.com\/company\/osisko-gold-royalties-ltd"]}]}},"_links":{"self":[{"href":"https:\/\/orroyalties.com\/fr\/wp-json\/wp\/v2\/pages\/562"}],"collection":[{"href":"https:\/\/orroyalties.com\/fr\/wp-json\/wp\/v2\/pages"}],"about":[{"href":"https:\/\/orroyalties.com\/fr\/wp-json\/wp\/v2\/types\/page"}],"author":[{"embeddable":true,"href":"https:\/\/orroyalties.com\/fr\/wp-json\/wp\/v2\/users\/2"}],"replies":[{"embeddable":true,"href":"https:\/\/orroyalties.com\/fr\/wp-json\/wp\/v2\/comments?post=562"}],"version-history":[{"count":28,"href":"https:\/\/orroyalties.com\/fr\/wp-json\/wp\/v2\/pages\/562\/revisions"}],"predecessor-version":[{"id":13120,"href":"https:\/\/orroyalties.com\/fr\/wp-json\/wp\/v2\/pages\/562\/revisions\/13120"}],"up":[{"embeddable":true,"href":"https:\/\/orroyalties.com\/fr\/wp-json\/wp\/v2\/pages\/34"}],"wp:featuredmedia":[{"embeddable":true,"href":"https:\/\/orroyalties.com\/fr\/wp-json\/wp\/v2\/media\/10674"}],"wp:attachment":[{"href":"https:\/\/orroyalties.com\/fr\/wp-json\/wp\/v2\/media?parent=562"}],"curies":[{"name":"wp","href":"https:\/\/api.w.org\/{rel}","templated":true}]}}