{"id":559,"date":"2015-02-11T12:00:37","date_gmt":"2015-02-11T17:00:37","guid":{"rendered":"http:\/\/osisko.o2web.biz\/?page_id=559"},"modified":"2025-05-22T06:37:51","modified_gmt":"2025-05-22T11:37:51","slug":"redevances-en-production","status":"publish","type":"page","link":"https:\/\/orroyalties.com\/fr\/carte-des-proprietes\/redevances-en-production\/","title":{"rendered":"Redevances en production"},"content":{"rendered":"<p>Redevances OR inc. d\u00e9tient un portefeuille de calibre mondial de plus de 195 redevances, flux de m\u00e9taux et ententes d&rsquo;\u00e9coulement dot\u00e9 d\u2019un potentiel de croissance de premier plan dans l\u2019industrie. Redevances OR inc. compte sur 22 actifs g\u00e9n\u00e9rant des flux de tr\u00e9sorerie (en production), dont la redevance sur le rendement net de fonderie de la mine d&rsquo;or <a href=\"https:\/\/orroyalties.com\/fr\/redevance\/canadian-malartic-or\/\">Canadian Malartic<\/a> situ\u00e9e \u00e0 Malartic, Qu\u00e9bec, la plus importante redevance aurif\u00e8re au monde. <a href=\"https:\/\/orroyalties.com\/app\/uploads\/2025\/05\/OR_2025_asset_list.pdf\" target=\"_blank\" rel=\"noopener noreferrer\">Vous pouvez consulter la liste compl\u00e8te des actifs de la soci\u00e9t\u00e9 ici.<\/a><\/p>\n<p><img loading=\"lazy\" decoding=\"async\" class=\"aligncenter wp-image-560 size-large\" title=\"Osisko-Camion Minier\" src=\"http:\/\/orroyalties.com\/app\/uploads\/2015\/02\/osisko-production-1024x683.jpg\" alt=\"Camion minier avec la mine en arri\u00e8re-plan\" width=\"1024\" height=\"683\" srcset=\"https:\/\/orroyalties.com\/app\/uploads\/2015\/02\/osisko-production-1024x683.jpg 1024w, https:\/\/orroyalties.com\/app\/uploads\/2015\/02\/osisko-production-300x200.jpg 300w, https:\/\/orroyalties.com\/app\/uploads\/2015\/02\/osisko-production.jpg 1500w\" sizes=\"(max-width: 1024px) 100vw, 1024px\" \/><\/p>\n","protected":false},"excerpt":{"rendered":"<p>Redevances OR inc. d\u00e9tient un portefeuille de calibre mondial de plus de 195 redevances, flux de m\u00e9taux et ententes d&rsquo;\u00e9coulement dot\u00e9 d\u2019un potentiel de croissance de premier plan dans l\u2019industrie. Redevances OR inc. compte sur 22 actifs g\u00e9n\u00e9rant des flux de tr\u00e9sorerie (en production), dont la redevance sur le rendement net de fonderie de la [&hellip;]<\/p>\n","protected":false},"author":2,"featured_media":10671,"parent":34,"menu_order":201,"comment_status":"closed","ping_status":"closed","template":"","meta":{"_monsterinsights_skip_tracking":false,"_monsterinsights_sitenote_active":false,"_monsterinsights_sitenote_note":"","_monsterinsights_sitenote_category":0,"footnotes":""},"acf":[],"yoast_head":"<!-- This site is optimized with the Yoast SEO plugin v21.9.1 - https:\/\/yoast.com\/wordpress\/plugins\/seo\/ -->\n<title>Redevances en production | Redevances OR inc.<\/title>\n<meta name=\"description\" content=\"Redevances OR inc. d\u00e9tient des redevances sur le rendement net de fonderie des mines d&#039;or Canadian Malartic et \u00c9l\u00e9onore, des actifs de calibre mondial.\" \/>\n<meta name=\"robots\" content=\"index, follow, max-snippet:-1, max-image-preview:large, max-video-preview:-1\" \/>\n<link rel=\"canonical\" href=\"https:\/\/orroyalties.com\/fr\/carte-des-proprietes\/redevances-en-production\/\" \/>\n<meta property=\"og:locale\" content=\"fr_FR\" \/>\n<meta property=\"og:type\" content=\"article\" \/>\n<meta property=\"og:title\" content=\"Redevances en production | Redevances OR inc.\" \/>\n<meta property=\"og:description\" content=\"Redevances OR inc. d\u00e9tient des redevances sur le rendement net de fonderie des mines d&#039;or Canadian Malartic et \u00c9l\u00e9onore, des actifs de calibre mondial.\" \/>\n<meta property=\"og:url\" content=\"https:\/\/orroyalties.com\/fr\/carte-des-proprietes\/redevances-en-production\/\" \/>\n<meta property=\"og:site_name\" content=\"Redevances OR inc.\" \/>\n<meta property=\"article:modified_time\" content=\"2025-05-22T11:37:51+00:00\" \/>\n<meta property=\"og:image\" content=\"https:\/\/orroyalties.com\/app\/uploads\/2022\/12\/OGR_prod.jpg\" \/>\n\t<meta property=\"og:image:width\" content=\"1600\" \/>\n\t<meta property=\"og:image:height\" content=\"1000\" \/>\n\t<meta property=\"og:image:type\" content=\"image\/jpeg\" \/>\n<meta name=\"twitter:label1\" content=\"Est. reading time\" \/>\n\t<meta name=\"twitter:data1\" content=\"1 minute\" \/>\n<script type=\"application\/ld+json\" class=\"yoast-schema-graph\">{\"@context\":\"https:\/\/schema.org\",\"@graph\":[{\"@type\":\"WebPage\",\"@id\":\"https:\/\/orroyalties.com\/fr\/carte-des-proprietes\/redevances-en-production\/\",\"url\":\"https:\/\/orroyalties.com\/fr\/carte-des-proprietes\/redevances-en-production\/\",\"name\":\"Redevances en production | Redevances OR inc.\",\"isPartOf\":{\"@id\":\"https:\/\/orroyalties.com\/fr\/#website\"},\"datePublished\":\"2015-02-11T17:00:37+00:00\",\"dateModified\":\"2025-05-22T11:37:51+00:00\",\"description\":\"Redevances OR inc. d\u00e9tient des redevances sur le rendement net de fonderie des mines d'or Canadian Malartic et \u00c9l\u00e9onore, des actifs de calibre mondial.\",\"breadcrumb\":{\"@id\":\"https:\/\/orroyalties.com\/fr\/carte-des-proprietes\/redevances-en-production\/#breadcrumb\"},\"inLanguage\":\"fr-FR\",\"potentialAction\":[{\"@type\":\"ReadAction\",\"target\":[\"https:\/\/orroyalties.com\/fr\/carte-des-proprietes\/redevances-en-production\/\"]}]},{\"@type\":\"BreadcrumbList\",\"@id\":\"https:\/\/orroyalties.com\/fr\/carte-des-proprietes\/redevances-en-production\/#breadcrumb\",\"itemListElement\":[{\"@type\":\"ListItem\",\"position\":1,\"name\":\"Accueil\",\"item\":\"https:\/\/orroyalties.com\/fr\/\"},{\"@type\":\"ListItem\",\"position\":2,\"name\":\"Carte des propri\u00e9t\u00e9s\",\"item\":\"https:\/\/orroyalties.com\/fr\/carte-des-proprietes\/\"},{\"@type\":\"ListItem\",\"position\":3,\"name\":\"Redevances en production\"}]},{\"@type\":\"WebSite\",\"@id\":\"https:\/\/orroyalties.com\/fr\/#website\",\"url\":\"https:\/\/orroyalties.com\/fr\/\",\"name\":\"Redevances OR inc.\",\"description\":\"Redevances OR inc. est une soci\u00e9t\u00e9 mini\u00e8re ax\u00e9e sur les redevances aurif\u00e8res et situ\u00e9e \u00e0 Montr\u00e9al, Qu\u00e9bec.\",\"publisher\":{\"@id\":\"https:\/\/orroyalties.com\/fr\/#organization\"},\"potentialAction\":[{\"@type\":\"SearchAction\",\"target\":{\"@type\":\"EntryPoint\",\"urlTemplate\":\"https:\/\/orroyalties.com\/fr\/?s={search_term_string}\"},\"query-input\":\"required name=search_term_string\"}],\"inLanguage\":\"fr-FR\"},{\"@type\":\"Organization\",\"@id\":\"https:\/\/orroyalties.com\/fr\/#organization\",\"name\":\"Osisko Gold Royalties Ltd\",\"url\":\"https:\/\/orroyalties.com\/fr\/\",\"logo\":{\"@type\":\"ImageObject\",\"inLanguage\":\"fr-FR\",\"@id\":\"https:\/\/orroyalties.com\/fr\/#\/schema\/logo\/image\/\",\"url\":\"https:\/\/orroyalties.com\/app\/uploads\/2019\/04\/Osisko_OGR-logo_color.jpg\",\"contentUrl\":\"https:\/\/orroyalties.com\/app\/uploads\/2019\/04\/Osisko_OGR-logo_color.jpg\",\"width\":2550,\"height\":1066,\"caption\":\"Osisko Gold Royalties Ltd\"},\"image\":{\"@id\":\"https:\/\/orroyalties.com\/fr\/#\/schema\/logo\/image\/\"},\"sameAs\":[\"https:\/\/twitter.com\/OsiskoRoyalties\",\"https:\/\/www.linkedin.com\/company\/osisko-gold-royalties-ltd\"]}]}<\/script>\n<!-- \/ Yoast SEO plugin. -->","yoast_head_json":{"title":"Redevances en production | Redevances OR inc.","description":"Redevances OR inc. d\u00e9tient des redevances sur le rendement net de fonderie des mines d'or Canadian Malartic et \u00c9l\u00e9onore, des actifs de calibre mondial.","robots":{"index":"index","follow":"follow","max-snippet":"max-snippet:-1","max-image-preview":"max-image-preview:large","max-video-preview":"max-video-preview:-1"},"canonical":"https:\/\/orroyalties.com\/fr\/carte-des-proprietes\/redevances-en-production\/","og_locale":"fr_FR","og_type":"article","og_title":"Redevances en production | Redevances OR inc.","og_description":"Redevances OR inc. d\u00e9tient des redevances sur le rendement net de fonderie des mines d'or Canadian Malartic et \u00c9l\u00e9onore, des actifs de calibre mondial.","og_url":"https:\/\/orroyalties.com\/fr\/carte-des-proprietes\/redevances-en-production\/","og_site_name":"Redevances OR inc.","article_modified_time":"2025-05-22T11:37:51+00:00","og_image":[{"width":1600,"height":1000,"url":"https:\/\/orroyalties.com\/app\/uploads\/2022\/12\/OGR_prod.jpg","type":"image\/jpeg"}],"twitter_misc":{"Est. reading time":"1 minute"},"schema":{"@context":"https:\/\/schema.org","@graph":[{"@type":"WebPage","@id":"https:\/\/orroyalties.com\/fr\/carte-des-proprietes\/redevances-en-production\/","url":"https:\/\/orroyalties.com\/fr\/carte-des-proprietes\/redevances-en-production\/","name":"Redevances en production | Redevances OR inc.","isPartOf":{"@id":"https:\/\/orroyalties.com\/fr\/#website"},"datePublished":"2015-02-11T17:00:37+00:00","dateModified":"2025-05-22T11:37:51+00:00","description":"Redevances OR inc. d\u00e9tient des redevances sur le rendement net de fonderie des mines d'or Canadian Malartic et \u00c9l\u00e9onore, des actifs de calibre mondial.","breadcrumb":{"@id":"https:\/\/orroyalties.com\/fr\/carte-des-proprietes\/redevances-en-production\/#breadcrumb"},"inLanguage":"fr-FR","potentialAction":[{"@type":"ReadAction","target":["https:\/\/orroyalties.com\/fr\/carte-des-proprietes\/redevances-en-production\/"]}]},{"@type":"BreadcrumbList","@id":"https:\/\/orroyalties.com\/fr\/carte-des-proprietes\/redevances-en-production\/#breadcrumb","itemListElement":[{"@type":"ListItem","position":1,"name":"Accueil","item":"https:\/\/orroyalties.com\/fr\/"},{"@type":"ListItem","position":2,"name":"Carte des propri\u00e9t\u00e9s","item":"https:\/\/orroyalties.com\/fr\/carte-des-proprietes\/"},{"@type":"ListItem","position":3,"name":"Redevances en production"}]},{"@type":"WebSite","@id":"https:\/\/orroyalties.com\/fr\/#website","url":"https:\/\/orroyalties.com\/fr\/","name":"Redevances OR inc.","description":"Redevances OR inc. est une soci\u00e9t\u00e9 mini\u00e8re ax\u00e9e sur les redevances aurif\u00e8res et situ\u00e9e \u00e0 Montr\u00e9al, Qu\u00e9bec.","publisher":{"@id":"https:\/\/orroyalties.com\/fr\/#organization"},"potentialAction":[{"@type":"SearchAction","target":{"@type":"EntryPoint","urlTemplate":"https:\/\/orroyalties.com\/fr\/?s={search_term_string}"},"query-input":"required name=search_term_string"}],"inLanguage":"fr-FR"},{"@type":"Organization","@id":"https:\/\/orroyalties.com\/fr\/#organization","name":"Osisko Gold Royalties Ltd","url":"https:\/\/orroyalties.com\/fr\/","logo":{"@type":"ImageObject","inLanguage":"fr-FR","@id":"https:\/\/orroyalties.com\/fr\/#\/schema\/logo\/image\/","url":"https:\/\/orroyalties.com\/app\/uploads\/2019\/04\/Osisko_OGR-logo_color.jpg","contentUrl":"https:\/\/orroyalties.com\/app\/uploads\/2019\/04\/Osisko_OGR-logo_color.jpg","width":2550,"height":1066,"caption":"Osisko Gold Royalties Ltd"},"image":{"@id":"https:\/\/orroyalties.com\/fr\/#\/schema\/logo\/image\/"},"sameAs":["https:\/\/twitter.com\/OsiskoRoyalties","https:\/\/www.linkedin.com\/company\/osisko-gold-royalties-ltd"]}]}},"_links":{"self":[{"href":"https:\/\/orroyalties.com\/fr\/wp-json\/wp\/v2\/pages\/559"}],"collection":[{"href":"https:\/\/orroyalties.com\/fr\/wp-json\/wp\/v2\/pages"}],"about":[{"href":"https:\/\/orroyalties.com\/fr\/wp-json\/wp\/v2\/types\/page"}],"author":[{"embeddable":true,"href":"https:\/\/orroyalties.com\/fr\/wp-json\/wp\/v2\/users\/2"}],"replies":[{"embeddable":true,"href":"https:\/\/orroyalties.com\/fr\/wp-json\/wp\/v2\/comments?post=559"}],"version-history":[{"count":34,"href":"https:\/\/orroyalties.com\/fr\/wp-json\/wp\/v2\/pages\/559\/revisions"}],"predecessor-version":[{"id":12997,"href":"https:\/\/orroyalties.com\/fr\/wp-json\/wp\/v2\/pages\/559\/revisions\/12997"}],"up":[{"embeddable":true,"href":"https:\/\/orroyalties.com\/fr\/wp-json\/wp\/v2\/pages\/34"}],"wp:featuredmedia":[{"embeddable":true,"href":"https:\/\/orroyalties.com\/fr\/wp-json\/wp\/v2\/media\/10671"}],"wp:attachment":[{"href":"https:\/\/orroyalties.com\/fr\/wp-json\/wp\/v2\/media?parent=559"}],"curies":[{"name":"wp","href":"https:\/\/api.w.org\/{rel}","templated":true}]}}