{"id":5496,"date":"2017-06-30T19:56:55","date_gmt":"2017-07-01T00:56:55","guid":{"rendered":"http:\/\/osiskogr.com\/?page_id=5496"},"modified":"2017-06-30T20:09:54","modified_gmt":"2017-07-01T01:09:54","slug":"assemblee-extraordinaire-des-actionnaires-transaction-avec-orion-mine-finance","status":"publish","type":"page","link":"https:\/\/orroyalties.com\/fr\/assemblee-extraordinaire-des-actionnaires-transaction-avec-orion-mine-finance\/","title":{"rendered":"Assembl\u00e9e extraordinaire des actionnaires &#8211; transaction avec Orion Mine Finance"},"content":{"rendered":"<h4><strong>AVIS DE CONVOCATION et CIRCULAIRE DE SOLLICITATION DE PROCURATIONS PAR LA DIRECTION relatifs \u00e0 L\u2019ASSEMBL\u00c9E EXTRAORDINAIRE DES ACTIONNAIRES DE REDEVANCES AURIF\u00c8RES OSISKO LT\u00c9E<\/strong><\/h4>\n<div class=\"wrap-pdf\"> <a href=\"http:\/\/orroyalties.com\/app\/uploads\/2017\/06\/Circulaire-tra-Final.pdf\" target=\"_blank\"> <div class=\"icon-pdf\">&nbsp;<\/div> <div class=\"pdf-box\">Avis de convocation et circulaire d&rsquo;information de la direction<\/div> <\/a> <\/div>\n<hr \/>\n<h4><strong>FORMULAIRE DE PROCURATION<\/strong><\/h4>\n<div class=\"wrap-pdf\"> <a href=\"http:\/\/orroyalties.com\/app\/uploads\/2017\/06\/OR-Proxy_FR_CA_Edits_Osisko-with-changes-accepted.pdf\" target=\"_blank\"> <div class=\"icon-pdf\">&nbsp;<\/div> <div class=\"pdf-box\">Formulaire de procuration<\/div> <\/a> <\/div>\n<p>&nbsp;<\/p>\n","protected":false},"excerpt":{"rendered":"<p>AVIS DE CONVOCATION et CIRCULAIRE DE SOLLICITATION DE PROCURATIONS PAR LA DIRECTION relatifs \u00e0 L\u2019ASSEMBL\u00c9E EXTRAORDINAIRE DES ACTIONNAIRES DE REDEVANCES AURIF\u00c8RES OSISKO LT\u00c9E FORMULAIRE DE PROCURATION &nbsp;<\/p>\n","protected":false},"author":4,"featured_media":3307,"parent":0,"menu_order":0,"comment_status":"closed","ping_status":"closed","template":"","meta":{"_monsterinsights_skip_tracking":false,"_monsterinsights_sitenote_active":false,"_monsterinsights_sitenote_note":"","_monsterinsights_sitenote_category":0,"footnotes":""},"acf":[],"yoast_head":"<!-- This site is optimized with the Yoast SEO plugin v21.9.1 - https:\/\/yoast.com\/wordpress\/plugins\/seo\/ -->\n<title>Assembl\u00e9e extraordinaire des actionnaires - transaction avec Orion Mine Finance | Redevances OR inc.<\/title>\n<meta name=\"robots\" content=\"index, follow, max-snippet:-1, max-image-preview:large, max-video-preview:-1\" \/>\n<link rel=\"canonical\" href=\"https:\/\/orroyalties.com\/fr\/assemblee-extraordinaire-des-actionnaires-transaction-avec-orion-mine-finance\/\" \/>\n<meta property=\"og:locale\" content=\"fr_FR\" \/>\n<meta property=\"og:type\" content=\"article\" \/>\n<meta property=\"og:title\" content=\"Assembl\u00e9e extraordinaire des actionnaires - transaction avec Orion Mine Finance | Redevances OR inc.\" \/>\n<meta property=\"og:description\" content=\"AVIS DE CONVOCATION et CIRCULAIRE DE SOLLICITATION DE PROCURATIONS PAR LA DIRECTION relatifs \u00e0 L\u2019ASSEMBL\u00c9E EXTRAORDINAIRE DES ACTIONNAIRES DE REDEVANCES AURIF\u00c8RES OSISKO LT\u00c9E FORMULAIRE DE PROCURATION &nbsp;\" \/>\n<meta property=\"og:url\" content=\"https:\/\/orroyalties.com\/fr\/assemblee-extraordinaire-des-actionnaires-transaction-avec-orion-mine-finance\/\" \/>\n<meta property=\"og:site_name\" content=\"Redevances OR inc.\" \/>\n<meta property=\"article:modified_time\" content=\"2017-07-01T01:09:54+00:00\" \/>\n<meta property=\"og:image\" content=\"https:\/\/orroyalties.com\/app\/uploads\/2015\/06\/front-img-5.jpg\" \/>\n\t<meta property=\"og:image:width\" content=\"600\" \/>\n\t<meta property=\"og:image:height\" content=\"300\" \/>\n\t<meta property=\"og:image:type\" content=\"image\/jpeg\" \/>\n<script type=\"application\/ld+json\" class=\"yoast-schema-graph\">{\"@context\":\"https:\/\/schema.org\",\"@graph\":[{\"@type\":\"WebPage\",\"@id\":\"https:\/\/orroyalties.com\/fr\/assemblee-extraordinaire-des-actionnaires-transaction-avec-orion-mine-finance\/\",\"url\":\"https:\/\/orroyalties.com\/fr\/assemblee-extraordinaire-des-actionnaires-transaction-avec-orion-mine-finance\/\",\"name\":\"Assembl\u00e9e extraordinaire des actionnaires - transaction avec Orion Mine Finance | Redevances OR inc.\",\"isPartOf\":{\"@id\":\"https:\/\/orroyalties.com\/fr\/#website\"},\"datePublished\":\"2017-07-01T00:56:55+00:00\",\"dateModified\":\"2017-07-01T01:09:54+00:00\",\"breadcrumb\":{\"@id\":\"https:\/\/orroyalties.com\/fr\/assemblee-extraordinaire-des-actionnaires-transaction-avec-orion-mine-finance\/#breadcrumb\"},\"inLanguage\":\"fr-FR\",\"potentialAction\":[{\"@type\":\"ReadAction\",\"target\":[\"https:\/\/orroyalties.com\/fr\/assemblee-extraordinaire-des-actionnaires-transaction-avec-orion-mine-finance\/\"]}]},{\"@type\":\"BreadcrumbList\",\"@id\":\"https:\/\/orroyalties.com\/fr\/assemblee-extraordinaire-des-actionnaires-transaction-avec-orion-mine-finance\/#breadcrumb\",\"itemListElement\":[{\"@type\":\"ListItem\",\"position\":1,\"name\":\"Accueil\",\"item\":\"https:\/\/orroyalties.com\/fr\/\"},{\"@type\":\"ListItem\",\"position\":2,\"name\":\"Assembl\u00e9e extraordinaire des actionnaires &#8211; transaction avec Orion Mine Finance\"}]},{\"@type\":\"WebSite\",\"@id\":\"https:\/\/orroyalties.com\/fr\/#website\",\"url\":\"https:\/\/orroyalties.com\/fr\/\",\"name\":\"Redevances OR inc.\",\"description\":\"Redevances OR inc. est une soci\u00e9t\u00e9 mini\u00e8re ax\u00e9e sur les redevances aurif\u00e8res et situ\u00e9e \u00e0 Montr\u00e9al, Qu\u00e9bec.\",\"publisher\":{\"@id\":\"https:\/\/orroyalties.com\/fr\/#organization\"},\"potentialAction\":[{\"@type\":\"SearchAction\",\"target\":{\"@type\":\"EntryPoint\",\"urlTemplate\":\"https:\/\/orroyalties.com\/fr\/?s={search_term_string}\"},\"query-input\":\"required name=search_term_string\"}],\"inLanguage\":\"fr-FR\"},{\"@type\":\"Organization\",\"@id\":\"https:\/\/orroyalties.com\/fr\/#organization\",\"name\":\"Osisko Gold Royalties Ltd\",\"url\":\"https:\/\/orroyalties.com\/fr\/\",\"logo\":{\"@type\":\"ImageObject\",\"inLanguage\":\"fr-FR\",\"@id\":\"https:\/\/orroyalties.com\/fr\/#\/schema\/logo\/image\/\",\"url\":\"https:\/\/orroyalties.com\/app\/uploads\/2019\/04\/Osisko_OGR-logo_color.jpg\",\"contentUrl\":\"https:\/\/orroyalties.com\/app\/uploads\/2019\/04\/Osisko_OGR-logo_color.jpg\",\"width\":2550,\"height\":1066,\"caption\":\"Osisko Gold Royalties Ltd\"},\"image\":{\"@id\":\"https:\/\/orroyalties.com\/fr\/#\/schema\/logo\/image\/\"},\"sameAs\":[\"https:\/\/twitter.com\/OsiskoRoyalties\",\"https:\/\/www.linkedin.com\/company\/osisko-gold-royalties-ltd\"]}]}<\/script>\n<!-- \/ Yoast SEO plugin. -->","yoast_head_json":{"title":"Assembl\u00e9e extraordinaire des actionnaires - transaction avec Orion Mine Finance | Redevances OR inc.","robots":{"index":"index","follow":"follow","max-snippet":"max-snippet:-1","max-image-preview":"max-image-preview:large","max-video-preview":"max-video-preview:-1"},"canonical":"https:\/\/orroyalties.com\/fr\/assemblee-extraordinaire-des-actionnaires-transaction-avec-orion-mine-finance\/","og_locale":"fr_FR","og_type":"article","og_title":"Assembl\u00e9e extraordinaire des actionnaires - transaction avec Orion Mine Finance | Redevances OR inc.","og_description":"AVIS DE CONVOCATION et CIRCULAIRE DE SOLLICITATION DE PROCURATIONS PAR LA DIRECTION relatifs \u00e0 L\u2019ASSEMBL\u00c9E EXTRAORDINAIRE DES ACTIONNAIRES DE REDEVANCES AURIF\u00c8RES OSISKO LT\u00c9E FORMULAIRE DE PROCURATION &nbsp;","og_url":"https:\/\/orroyalties.com\/fr\/assemblee-extraordinaire-des-actionnaires-transaction-avec-orion-mine-finance\/","og_site_name":"Redevances OR inc.","article_modified_time":"2017-07-01T01:09:54+00:00","og_image":[{"width":600,"height":300,"url":"https:\/\/orroyalties.com\/app\/uploads\/2015\/06\/front-img-5.jpg","type":"image\/jpeg"}],"schema":{"@context":"https:\/\/schema.org","@graph":[{"@type":"WebPage","@id":"https:\/\/orroyalties.com\/fr\/assemblee-extraordinaire-des-actionnaires-transaction-avec-orion-mine-finance\/","url":"https:\/\/orroyalties.com\/fr\/assemblee-extraordinaire-des-actionnaires-transaction-avec-orion-mine-finance\/","name":"Assembl\u00e9e extraordinaire des actionnaires - transaction avec Orion Mine Finance | Redevances OR inc.","isPartOf":{"@id":"https:\/\/orroyalties.com\/fr\/#website"},"datePublished":"2017-07-01T00:56:55+00:00","dateModified":"2017-07-01T01:09:54+00:00","breadcrumb":{"@id":"https:\/\/orroyalties.com\/fr\/assemblee-extraordinaire-des-actionnaires-transaction-avec-orion-mine-finance\/#breadcrumb"},"inLanguage":"fr-FR","potentialAction":[{"@type":"ReadAction","target":["https:\/\/orroyalties.com\/fr\/assemblee-extraordinaire-des-actionnaires-transaction-avec-orion-mine-finance\/"]}]},{"@type":"BreadcrumbList","@id":"https:\/\/orroyalties.com\/fr\/assemblee-extraordinaire-des-actionnaires-transaction-avec-orion-mine-finance\/#breadcrumb","itemListElement":[{"@type":"ListItem","position":1,"name":"Accueil","item":"https:\/\/orroyalties.com\/fr\/"},{"@type":"ListItem","position":2,"name":"Assembl\u00e9e extraordinaire des actionnaires &#8211; transaction avec Orion Mine Finance"}]},{"@type":"WebSite","@id":"https:\/\/orroyalties.com\/fr\/#website","url":"https:\/\/orroyalties.com\/fr\/","name":"Redevances OR inc.","description":"Redevances OR inc. est une soci\u00e9t\u00e9 mini\u00e8re ax\u00e9e sur les redevances aurif\u00e8res et situ\u00e9e \u00e0 Montr\u00e9al, Qu\u00e9bec.","publisher":{"@id":"https:\/\/orroyalties.com\/fr\/#organization"},"potentialAction":[{"@type":"SearchAction","target":{"@type":"EntryPoint","urlTemplate":"https:\/\/orroyalties.com\/fr\/?s={search_term_string}"},"query-input":"required name=search_term_string"}],"inLanguage":"fr-FR"},{"@type":"Organization","@id":"https:\/\/orroyalties.com\/fr\/#organization","name":"Osisko Gold Royalties Ltd","url":"https:\/\/orroyalties.com\/fr\/","logo":{"@type":"ImageObject","inLanguage":"fr-FR","@id":"https:\/\/orroyalties.com\/fr\/#\/schema\/logo\/image\/","url":"https:\/\/orroyalties.com\/app\/uploads\/2019\/04\/Osisko_OGR-logo_color.jpg","contentUrl":"https:\/\/orroyalties.com\/app\/uploads\/2019\/04\/Osisko_OGR-logo_color.jpg","width":2550,"height":1066,"caption":"Osisko Gold Royalties Ltd"},"image":{"@id":"https:\/\/orroyalties.com\/fr\/#\/schema\/logo\/image\/"},"sameAs":["https:\/\/twitter.com\/OsiskoRoyalties","https:\/\/www.linkedin.com\/company\/osisko-gold-royalties-ltd"]}]}},"_links":{"self":[{"href":"https:\/\/orroyalties.com\/fr\/wp-json\/wp\/v2\/pages\/5496"}],"collection":[{"href":"https:\/\/orroyalties.com\/fr\/wp-json\/wp\/v2\/pages"}],"about":[{"href":"https:\/\/orroyalties.com\/fr\/wp-json\/wp\/v2\/types\/page"}],"author":[{"embeddable":true,"href":"https:\/\/orroyalties.com\/fr\/wp-json\/wp\/v2\/users\/4"}],"replies":[{"embeddable":true,"href":"https:\/\/orroyalties.com\/fr\/wp-json\/wp\/v2\/comments?post=5496"}],"version-history":[{"count":4,"href":"https:\/\/orroyalties.com\/fr\/wp-json\/wp\/v2\/pages\/5496\/revisions"}],"predecessor-version":[{"id":5507,"href":"https:\/\/orroyalties.com\/fr\/wp-json\/wp\/v2\/pages\/5496\/revisions\/5507"}],"wp:featuredmedia":[{"embeddable":true,"href":"https:\/\/orroyalties.com\/fr\/wp-json\/wp\/v2\/media\/3307"}],"wp:attachment":[{"href":"https:\/\/orroyalties.com\/fr\/wp-json\/wp\/v2\/media?parent=5496"}],"curies":[{"name":"wp","href":"https:\/\/api.w.org\/{rel}","templated":true}]}}