{"id":4229,"date":"2016-05-10T09:47:48","date_gmt":"2016-05-10T14:47:48","guid":{"rendered":"http:\/\/osiskogr.com\/?page_id=4229"},"modified":"2025-11-19T11:05:47","modified_gmt":"2025-11-19T16:05:47","slug":"videos","status":"publish","type":"page","link":"https:\/\/orroyalties.com\/fr\/medias\/videos\/","title":{"rendered":"Vid\u00e9os"},"content":{"rendered":"<div class=\"clear\"><\/div><div class=\"tabs-wrapper\"><ul class=\"tabs\"><li><a href=\"javascript:void(0)\" class=\"defaulttab\" rel=\"tab1002\"><span>2025<\/span><\/a><\/li><\/ul><div class=\"tab-content\" id=\"tab1002\"><p>&nbsp;<\/p>\n<p><strong>Novembre 2025<\/strong><\/p>\n<p>Journ\u00e9e des analystes et des investisseurs 2025<\/p>\n<p><iframe loading=\"lazy\" title=\"OR Royalties&#039; Analyst and Investor Day 2025\" width=\"1200\" height=\"675\" src=\"https:\/\/www.youtube.com\/embed\/zzHEnSu7j-c?feature=oembed\" frameborder=\"0\" allow=\"accelerometer; autoplay; clipboard-write; encrypted-media; gyroscope; picture-in-picture; web-share\" referrerpolicy=\"strict-origin-when-cross-origin\" allowfullscreen><\/iframe><\/p>\n<hr \/>\n<p><strong>Septembre 2025<\/strong><\/p>\n<p>Mining Forum Americas 2025<\/p>\n<p><a href=\"https:\/\/americas.miningforum.com\/member-webcast\/3960\/\" target=\"_blank\" rel=\"noopener\"><img loading=\"lazy\" decoding=\"async\" class=\"alignleft wp-image-13339\" src=\"https:\/\/orroyalties.com\/app\/uploads\/2025\/10\/OR-Denver_Gold_MFA2025.jpg\" alt=\"\" width=\"1295\" height=\"728\" srcset=\"https:\/\/orroyalties.com\/app\/uploads\/2025\/10\/OR-Denver_Gold_MFA2025.jpg 2146w, https:\/\/orroyalties.com\/app\/uploads\/2025\/10\/OR-Denver_Gold_MFA2025-300x169.jpg 300w, https:\/\/orroyalties.com\/app\/uploads\/2025\/10\/OR-Denver_Gold_MFA2025-1024x575.jpg 1024w, https:\/\/orroyalties.com\/app\/uploads\/2025\/10\/OR-Denver_Gold_MFA2025-768x432.jpg 768w, https:\/\/orroyalties.com\/app\/uploads\/2025\/10\/OR-Denver_Gold_MFA2025-1536x863.jpg 1536w, https:\/\/orroyalties.com\/app\/uploads\/2025\/10\/OR-Denver_Gold_MFA2025-2048x1151.jpg 2048w\" sizes=\"(max-width: 1295px) 100vw, 1295px\" \/><\/a><\/p>\n<hr \/>\n<p>&nbsp;<\/p>\n<p><strong>June 2025<\/strong><\/p>\n<p class=\"text-2xl text-white mb-4\"><span class=\"style-scope ytcp-video-list-cell-video\">The Next Chapter &#8211; OR Royal<\/span><span class=\"style-scope ytcp-video-list-cell-video\">t<\/span><span class=\"style-scope ytcp-video-list-cell-video\">ies Inc.<\/span><\/p>\n<p><iframe loading=\"lazy\" title=\"The Next Chapter - OR Royalties Inc.\" width=\"1200\" height=\"675\" src=\"https:\/\/www.youtube.com\/embed\/ARsa3TvF-Fs?feature=oembed\" frameborder=\"0\" allow=\"accelerometer; autoplay; clipboard-write; encrypted-media; gyroscope; picture-in-picture; web-share\" referrerpolicy=\"strict-origin-when-cross-origin\" allowfullscreen><\/iframe><\/p>\n<hr \/>\n<p><strong>Janvier 2025<\/strong><\/p>\n<p class=\"text-2xl text-white mb-4\">C-TV : entrevue du pr\u00e9sident et chef de la direction sur la solide performance financi\u00e8re et les perspectives<\/p>\n<p><iframe loading=\"lazy\" title=\"Osisko Gold Royalties: CEO on Strong Financial Performance, Acquisitions and Growth Outlook\" width=\"1200\" height=\"675\" src=\"https:\/\/www.youtube.com\/embed\/3LToSGHki4M?feature=oembed\" frameborder=\"0\" allow=\"accelerometer; autoplay; clipboard-write; encrypted-media; gyroscope; picture-in-picture; web-share\" referrerpolicy=\"strict-origin-when-cross-origin\" allowfullscreen><\/iframe><\/p><\/div><\/div><!-- tabs-wrapper end --><div class=\"clear\"><\/div>\n","protected":false},"excerpt":{"rendered":"","protected":false},"author":4,"featured_media":12811,"parent":81,"menu_order":0,"comment_status":"closed","ping_status":"closed","template":"","meta":{"_monsterinsights_skip_tracking":false,"_monsterinsights_sitenote_active":false,"_monsterinsights_sitenote_note":"","_monsterinsights_sitenote_category":0,"footnotes":""},"acf":[],"yoast_head":"<!-- This site is optimized with the Yoast SEO plugin v21.9.1 - https:\/\/yoast.com\/wordpress\/plugins\/seo\/ -->\n<title>Vid\u00e9os | Redevances OR inc.<\/title>\n<meta name=\"robots\" content=\"index, follow, max-snippet:-1, max-image-preview:large, max-video-preview:-1\" \/>\n<link rel=\"canonical\" href=\"https:\/\/orroyalties.com\/fr\/medias\/videos\/\" \/>\n<meta property=\"og:locale\" content=\"fr_FR\" \/>\n<meta property=\"og:type\" content=\"article\" \/>\n<meta property=\"og:title\" content=\"Vid\u00e9os | Redevances OR inc.\" \/>\n<meta property=\"og:url\" content=\"https:\/\/orroyalties.com\/fr\/medias\/videos\/\" \/>\n<meta property=\"og:site_name\" content=\"Redevances OR inc.\" \/>\n<meta property=\"article:modified_time\" content=\"2025-11-19T16:05:47+00:00\" \/>\n<meta property=\"og:image\" content=\"https:\/\/orroyalties.com\/app\/uploads\/2025\/05\/About2025.jpg\" \/>\n\t<meta property=\"og:image:width\" content=\"2000\" \/>\n\t<meta property=\"og:image:height\" content=\"864\" \/>\n\t<meta property=\"og:image:type\" content=\"image\/jpeg\" \/>\n<meta name=\"twitter:label1\" content=\"Est. reading time\" \/>\n\t<meta name=\"twitter:data1\" content=\"1 minute\" \/>\n<script type=\"application\/ld+json\" class=\"yoast-schema-graph\">{\"@context\":\"https:\/\/schema.org\",\"@graph\":[{\"@type\":\"WebPage\",\"@id\":\"https:\/\/orroyalties.com\/fr\/medias\/videos\/\",\"url\":\"https:\/\/orroyalties.com\/fr\/medias\/videos\/\",\"name\":\"Vid\u00e9os | Redevances OR inc.\",\"isPartOf\":{\"@id\":\"https:\/\/orroyalties.com\/fr\/#website\"},\"datePublished\":\"2016-05-10T14:47:48+00:00\",\"dateModified\":\"2025-11-19T16:05:47+00:00\",\"breadcrumb\":{\"@id\":\"https:\/\/orroyalties.com\/fr\/medias\/videos\/#breadcrumb\"},\"inLanguage\":\"fr-FR\",\"potentialAction\":[{\"@type\":\"ReadAction\",\"target\":[\"https:\/\/orroyalties.com\/fr\/medias\/videos\/\"]}]},{\"@type\":\"BreadcrumbList\",\"@id\":\"https:\/\/orroyalties.com\/fr\/medias\/videos\/#breadcrumb\",\"itemListElement\":[{\"@type\":\"ListItem\",\"position\":1,\"name\":\"Accueil\",\"item\":\"https:\/\/orroyalties.com\/fr\/\"},{\"@type\":\"ListItem\",\"position\":2,\"name\":\"M\u00e9dias\",\"item\":\"https:\/\/orroyalties.com\/fr\/medias\/\"},{\"@type\":\"ListItem\",\"position\":3,\"name\":\"Vid\u00e9os\"}]},{\"@type\":\"WebSite\",\"@id\":\"https:\/\/orroyalties.com\/fr\/#website\",\"url\":\"https:\/\/orroyalties.com\/fr\/\",\"name\":\"Redevances OR inc.\",\"description\":\"Redevances OR inc. est une soci\u00e9t\u00e9 mini\u00e8re ax\u00e9e sur les redevances aurif\u00e8res et situ\u00e9e \u00e0 Montr\u00e9al, Qu\u00e9bec.\",\"publisher\":{\"@id\":\"https:\/\/orroyalties.com\/fr\/#organization\"},\"potentialAction\":[{\"@type\":\"SearchAction\",\"target\":{\"@type\":\"EntryPoint\",\"urlTemplate\":\"https:\/\/orroyalties.com\/fr\/?s={search_term_string}\"},\"query-input\":\"required name=search_term_string\"}],\"inLanguage\":\"fr-FR\"},{\"@type\":\"Organization\",\"@id\":\"https:\/\/orroyalties.com\/fr\/#organization\",\"name\":\"Osisko Gold Royalties Ltd\",\"url\":\"https:\/\/orroyalties.com\/fr\/\",\"logo\":{\"@type\":\"ImageObject\",\"inLanguage\":\"fr-FR\",\"@id\":\"https:\/\/orroyalties.com\/fr\/#\/schema\/logo\/image\/\",\"url\":\"https:\/\/orroyalties.com\/app\/uploads\/2019\/04\/Osisko_OGR-logo_color.jpg\",\"contentUrl\":\"https:\/\/orroyalties.com\/app\/uploads\/2019\/04\/Osisko_OGR-logo_color.jpg\",\"width\":2550,\"height\":1066,\"caption\":\"Osisko Gold Royalties Ltd\"},\"image\":{\"@id\":\"https:\/\/orroyalties.com\/fr\/#\/schema\/logo\/image\/\"},\"sameAs\":[\"https:\/\/twitter.com\/OsiskoRoyalties\",\"https:\/\/www.linkedin.com\/company\/osisko-gold-royalties-ltd\"]}]}<\/script>\n<!-- \/ Yoast SEO plugin. -->","yoast_head_json":{"title":"Vid\u00e9os | Redevances OR inc.","robots":{"index":"index","follow":"follow","max-snippet":"max-snippet:-1","max-image-preview":"max-image-preview:large","max-video-preview":"max-video-preview:-1"},"canonical":"https:\/\/orroyalties.com\/fr\/medias\/videos\/","og_locale":"fr_FR","og_type":"article","og_title":"Vid\u00e9os | Redevances OR inc.","og_url":"https:\/\/orroyalties.com\/fr\/medias\/videos\/","og_site_name":"Redevances OR inc.","article_modified_time":"2025-11-19T16:05:47+00:00","og_image":[{"width":2000,"height":864,"url":"https:\/\/orroyalties.com\/app\/uploads\/2025\/05\/About2025.jpg","type":"image\/jpeg"}],"twitter_misc":{"Est. reading time":"1 minute"},"schema":{"@context":"https:\/\/schema.org","@graph":[{"@type":"WebPage","@id":"https:\/\/orroyalties.com\/fr\/medias\/videos\/","url":"https:\/\/orroyalties.com\/fr\/medias\/videos\/","name":"Vid\u00e9os | Redevances OR inc.","isPartOf":{"@id":"https:\/\/orroyalties.com\/fr\/#website"},"datePublished":"2016-05-10T14:47:48+00:00","dateModified":"2025-11-19T16:05:47+00:00","breadcrumb":{"@id":"https:\/\/orroyalties.com\/fr\/medias\/videos\/#breadcrumb"},"inLanguage":"fr-FR","potentialAction":[{"@type":"ReadAction","target":["https:\/\/orroyalties.com\/fr\/medias\/videos\/"]}]},{"@type":"BreadcrumbList","@id":"https:\/\/orroyalties.com\/fr\/medias\/videos\/#breadcrumb","itemListElement":[{"@type":"ListItem","position":1,"name":"Accueil","item":"https:\/\/orroyalties.com\/fr\/"},{"@type":"ListItem","position":2,"name":"M\u00e9dias","item":"https:\/\/orroyalties.com\/fr\/medias\/"},{"@type":"ListItem","position":3,"name":"Vid\u00e9os"}]},{"@type":"WebSite","@id":"https:\/\/orroyalties.com\/fr\/#website","url":"https:\/\/orroyalties.com\/fr\/","name":"Redevances OR inc.","description":"Redevances OR inc. est une soci\u00e9t\u00e9 mini\u00e8re ax\u00e9e sur les redevances aurif\u00e8res et situ\u00e9e \u00e0 Montr\u00e9al, Qu\u00e9bec.","publisher":{"@id":"https:\/\/orroyalties.com\/fr\/#organization"},"potentialAction":[{"@type":"SearchAction","target":{"@type":"EntryPoint","urlTemplate":"https:\/\/orroyalties.com\/fr\/?s={search_term_string}"},"query-input":"required name=search_term_string"}],"inLanguage":"fr-FR"},{"@type":"Organization","@id":"https:\/\/orroyalties.com\/fr\/#organization","name":"Osisko Gold Royalties Ltd","url":"https:\/\/orroyalties.com\/fr\/","logo":{"@type":"ImageObject","inLanguage":"fr-FR","@id":"https:\/\/orroyalties.com\/fr\/#\/schema\/logo\/image\/","url":"https:\/\/orroyalties.com\/app\/uploads\/2019\/04\/Osisko_OGR-logo_color.jpg","contentUrl":"https:\/\/orroyalties.com\/app\/uploads\/2019\/04\/Osisko_OGR-logo_color.jpg","width":2550,"height":1066,"caption":"Osisko Gold Royalties Ltd"},"image":{"@id":"https:\/\/orroyalties.com\/fr\/#\/schema\/logo\/image\/"},"sameAs":["https:\/\/twitter.com\/OsiskoRoyalties","https:\/\/www.linkedin.com\/company\/osisko-gold-royalties-ltd"]}]}},"_links":{"self":[{"href":"https:\/\/orroyalties.com\/fr\/wp-json\/wp\/v2\/pages\/4229"}],"collection":[{"href":"https:\/\/orroyalties.com\/fr\/wp-json\/wp\/v2\/pages"}],"about":[{"href":"https:\/\/orroyalties.com\/fr\/wp-json\/wp\/v2\/types\/page"}],"author":[{"embeddable":true,"href":"https:\/\/orroyalties.com\/fr\/wp-json\/wp\/v2\/users\/4"}],"replies":[{"embeddable":true,"href":"https:\/\/orroyalties.com\/fr\/wp-json\/wp\/v2\/comments?post=4229"}],"version-history":[{"count":80,"href":"https:\/\/orroyalties.com\/fr\/wp-json\/wp\/v2\/pages\/4229\/revisions"}],"predecessor-version":[{"id":13407,"href":"https:\/\/orroyalties.com\/fr\/wp-json\/wp\/v2\/pages\/4229\/revisions\/13407"}],"up":[{"embeddable":true,"href":"https:\/\/orroyalties.com\/fr\/wp-json\/wp\/v2\/pages\/81"}],"wp:featuredmedia":[{"embeddable":true,"href":"https:\/\/orroyalties.com\/fr\/wp-json\/wp\/v2\/media\/12811"}],"wp:attachment":[{"href":"https:\/\/orroyalties.com\/fr\/wp-json\/wp\/v2\/media?parent=4229"}],"curies":[{"name":"wp","href":"https:\/\/api.w.org\/{rel}","templated":true}]}}