{"id":32,"date":"2015-02-03T09:41:38","date_gmt":"2015-02-03T14:41:38","guid":{"rendered":"http:\/\/localhost\/osisko\/?page_id=32"},"modified":"2025-06-19T14:20:47","modified_gmt":"2025-06-19T19:20:47","slug":"avis-juridique","status":"publish","type":"page","link":"https:\/\/orroyalties.com\/fr\/avis-juridique\/","title":{"rendered":"Avis juridique"},"content":{"rendered":"<p><a>LES MODALIT\u00c9S QUI SUIVENT R\u00c9GISSENT L\u2019UTILISATION DU SITE WEB WWW.ORROYALTIES.COM\/FR\/ (CE \u00ab SITE \u00bb OU NOTRE <\/a><a>\u00ab\u00a0SITE\u00a0\u00bb<\/a><a>). EN ACC\u00c9DANT \u00c0 CE SITE, VOUS INDIQUEZ QUE VOUS ACCEPTEZ CES MODALIT\u00c9S.<\/a><\/p>\n<p><strong>Modalit\u00e9 d&rsquo;utilisation<\/strong><\/p>\n<p>Ce Site constitue uniquement une source d\u2019information g\u00e9n\u00e9rale concernant Redevances OR inc. (ou la \u00ab Soci\u00e9t\u00e9 \u00bb) qui est mise \u00e0 la disposition du public. Bien que les renseignements qui y figurent soient cens\u00e9s \u00eatre exacts, nous ne faisons aucune d\u00e9claration ni ne donnons aucune garantie quant \u00e0 l\u2019exactitude, au caract\u00e8re appropri\u00e9 ou \u00e0 l\u2019exhaustivit\u00e9 de ces renseignements ni quant \u00e0 l\u2019adaptation de ces renseignements \u00e0 une fin donn\u00e9e. De plus, nous ne faisons aucune d\u00e9claration ni ne donnons aucune garantie quant \u00e0 l\u2019absence de virus informatiques sur ce Site. Les faits et les renseignements communiqu\u00e9s aux utilisateurs ne le sont qu\u2019\u00e0 titre d\u2019information. Les utilisateurs devraient se fier aux renseignements se trouvant sur ce Site uniquement pour obtenir des renseignements g\u00e9n\u00e9raux sur Redevances OR inc. Les renseignements peuvent \u00eatre modifi\u00e9s ou mis \u00e0 jour sans avis de temps \u00e0 autres.<\/p>\n<p>L\u2019acc\u00e8s \u00e0 d\u2019autres sites\u00a0Web par l\u2019interm\u00e9diaire de ce\u00a0Site ne vous est offert qu\u2019\u00e0 des fins pratiques. Ces autres sites\u00a0Web sont ind\u00e9pendants de ce\u00a0Site et nous n\u2019exer\u00e7ons aucun contr\u00f4le sur leur disponibilit\u00e9 ou leur contenu. Le fait qu\u2019il y ait un hyperlien vers ces sites\u00a0Web ne signifie pas que nous en approuvons l\u2019utilisation ou le contenu ni que nous en assumons la responsabilit\u00e9.<\/p>\n<p>Par cons\u00e9quent, ni nous ni aucune personne ayant un lien avec nous ni aucune autre partie qui participe \u00e0 la cr\u00e9ation, \u00e0 la production ou \u00e0 la fourniture de ce\u00a0Site n\u2019assumerons quelque responsabilit\u00e9 que ce soit \u00e0 l\u2019\u00e9gard des dommages int\u00e9r\u00eats directs, indirects, accessoires, cons\u00e9cutifs ou punitifs, des pertes, des obligations, des frais ou des co\u00fbts, de quelque nature qu\u2019ils soient, qui d\u00e9couleraient du fait que quiconque ait acc\u00e8s \u00e0 ce\u00a0Site ou \u00e0 un site\u00a0Web qui fait l\u2019objet d\u2019un hyperlien sur ce\u00a0Site ou utilise ou ne puisse pas utiliser ce\u00a0Site ou un site\u00a0Web qui fait l\u2019objet d\u2019un tel hyperlien.<\/p>\n<p><strong>Mise en garde au sujet des \u00e9nonc\u00e9s prospectifs<\/strong><\/p>\n<p>L\u2019information contenue dans ce Site ne devrait pas \u00eatre assimil\u00e9e \u00e0 un prospectus, \u00e0 un soutien officiel pour toute activit\u00e9 de mobilisation de fonds ni \u00e0 une invitation d\u2019investir dans les actions ou autres titres ou instruments de Redevances OR inc. ou d\u2019une personne ayant un lien avec elle, ou de les n\u00e9gocier autrement.<\/p>\n<p>Ce Site renferme des \u00ab \u00e9nonc\u00e9s prospectifs \u00bb, au sens des lois sur les valeurs mobili\u00e8res canadiennes applicables, relativement aux activit\u00e9s, \u00e0 l\u2019exploitation et au rendement financier et \u00e0 la situation financi\u00e8re de Redevances OR inc.. Tous les \u00e9nonc\u00e9s figurant sur ce Site qui ne sont pas des \u00e9nonc\u00e9s de faits ou des \u00e9nonc\u00e9s qui font r\u00e9f\u00e9rence \u00e0 des \u00e9v\u00e9nements ou \u00e0 des d\u00e9veloppements que Redevances OR inc. pr\u00e9voit sont des \u00ab \u00e9nonc\u00e9s prospectifs \u00bb. Les \u00ab \u00e9nonc\u00e9s prospectifs \u00bb sont g\u00e9n\u00e9ralement, mais pas forc\u00e9ment, signal\u00e9s par l\u2019emploi de mots comme \u00ab pr\u00e9voit \u00bb, \u00ab planifie \u00bb, \u00ab anticipe \u00bb, \u00ab croit \u00bb, \u00ab a l\u2019intention de \u00bb, \u00ab estime \u00bb, \u00ab projette \u00bb, \u00ab potentiel \u00bb, \u00ab pr\u00e9vu \u00bb et d\u2019autres expressions semblables, ou indiquent que des \u00e9v\u00e8nements ou des conditions \u00ab se produiront \u00bb ou \u00ab pourraient \u00bb ou \u00ab devraient \u00bb se produire et comprennent des \u00e9nonc\u00e9s concernant le rendement des actifs de Redevances OR inc., le potentiel de Redevances OR inc., les prix futurs de l\u2019or et de l\u2019argent, le calendrier et la quantit\u00e9 de la production future estimative, les co\u00fbts de production, les fluctuations des taux de change, les d\u00e9penses en immobilisations, le calendrier de l\u2019obtention des permis, les exigences en mati\u00e8re de capital futur, les r\u00e9sultats de forage et l\u2019estimation des ressources min\u00e9rales et des r\u00e9serves min\u00e9rales.<\/p>\n<p>Bien que Redevances OR inc. soit d\u2019avis que les attentes exprim\u00e9es dans les \u00ab \u00e9nonc\u00e9s prospectifs \u00bb contenus sur ce site se fondent sur des hypoth\u00e8ses raisonnables, toutefois ces \u00ab \u00e9nonc\u00e9s prospectifs \u00bb ne garantissent pas le rendement futur, et les r\u00e9sultats r\u00e9els pourraient diff\u00e9rer sensiblement de ceux pr\u00e9vus dans les \u00ab \u00e9nonc\u00e9s prospectifs \u00bb. Rien ne garantit que ces attentes se r\u00e9v\u00e9leront exactes et il ne faudrait pas se fier aux \u00ab \u00e9nonc\u00e9s prospectifs \u00bb contenus sur ce Site. Parmi les facteurs qui pourraient faire en sorte que les r\u00e9sultats r\u00e9els diff\u00e8rent sensiblement de ceux pr\u00e9vus dans les \u00ab \u00e9nonc\u00e9s prospectifs \u00bb, citons les prix de l\u2019or, les droits de redevance de Redevances OR inc., le rendement de la mine Canadian Malartic, le rendement de la mine \u00c9l\u00e9onore, l\u2019acc\u00e8s \u00e0 des consultants qualifi\u00e9s, les r\u00e9sultats des activit\u00e9s d\u2019exploitation, d\u2019exploration et de d\u00e9veloppement miniers, avec les op\u00e9rations mini\u00e8res au stade de la production et de la mise en valeur, les risques non assur\u00e9s, l\u2019\u00e9volution de la r\u00e9glementation, les vices de titre, la disponibilit\u00e9 de la main-d\u2019\u0153uvre, du mat\u00e9riel et de l\u2019\u00e9quipement, les d\u00e9lais d\u2019obtention des approbations gouvernementales ou judiciaires, le rendement r\u00e9el des installations, de l\u2019\u00e9quipement et des proc\u00e9d\u00e9s par rapport aux sp\u00e9cifications et aux attentes, les impacts environnementaux impr\u00e9vus sur l\u2019exploitation, les prix sur le march\u00e9, l\u2019acc\u00e8s soutenu \u00e0 des capitaux et \u00e0 du financement, la conjoncture \u00e9conomique et commerciale g\u00e9n\u00e9rale ainsi que les conditions g\u00e9n\u00e9rales sur les march\u00e9s.<\/p>\n<p>Bon nombre de facteurs, tant connus qu\u2019inconnus, pourraient faire en sorte que les r\u00e9sultats r\u00e9els soient sensiblement diff\u00e9rents de ceux exprim\u00e9s ou sous\u2011entendus dans les \u00ab \u00e9nonc\u00e9s prospectifs \u00bb contenus sur ce site. Pour plus de d\u00e9tails au sujet de ces facteurs et hypoth\u00e8ses ainsi que des autres facteurs et hypoth\u00e8ses qui sous-tendent les \u00e9nonc\u00e9s prospectifs, se reporter \u00e0 la section intitul\u00e9e \u00ab Facteurs de risque \u00bb de la plus r\u00e9cente notice annuelle de Redevances OR inc. d\u00e9pos\u00e9e aupr\u00e8s des commissions en valeurs mobili\u00e8res canadiennes, et disponibles en versions \u00e9lectroniques sous le profil de l\u2019\u00e9metteur de Redevances OR inc. sur SEDAR, au <a href=\"http:\/\/www.sedar.com\/\" rel=\"nofollow\">www.sedar.com<\/a>, et aupr\u00e8s de la Securities and Exchange Commission (\u00ab SEC \u00bb) aux \u00c9tats-Unis, sur EDGAR, au\u00a0<a href=\"http:\/\/www.sec.gov\/\" rel=\"nofollow\">www.sec.gov<\/a>.<\/p>\n<p>Les investisseurs et les autres lecteurs qui se fondent sur les \u00ab \u00e9nonc\u00e9s prospectifs \u00bb contenus sur ce site devraient porter une attention particuli\u00e8re aux facteurs mentionn\u00e9s ci-dessus ainsi qu&rsquo;aux incertitudes qu\u2019ils impliquent et aux risques qu\u2019ils comportent. De plus, ces \u00ab \u00e9nonc\u00e9s prospectifs \u00bb pourraient ne pas convenir dans le cadre de l\u2019\u00e9tablissement de priorit\u00e9s et d\u2019objectifs strat\u00e9giques, de strat\u00e9gies ou de d\u00e9marches \u00e0 venir, d\u2019objectifs et de projections d\u2019ordre financier autres que ceux qui sont mentionn\u00e9s ci-dessus. Les \u00e9nonc\u00e9s prospectifs figurant sur ce Site sont express\u00e9ment vis\u00e9s par la pr\u00e9sente mise en garde. Redevances OR inc. n\u2019assume aucunement l\u2019obligation de mettre \u00e0 jour ou de r\u00e9viser publiquement les \u00e9nonc\u00e9s prospectifs, que ce soit par suite de l\u2019obtention de nouveaux renseignements, en raison d\u2019\u00e9v\u00e9nements futurs ou pour toute autre raison, sauf si la loi applicable l\u2019exige.<\/p>\n<p><strong>Marques de commerce et droit d&rsquo;auteur<\/strong><\/p>\n<p>Certains noms, \u00e9l\u00e9ments graphiques, logos, ic\u00f4nes, dessins, mots, titres ou expressions contenus dans ce Site peuvent constituer des noms commerciaux ou des marques de commerce de Redevances OR inc. L\u2019affichage d\u2019une marque de commerce ne suppose pas qu\u2019une quelconque licence permettant son utilisation a \u00e9t\u00e9 accord\u00e9e. Tous les renseignements communiqu\u00e9s dans les pages de ce Site sont prot\u00e9g\u00e9s en vertu des lois sur le droit d\u2019auteur du Canada et d\u2019autres pays. \u00c0 moins d\u2019indication contraire, aucun utilisateur n\u2019a l\u2019autorisation de copier, de redistribuer, de reproduire ou de republier, sous quelque forme que ce soit, des renseignements figurant sur ce Site. Tout utilisateur qui, sans avoir obtenu d\u2019autorisation, retransmet, copie ou modifie des marques de commerce peut violer les lois f\u00e9d\u00e9rales ou de common law sur les marques de commerce et\/ou le droit d\u2019auteur, et peut faire l\u2019objet d\u2019une action en justice.<\/p>\n<p><strong>Divulgation de r\u00e9serves min\u00e9rales et de ressources min\u00e9rales<\/strong><\/p>\n<p>Tout utilisateur de ce\u00a0Site doit savoir qu\u2019en vertu du\u00a0R\u00e8glement\u00a043-101 sur l\u2019information concernant les projets miniers, les lois sur les valeurs mobili\u00e8res canadiennes exigent que chaque cat\u00e9gorie de r\u00e9serves min\u00e9rales et de ressources min\u00e9rales soit pr\u00e9sent\u00e9e s\u00e9par\u00e9ment. Les utilisateurs devraient consulter les documents publics d\u00e9pos\u00e9s par la\u00a0Soci\u00e9t\u00e9 afin d\u2019obtenir ces renseignements d\u00e9taill\u00e9s. Ces documents peuvent \u00eatre consult\u00e9s sur\u00a0SEDAR, \u00e0 l\u2019adresse\u00a0<a href=\"http:\/\/www.sedar.com\" target=\"_blank\" rel=\"noopener\">www.sedar.com<\/a>, sous le profil de l\u2019\u00e9metteur de Redevances OR inc.<\/p>\n<p><strong>Avis de non-responsabilit\u00e9<\/strong><\/p>\n<p>La\u00a0Soci\u00e9t\u00e9 met r\u00e9guli\u00e8rement \u00e0 jour les renseignements communiqu\u00e9s sur ce\u00a0Site. Toutefois, ces renseignements ne donnent pas une image compl\u00e8te des activit\u00e9s de la\u00a0Soci\u00e9t\u00e9 et sont pr\u00e9sent\u00e9s sans aucune forme de d\u00e9claration, de garantie ou de promesse, qu\u2019elle soit expresse ou implicite, quant \u00e0 leur exactitude ou \u00e0 leur exhaustivit\u00e9 ni quant au fait qu\u2019ils aient \u00e9t\u00e9 mis \u00e0 jour en temps opportun. \u00c0 cet \u00e9gard, la Soci\u00e9t\u00e9 r\u00e9voque express\u00e9ment toute responsabilit\u00e9 quant aux garanties, qu\u2019elles soient expresses ou implicites, notamment toute garantie relative \u00e0 la qualit\u00e9 ou \u00e0 la conformit\u00e9 du r\u00e9sultat obtenu.<\/p>\n<p>Tout document figurant sur ce Site peut \u00eatre inexact, omettre certains renseignements ou renfermer des erreurs typographiques; Redevances OR inc. n\u2019assume aucune responsabilit\u00e9 \u00e0 leur \u00e9gard. Redevances OR inc., ses administrateurs, ses membres de la direction, ses employ\u00e9s, ses repr\u00e9sentants et ses conseillers ne seront en aucun cas tenus responsables des r\u00e9clamations ou des dommages int\u00e9r\u00eats, directs ou indirects, particuliers ou cons\u00e9cutifs, engag\u00e9s par l\u2019utilisateur du fait de l\u2019interpr\u00e9tation de l\u2019information contenue dans les pages de ce Site ou du fait qu\u2019il se soit fi\u00e9 \u00e0 cette information ou qu\u2019il en ait fait un autre usage.<\/p>\n<p>Ce Site contient des liens vers des sites Web qui appartiennent \u00e0 d\u2019autres entit\u00e9s qui ne sont pas membres du m\u00eame groupe que Redevances OR inc. ou qui n\u2019ont pas de lien avec elle, ou qui sont exploit\u00e9s par de telles entit\u00e9s. Ces liens ne vous sont fournis que pour des raisons pratiques et le fait qu\u2019un lien soit inclus ne suppose aucunement que Redevances OR inc. approuve le site Web li\u00e9 ou l\u2019information qu\u2019il renferme ou encore les pratiques en mati\u00e8re de s\u00e9curit\u00e9 ou de protection des renseignements confidentiels qu\u2019il pr\u00e9conise, qu\u2019elle les ait examin\u00e9s ou qu\u2019elle les ait v\u00e9rifi\u00e9s. Redevances OR inc. n\u2019assume aucune responsabilit\u00e9 quant au contenu d\u2019autres sites Web li\u00e9s et ne fait aucune d\u00e9claration ni ne donne aucune garantie quant \u00e0 d\u2019autres sites Web ou quant \u00e0 leur contenu. Si vous d\u00e9cidez d\u2019acc\u00e9der \u00e0 d\u2019autres sites Web, vous le faites \u00e0 vos risques et vous convenez d\u2019indemniser Redevances OR inc. et de la tenir \u00e0 couvert \u00e0 l\u2019\u00e9gard des co\u00fbts ou des obligations engag\u00e9s. Le colonnage de ce Site ou de son contenu sous quelque forme que ce soit ou par quelque m\u00e9thode que ce soit est strictement interdit. Ce Site peut afficher du contenu ou des pages de sites Web tiers. Redevances OR inc. ne s\u2019engage aucunement \u00e0 s\u2019assurer que le contenu ou les pages de tiers figurant sur ce Site sont \u00e0 jour ou exacts.<\/p>\n<p><strong>Politique en mati\u00e8re de confidentialit\u00e9<\/strong><\/p>\n<p>Redevances OR inc. accorde la plus grande importance \u00e0 la conservation et \u00e0 la protection de vos renseignements personnels. Dans le but d\u2019assurer le respect le plus total de vos droits dans ce domaine, nous avons \u00e9labor\u00e9 une politique qui \u00e9nonce clairement nos pratiques relatives \u00e0 l\u2019utilisation des renseignements que nous obtenons sur vous.<\/p>\n<p><strong>Donn\u00e9es de navigation<\/strong><\/p>\n<p>Lorsque vous naviguez sur ce Site, vous le faites de fa\u00e7on anonyme. Redevances OR inc. ne recueille pas de renseignements personnels. \u00c0 des fins statistiques seulement, nous enregistrons automatiquement votre domaine et votre adresse IP (soit l\u2019adresse Internet de votre ordinateur) lorsque vous visitez ce Site pour que nous ayons une id\u00e9e des sections de ce Site que vous visitez et du temps que vous y passez. Toutefois, cette information ne permet pas de vous identifier en tant que personne. Elle permet seulement d\u2019identifier l\u2019ordinateur que vous utilisez pour regarder ce Site et de d\u00e9terminer approximativement votre emplacement g\u00e9ographique.<\/p>\n<p>Les t\u00e9moins (cookies) sont de petits fichiers texte qui sont plac\u00e9s sur votre ordinateur par les sites\u00a0Web que vous visitez pour leur permettre de fonctionner ou de fonctionner plus efficacement et d\u2019obtenir des renseignements. Ce\u00a0Site utilise les t\u00e9moins\u00a0Google Analytics pour recueillir de l\u2019information sur l\u2019utilisation de ce\u00a0Site par les visiteurs. Ce service s\u2019est dot\u00e9 d\u2019une politique de confidentialit\u00e9 qui lui est propre et qui se trouve \u00e0 l\u2019adresse\u00a0URL suivante\u00a0: <a href=\"http:\/\/www.google.com\/intl\/fr-CA\/policies\/privacy\/\" target=\"_blank\" rel=\"noopener\">http:\/\/www.google.com\/intl\/fr-CA\/policies\/privacy\/<\/a>. Nous utilisons cette information pour compiler des rapports et nous aider \u00e0 am\u00e9liorer nos sites\u00a0Web ainsi que l\u2019exp\u00e9rience utilisateur. Les t\u00e9moins recueillent de l\u2019information de fa\u00e7on anonyme, y compris le nombre de visiteurs du site, d\u2019o\u00f9 provenaient les visiteurs du site et les pages qu\u2019ils ont visit\u00e9es. En acc\u00e9dant \u00e0 nos sites\u00a0Web et en les utilisant, vous consentez au traitement des donn\u00e9es vous concernant aux fins indiqu\u00e9es ci-dessus.<\/p>\n<p>Vos navigateurs\u00a0Web peuvent permettre un certain contr\u00f4le des t\u00e9moins au moyen des param\u00e8tres de votre navigateur. Pour en savoir plus sur les t\u00e9moins, notamment pour savoir quels t\u00e9moins ont \u00e9t\u00e9 plac\u00e9s et la fa\u00e7on de les g\u00e9rer et de les supprimer, visitez <a href=\"http:\/\/www.allaboutcookies.org\/fr\/\" target=\"_blank\" rel=\"noopener\">http:\/\/www.allaboutcookies.org\/fr\/<\/a>. Si vous voulez d\u00e9sactiver\u00a0Google Analytics sur tous les sites\u00a0Web, visitez <a href=\"http:\/\/tools.google.com\/dlpage\/gaoptout\" target=\"_blank\" rel=\"noopener\">http:\/\/tools.google.com\/dlpage\/gaoptout<\/a>.<\/p>\n","protected":false},"excerpt":{"rendered":"<p>LES MODALIT\u00c9S QUI SUIVENT R\u00c9GISSENT L\u2019UTILISATION DU SITE WEB WWW.ORROYALTIES.COM\/FR\/ (CE \u00ab SITE \u00bb OU NOTRE \u00ab\u00a0SITE\u00a0\u00bb). EN ACC\u00c9DANT \u00c0 CE SITE, VOUS INDIQUEZ QUE VOUS ACCEPTEZ CES MODALIT\u00c9S. Modalit\u00e9 d&rsquo;utilisation Ce Site constitue uniquement une source d\u2019information g\u00e9n\u00e9rale concernant Redevances OR inc. (ou la \u00ab Soci\u00e9t\u00e9 \u00bb) qui est mise \u00e0 la disposition du [&hellip;]<\/p>\n","protected":false},"author":2,"featured_media":12811,"parent":0,"menu_order":106,"comment_status":"closed","ping_status":"closed","template":"","meta":{"_monsterinsights_skip_tracking":false,"_monsterinsights_sitenote_active":false,"_monsterinsights_sitenote_note":"","_monsterinsights_sitenote_category":0,"footnotes":""},"acf":[],"yoast_head":"<!-- This site is optimized with the Yoast SEO plugin v21.9.1 - https:\/\/yoast.com\/wordpress\/plugins\/seo\/ -->\n<title>Avis juridique | Redevances OR inc.<\/title>\n<meta name=\"description\" content=\"Les modalit\u00e9s de cet avis juridique r\u00e9gissent l\u2019utilisation du site web www.orroyalties.com\/fr. En acc\u00e9dant \u00e0 ce site, vous indiquez que vous les acceptez.\" \/>\n<meta name=\"robots\" content=\"index, follow, max-snippet:-1, max-image-preview:large, max-video-preview:-1\" \/>\n<link rel=\"canonical\" href=\"https:\/\/orroyalties.com\/fr\/avis-juridique\/\" \/>\n<meta property=\"og:locale\" content=\"fr_FR\" \/>\n<meta property=\"og:type\" content=\"article\" \/>\n<meta property=\"og:title\" content=\"Avis juridique | Redevances OR inc.\" \/>\n<meta property=\"og:description\" content=\"Les modalit\u00e9s de cet avis juridique r\u00e9gissent l\u2019utilisation du site web www.orroyalties.com\/fr. En acc\u00e9dant \u00e0 ce site, vous indiquez que vous les acceptez.\" \/>\n<meta property=\"og:url\" content=\"https:\/\/orroyalties.com\/fr\/avis-juridique\/\" \/>\n<meta property=\"og:site_name\" content=\"Redevances OR inc.\" \/>\n<meta property=\"article:modified_time\" content=\"2025-06-19T19:20:47+00:00\" \/>\n<meta property=\"og:image\" content=\"https:\/\/orroyalties.com\/app\/uploads\/2025\/05\/About2025.jpg\" \/>\n\t<meta property=\"og:image:width\" content=\"2000\" \/>\n\t<meta property=\"og:image:height\" content=\"864\" \/>\n\t<meta property=\"og:image:type\" content=\"image\/jpeg\" \/>\n<meta name=\"twitter:label1\" content=\"Est. reading time\" \/>\n\t<meta name=\"twitter:data1\" content=\"11 minutes\" \/>\n<script type=\"application\/ld+json\" class=\"yoast-schema-graph\">{\"@context\":\"https:\/\/schema.org\",\"@graph\":[{\"@type\":\"WebPage\",\"@id\":\"https:\/\/orroyalties.com\/fr\/avis-juridique\/\",\"url\":\"https:\/\/orroyalties.com\/fr\/avis-juridique\/\",\"name\":\"Avis juridique | Redevances OR inc.\",\"isPartOf\":{\"@id\":\"https:\/\/orroyalties.com\/fr\/#website\"},\"datePublished\":\"2015-02-03T14:41:38+00:00\",\"dateModified\":\"2025-06-19T19:20:47+00:00\",\"description\":\"Les modalit\u00e9s de cet avis juridique r\u00e9gissent l\u2019utilisation du site web www.orroyalties.com\/fr. En acc\u00e9dant \u00e0 ce site, vous indiquez que vous les acceptez.\",\"breadcrumb\":{\"@id\":\"https:\/\/orroyalties.com\/fr\/avis-juridique\/#breadcrumb\"},\"inLanguage\":\"fr-FR\",\"potentialAction\":[{\"@type\":\"ReadAction\",\"target\":[\"https:\/\/orroyalties.com\/fr\/avis-juridique\/\"]}]},{\"@type\":\"BreadcrumbList\",\"@id\":\"https:\/\/orroyalties.com\/fr\/avis-juridique\/#breadcrumb\",\"itemListElement\":[{\"@type\":\"ListItem\",\"position\":1,\"name\":\"Accueil\",\"item\":\"https:\/\/orroyalties.com\/fr\/\"},{\"@type\":\"ListItem\",\"position\":2,\"name\":\"Avis juridique\"}]},{\"@type\":\"WebSite\",\"@id\":\"https:\/\/orroyalties.com\/fr\/#website\",\"url\":\"https:\/\/orroyalties.com\/fr\/\",\"name\":\"Redevances OR inc.\",\"description\":\"Redevances OR inc. est une soci\u00e9t\u00e9 mini\u00e8re ax\u00e9e sur les redevances aurif\u00e8res et situ\u00e9e \u00e0 Montr\u00e9al, Qu\u00e9bec.\",\"publisher\":{\"@id\":\"https:\/\/orroyalties.com\/fr\/#organization\"},\"potentialAction\":[{\"@type\":\"SearchAction\",\"target\":{\"@type\":\"EntryPoint\",\"urlTemplate\":\"https:\/\/orroyalties.com\/fr\/?s={search_term_string}\"},\"query-input\":\"required name=search_term_string\"}],\"inLanguage\":\"fr-FR\"},{\"@type\":\"Organization\",\"@id\":\"https:\/\/orroyalties.com\/fr\/#organization\",\"name\":\"Osisko Gold Royalties Ltd\",\"url\":\"https:\/\/orroyalties.com\/fr\/\",\"logo\":{\"@type\":\"ImageObject\",\"inLanguage\":\"fr-FR\",\"@id\":\"https:\/\/orroyalties.com\/fr\/#\/schema\/logo\/image\/\",\"url\":\"https:\/\/orroyalties.com\/app\/uploads\/2019\/04\/Osisko_OGR-logo_color.jpg\",\"contentUrl\":\"https:\/\/orroyalties.com\/app\/uploads\/2019\/04\/Osisko_OGR-logo_color.jpg\",\"width\":2550,\"height\":1066,\"caption\":\"Osisko Gold Royalties Ltd\"},\"image\":{\"@id\":\"https:\/\/orroyalties.com\/fr\/#\/schema\/logo\/image\/\"},\"sameAs\":[\"https:\/\/twitter.com\/OsiskoRoyalties\",\"https:\/\/www.linkedin.com\/company\/osisko-gold-royalties-ltd\"]}]}<\/script>\n<!-- \/ Yoast SEO plugin. -->","yoast_head_json":{"title":"Avis juridique | Redevances OR inc.","description":"Les modalit\u00e9s de cet avis juridique r\u00e9gissent l\u2019utilisation du site web www.orroyalties.com\/fr. En acc\u00e9dant \u00e0 ce site, vous indiquez que vous les acceptez.","robots":{"index":"index","follow":"follow","max-snippet":"max-snippet:-1","max-image-preview":"max-image-preview:large","max-video-preview":"max-video-preview:-1"},"canonical":"https:\/\/orroyalties.com\/fr\/avis-juridique\/","og_locale":"fr_FR","og_type":"article","og_title":"Avis juridique | Redevances OR inc.","og_description":"Les modalit\u00e9s de cet avis juridique r\u00e9gissent l\u2019utilisation du site web www.orroyalties.com\/fr. En acc\u00e9dant \u00e0 ce site, vous indiquez que vous les acceptez.","og_url":"https:\/\/orroyalties.com\/fr\/avis-juridique\/","og_site_name":"Redevances OR inc.","article_modified_time":"2025-06-19T19:20:47+00:00","og_image":[{"width":2000,"height":864,"url":"https:\/\/orroyalties.com\/app\/uploads\/2025\/05\/About2025.jpg","type":"image\/jpeg"}],"twitter_misc":{"Est. reading time":"11 minutes"},"schema":{"@context":"https:\/\/schema.org","@graph":[{"@type":"WebPage","@id":"https:\/\/orroyalties.com\/fr\/avis-juridique\/","url":"https:\/\/orroyalties.com\/fr\/avis-juridique\/","name":"Avis juridique | Redevances OR inc.","isPartOf":{"@id":"https:\/\/orroyalties.com\/fr\/#website"},"datePublished":"2015-02-03T14:41:38+00:00","dateModified":"2025-06-19T19:20:47+00:00","description":"Les modalit\u00e9s de cet avis juridique r\u00e9gissent l\u2019utilisation du site web www.orroyalties.com\/fr. En acc\u00e9dant \u00e0 ce site, vous indiquez que vous les acceptez.","breadcrumb":{"@id":"https:\/\/orroyalties.com\/fr\/avis-juridique\/#breadcrumb"},"inLanguage":"fr-FR","potentialAction":[{"@type":"ReadAction","target":["https:\/\/orroyalties.com\/fr\/avis-juridique\/"]}]},{"@type":"BreadcrumbList","@id":"https:\/\/orroyalties.com\/fr\/avis-juridique\/#breadcrumb","itemListElement":[{"@type":"ListItem","position":1,"name":"Accueil","item":"https:\/\/orroyalties.com\/fr\/"},{"@type":"ListItem","position":2,"name":"Avis juridique"}]},{"@type":"WebSite","@id":"https:\/\/orroyalties.com\/fr\/#website","url":"https:\/\/orroyalties.com\/fr\/","name":"Redevances OR inc.","description":"Redevances OR inc. est une soci\u00e9t\u00e9 mini\u00e8re ax\u00e9e sur les redevances aurif\u00e8res et situ\u00e9e \u00e0 Montr\u00e9al, Qu\u00e9bec.","publisher":{"@id":"https:\/\/orroyalties.com\/fr\/#organization"},"potentialAction":[{"@type":"SearchAction","target":{"@type":"EntryPoint","urlTemplate":"https:\/\/orroyalties.com\/fr\/?s={search_term_string}"},"query-input":"required name=search_term_string"}],"inLanguage":"fr-FR"},{"@type":"Organization","@id":"https:\/\/orroyalties.com\/fr\/#organization","name":"Osisko Gold Royalties Ltd","url":"https:\/\/orroyalties.com\/fr\/","logo":{"@type":"ImageObject","inLanguage":"fr-FR","@id":"https:\/\/orroyalties.com\/fr\/#\/schema\/logo\/image\/","url":"https:\/\/orroyalties.com\/app\/uploads\/2019\/04\/Osisko_OGR-logo_color.jpg","contentUrl":"https:\/\/orroyalties.com\/app\/uploads\/2019\/04\/Osisko_OGR-logo_color.jpg","width":2550,"height":1066,"caption":"Osisko Gold Royalties Ltd"},"image":{"@id":"https:\/\/orroyalties.com\/fr\/#\/schema\/logo\/image\/"},"sameAs":["https:\/\/twitter.com\/OsiskoRoyalties","https:\/\/www.linkedin.com\/company\/osisko-gold-royalties-ltd"]}]}},"_links":{"self":[{"href":"https:\/\/orroyalties.com\/fr\/wp-json\/wp\/v2\/pages\/32"}],"collection":[{"href":"https:\/\/orroyalties.com\/fr\/wp-json\/wp\/v2\/pages"}],"about":[{"href":"https:\/\/orroyalties.com\/fr\/wp-json\/wp\/v2\/types\/page"}],"author":[{"embeddable":true,"href":"https:\/\/orroyalties.com\/fr\/wp-json\/wp\/v2\/users\/2"}],"replies":[{"embeddable":true,"href":"https:\/\/orroyalties.com\/fr\/wp-json\/wp\/v2\/comments?post=32"}],"version-history":[{"count":11,"href":"https:\/\/orroyalties.com\/fr\/wp-json\/wp\/v2\/pages\/32\/revisions"}],"predecessor-version":[{"id":13113,"href":"https:\/\/orroyalties.com\/fr\/wp-json\/wp\/v2\/pages\/32\/revisions\/13113"}],"wp:featuredmedia":[{"embeddable":true,"href":"https:\/\/orroyalties.com\/fr\/wp-json\/wp\/v2\/media\/12811"}],"wp:attachment":[{"href":"https:\/\/orroyalties.com\/fr\/wp-json\/wp\/v2\/media?parent=32"}],"curies":[{"name":"wp","href":"https:\/\/api.w.org\/{rel}","templated":true}]}}