{"id":3160,"date":"2015-05-28T11:43:13","date_gmt":"2015-05-28T16:43:13","guid":{"rendered":"http:\/\/osiskogr.com\/?page_id=3160"},"modified":"2026-01-30T15:56:23","modified_gmt":"2026-01-30T20:56:23","slug":"carrieres","status":"publish","type":"page","link":"https:\/\/orroyalties.com\/fr\/carrieres\/","title":{"rendered":"Carri\u00e8res"},"content":{"rendered":"<p>Voici la liste des emplois disponibles chez Redevances OR inc. Pri\u00e8re de faire parvenir votre CV \u00e0 <a href=\"mailto:carrieres@orroyalties.com\">carrieres@ORroyalties.com<\/a> <strong>ou \u00e0 l&rsquo;adresse mentionn\u00e9e dans l&rsquo;affichage de poste<\/strong>, en prenant soin de mentionner le poste pour lequel vous appliquez dans le sujet du courriel. Seuls les candidats retenus pour une entrevue seront contact\u00e9s.<\/p>\n<hr \/>\n<p><em>Aucune opportunit\u00e9 d&#8217;emploi disponible pour le moment<\/em><\/p>\n<hr \/>\n<p><strong>Mise en garde contre de fausses offres de recrutement<\/strong><\/p>\n<p><em>Redevances OR inc. a r\u00e9cemment \u00e9t\u00e9 inform\u00e9e des tentatives de certaines personnes \u00e0 solliciter des paiements aupr\u00e8s de chercheurs d\u2019emploi pour identifier les possibilit\u00e9s d&#8217;emploi ou couvrir certaines d\u00e9penses. D&rsquo;autres canulars de recrutement demandent aux chercheurs d&#8217;emploi des informations personnelles compl\u00e8tes avant les entrevues. Ces recruteurs ne sont en aucun cas associ\u00e9s \u00e0 Redevances OR inc. qui n\u2019effectue pas ses activit\u00e9s de recrutement de cette mani\u00e8re.<\/em><\/p>\n<p><em>Nous d\u00e9sirons aviser les chercheurs d&#8217;emploi de v\u00e9rifier attentivement et de confirmer les informations d&rsquo;identification de toute personne qui se dit associ\u00e9e \u00e0 Redevances OR inc. avant de r\u00e9pondre \u00e0 toute publicit\u00e9 et\/ou sollicitation par courrier \u00e9lectronique. Nous demandons aux chercheurs d&#8217;emploi d&rsquo;\u00e9valuer de mani\u00e8re critique les demandes faites par de tels recruteurs. Les demandes inhabituelles (telles que les demandes d&rsquo;informations bancaires, les copies de passeport, etc.) peuvent signifier que le recruteur n&rsquo;est pas engag\u00e9 dans une activit\u00e9 commerciale l\u00e9gitime.<\/em><\/p>\n<p><em>Les opportunit\u00e9s de carri\u00e8re de Redevances OR inc. sont annonc\u00e9es sur notre site Web. Les chercheurs d&#8217;emploi peuvent voir et postuler sur celles-ci directement tels qu\u2019identifi\u00e9s dans les offres d&#8217;emploi.<\/em><\/p>\n<p>&nbsp;<\/p>\n","protected":false},"excerpt":{"rendered":"<p>Voici la liste des emplois disponibles chez Redevances OR inc. Pri\u00e8re de faire parvenir votre CV \u00e0 carrieres@ORroyalties.com ou \u00e0 l&rsquo;adresse mentionn\u00e9e dans l&rsquo;affichage de poste, en prenant soin de mentionner le poste pour lequel vous appliquez dans le sujet du courriel. Seuls les candidats retenus pour une entrevue seront contact\u00e9s. Aucune opportunit\u00e9 d&#8217;emploi disponible [&hellip;]<\/p>\n","protected":false},"author":4,"featured_media":9838,"parent":0,"menu_order":0,"comment_status":"closed","ping_status":"closed","template":"page-templates\/page-fullwidth.php","meta":{"_monsterinsights_skip_tracking":false,"_monsterinsights_sitenote_active":false,"_monsterinsights_sitenote_note":"","_monsterinsights_sitenote_category":0,"footnotes":""},"acf":[],"yoast_head":"<!-- This site is optimized with the Yoast SEO plugin v21.9.1 - https:\/\/yoast.com\/wordpress\/plugins\/seo\/ -->\n<title>Carri\u00e8res | Redevances OR inc.<\/title>\n<meta name=\"description\" content=\"Opportunit\u00e9s de carri\u00e8res chez Redevances OR inc.\" \/>\n<meta name=\"robots\" content=\"index, follow, max-snippet:-1, max-image-preview:large, max-video-preview:-1\" \/>\n<link rel=\"canonical\" href=\"https:\/\/orroyalties.com\/fr\/carrieres\/\" \/>\n<meta property=\"og:locale\" content=\"fr_FR\" \/>\n<meta property=\"og:type\" content=\"article\" \/>\n<meta property=\"og:title\" content=\"Carri\u00e8res | Redevances OR inc.\" \/>\n<meta property=\"og:description\" content=\"Opportunit\u00e9s de carri\u00e8res chez Redevances OR inc.\" \/>\n<meta property=\"og:url\" content=\"https:\/\/orroyalties.com\/fr\/carrieres\/\" \/>\n<meta property=\"og:site_name\" content=\"Redevances OR inc.\" \/>\n<meta property=\"article:modified_time\" content=\"2026-01-30T20:56:23+00:00\" \/>\n<meta property=\"og:image\" content=\"https:\/\/orroyalties.com\/app\/uploads\/2022\/03\/Carrieres2022.jpg\" \/>\n\t<meta property=\"og:image:width\" content=\"1600\" \/>\n\t<meta property=\"og:image:height\" content=\"800\" \/>\n\t<meta property=\"og:image:type\" content=\"image\/jpeg\" \/>\n<meta name=\"twitter:label1\" content=\"Est. reading time\" \/>\n\t<meta name=\"twitter:data1\" content=\"2 minutes\" \/>\n<script type=\"application\/ld+json\" class=\"yoast-schema-graph\">{\"@context\":\"https:\/\/schema.org\",\"@graph\":[{\"@type\":\"WebPage\",\"@id\":\"https:\/\/orroyalties.com\/fr\/carrieres\/\",\"url\":\"https:\/\/orroyalties.com\/fr\/carrieres\/\",\"name\":\"Carri\u00e8res | Redevances OR inc.\",\"isPartOf\":{\"@id\":\"https:\/\/orroyalties.com\/fr\/#website\"},\"datePublished\":\"2015-05-28T16:43:13+00:00\",\"dateModified\":\"2026-01-30T20:56:23+00:00\",\"description\":\"Opportunit\u00e9s de carri\u00e8res chez Redevances OR inc.\",\"breadcrumb\":{\"@id\":\"https:\/\/orroyalties.com\/fr\/carrieres\/#breadcrumb\"},\"inLanguage\":\"fr-FR\",\"potentialAction\":[{\"@type\":\"ReadAction\",\"target\":[\"https:\/\/orroyalties.com\/fr\/carrieres\/\"]}]},{\"@type\":\"BreadcrumbList\",\"@id\":\"https:\/\/orroyalties.com\/fr\/carrieres\/#breadcrumb\",\"itemListElement\":[{\"@type\":\"ListItem\",\"position\":1,\"name\":\"Accueil\",\"item\":\"https:\/\/orroyalties.com\/fr\/\"},{\"@type\":\"ListItem\",\"position\":2,\"name\":\"Carri\u00e8res\"}]},{\"@type\":\"WebSite\",\"@id\":\"https:\/\/orroyalties.com\/fr\/#website\",\"url\":\"https:\/\/orroyalties.com\/fr\/\",\"name\":\"Redevances OR inc.\",\"description\":\"Redevances OR inc. est une soci\u00e9t\u00e9 mini\u00e8re ax\u00e9e sur les redevances aurif\u00e8res et situ\u00e9e \u00e0 Montr\u00e9al, Qu\u00e9bec.\",\"publisher\":{\"@id\":\"https:\/\/orroyalties.com\/fr\/#organization\"},\"potentialAction\":[{\"@type\":\"SearchAction\",\"target\":{\"@type\":\"EntryPoint\",\"urlTemplate\":\"https:\/\/orroyalties.com\/fr\/?s={search_term_string}\"},\"query-input\":\"required name=search_term_string\"}],\"inLanguage\":\"fr-FR\"},{\"@type\":\"Organization\",\"@id\":\"https:\/\/orroyalties.com\/fr\/#organization\",\"name\":\"Osisko Gold Royalties Ltd\",\"url\":\"https:\/\/orroyalties.com\/fr\/\",\"logo\":{\"@type\":\"ImageObject\",\"inLanguage\":\"fr-FR\",\"@id\":\"https:\/\/orroyalties.com\/fr\/#\/schema\/logo\/image\/\",\"url\":\"https:\/\/orroyalties.com\/app\/uploads\/2019\/04\/Osisko_OGR-logo_color.jpg\",\"contentUrl\":\"https:\/\/orroyalties.com\/app\/uploads\/2019\/04\/Osisko_OGR-logo_color.jpg\",\"width\":2550,\"height\":1066,\"caption\":\"Osisko Gold Royalties Ltd\"},\"image\":{\"@id\":\"https:\/\/orroyalties.com\/fr\/#\/schema\/logo\/image\/\"},\"sameAs\":[\"https:\/\/twitter.com\/OsiskoRoyalties\",\"https:\/\/www.linkedin.com\/company\/osisko-gold-royalties-ltd\"]}]}<\/script>\n<!-- \/ Yoast SEO plugin. -->","yoast_head_json":{"title":"Carri\u00e8res | Redevances OR inc.","description":"Opportunit\u00e9s de carri\u00e8res chez Redevances OR inc.","robots":{"index":"index","follow":"follow","max-snippet":"max-snippet:-1","max-image-preview":"max-image-preview:large","max-video-preview":"max-video-preview:-1"},"canonical":"https:\/\/orroyalties.com\/fr\/carrieres\/","og_locale":"fr_FR","og_type":"article","og_title":"Carri\u00e8res | Redevances OR inc.","og_description":"Opportunit\u00e9s de carri\u00e8res chez Redevances OR inc.","og_url":"https:\/\/orroyalties.com\/fr\/carrieres\/","og_site_name":"Redevances OR inc.","article_modified_time":"2026-01-30T20:56:23+00:00","og_image":[{"width":1600,"height":800,"url":"https:\/\/orroyalties.com\/app\/uploads\/2022\/03\/Carrieres2022.jpg","type":"image\/jpeg"}],"twitter_misc":{"Est. reading time":"2 minutes"},"schema":{"@context":"https:\/\/schema.org","@graph":[{"@type":"WebPage","@id":"https:\/\/orroyalties.com\/fr\/carrieres\/","url":"https:\/\/orroyalties.com\/fr\/carrieres\/","name":"Carri\u00e8res | Redevances OR inc.","isPartOf":{"@id":"https:\/\/orroyalties.com\/fr\/#website"},"datePublished":"2015-05-28T16:43:13+00:00","dateModified":"2026-01-30T20:56:23+00:00","description":"Opportunit\u00e9s de carri\u00e8res chez Redevances OR inc.","breadcrumb":{"@id":"https:\/\/orroyalties.com\/fr\/carrieres\/#breadcrumb"},"inLanguage":"fr-FR","potentialAction":[{"@type":"ReadAction","target":["https:\/\/orroyalties.com\/fr\/carrieres\/"]}]},{"@type":"BreadcrumbList","@id":"https:\/\/orroyalties.com\/fr\/carrieres\/#breadcrumb","itemListElement":[{"@type":"ListItem","position":1,"name":"Accueil","item":"https:\/\/orroyalties.com\/fr\/"},{"@type":"ListItem","position":2,"name":"Carri\u00e8res"}]},{"@type":"WebSite","@id":"https:\/\/orroyalties.com\/fr\/#website","url":"https:\/\/orroyalties.com\/fr\/","name":"Redevances OR inc.","description":"Redevances OR inc. est une soci\u00e9t\u00e9 mini\u00e8re ax\u00e9e sur les redevances aurif\u00e8res et situ\u00e9e \u00e0 Montr\u00e9al, Qu\u00e9bec.","publisher":{"@id":"https:\/\/orroyalties.com\/fr\/#organization"},"potentialAction":[{"@type":"SearchAction","target":{"@type":"EntryPoint","urlTemplate":"https:\/\/orroyalties.com\/fr\/?s={search_term_string}"},"query-input":"required name=search_term_string"}],"inLanguage":"fr-FR"},{"@type":"Organization","@id":"https:\/\/orroyalties.com\/fr\/#organization","name":"Osisko Gold Royalties Ltd","url":"https:\/\/orroyalties.com\/fr\/","logo":{"@type":"ImageObject","inLanguage":"fr-FR","@id":"https:\/\/orroyalties.com\/fr\/#\/schema\/logo\/image\/","url":"https:\/\/orroyalties.com\/app\/uploads\/2019\/04\/Osisko_OGR-logo_color.jpg","contentUrl":"https:\/\/orroyalties.com\/app\/uploads\/2019\/04\/Osisko_OGR-logo_color.jpg","width":2550,"height":1066,"caption":"Osisko Gold Royalties Ltd"},"image":{"@id":"https:\/\/orroyalties.com\/fr\/#\/schema\/logo\/image\/"},"sameAs":["https:\/\/twitter.com\/OsiskoRoyalties","https:\/\/www.linkedin.com\/company\/osisko-gold-royalties-ltd"]}]}},"_links":{"self":[{"href":"https:\/\/orroyalties.com\/fr\/wp-json\/wp\/v2\/pages\/3160"}],"collection":[{"href":"https:\/\/orroyalties.com\/fr\/wp-json\/wp\/v2\/pages"}],"about":[{"href":"https:\/\/orroyalties.com\/fr\/wp-json\/wp\/v2\/types\/page"}],"author":[{"embeddable":true,"href":"https:\/\/orroyalties.com\/fr\/wp-json\/wp\/v2\/users\/4"}],"replies":[{"embeddable":true,"href":"https:\/\/orroyalties.com\/fr\/wp-json\/wp\/v2\/comments?post=3160"}],"version-history":[{"count":50,"href":"https:\/\/orroyalties.com\/fr\/wp-json\/wp\/v2\/pages\/3160\/revisions"}],"predecessor-version":[{"id":13541,"href":"https:\/\/orroyalties.com\/fr\/wp-json\/wp\/v2\/pages\/3160\/revisions\/13541"}],"wp:featuredmedia":[{"embeddable":true,"href":"https:\/\/orroyalties.com\/fr\/wp-json\/wp\/v2\/media\/9838"}],"wp:attachment":[{"href":"https:\/\/orroyalties.com\/fr\/wp-json\/wp\/v2\/media?parent=3160"}],"curies":[{"name":"wp","href":"https:\/\/api.w.org\/{rel}","templated":true}]}}