{"id":2476,"date":"2015-03-16T09:26:33","date_gmt":"2015-03-16T14:26:33","guid":{"rendered":"http:\/\/osisko.o2web.biz\/?page_id=2476"},"modified":"2017-08-16T12:09:07","modified_gmt":"2017-08-16T17:09:07","slug":"investissements","status":"publish","type":"page","link":"https:\/\/orroyalties.com\/fr\/investissements\/","title":{"rendered":"Investissements"},"content":{"rendered":"<p style=\"margin-bottom: 10px;\">Les actifs de la Soci\u00e9t\u00e9 comprennent un portefeuille d\u2019actions de soci\u00e9t\u00e9s cot\u00e9es en bourse. Osisko investit, et a l\u2019intention de continuer \u00e0 investir, de temps \u00e0 autre, dans les soci\u00e9t\u00e9s o\u00f9 elle d\u00e9tient un droit de redevance, de flux ou autre et dans diverses soci\u00e9t\u00e9s dans le secteur de l\u2019industrie mini\u00e8re \u00e0 des fins d\u2019investissement, et avec l\u2019objectif d\u2019am\u00e9liorer sa capacit\u00e9 \u00e0 acqu\u00e9rir des int\u00e9r\u00eats dans des actifs d\u2019exploration, des redevances ou des flux de revenus futurs. En plus des objectifs d&rsquo;investissements, dans certains cas, la Soci\u00e9t\u00e9 peut d\u00e9cider de jouer un r\u00f4le plus actif, en fournissant du personnel de gestion, un soutien technique et\/ou administratif ainsi qu\u2019en nommant des individus au conseil d\u2019administration des soci\u00e9t\u00e9s dans lesquelles elle investit.<\/p>\n<p style=\"margin-bottom: 10px;\">Ces placements comprennent principalement les soci\u00e9t\u00e9s suivantes (au 30 juin 2017) :<\/p>\n<div class=\"table-responsive\">\n<table class=\"table-f\">\n<thead>\n<tr>\n<th style=\"text-align: left;\" colspan=\"3\"><a href=\"http:\/\/www.osiskomining.com\" target=\"_blank\"><img loading=\"lazy\" decoding=\"async\" class=\"alignnone size-full wp-image-3286\" title=\"Osisko Mining Inc.\" src=\"http:\/\/orroyalties.com\/app\/uploads\/2016\/10\/OSK_MINING_LOGO_FR.jpg\" alt=\"Osisko Mining Inc.\" width=\"259\" height=\"102\" \/><\/a><\/th>\n<\/tr>\n<\/thead>\n<tbody>\n<tr>\n<td><strong>Localisation<\/strong><\/td>\n<td><strong>% d\u00e9tenu<\/strong><\/td>\n<td colspan=\"4\"><strong>Redevance Windfall<\/strong><\/td>\n<\/tr>\n<\/tbody>\n<tbody>\n<tr>\n<td>Qu\u00e9bec<\/td>\n<td>15,7<\/td>\n<td colspan=\"4\">1,5\u00a0% NSR<\/td>\n<\/tr>\n<\/tbody>\n<\/table>\n<\/div>\n<div class=\"table-responsive\">\n<table class=\"table-f\">\n<thead>\n<tr>\n<th style=\"text-align: left;\" colspan=\"3\"><a href=\"http:\/\/www.barkervillegold.com\/\" target=\"_blank\"><img loading=\"lazy\" decoding=\"async\" class=\"alignnone size-full wp-image-3286\" title=\"Barkerville Gild Mines\" src=\"http:\/\/orroyalties.com\/app\/uploads\/2015\/09\/BGM.jpg\" alt=\"Barkerville\" width=\"102\" height=\"102\" \/><\/a><\/th>\n<\/tr>\n<\/thead>\n<tbody>\n<tr>\n<td><strong>Localisation<\/strong><\/td>\n<td><strong>% d\u00e9tenu<\/strong><\/td>\n<td colspan=\"4\"><strong>Redevance<\/strong><\/td>\n<\/tr>\n<\/tbody>\n<tbody>\n<tr>\n<td>Colombie-Britannique<\/td>\n<td>33,4<\/td>\n<td colspan=\"4\">2,25 % NSR<\/td>\n<\/tr>\n<\/tbody>\n<\/table>\n<\/div>\n<div class=\"table-responsive\">\n<table class=\"table-f\">\n<thead>\n<tr>\n<th style=\"text-align: left;\" colspan=\"3\"><a href=\"http:\/\/www.falcores.com\/French\/home\/default.aspx\" target=\"_blank\"><img loading=\"lazy\" decoding=\"async\" class=\"alignleft wp-image-2483 size-full\" title=\"Ressources Falco\" src=\"http:\/\/orroyalties.com\/app\/uploads\/2015\/03\/falco.jpg\" alt=\"Logo de Ressources Falco\" width=\"259\" height=\"78\" \/><\/a><\/th>\n<\/tr>\n<\/thead>\n<tbody>\n<tr>\n<td style=\"text-align: center;\"><strong>Localisation<\/strong><\/td>\n<td style=\"text-align: center;\"><strong>% d\u00e9tenu<\/strong><\/td>\n<td style=\"text-align: center;\"><strong>Redevance<\/strong><\/td>\n<\/tr>\n<\/tbody>\n<tbody>\n<tr>\n<td style=\"text-align: center;\">Qu\u00e9bec<\/td>\n<td style=\"text-align: center;\">13,3<\/td>\n<td style=\"text-align: center;\">1 % NSR<\/td>\n<\/tr>\n<\/tbody>\n<\/table>\n<\/div>\n","protected":false},"excerpt":{"rendered":"<p>Les actifs de la Soci\u00e9t\u00e9 comprennent un portefeuille d\u2019actions de soci\u00e9t\u00e9s cot\u00e9es en bourse. Osisko investit, et a l\u2019intention de continuer \u00e0 investir, de temps \u00e0 autre, dans les soci\u00e9t\u00e9s o\u00f9 elle d\u00e9tient un droit de redevance, de flux ou autre et dans diverses soci\u00e9t\u00e9s dans le secteur de l\u2019industrie mini\u00e8re \u00e0 des fins d\u2019investissement, [&hellip;]<\/p>\n","protected":false},"author":4,"featured_media":3248,"parent":0,"menu_order":0,"comment_status":"closed","ping_status":"closed","template":"","meta":{"_monsterinsights_skip_tracking":false,"_monsterinsights_sitenote_active":false,"_monsterinsights_sitenote_note":"","_monsterinsights_sitenote_category":0,"footnotes":""},"acf":[],"yoast_head":"<!-- This site is optimized with the Yoast SEO plugin v21.9.1 - https:\/\/yoast.com\/wordpress\/plugins\/seo\/ -->\n<title>Investissements | Osisko<\/title>\n<meta name=\"description\" content=\"Investissements par prises de participation dans des soci\u00e9t\u00e9s mini\u00e8res juniors.\" \/>\n<meta name=\"robots\" content=\"index, follow, max-snippet:-1, max-image-preview:large, max-video-preview:-1\" \/>\n<link rel=\"canonical\" href=\"https:\/\/orroyalties.com\/fr\/investissements\/\" \/>\n<meta property=\"og:locale\" content=\"fr_FR\" \/>\n<meta property=\"og:type\" content=\"article\" \/>\n<meta property=\"og:title\" content=\"Investissements | Osisko\" \/>\n<meta property=\"og:description\" content=\"Investissements par prises de participation dans des soci\u00e9t\u00e9s mini\u00e8res juniors.\" \/>\n<meta property=\"og:url\" content=\"https:\/\/orroyalties.com\/fr\/investissements\/\" \/>\n<meta property=\"og:site_name\" content=\"Redevances OR inc.\" \/>\n<meta property=\"article:modified_time\" content=\"2017-08-16T17:09:07+00:00\" \/>\n<meta property=\"og:image\" content=\"https:\/\/orroyalties.com\/app\/uploads\/2015\/06\/explo.jpg\" \/>\n\t<meta property=\"og:image:width\" content=\"1600\" \/>\n\t<meta property=\"og:image:height\" content=\"800\" \/>\n\t<meta property=\"og:image:type\" content=\"image\/jpeg\" \/>\n<meta name=\"twitter:label1\" content=\"Est. reading time\" \/>\n\t<meta name=\"twitter:data1\" content=\"1 minute\" \/>\n<script type=\"application\/ld+json\" class=\"yoast-schema-graph\">{\"@context\":\"https:\/\/schema.org\",\"@graph\":[{\"@type\":\"WebPage\",\"@id\":\"https:\/\/orroyalties.com\/fr\/investissements\/\",\"url\":\"https:\/\/orroyalties.com\/fr\/investissements\/\",\"name\":\"Investissements | Osisko\",\"isPartOf\":{\"@id\":\"https:\/\/orroyalties.com\/fr\/#website\"},\"datePublished\":\"2015-03-16T14:26:33+00:00\",\"dateModified\":\"2017-08-16T17:09:07+00:00\",\"description\":\"Investissements par prises de participation dans des soci\u00e9t\u00e9s mini\u00e8res juniors.\",\"breadcrumb\":{\"@id\":\"https:\/\/orroyalties.com\/fr\/investissements\/#breadcrumb\"},\"inLanguage\":\"fr-FR\",\"potentialAction\":[{\"@type\":\"ReadAction\",\"target\":[\"https:\/\/orroyalties.com\/fr\/investissements\/\"]}]},{\"@type\":\"BreadcrumbList\",\"@id\":\"https:\/\/orroyalties.com\/fr\/investissements\/#breadcrumb\",\"itemListElement\":[{\"@type\":\"ListItem\",\"position\":1,\"name\":\"Accueil\",\"item\":\"https:\/\/orroyalties.com\/fr\/\"},{\"@type\":\"ListItem\",\"position\":2,\"name\":\"Investissements\"}]},{\"@type\":\"WebSite\",\"@id\":\"https:\/\/orroyalties.com\/fr\/#website\",\"url\":\"https:\/\/orroyalties.com\/fr\/\",\"name\":\"Redevances OR inc.\",\"description\":\"Redevances OR inc. est une soci\u00e9t\u00e9 mini\u00e8re ax\u00e9e sur les redevances aurif\u00e8res et situ\u00e9e \u00e0 Montr\u00e9al, Qu\u00e9bec.\",\"publisher\":{\"@id\":\"https:\/\/orroyalties.com\/fr\/#organization\"},\"potentialAction\":[{\"@type\":\"SearchAction\",\"target\":{\"@type\":\"EntryPoint\",\"urlTemplate\":\"https:\/\/orroyalties.com\/fr\/?s={search_term_string}\"},\"query-input\":\"required name=search_term_string\"}],\"inLanguage\":\"fr-FR\"},{\"@type\":\"Organization\",\"@id\":\"https:\/\/orroyalties.com\/fr\/#organization\",\"name\":\"Osisko Gold Royalties Ltd\",\"url\":\"https:\/\/orroyalties.com\/fr\/\",\"logo\":{\"@type\":\"ImageObject\",\"inLanguage\":\"fr-FR\",\"@id\":\"https:\/\/orroyalties.com\/fr\/#\/schema\/logo\/image\/\",\"url\":\"https:\/\/orroyalties.com\/app\/uploads\/2019\/04\/Osisko_OGR-logo_color.jpg\",\"contentUrl\":\"https:\/\/orroyalties.com\/app\/uploads\/2019\/04\/Osisko_OGR-logo_color.jpg\",\"width\":2550,\"height\":1066,\"caption\":\"Osisko Gold Royalties Ltd\"},\"image\":{\"@id\":\"https:\/\/orroyalties.com\/fr\/#\/schema\/logo\/image\/\"},\"sameAs\":[\"https:\/\/twitter.com\/OsiskoRoyalties\",\"https:\/\/www.linkedin.com\/company\/osisko-gold-royalties-ltd\"]}]}<\/script>\n<!-- \/ Yoast SEO plugin. -->","yoast_head_json":{"title":"Investissements | Osisko","description":"Investissements par prises de participation dans des soci\u00e9t\u00e9s mini\u00e8res juniors.","robots":{"index":"index","follow":"follow","max-snippet":"max-snippet:-1","max-image-preview":"max-image-preview:large","max-video-preview":"max-video-preview:-1"},"canonical":"https:\/\/orroyalties.com\/fr\/investissements\/","og_locale":"fr_FR","og_type":"article","og_title":"Investissements | Osisko","og_description":"Investissements par prises de participation dans des soci\u00e9t\u00e9s mini\u00e8res juniors.","og_url":"https:\/\/orroyalties.com\/fr\/investissements\/","og_site_name":"Redevances OR inc.","article_modified_time":"2017-08-16T17:09:07+00:00","og_image":[{"width":1600,"height":800,"url":"https:\/\/orroyalties.com\/app\/uploads\/2015\/06\/explo.jpg","type":"image\/jpeg"}],"twitter_misc":{"Est. reading time":"1 minute"},"schema":{"@context":"https:\/\/schema.org","@graph":[{"@type":"WebPage","@id":"https:\/\/orroyalties.com\/fr\/investissements\/","url":"https:\/\/orroyalties.com\/fr\/investissements\/","name":"Investissements | Osisko","isPartOf":{"@id":"https:\/\/orroyalties.com\/fr\/#website"},"datePublished":"2015-03-16T14:26:33+00:00","dateModified":"2017-08-16T17:09:07+00:00","description":"Investissements par prises de participation dans des soci\u00e9t\u00e9s mini\u00e8res juniors.","breadcrumb":{"@id":"https:\/\/orroyalties.com\/fr\/investissements\/#breadcrumb"},"inLanguage":"fr-FR","potentialAction":[{"@type":"ReadAction","target":["https:\/\/orroyalties.com\/fr\/investissements\/"]}]},{"@type":"BreadcrumbList","@id":"https:\/\/orroyalties.com\/fr\/investissements\/#breadcrumb","itemListElement":[{"@type":"ListItem","position":1,"name":"Accueil","item":"https:\/\/orroyalties.com\/fr\/"},{"@type":"ListItem","position":2,"name":"Investissements"}]},{"@type":"WebSite","@id":"https:\/\/orroyalties.com\/fr\/#website","url":"https:\/\/orroyalties.com\/fr\/","name":"Redevances OR inc.","description":"Redevances OR inc. est une soci\u00e9t\u00e9 mini\u00e8re ax\u00e9e sur les redevances aurif\u00e8res et situ\u00e9e \u00e0 Montr\u00e9al, Qu\u00e9bec.","publisher":{"@id":"https:\/\/orroyalties.com\/fr\/#organization"},"potentialAction":[{"@type":"SearchAction","target":{"@type":"EntryPoint","urlTemplate":"https:\/\/orroyalties.com\/fr\/?s={search_term_string}"},"query-input":"required name=search_term_string"}],"inLanguage":"fr-FR"},{"@type":"Organization","@id":"https:\/\/orroyalties.com\/fr\/#organization","name":"Osisko Gold Royalties Ltd","url":"https:\/\/orroyalties.com\/fr\/","logo":{"@type":"ImageObject","inLanguage":"fr-FR","@id":"https:\/\/orroyalties.com\/fr\/#\/schema\/logo\/image\/","url":"https:\/\/orroyalties.com\/app\/uploads\/2019\/04\/Osisko_OGR-logo_color.jpg","contentUrl":"https:\/\/orroyalties.com\/app\/uploads\/2019\/04\/Osisko_OGR-logo_color.jpg","width":2550,"height":1066,"caption":"Osisko Gold Royalties Ltd"},"image":{"@id":"https:\/\/orroyalties.com\/fr\/#\/schema\/logo\/image\/"},"sameAs":["https:\/\/twitter.com\/OsiskoRoyalties","https:\/\/www.linkedin.com\/company\/osisko-gold-royalties-ltd"]}]}},"_links":{"self":[{"href":"https:\/\/orroyalties.com\/fr\/wp-json\/wp\/v2\/pages\/2476"}],"collection":[{"href":"https:\/\/orroyalties.com\/fr\/wp-json\/wp\/v2\/pages"}],"about":[{"href":"https:\/\/orroyalties.com\/fr\/wp-json\/wp\/v2\/types\/page"}],"author":[{"embeddable":true,"href":"https:\/\/orroyalties.com\/fr\/wp-json\/wp\/v2\/users\/4"}],"replies":[{"embeddable":true,"href":"https:\/\/orroyalties.com\/fr\/wp-json\/wp\/v2\/comments?post=2476"}],"version-history":[{"count":40,"href":"https:\/\/orroyalties.com\/fr\/wp-json\/wp\/v2\/pages\/2476\/revisions"}],"predecessor-version":[{"id":5719,"href":"https:\/\/orroyalties.com\/fr\/wp-json\/wp\/v2\/pages\/2476\/revisions\/5719"}],"wp:featuredmedia":[{"embeddable":true,"href":"https:\/\/orroyalties.com\/fr\/wp-json\/wp\/v2\/media\/3248"}],"wp:attachment":[{"href":"https:\/\/orroyalties.com\/fr\/wp-json\/wp\/v2\/media?parent=2476"}],"curies":[{"name":"wp","href":"https:\/\/api.w.org\/{rel}","templated":true}]}}