{"id":2434,"date":"2015-03-12T15:36:43","date_gmt":"2015-03-12T20:36:43","guid":{"rendered":"http:\/\/osisko.o2web.biz\/?page_id=2434"},"modified":"2026-03-30T14:38:04","modified_gmt":"2026-03-30T19:38:04","slug":"notice-annuelle","status":"publish","type":"page","link":"https:\/\/orroyalties.com\/fr\/notice-annuelle\/","title":{"rendered":"Notice annuelle"},"content":{"rendered":"<h4>Notice annuelle<\/h4>\n<div class=\"clear\"><\/div><div class=\"tabs-wrapper\"><ul class=\"tabs\"><li><a href=\"javascript:void(0)\" class=\"defaulttab\" rel=\"tab1188\"><span>2025<\/span><\/a><\/li><li><a href=\"javascript:void(0)\" rel=\"tab1086\"><span>2024<\/span><\/a><\/li><li><a href=\"javascript:void(0)\" rel=\"tab1202\"><span>2023<\/span><\/a><\/li><li><a href=\"javascript:void(0)\" rel=\"tab1165\"><span>2022<\/span><\/a><\/li><li><a href=\"javascript:void(0)\" rel=\"tab1473\"><span>2021<\/span><\/a><\/li><\/ul><div class=\"tab-content\" id=\"tab1188\"><div class=\"wrap-pdf\"> <a href=\"https:\/\/orroyalties.com\/app\/uploads\/2026\/03\/OR_Notice_032026-French_FIN.pdf\" target=\"_blank\"> <div class=\"icon-pdf\">&nbsp;<\/div> <div class=\"pdf-box\">Notice annuelle &#8211; pour l&rsquo;exercice clos le 31 d\u00e9cembre 2025<\/div> <\/a> <\/div><\/div><div class=\"tab-content\" id=\"tab1086\"><div class=\"wrap-pdf\"> <a href=\"https:\/\/orroyalties.com\/app\/uploads\/2025\/04\/Osisko_Annual_Information_Form_2025-French_Finale.pdf\" target=\"_blank\"> <div class=\"icon-pdf\">&nbsp;<\/div> <div class=\"pdf-box\">Notice annuelle &#8211; pour l&rsquo;exercice clos le 31 d\u00e9cembre 2024<\/div> <\/a> <\/div>\n<div class=\"wrap-pdf\"> <a href=\"https:\/\/orroyalties.com\/app\/uploads\/2025\/04\/OR_Form_40-F-YE-2024_Final.pdf\" target=\"_blank\"> <div class=\"icon-pdf\">&nbsp;<\/div> <div class=\"pdf-box\">Form 40-F, Rapport annuel pour l&rsquo;exercice termin\u00e9 le 31 d\u00e9cembre 2024<\/div> <\/a> <\/div><\/div><div class=\"tab-content\" id=\"tab1202\"><div class=\"wrap-pdf\"> <a href=\"https:\/\/orroyalties.com\/app\/uploads\/2024\/03\/OR_AIF_2023_03282024-French.pdf\" target=\"_blank\"> <div class=\"icon-pdf\">&nbsp;<\/div> <div class=\"pdf-box\">Notice annuelle &#8211; pour l&rsquo;exercice clos le 31 d\u00e9cembre 2023<\/div> <\/a> <\/div>\n<div class=\"wrap-pdf\"> <a href=\"https:\/\/orroyalties.com\/app\/uploads\/2024\/08\/OR_Form_40-F-YE-2023.pdf\" target=\"_blank\"> <div class=\"icon-pdf\">&nbsp;<\/div> <div class=\"pdf-box\">Form 40-F, Rapport annuel pour l&rsquo;exercice termin\u00e9 le 31 d\u00e9cembre 2023<\/div> <\/a> <\/div><\/div><div class=\"tab-content\" id=\"tab1165\"><div class=\"wrap-pdf\"> <a href=\"https:\/\/orroyalties.com\/app\/uploads\/2023\/03\/AIF_FR2022.pdf\" target=\"_blank\"> <div class=\"icon-pdf\">&nbsp;<\/div> <div class=\"pdf-box\">Notice annuelle &#8211; pour l&rsquo;exercice clos le 31 d\u00e9cembre 2022<\/div> <\/a> <\/div><\/div><div class=\"tab-content\" id=\"tab1473\"><div class=\"wrap-pdf\"> <a href=\"http:\/\/orroyalties.com\/app\/uploads\/2022\/03\/AIF_FR2021.pdf\" target=\"_blank\"> <div class=\"icon-pdf\">&nbsp;<\/div> <div class=\"pdf-box\">Notice annuelle &#8211; pour l&rsquo;exercice clos le 31 d\u00e9cembre 2021<\/div> <\/a> <\/div><\/div><\/div><!-- tabs-wrapper end --><div class=\"clear\"><\/div>\n","protected":false},"excerpt":{"rendered":"<p>Notice annuelle<\/p>\n","protected":false},"author":4,"featured_media":469,"parent":0,"menu_order":303,"comment_status":"closed","ping_status":"closed","template":"","meta":{"_monsterinsights_skip_tracking":false,"_monsterinsights_sitenote_active":false,"_monsterinsights_sitenote_note":"","_monsterinsights_sitenote_category":0,"footnotes":""},"acf":[],"yoast_head":"<!-- This site is optimized with the Yoast SEO plugin v21.9.1 - https:\/\/yoast.com\/wordpress\/plugins\/seo\/ -->\n<title>Notice annuelle | Osisko<\/title>\n<meta name=\"description\" content=\"notice annuelle\" \/>\n<meta name=\"robots\" content=\"index, follow, max-snippet:-1, max-image-preview:large, max-video-preview:-1\" \/>\n<link rel=\"canonical\" href=\"https:\/\/orroyalties.com\/fr\/notice-annuelle\/\" \/>\n<meta property=\"og:locale\" content=\"fr_FR\" \/>\n<meta property=\"og:type\" content=\"article\" \/>\n<meta property=\"og:title\" content=\"Notice annuelle | Osisko\" \/>\n<meta property=\"og:description\" content=\"notice annuelle\" \/>\n<meta property=\"og:url\" content=\"https:\/\/orroyalties.com\/fr\/notice-annuelle\/\" \/>\n<meta property=\"og:site_name\" content=\"Redevances OR inc.\" \/>\n<meta property=\"article:modified_time\" content=\"2026-03-30T19:38:04+00:00\" \/>\n<meta property=\"og:image\" content=\"https:\/\/orroyalties.com\/app\/uploads\/2015\/02\/osisko-market.jpg\" \/>\n\t<meta property=\"og:image:width\" content=\"1600\" \/>\n\t<meta property=\"og:image:height\" content=\"579\" \/>\n\t<meta property=\"og:image:type\" content=\"image\/jpeg\" \/>\n<meta name=\"twitter:label1\" content=\"Est. reading time\" \/>\n\t<meta name=\"twitter:data1\" content=\"1 minute\" \/>\n<script type=\"application\/ld+json\" class=\"yoast-schema-graph\">{\"@context\":\"https:\/\/schema.org\",\"@graph\":[{\"@type\":\"WebPage\",\"@id\":\"https:\/\/orroyalties.com\/fr\/notice-annuelle\/\",\"url\":\"https:\/\/orroyalties.com\/fr\/notice-annuelle\/\",\"name\":\"Notice annuelle | Osisko\",\"isPartOf\":{\"@id\":\"https:\/\/orroyalties.com\/fr\/#website\"},\"datePublished\":\"2015-03-12T20:36:43+00:00\",\"dateModified\":\"2026-03-30T19:38:04+00:00\",\"description\":\"notice annuelle\",\"breadcrumb\":{\"@id\":\"https:\/\/orroyalties.com\/fr\/notice-annuelle\/#breadcrumb\"},\"inLanguage\":\"fr-FR\",\"potentialAction\":[{\"@type\":\"ReadAction\",\"target\":[\"https:\/\/orroyalties.com\/fr\/notice-annuelle\/\"]}]},{\"@type\":\"BreadcrumbList\",\"@id\":\"https:\/\/orroyalties.com\/fr\/notice-annuelle\/#breadcrumb\",\"itemListElement\":[{\"@type\":\"ListItem\",\"position\":1,\"name\":\"Accueil\",\"item\":\"https:\/\/orroyalties.com\/fr\/\"},{\"@type\":\"ListItem\",\"position\":2,\"name\":\"Notice annuelle\"}]},{\"@type\":\"WebSite\",\"@id\":\"https:\/\/orroyalties.com\/fr\/#website\",\"url\":\"https:\/\/orroyalties.com\/fr\/\",\"name\":\"Redevances OR inc.\",\"description\":\"Redevances OR inc. est une soci\u00e9t\u00e9 mini\u00e8re ax\u00e9e sur les redevances aurif\u00e8res et situ\u00e9e \u00e0 Montr\u00e9al, Qu\u00e9bec.\",\"publisher\":{\"@id\":\"https:\/\/orroyalties.com\/fr\/#organization\"},\"potentialAction\":[{\"@type\":\"SearchAction\",\"target\":{\"@type\":\"EntryPoint\",\"urlTemplate\":\"https:\/\/orroyalties.com\/fr\/?s={search_term_string}\"},\"query-input\":\"required name=search_term_string\"}],\"inLanguage\":\"fr-FR\"},{\"@type\":\"Organization\",\"@id\":\"https:\/\/orroyalties.com\/fr\/#organization\",\"name\":\"Osisko Gold Royalties Ltd\",\"url\":\"https:\/\/orroyalties.com\/fr\/\",\"logo\":{\"@type\":\"ImageObject\",\"inLanguage\":\"fr-FR\",\"@id\":\"https:\/\/orroyalties.com\/fr\/#\/schema\/logo\/image\/\",\"url\":\"https:\/\/orroyalties.com\/app\/uploads\/2019\/04\/Osisko_OGR-logo_color.jpg\",\"contentUrl\":\"https:\/\/orroyalties.com\/app\/uploads\/2019\/04\/Osisko_OGR-logo_color.jpg\",\"width\":2550,\"height\":1066,\"caption\":\"Osisko Gold Royalties Ltd\"},\"image\":{\"@id\":\"https:\/\/orroyalties.com\/fr\/#\/schema\/logo\/image\/\"},\"sameAs\":[\"https:\/\/twitter.com\/OsiskoRoyalties\",\"https:\/\/www.linkedin.com\/company\/osisko-gold-royalties-ltd\"]}]}<\/script>\n<!-- \/ Yoast SEO plugin. -->","yoast_head_json":{"title":"Notice annuelle | Osisko","description":"notice annuelle","robots":{"index":"index","follow":"follow","max-snippet":"max-snippet:-1","max-image-preview":"max-image-preview:large","max-video-preview":"max-video-preview:-1"},"canonical":"https:\/\/orroyalties.com\/fr\/notice-annuelle\/","og_locale":"fr_FR","og_type":"article","og_title":"Notice annuelle | Osisko","og_description":"notice annuelle","og_url":"https:\/\/orroyalties.com\/fr\/notice-annuelle\/","og_site_name":"Redevances OR inc.","article_modified_time":"2026-03-30T19:38:04+00:00","og_image":[{"width":1600,"height":579,"url":"https:\/\/orroyalties.com\/app\/uploads\/2015\/02\/osisko-market.jpg","type":"image\/jpeg"}],"twitter_misc":{"Est. reading time":"1 minute"},"schema":{"@context":"https:\/\/schema.org","@graph":[{"@type":"WebPage","@id":"https:\/\/orroyalties.com\/fr\/notice-annuelle\/","url":"https:\/\/orroyalties.com\/fr\/notice-annuelle\/","name":"Notice annuelle | Osisko","isPartOf":{"@id":"https:\/\/orroyalties.com\/fr\/#website"},"datePublished":"2015-03-12T20:36:43+00:00","dateModified":"2026-03-30T19:38:04+00:00","description":"notice annuelle","breadcrumb":{"@id":"https:\/\/orroyalties.com\/fr\/notice-annuelle\/#breadcrumb"},"inLanguage":"fr-FR","potentialAction":[{"@type":"ReadAction","target":["https:\/\/orroyalties.com\/fr\/notice-annuelle\/"]}]},{"@type":"BreadcrumbList","@id":"https:\/\/orroyalties.com\/fr\/notice-annuelle\/#breadcrumb","itemListElement":[{"@type":"ListItem","position":1,"name":"Accueil","item":"https:\/\/orroyalties.com\/fr\/"},{"@type":"ListItem","position":2,"name":"Notice annuelle"}]},{"@type":"WebSite","@id":"https:\/\/orroyalties.com\/fr\/#website","url":"https:\/\/orroyalties.com\/fr\/","name":"Redevances OR inc.","description":"Redevances OR inc. est une soci\u00e9t\u00e9 mini\u00e8re ax\u00e9e sur les redevances aurif\u00e8res et situ\u00e9e \u00e0 Montr\u00e9al, Qu\u00e9bec.","publisher":{"@id":"https:\/\/orroyalties.com\/fr\/#organization"},"potentialAction":[{"@type":"SearchAction","target":{"@type":"EntryPoint","urlTemplate":"https:\/\/orroyalties.com\/fr\/?s={search_term_string}"},"query-input":"required name=search_term_string"}],"inLanguage":"fr-FR"},{"@type":"Organization","@id":"https:\/\/orroyalties.com\/fr\/#organization","name":"Osisko Gold Royalties Ltd","url":"https:\/\/orroyalties.com\/fr\/","logo":{"@type":"ImageObject","inLanguage":"fr-FR","@id":"https:\/\/orroyalties.com\/fr\/#\/schema\/logo\/image\/","url":"https:\/\/orroyalties.com\/app\/uploads\/2019\/04\/Osisko_OGR-logo_color.jpg","contentUrl":"https:\/\/orroyalties.com\/app\/uploads\/2019\/04\/Osisko_OGR-logo_color.jpg","width":2550,"height":1066,"caption":"Osisko Gold Royalties Ltd"},"image":{"@id":"https:\/\/orroyalties.com\/fr\/#\/schema\/logo\/image\/"},"sameAs":["https:\/\/twitter.com\/OsiskoRoyalties","https:\/\/www.linkedin.com\/company\/osisko-gold-royalties-ltd"]}]}},"_links":{"self":[{"href":"https:\/\/orroyalties.com\/fr\/wp-json\/wp\/v2\/pages\/2434"}],"collection":[{"href":"https:\/\/orroyalties.com\/fr\/wp-json\/wp\/v2\/pages"}],"about":[{"href":"https:\/\/orroyalties.com\/fr\/wp-json\/wp\/v2\/types\/page"}],"author":[{"embeddable":true,"href":"https:\/\/orroyalties.com\/fr\/wp-json\/wp\/v2\/users\/4"}],"replies":[{"embeddable":true,"href":"https:\/\/orroyalties.com\/fr\/wp-json\/wp\/v2\/comments?post=2434"}],"version-history":[{"count":22,"href":"https:\/\/orroyalties.com\/fr\/wp-json\/wp\/v2\/pages\/2434\/revisions"}],"predecessor-version":[{"id":13628,"href":"https:\/\/orroyalties.com\/fr\/wp-json\/wp\/v2\/pages\/2434\/revisions\/13628"}],"wp:featuredmedia":[{"embeddable":true,"href":"https:\/\/orroyalties.com\/fr\/wp-json\/wp\/v2\/media\/469"}],"wp:attachment":[{"href":"https:\/\/orroyalties.com\/fr\/wp-json\/wp\/v2\/media?parent=2434"}],"curies":[{"name":"wp","href":"https:\/\/api.w.org\/{rel}","templated":true}]}}