{"id":24,"date":"2015-02-03T09:40:04","date_gmt":"2015-02-03T14:40:04","guid":{"rendered":"http:\/\/localhost\/osisko\/?page_id=24"},"modified":"2026-01-13T12:22:23","modified_gmt":"2026-01-13T17:22:23","slug":"description-des-postes","status":"publish","type":"page","link":"https:\/\/orroyalties.com\/fr\/gouvernance\/description-des-postes\/","title":{"rendered":"Description des postes"},"content":{"rendered":"<div class=\"wrap-pdf\"> <a href=\"https:\/\/orroyalties.com\/app\/uploads\/2026\/01\/OR_Description-de-poste-du-president-du-conseil-dadministration_novembre-2025.pdf\" target=\"_blank\"> <div class=\"icon-pdf\">&nbsp;<\/div> <div class=\"pdf-box\">Pr\u00e9sident du conseil d&rsquo;administration<\/div> <\/a> <\/div>\n<div class=\"wrap-pdf\"> <a href=\"https:\/\/orroyalties.com\/app\/uploads\/2026\/01\/OR_Description-de-poste-du-president-et-chef-de-la-direction_novembre_2025.pdf\" target=\"_blank\"> <div class=\"icon-pdf\">&nbsp;<\/div> <div class=\"pdf-box\">Pr\u00e9sident et chef de la direction<\/div> <\/a> <\/div>\n<div class=\"wrap-pdf\"> <a href=\"https:\/\/orroyalties.com\/app\/uploads\/2026\/01\/OR_Description-de-poste-du-president-d_un-comite_novembre-2025.pdf\" target=\"_blank\"> <div class=\"icon-pdf\">&nbsp;<\/div> <div class=\"pdf-box\">Pr\u00e9sident d&rsquo;un comit\u00e9<\/div> <\/a> <\/div>\n","protected":false},"excerpt":{"rendered":"","protected":false},"author":2,"featured_media":12811,"parent":18,"menu_order":3,"comment_status":"closed","ping_status":"closed","template":"","meta":{"_monsterinsights_skip_tracking":false,"_monsterinsights_sitenote_active":false,"_monsterinsights_sitenote_note":"","_monsterinsights_sitenote_category":0,"footnotes":""},"acf":[],"yoast_head":"<!-- This site is optimized with the Yoast SEO plugin v21.9.1 - https:\/\/yoast.com\/wordpress\/plugins\/seo\/ -->\n<title>Description des postes | Osisko<\/title>\n<meta name=\"robots\" content=\"index, follow, max-snippet:-1, max-image-preview:large, max-video-preview:-1\" \/>\n<link rel=\"canonical\" href=\"https:\/\/orroyalties.com\/fr\/gouvernance\/description-des-postes\/\" \/>\n<meta property=\"og:locale\" content=\"fr_FR\" \/>\n<meta property=\"og:type\" content=\"article\" \/>\n<meta property=\"og:title\" content=\"Description des postes | Osisko\" \/>\n<meta property=\"og:url\" content=\"https:\/\/orroyalties.com\/fr\/gouvernance\/description-des-postes\/\" \/>\n<meta property=\"og:site_name\" content=\"Redevances OR inc.\" \/>\n<meta property=\"article:modified_time\" content=\"2026-01-13T17:22:23+00:00\" \/>\n<meta property=\"og:image\" content=\"https:\/\/orroyalties.com\/app\/uploads\/2025\/05\/About2025.jpg\" \/>\n\t<meta property=\"og:image:width\" content=\"2000\" \/>\n\t<meta property=\"og:image:height\" content=\"864\" \/>\n\t<meta property=\"og:image:type\" content=\"image\/jpeg\" \/>\n<meta name=\"twitter:label1\" content=\"Est. reading time\" \/>\n\t<meta name=\"twitter:data1\" content=\"1 minute\" \/>\n<script type=\"application\/ld+json\" class=\"yoast-schema-graph\">{\"@context\":\"https:\/\/schema.org\",\"@graph\":[{\"@type\":\"WebPage\",\"@id\":\"https:\/\/orroyalties.com\/fr\/gouvernance\/description-des-postes\/\",\"url\":\"https:\/\/orroyalties.com\/fr\/gouvernance\/description-des-postes\/\",\"name\":\"Description des postes | Osisko\",\"isPartOf\":{\"@id\":\"https:\/\/orroyalties.com\/fr\/#website\"},\"datePublished\":\"2015-02-03T14:40:04+00:00\",\"dateModified\":\"2026-01-13T17:22:23+00:00\",\"breadcrumb\":{\"@id\":\"https:\/\/orroyalties.com\/fr\/gouvernance\/description-des-postes\/#breadcrumb\"},\"inLanguage\":\"fr-FR\",\"potentialAction\":[{\"@type\":\"ReadAction\",\"target\":[\"https:\/\/orroyalties.com\/fr\/gouvernance\/description-des-postes\/\"]}]},{\"@type\":\"BreadcrumbList\",\"@id\":\"https:\/\/orroyalties.com\/fr\/gouvernance\/description-des-postes\/#breadcrumb\",\"itemListElement\":[{\"@type\":\"ListItem\",\"position\":1,\"name\":\"Accueil\",\"item\":\"https:\/\/orroyalties.com\/fr\/\"},{\"@type\":\"ListItem\",\"position\":2,\"name\":\"Gouvernance\",\"item\":\"https:\/\/orroyalties.com\/fr\/gouvernance\/\"},{\"@type\":\"ListItem\",\"position\":3,\"name\":\"Description des postes\"}]},{\"@type\":\"WebSite\",\"@id\":\"https:\/\/orroyalties.com\/fr\/#website\",\"url\":\"https:\/\/orroyalties.com\/fr\/\",\"name\":\"Redevances OR inc.\",\"description\":\"Redevances OR inc. est une soci\u00e9t\u00e9 mini\u00e8re ax\u00e9e sur les redevances aurif\u00e8res et situ\u00e9e \u00e0 Montr\u00e9al, Qu\u00e9bec.\",\"publisher\":{\"@id\":\"https:\/\/orroyalties.com\/fr\/#organization\"},\"potentialAction\":[{\"@type\":\"SearchAction\",\"target\":{\"@type\":\"EntryPoint\",\"urlTemplate\":\"https:\/\/orroyalties.com\/fr\/?s={search_term_string}\"},\"query-input\":\"required name=search_term_string\"}],\"inLanguage\":\"fr-FR\"},{\"@type\":\"Organization\",\"@id\":\"https:\/\/orroyalties.com\/fr\/#organization\",\"name\":\"Osisko Gold Royalties Ltd\",\"url\":\"https:\/\/orroyalties.com\/fr\/\",\"logo\":{\"@type\":\"ImageObject\",\"inLanguage\":\"fr-FR\",\"@id\":\"https:\/\/orroyalties.com\/fr\/#\/schema\/logo\/image\/\",\"url\":\"https:\/\/orroyalties.com\/app\/uploads\/2019\/04\/Osisko_OGR-logo_color.jpg\",\"contentUrl\":\"https:\/\/orroyalties.com\/app\/uploads\/2019\/04\/Osisko_OGR-logo_color.jpg\",\"width\":2550,\"height\":1066,\"caption\":\"Osisko Gold Royalties Ltd\"},\"image\":{\"@id\":\"https:\/\/orroyalties.com\/fr\/#\/schema\/logo\/image\/\"},\"sameAs\":[\"https:\/\/twitter.com\/OsiskoRoyalties\",\"https:\/\/www.linkedin.com\/company\/osisko-gold-royalties-ltd\"]}]}<\/script>\n<!-- \/ Yoast SEO plugin. -->","yoast_head_json":{"title":"Description des postes | Osisko","robots":{"index":"index","follow":"follow","max-snippet":"max-snippet:-1","max-image-preview":"max-image-preview:large","max-video-preview":"max-video-preview:-1"},"canonical":"https:\/\/orroyalties.com\/fr\/gouvernance\/description-des-postes\/","og_locale":"fr_FR","og_type":"article","og_title":"Description des postes | Osisko","og_url":"https:\/\/orroyalties.com\/fr\/gouvernance\/description-des-postes\/","og_site_name":"Redevances OR inc.","article_modified_time":"2026-01-13T17:22:23+00:00","og_image":[{"width":2000,"height":864,"url":"https:\/\/orroyalties.com\/app\/uploads\/2025\/05\/About2025.jpg","type":"image\/jpeg"}],"twitter_misc":{"Est. reading time":"1 minute"},"schema":{"@context":"https:\/\/schema.org","@graph":[{"@type":"WebPage","@id":"https:\/\/orroyalties.com\/fr\/gouvernance\/description-des-postes\/","url":"https:\/\/orroyalties.com\/fr\/gouvernance\/description-des-postes\/","name":"Description des postes | Osisko","isPartOf":{"@id":"https:\/\/orroyalties.com\/fr\/#website"},"datePublished":"2015-02-03T14:40:04+00:00","dateModified":"2026-01-13T17:22:23+00:00","breadcrumb":{"@id":"https:\/\/orroyalties.com\/fr\/gouvernance\/description-des-postes\/#breadcrumb"},"inLanguage":"fr-FR","potentialAction":[{"@type":"ReadAction","target":["https:\/\/orroyalties.com\/fr\/gouvernance\/description-des-postes\/"]}]},{"@type":"BreadcrumbList","@id":"https:\/\/orroyalties.com\/fr\/gouvernance\/description-des-postes\/#breadcrumb","itemListElement":[{"@type":"ListItem","position":1,"name":"Accueil","item":"https:\/\/orroyalties.com\/fr\/"},{"@type":"ListItem","position":2,"name":"Gouvernance","item":"https:\/\/orroyalties.com\/fr\/gouvernance\/"},{"@type":"ListItem","position":3,"name":"Description des postes"}]},{"@type":"WebSite","@id":"https:\/\/orroyalties.com\/fr\/#website","url":"https:\/\/orroyalties.com\/fr\/","name":"Redevances OR inc.","description":"Redevances OR inc. est une soci\u00e9t\u00e9 mini\u00e8re ax\u00e9e sur les redevances aurif\u00e8res et situ\u00e9e \u00e0 Montr\u00e9al, Qu\u00e9bec.","publisher":{"@id":"https:\/\/orroyalties.com\/fr\/#organization"},"potentialAction":[{"@type":"SearchAction","target":{"@type":"EntryPoint","urlTemplate":"https:\/\/orroyalties.com\/fr\/?s={search_term_string}"},"query-input":"required name=search_term_string"}],"inLanguage":"fr-FR"},{"@type":"Organization","@id":"https:\/\/orroyalties.com\/fr\/#organization","name":"Osisko Gold Royalties Ltd","url":"https:\/\/orroyalties.com\/fr\/","logo":{"@type":"ImageObject","inLanguage":"fr-FR","@id":"https:\/\/orroyalties.com\/fr\/#\/schema\/logo\/image\/","url":"https:\/\/orroyalties.com\/app\/uploads\/2019\/04\/Osisko_OGR-logo_color.jpg","contentUrl":"https:\/\/orroyalties.com\/app\/uploads\/2019\/04\/Osisko_OGR-logo_color.jpg","width":2550,"height":1066,"caption":"Osisko Gold Royalties Ltd"},"image":{"@id":"https:\/\/orroyalties.com\/fr\/#\/schema\/logo\/image\/"},"sameAs":["https:\/\/twitter.com\/OsiskoRoyalties","https:\/\/www.linkedin.com\/company\/osisko-gold-royalties-ltd"]}]}},"_links":{"self":[{"href":"https:\/\/orroyalties.com\/fr\/wp-json\/wp\/v2\/pages\/24"}],"collection":[{"href":"https:\/\/orroyalties.com\/fr\/wp-json\/wp\/v2\/pages"}],"about":[{"href":"https:\/\/orroyalties.com\/fr\/wp-json\/wp\/v2\/types\/page"}],"author":[{"embeddable":true,"href":"https:\/\/orroyalties.com\/fr\/wp-json\/wp\/v2\/users\/2"}],"replies":[{"embeddable":true,"href":"https:\/\/orroyalties.com\/fr\/wp-json\/wp\/v2\/comments?post=24"}],"version-history":[{"count":13,"href":"https:\/\/orroyalties.com\/fr\/wp-json\/wp\/v2\/pages\/24\/revisions"}],"predecessor-version":[{"id":13491,"href":"https:\/\/orroyalties.com\/fr\/wp-json\/wp\/v2\/pages\/24\/revisions\/13491"}],"up":[{"embeddable":true,"href":"https:\/\/orroyalties.com\/fr\/wp-json\/wp\/v2\/pages\/18"}],"wp:featuredmedia":[{"embeddable":true,"href":"https:\/\/orroyalties.com\/fr\/wp-json\/wp\/v2\/media\/12811"}],"wp:attachment":[{"href":"https:\/\/orroyalties.com\/fr\/wp-json\/wp\/v2\/media?parent=24"}],"curies":[{"name":"wp","href":"https:\/\/api.w.org\/{rel}","templated":true}]}}