{"id":18,"date":"2015-02-03T09:39:06","date_gmt":"2015-02-03T14:39:06","guid":{"rendered":"http:\/\/localhost\/osisko\/?page_id=18"},"modified":"2026-03-06T10:08:53","modified_gmt":"2026-03-06T15:08:53","slug":"gouvernance","status":"publish","type":"page","link":"https:\/\/orroyalties.com\/fr\/gouvernance\/","title":{"rendered":"Gouvernance"},"content":{"rendered":"<p>La bonne gouvernance de toute soci\u00e9t\u00e9 est \u00e9tablie en fonction de l&rsquo;int\u00e9grit\u00e9, de la responsabilit\u00e9 et de la transparence. Redevances OR inc. a mis en place un cadre de gouvernance transparent, efficace et structur\u00e9.<\/p>\n<h4>R\u00e9gime de droits des actionnaires &#8211; 7 juin 2023 (anglais seulement)<\/h4>\n<p>Entre Redevances Aurif\u00e8res Osisko Lt\u00e9e (aujourd&rsquo;hui Redevances OR inc.) et Compagnie Trust TSX \u00e0 titre d&rsquo;agent de transfert<br \/>\n<div class=\"wrap-pdf\"> <a href=\"https:\/\/orroyalties.com\/app\/uploads\/2025\/05\/OGR-Amended-and-Restated-SRP-Agreement-Final-Approved-2023_18875418_4_FULLY_EXECUTED.pdf\" target=\"_blank\"> <div class=\"icon-pdf\">&nbsp;<\/div> <div class=\"pdf-box\">T\u00e9l\u00e9chargez en pdf<\/div> <\/a> <\/div>\n<h4><\/h4>\n","protected":false},"excerpt":{"rendered":"<p>La bonne gouvernance de toute soci\u00e9t\u00e9 est \u00e9tablie en fonction de l&rsquo;int\u00e9grit\u00e9, de la responsabilit\u00e9 et de la transparence. Redevances OR inc. a mis en place un cadre de gouvernance transparent, efficace et structur\u00e9. R\u00e9gime de droits des actionnaires &#8211; 7 juin 2023 (anglais seulement) Entre Redevances Aurif\u00e8res Osisko Lt\u00e9e (aujourd&rsquo;hui Redevances OR inc.) et [&hellip;]<\/p>\n","protected":false},"author":2,"featured_media":12811,"parent":0,"menu_order":102,"comment_status":"closed","ping_status":"closed","template":"","meta":{"_monsterinsights_skip_tracking":false,"_monsterinsights_sitenote_active":false,"_monsterinsights_sitenote_note":"","_monsterinsights_sitenote_category":0,"footnotes":""},"acf":[],"yoast_head":"<!-- This site is optimized with the Yoast SEO plugin v21.9.1 - https:\/\/yoast.com\/wordpress\/plugins\/seo\/ -->\n<title>Gouvernance | Redevances OR inc.<\/title>\n<meta name=\"description\" content=\"La bonne gouvernance de Redevances OR inc. est \u00e9tablie en fonction de l&#039;int\u00e9grit\u00e9, de la responsabilit\u00e9 et de la transparence.\" \/>\n<meta name=\"robots\" content=\"index, follow, max-snippet:-1, max-image-preview:large, max-video-preview:-1\" \/>\n<link rel=\"canonical\" href=\"https:\/\/orroyalties.com\/fr\/gouvernance\/\" \/>\n<meta property=\"og:locale\" content=\"fr_FR\" \/>\n<meta property=\"og:type\" content=\"article\" \/>\n<meta property=\"og:title\" content=\"Gouvernance | Redevances OR inc.\" \/>\n<meta property=\"og:description\" content=\"La bonne gouvernance de Redevances OR inc. est \u00e9tablie en fonction de l&#039;int\u00e9grit\u00e9, de la responsabilit\u00e9 et de la transparence.\" \/>\n<meta property=\"og:url\" content=\"https:\/\/orroyalties.com\/fr\/gouvernance\/\" \/>\n<meta property=\"og:site_name\" content=\"Redevances OR inc.\" \/>\n<meta property=\"article:modified_time\" content=\"2026-03-06T15:08:53+00:00\" \/>\n<meta property=\"og:image\" content=\"https:\/\/orroyalties.com\/app\/uploads\/2025\/05\/About2025.jpg\" \/>\n\t<meta property=\"og:image:width\" content=\"2000\" \/>\n\t<meta property=\"og:image:height\" content=\"864\" \/>\n\t<meta property=\"og:image:type\" content=\"image\/jpeg\" \/>\n<meta name=\"twitter:label1\" content=\"Est. reading time\" \/>\n\t<meta name=\"twitter:data1\" content=\"1 minute\" \/>\n<script type=\"application\/ld+json\" class=\"yoast-schema-graph\">{\"@context\":\"https:\/\/schema.org\",\"@graph\":[{\"@type\":\"WebPage\",\"@id\":\"https:\/\/orroyalties.com\/fr\/gouvernance\/\",\"url\":\"https:\/\/orroyalties.com\/fr\/gouvernance\/\",\"name\":\"Gouvernance | Redevances OR inc.\",\"isPartOf\":{\"@id\":\"https:\/\/orroyalties.com\/fr\/#website\"},\"datePublished\":\"2015-02-03T14:39:06+00:00\",\"dateModified\":\"2026-03-06T15:08:53+00:00\",\"description\":\"La bonne gouvernance de Redevances OR inc. est \u00e9tablie en fonction de l'int\u00e9grit\u00e9, de la responsabilit\u00e9 et de la transparence.\",\"breadcrumb\":{\"@id\":\"https:\/\/orroyalties.com\/fr\/gouvernance\/#breadcrumb\"},\"inLanguage\":\"fr-FR\",\"potentialAction\":[{\"@type\":\"ReadAction\",\"target\":[\"https:\/\/orroyalties.com\/fr\/gouvernance\/\"]}]},{\"@type\":\"BreadcrumbList\",\"@id\":\"https:\/\/orroyalties.com\/fr\/gouvernance\/#breadcrumb\",\"itemListElement\":[{\"@type\":\"ListItem\",\"position\":1,\"name\":\"Accueil\",\"item\":\"https:\/\/orroyalties.com\/fr\/\"},{\"@type\":\"ListItem\",\"position\":2,\"name\":\"Gouvernance\"}]},{\"@type\":\"WebSite\",\"@id\":\"https:\/\/orroyalties.com\/fr\/#website\",\"url\":\"https:\/\/orroyalties.com\/fr\/\",\"name\":\"Redevances OR inc.\",\"description\":\"Redevances OR inc. est une soci\u00e9t\u00e9 mini\u00e8re ax\u00e9e sur les redevances aurif\u00e8res et situ\u00e9e \u00e0 Montr\u00e9al, Qu\u00e9bec.\",\"publisher\":{\"@id\":\"https:\/\/orroyalties.com\/fr\/#organization\"},\"potentialAction\":[{\"@type\":\"SearchAction\",\"target\":{\"@type\":\"EntryPoint\",\"urlTemplate\":\"https:\/\/orroyalties.com\/fr\/?s={search_term_string}\"},\"query-input\":\"required name=search_term_string\"}],\"inLanguage\":\"fr-FR\"},{\"@type\":\"Organization\",\"@id\":\"https:\/\/orroyalties.com\/fr\/#organization\",\"name\":\"Osisko Gold Royalties Ltd\",\"url\":\"https:\/\/orroyalties.com\/fr\/\",\"logo\":{\"@type\":\"ImageObject\",\"inLanguage\":\"fr-FR\",\"@id\":\"https:\/\/orroyalties.com\/fr\/#\/schema\/logo\/image\/\",\"url\":\"https:\/\/orroyalties.com\/app\/uploads\/2019\/04\/Osisko_OGR-logo_color.jpg\",\"contentUrl\":\"https:\/\/orroyalties.com\/app\/uploads\/2019\/04\/Osisko_OGR-logo_color.jpg\",\"width\":2550,\"height\":1066,\"caption\":\"Osisko Gold Royalties Ltd\"},\"image\":{\"@id\":\"https:\/\/orroyalties.com\/fr\/#\/schema\/logo\/image\/\"},\"sameAs\":[\"https:\/\/twitter.com\/OsiskoRoyalties\",\"https:\/\/www.linkedin.com\/company\/osisko-gold-royalties-ltd\"]}]}<\/script>\n<!-- \/ Yoast SEO plugin. -->","yoast_head_json":{"title":"Gouvernance | Redevances OR inc.","description":"La bonne gouvernance de Redevances OR inc. est \u00e9tablie en fonction de l'int\u00e9grit\u00e9, de la responsabilit\u00e9 et de la transparence.","robots":{"index":"index","follow":"follow","max-snippet":"max-snippet:-1","max-image-preview":"max-image-preview:large","max-video-preview":"max-video-preview:-1"},"canonical":"https:\/\/orroyalties.com\/fr\/gouvernance\/","og_locale":"fr_FR","og_type":"article","og_title":"Gouvernance | Redevances OR inc.","og_description":"La bonne gouvernance de Redevances OR inc. est \u00e9tablie en fonction de l'int\u00e9grit\u00e9, de la responsabilit\u00e9 et de la transparence.","og_url":"https:\/\/orroyalties.com\/fr\/gouvernance\/","og_site_name":"Redevances OR inc.","article_modified_time":"2026-03-06T15:08:53+00:00","og_image":[{"width":2000,"height":864,"url":"https:\/\/orroyalties.com\/app\/uploads\/2025\/05\/About2025.jpg","type":"image\/jpeg"}],"twitter_misc":{"Est. reading time":"1 minute"},"schema":{"@context":"https:\/\/schema.org","@graph":[{"@type":"WebPage","@id":"https:\/\/orroyalties.com\/fr\/gouvernance\/","url":"https:\/\/orroyalties.com\/fr\/gouvernance\/","name":"Gouvernance | Redevances OR inc.","isPartOf":{"@id":"https:\/\/orroyalties.com\/fr\/#website"},"datePublished":"2015-02-03T14:39:06+00:00","dateModified":"2026-03-06T15:08:53+00:00","description":"La bonne gouvernance de Redevances OR inc. est \u00e9tablie en fonction de l'int\u00e9grit\u00e9, de la responsabilit\u00e9 et de la transparence.","breadcrumb":{"@id":"https:\/\/orroyalties.com\/fr\/gouvernance\/#breadcrumb"},"inLanguage":"fr-FR","potentialAction":[{"@type":"ReadAction","target":["https:\/\/orroyalties.com\/fr\/gouvernance\/"]}]},{"@type":"BreadcrumbList","@id":"https:\/\/orroyalties.com\/fr\/gouvernance\/#breadcrumb","itemListElement":[{"@type":"ListItem","position":1,"name":"Accueil","item":"https:\/\/orroyalties.com\/fr\/"},{"@type":"ListItem","position":2,"name":"Gouvernance"}]},{"@type":"WebSite","@id":"https:\/\/orroyalties.com\/fr\/#website","url":"https:\/\/orroyalties.com\/fr\/","name":"Redevances OR inc.","description":"Redevances OR inc. est une soci\u00e9t\u00e9 mini\u00e8re ax\u00e9e sur les redevances aurif\u00e8res et situ\u00e9e \u00e0 Montr\u00e9al, Qu\u00e9bec.","publisher":{"@id":"https:\/\/orroyalties.com\/fr\/#organization"},"potentialAction":[{"@type":"SearchAction","target":{"@type":"EntryPoint","urlTemplate":"https:\/\/orroyalties.com\/fr\/?s={search_term_string}"},"query-input":"required name=search_term_string"}],"inLanguage":"fr-FR"},{"@type":"Organization","@id":"https:\/\/orroyalties.com\/fr\/#organization","name":"Osisko Gold Royalties Ltd","url":"https:\/\/orroyalties.com\/fr\/","logo":{"@type":"ImageObject","inLanguage":"fr-FR","@id":"https:\/\/orroyalties.com\/fr\/#\/schema\/logo\/image\/","url":"https:\/\/orroyalties.com\/app\/uploads\/2019\/04\/Osisko_OGR-logo_color.jpg","contentUrl":"https:\/\/orroyalties.com\/app\/uploads\/2019\/04\/Osisko_OGR-logo_color.jpg","width":2550,"height":1066,"caption":"Osisko Gold Royalties Ltd"},"image":{"@id":"https:\/\/orroyalties.com\/fr\/#\/schema\/logo\/image\/"},"sameAs":["https:\/\/twitter.com\/OsiskoRoyalties","https:\/\/www.linkedin.com\/company\/osisko-gold-royalties-ltd"]}]}},"_links":{"self":[{"href":"https:\/\/orroyalties.com\/fr\/wp-json\/wp\/v2\/pages\/18"}],"collection":[{"href":"https:\/\/orroyalties.com\/fr\/wp-json\/wp\/v2\/pages"}],"about":[{"href":"https:\/\/orroyalties.com\/fr\/wp-json\/wp\/v2\/types\/page"}],"author":[{"embeddable":true,"href":"https:\/\/orroyalties.com\/fr\/wp-json\/wp\/v2\/users\/2"}],"replies":[{"embeddable":true,"href":"https:\/\/orroyalties.com\/fr\/wp-json\/wp\/v2\/comments?post=18"}],"version-history":[{"count":17,"href":"https:\/\/orroyalties.com\/fr\/wp-json\/wp\/v2\/pages\/18\/revisions"}],"predecessor-version":[{"id":13609,"href":"https:\/\/orroyalties.com\/fr\/wp-json\/wp\/v2\/pages\/18\/revisions\/13609"}],"wp:featuredmedia":[{"embeddable":true,"href":"https:\/\/orroyalties.com\/fr\/wp-json\/wp\/v2\/media\/12811"}],"wp:attachment":[{"href":"https:\/\/orroyalties.com\/fr\/wp-json\/wp\/v2\/media?parent=18"}],"curies":[{"name":"wp","href":"https:\/\/api.w.org\/{rel}","templated":true}]}}