{"id":12,"date":"2015-02-03T09:38:14","date_gmt":"2015-02-03T14:38:14","guid":{"rendered":"http:\/\/localhost\/osisko\/?page_id=12"},"modified":"2025-05-12T07:46:28","modified_gmt":"2025-05-12T12:46:28","slug":"modele-daffaires","status":"publish","type":"page","link":"https:\/\/orroyalties.com\/fr\/survol\/modele-daffaires\/","title":{"rendered":"Mod\u00e8le d&rsquo;affaires"},"content":{"rendered":"<table style=\"border-collapse: collapse; width: 100%; height: 168px;\">\n<tbody>\n<tr style=\"height: 24px;\">\n<td style=\"width: 50%; height: 24px;\" colspan=\"2\">\n<h4 style=\"text-align: left;\"><span style=\"color: #bb8e40;\"><strong>Mod\u00e8le d&rsquo;affaires tr\u00e8s efficace<br \/>\net \u00e9volutif<\/strong><\/span><\/h4>\n<\/td>\n<\/tr>\n<tr style=\"height: 24px;\">\n<td style=\"width: 50%; height: 24px;\" rowspan=\"6\"><a href=\"https:\/\/orroyalties.com\/app\/uploads\/2025\/05\/OR_Business_Model_FR.png\"><img loading=\"lazy\" decoding=\"async\" class=\"wp-image-12826 aligncenter\" src=\"https:\/\/orroyalties.com\/app\/uploads\/2025\/05\/OR_Business_Model_FR.png\" alt=\"\" width=\"637\" height=\"1121\" \/><\/a><\/td>\n<td style=\"width: 50%; height: 24px; text-align: center;\">\n<h4>Importante diversification<\/h4>\n<p>des actifs et flux de tr\u00e9sorerie<\/td>\n<\/tr>\n<tr style=\"height: 24px;\">\n<td style=\"width: 50%; height: 24px; text-align: center;\">\n<h4>Co\u00fbt en capitaux<\/h4>\n<p>non requis<\/td>\n<\/tr>\n<tr style=\"height: 24px;\">\n<td style=\"width: 50%; height: 24px; text-align: center;\">\n<h4>Co\u00fbts d&rsquo;op\u00e9rations<\/h4>\n<p>pr\u00e9visibles<\/td>\n<\/tr>\n<tr style=\"height: 24px;\">\n<td style=\"width: 50%; height: 24px; text-align: center;\">\n<h4>Protection<\/h4>\n<p>contre les risques g\u00e9opolitiques grandissants<\/td>\n<\/tr>\n<tr style=\"height: 24px;\">\n<td style=\"width: 50%; height: 24px; text-align: center;\">\n<h4>Exposition \u00e9lev\u00e9e<\/h4>\n<p>\u00e0 l&rsquo;or<\/td>\n<\/tr>\n<tr style=\"height: 24px;\">\n<td style=\"width: 50%; height: 24px; text-align: center;\">\n<h4>Exposition \u00e0 de nouvelles d\u00e9couvertes<\/h4>\n<p>\u00e0 co\u00fbt nul<\/td>\n<\/tr>\n<\/tbody>\n<\/table>\n<h4><\/h4>\n","protected":false},"excerpt":{"rendered":"<p>Mod\u00e8le d&rsquo;affaires tr\u00e8s efficace et \u00e9volutif Importante diversification des actifs et flux de tr\u00e9sorerie Co\u00fbt en capitaux non requis Co\u00fbts d&rsquo;op\u00e9rations pr\u00e9visibles Protection contre les risques g\u00e9opolitiques grandissants Exposition \u00e9lev\u00e9e \u00e0 l&rsquo;or Exposition \u00e0 de nouvelles d\u00e9couvertes \u00e0 co\u00fbt nul<\/p>\n","protected":false},"author":2,"featured_media":12811,"parent":6,"menu_order":2,"comment_status":"closed","ping_status":"closed","template":"","meta":{"_monsterinsights_skip_tracking":false,"_monsterinsights_sitenote_active":false,"_monsterinsights_sitenote_note":"","_monsterinsights_sitenote_category":0,"footnotes":""},"acf":[],"yoast_head":"<!-- This site is optimized with the Yoast SEO plugin v21.9.1 - https:\/\/yoast.com\/wordpress\/plugins\/seo\/ -->\n<title>Mod\u00e8le d&#039;affaires | Osisko<\/title>\n<meta name=\"description\" content=\"Le mod\u00e8le d&#039;affaires d&#039;Osisko consiste \u00e0 devenir une soci\u00e9t\u00e9 de redevances de premier plan et \u00e0 maximiser le rendement de ses actionnaires.\" \/>\n<meta name=\"robots\" content=\"index, follow, max-snippet:-1, max-image-preview:large, max-video-preview:-1\" \/>\n<link rel=\"canonical\" href=\"https:\/\/orroyalties.com\/fr\/survol\/modele-daffaires\/\" \/>\n<meta property=\"og:locale\" content=\"fr_FR\" \/>\n<meta property=\"og:type\" content=\"article\" \/>\n<meta property=\"og:title\" content=\"Mod\u00e8le d&#039;affaires | Osisko\" \/>\n<meta property=\"og:description\" content=\"Le mod\u00e8le d&#039;affaires d&#039;Osisko consiste \u00e0 devenir une soci\u00e9t\u00e9 de redevances de premier plan et \u00e0 maximiser le rendement de ses actionnaires.\" \/>\n<meta property=\"og:url\" content=\"https:\/\/orroyalties.com\/fr\/survol\/modele-daffaires\/\" \/>\n<meta property=\"og:site_name\" content=\"Redevances OR inc.\" \/>\n<meta property=\"article:modified_time\" content=\"2025-05-12T12:46:28+00:00\" \/>\n<meta property=\"og:image\" content=\"https:\/\/orroyalties.com\/app\/uploads\/2025\/05\/About2025.jpg\" \/>\n\t<meta property=\"og:image:width\" content=\"2000\" \/>\n\t<meta property=\"og:image:height\" content=\"864\" \/>\n\t<meta property=\"og:image:type\" content=\"image\/jpeg\" \/>\n<meta name=\"twitter:label1\" content=\"Est. reading time\" \/>\n\t<meta name=\"twitter:data1\" content=\"1 minute\" \/>\n<script type=\"application\/ld+json\" class=\"yoast-schema-graph\">{\"@context\":\"https:\/\/schema.org\",\"@graph\":[{\"@type\":\"WebPage\",\"@id\":\"https:\/\/orroyalties.com\/fr\/survol\/modele-daffaires\/\",\"url\":\"https:\/\/orroyalties.com\/fr\/survol\/modele-daffaires\/\",\"name\":\"Mod\u00e8le d'affaires | Osisko\",\"isPartOf\":{\"@id\":\"https:\/\/orroyalties.com\/fr\/#website\"},\"datePublished\":\"2015-02-03T14:38:14+00:00\",\"dateModified\":\"2025-05-12T12:46:28+00:00\",\"description\":\"Le mod\u00e8le d'affaires d'Osisko consiste \u00e0 devenir une soci\u00e9t\u00e9 de redevances de premier plan et \u00e0 maximiser le rendement de ses actionnaires.\",\"breadcrumb\":{\"@id\":\"https:\/\/orroyalties.com\/fr\/survol\/modele-daffaires\/#breadcrumb\"},\"inLanguage\":\"fr-FR\",\"potentialAction\":[{\"@type\":\"ReadAction\",\"target\":[\"https:\/\/orroyalties.com\/fr\/survol\/modele-daffaires\/\"]}]},{\"@type\":\"BreadcrumbList\",\"@id\":\"https:\/\/orroyalties.com\/fr\/survol\/modele-daffaires\/#breadcrumb\",\"itemListElement\":[{\"@type\":\"ListItem\",\"position\":1,\"name\":\"Accueil\",\"item\":\"https:\/\/orroyalties.com\/fr\/\"},{\"@type\":\"ListItem\",\"position\":2,\"name\":\"Survol\",\"item\":\"https:\/\/orroyalties.com\/fr\/survol\/\"},{\"@type\":\"ListItem\",\"position\":3,\"name\":\"Mod\u00e8le d&rsquo;affaires\"}]},{\"@type\":\"WebSite\",\"@id\":\"https:\/\/orroyalties.com\/fr\/#website\",\"url\":\"https:\/\/orroyalties.com\/fr\/\",\"name\":\"Redevances OR inc.\",\"description\":\"Redevances OR inc. est une soci\u00e9t\u00e9 mini\u00e8re ax\u00e9e sur les redevances aurif\u00e8res et situ\u00e9e \u00e0 Montr\u00e9al, Qu\u00e9bec.\",\"publisher\":{\"@id\":\"https:\/\/orroyalties.com\/fr\/#organization\"},\"potentialAction\":[{\"@type\":\"SearchAction\",\"target\":{\"@type\":\"EntryPoint\",\"urlTemplate\":\"https:\/\/orroyalties.com\/fr\/?s={search_term_string}\"},\"query-input\":\"required name=search_term_string\"}],\"inLanguage\":\"fr-FR\"},{\"@type\":\"Organization\",\"@id\":\"https:\/\/orroyalties.com\/fr\/#organization\",\"name\":\"Osisko Gold Royalties Ltd\",\"url\":\"https:\/\/orroyalties.com\/fr\/\",\"logo\":{\"@type\":\"ImageObject\",\"inLanguage\":\"fr-FR\",\"@id\":\"https:\/\/orroyalties.com\/fr\/#\/schema\/logo\/image\/\",\"url\":\"https:\/\/orroyalties.com\/app\/uploads\/2019\/04\/Osisko_OGR-logo_color.jpg\",\"contentUrl\":\"https:\/\/orroyalties.com\/app\/uploads\/2019\/04\/Osisko_OGR-logo_color.jpg\",\"width\":2550,\"height\":1066,\"caption\":\"Osisko Gold Royalties Ltd\"},\"image\":{\"@id\":\"https:\/\/orroyalties.com\/fr\/#\/schema\/logo\/image\/\"},\"sameAs\":[\"https:\/\/twitter.com\/OsiskoRoyalties\",\"https:\/\/www.linkedin.com\/company\/osisko-gold-royalties-ltd\"]}]}<\/script>\n<!-- \/ Yoast SEO plugin. -->","yoast_head_json":{"title":"Mod\u00e8le d'affaires | Osisko","description":"Le mod\u00e8le d'affaires d'Osisko consiste \u00e0 devenir une soci\u00e9t\u00e9 de redevances de premier plan et \u00e0 maximiser le rendement de ses actionnaires.","robots":{"index":"index","follow":"follow","max-snippet":"max-snippet:-1","max-image-preview":"max-image-preview:large","max-video-preview":"max-video-preview:-1"},"canonical":"https:\/\/orroyalties.com\/fr\/survol\/modele-daffaires\/","og_locale":"fr_FR","og_type":"article","og_title":"Mod\u00e8le d'affaires | Osisko","og_description":"Le mod\u00e8le d'affaires d'Osisko consiste \u00e0 devenir une soci\u00e9t\u00e9 de redevances de premier plan et \u00e0 maximiser le rendement de ses actionnaires.","og_url":"https:\/\/orroyalties.com\/fr\/survol\/modele-daffaires\/","og_site_name":"Redevances OR inc.","article_modified_time":"2025-05-12T12:46:28+00:00","og_image":[{"width":2000,"height":864,"url":"https:\/\/orroyalties.com\/app\/uploads\/2025\/05\/About2025.jpg","type":"image\/jpeg"}],"twitter_misc":{"Est. reading time":"1 minute"},"schema":{"@context":"https:\/\/schema.org","@graph":[{"@type":"WebPage","@id":"https:\/\/orroyalties.com\/fr\/survol\/modele-daffaires\/","url":"https:\/\/orroyalties.com\/fr\/survol\/modele-daffaires\/","name":"Mod\u00e8le d'affaires | Osisko","isPartOf":{"@id":"https:\/\/orroyalties.com\/fr\/#website"},"datePublished":"2015-02-03T14:38:14+00:00","dateModified":"2025-05-12T12:46:28+00:00","description":"Le mod\u00e8le d'affaires d'Osisko consiste \u00e0 devenir une soci\u00e9t\u00e9 de redevances de premier plan et \u00e0 maximiser le rendement de ses actionnaires.","breadcrumb":{"@id":"https:\/\/orroyalties.com\/fr\/survol\/modele-daffaires\/#breadcrumb"},"inLanguage":"fr-FR","potentialAction":[{"@type":"ReadAction","target":["https:\/\/orroyalties.com\/fr\/survol\/modele-daffaires\/"]}]},{"@type":"BreadcrumbList","@id":"https:\/\/orroyalties.com\/fr\/survol\/modele-daffaires\/#breadcrumb","itemListElement":[{"@type":"ListItem","position":1,"name":"Accueil","item":"https:\/\/orroyalties.com\/fr\/"},{"@type":"ListItem","position":2,"name":"Survol","item":"https:\/\/orroyalties.com\/fr\/survol\/"},{"@type":"ListItem","position":3,"name":"Mod\u00e8le d&rsquo;affaires"}]},{"@type":"WebSite","@id":"https:\/\/orroyalties.com\/fr\/#website","url":"https:\/\/orroyalties.com\/fr\/","name":"Redevances OR inc.","description":"Redevances OR inc. est une soci\u00e9t\u00e9 mini\u00e8re ax\u00e9e sur les redevances aurif\u00e8res et situ\u00e9e \u00e0 Montr\u00e9al, Qu\u00e9bec.","publisher":{"@id":"https:\/\/orroyalties.com\/fr\/#organization"},"potentialAction":[{"@type":"SearchAction","target":{"@type":"EntryPoint","urlTemplate":"https:\/\/orroyalties.com\/fr\/?s={search_term_string}"},"query-input":"required name=search_term_string"}],"inLanguage":"fr-FR"},{"@type":"Organization","@id":"https:\/\/orroyalties.com\/fr\/#organization","name":"Osisko Gold Royalties Ltd","url":"https:\/\/orroyalties.com\/fr\/","logo":{"@type":"ImageObject","inLanguage":"fr-FR","@id":"https:\/\/orroyalties.com\/fr\/#\/schema\/logo\/image\/","url":"https:\/\/orroyalties.com\/app\/uploads\/2019\/04\/Osisko_OGR-logo_color.jpg","contentUrl":"https:\/\/orroyalties.com\/app\/uploads\/2019\/04\/Osisko_OGR-logo_color.jpg","width":2550,"height":1066,"caption":"Osisko Gold Royalties Ltd"},"image":{"@id":"https:\/\/orroyalties.com\/fr\/#\/schema\/logo\/image\/"},"sameAs":["https:\/\/twitter.com\/OsiskoRoyalties","https:\/\/www.linkedin.com\/company\/osisko-gold-royalties-ltd"]}]}},"_links":{"self":[{"href":"https:\/\/orroyalties.com\/fr\/wp-json\/wp\/v2\/pages\/12"}],"collection":[{"href":"https:\/\/orroyalties.com\/fr\/wp-json\/wp\/v2\/pages"}],"about":[{"href":"https:\/\/orroyalties.com\/fr\/wp-json\/wp\/v2\/types\/page"}],"author":[{"embeddable":true,"href":"https:\/\/orroyalties.com\/fr\/wp-json\/wp\/v2\/users\/2"}],"replies":[{"embeddable":true,"href":"https:\/\/orroyalties.com\/fr\/wp-json\/wp\/v2\/comments?post=12"}],"version-history":[{"count":11,"href":"https:\/\/orroyalties.com\/fr\/wp-json\/wp\/v2\/pages\/12\/revisions"}],"predecessor-version":[{"id":12830,"href":"https:\/\/orroyalties.com\/fr\/wp-json\/wp\/v2\/pages\/12\/revisions\/12830"}],"up":[{"embeddable":true,"href":"https:\/\/orroyalties.com\/fr\/wp-json\/wp\/v2\/pages\/6"}],"wp:featuredmedia":[{"embeddable":true,"href":"https:\/\/orroyalties.com\/fr\/wp-json\/wp\/v2\/media\/12811"}],"wp:attachment":[{"href":"https:\/\/orroyalties.com\/fr\/wp-json\/wp\/v2\/media?parent=12"}],"curies":[{"name":"wp","href":"https:\/\/api.w.org\/{rel}","templated":true}]}}