{"id":11626,"date":"2023-12-01T13:25:42","date_gmt":"2023-12-01T18:25:42","guid":{"rendered":"https:\/\/osiskogr.com\/?page_id=11626"},"modified":"2025-11-19T11:00:22","modified_gmt":"2025-11-19T16:00:22","slug":"journee-analystes-investisseurs-2025","status":"publish","type":"page","link":"https:\/\/orroyalties.com\/fr\/investisseurs\/journee-analystes-investisseurs-2025\/","title":{"rendered":"Journ\u00e9e des analystes et des investisseurs 2025"},"content":{"rendered":"<h3><span style=\"color: #cc9900;\">Journ\u00e9e des analystes et des<br \/>\ninvestisseurs 2025 de Redevances OR\u00a0<\/span><\/h3>\n<p><strong>D\u00c9TAILS DE L&rsquo;\u00c9V\u00c9NEMENT :<\/strong><\/p>\n<p>Lundi, 10 novembre 2025 \u00e0 13h00 HE<\/p>\n<p>Vantage Venues<br \/>\n150 King Street West \u2013 16<sup>e<\/sup> \u00e9tage<br \/>\nToronto, ON<\/p>\n<p><iframe loading=\"lazy\" title=\"OR Royalties&#039; Analyst and Investor Day 2025\" width=\"1200\" height=\"675\" src=\"https:\/\/www.youtube.com\/embed\/zzHEnSu7j-c?feature=oembed\" frameborder=\"0\" allow=\"accelerometer; autoplay; clipboard-write; encrypted-media; gyroscope; picture-in-picture; web-share\" referrerpolicy=\"strict-origin-when-cross-origin\" allowfullscreen><\/iframe><\/p>\n<div class=\"wrap-pdf\"> <a href=\"https:\/\/orroyalties.com\/app\/uploads\/2025\/11\/OR-Analyst-Investor-Day-COMBINED_ALL-SLIDES_VFINAL_NOV172025_FOR_WEBSITE.pdf\" target=\"_blank\"> <div class=\"icon-pdf\">&nbsp;<\/div> <div class=\"pdf-box\">T\u00e9l\u00e9chargez la pr\u00e9sentation<\/div> <\/a> <\/div>\n<p>&nbsp;<\/p>\n","protected":false},"excerpt":{"rendered":"<p>Journ\u00e9e des analystes et des investisseurs 2025 de Redevances OR\u00a0 D\u00c9TAILS DE L&rsquo;\u00c9V\u00c9NEMENT : Lundi, 10 novembre 2025 \u00e0 13h00 HE Vantage Venues 150 King Street West \u2013 16e \u00e9tage Toronto, ON &nbsp;<\/p>\n","protected":false},"author":4,"featured_media":13387,"parent":79,"menu_order":0,"comment_status":"closed","ping_status":"closed","template":"","meta":{"_monsterinsights_skip_tracking":false,"_monsterinsights_sitenote_active":false,"_monsterinsights_sitenote_note":"","_monsterinsights_sitenote_category":0,"footnotes":""},"acf":[],"yoast_head":"<!-- This site is optimized with the Yoast SEO plugin v21.9.1 - https:\/\/yoast.com\/wordpress\/plugins\/seo\/ -->\n<title>Journ\u00e9e des analystes et des investisseurs 2025 | Redevances OR inc.<\/title>\n<meta name=\"robots\" content=\"index, follow, max-snippet:-1, max-image-preview:large, max-video-preview:-1\" \/>\n<link rel=\"canonical\" href=\"https:\/\/orroyalties.com\/fr\/investisseurs\/journee-analystes-investisseurs-2025\/\" \/>\n<meta property=\"og:locale\" content=\"fr_FR\" \/>\n<meta property=\"og:type\" content=\"article\" \/>\n<meta property=\"og:title\" content=\"Journ\u00e9e des analystes et des investisseurs 2025 | Redevances OR inc.\" \/>\n<meta property=\"og:description\" content=\"Journ\u00e9e des analystes et des investisseurs 2025 de Redevances OR\u00a0 D\u00c9TAILS DE L&rsquo;\u00c9V\u00c9NEMENT : Lundi, 10 novembre 2025 \u00e0 13h00 HE Vantage Venues 150 King Street West \u2013 16e \u00e9tage Toronto, ON &nbsp;\" \/>\n<meta property=\"og:url\" content=\"https:\/\/orroyalties.com\/fr\/investisseurs\/journee-analystes-investisseurs-2025\/\" \/>\n<meta property=\"og:site_name\" content=\"Redevances OR inc.\" \/>\n<meta property=\"article:modified_time\" content=\"2025-11-19T16:00:22+00:00\" \/>\n<meta property=\"og:image\" content=\"https:\/\/orroyalties.com\/app\/uploads\/2025\/11\/InvDay2025.jpg\" \/>\n\t<meta property=\"og:image:width\" content=\"2400\" \/>\n\t<meta property=\"og:image:height\" content=\"1500\" \/>\n\t<meta property=\"og:image:type\" content=\"image\/jpeg\" \/>\n<meta name=\"twitter:label1\" content=\"Est. reading time\" \/>\n\t<meta name=\"twitter:data1\" content=\"1 minute\" \/>\n<script type=\"application\/ld+json\" class=\"yoast-schema-graph\">{\"@context\":\"https:\/\/schema.org\",\"@graph\":[{\"@type\":\"WebPage\",\"@id\":\"https:\/\/orroyalties.com\/fr\/investisseurs\/journee-analystes-investisseurs-2025\/\",\"url\":\"https:\/\/orroyalties.com\/fr\/investisseurs\/journee-analystes-investisseurs-2025\/\",\"name\":\"Journ\u00e9e des analystes et des investisseurs 2025 | Redevances OR inc.\",\"isPartOf\":{\"@id\":\"https:\/\/orroyalties.com\/fr\/#website\"},\"datePublished\":\"2023-12-01T18:25:42+00:00\",\"dateModified\":\"2025-11-19T16:00:22+00:00\",\"breadcrumb\":{\"@id\":\"https:\/\/orroyalties.com\/fr\/investisseurs\/journee-analystes-investisseurs-2025\/#breadcrumb\"},\"inLanguage\":\"fr-FR\",\"potentialAction\":[{\"@type\":\"ReadAction\",\"target\":[\"https:\/\/orroyalties.com\/fr\/investisseurs\/journee-analystes-investisseurs-2025\/\"]}]},{\"@type\":\"BreadcrumbList\",\"@id\":\"https:\/\/orroyalties.com\/fr\/investisseurs\/journee-analystes-investisseurs-2025\/#breadcrumb\",\"itemListElement\":[{\"@type\":\"ListItem\",\"position\":1,\"name\":\"Accueil\",\"item\":\"https:\/\/orroyalties.com\/fr\/\"},{\"@type\":\"ListItem\",\"position\":2,\"name\":\"Survol investisseurs\",\"item\":\"https:\/\/orroyalties.com\/fr\/investisseurs\/\"},{\"@type\":\"ListItem\",\"position\":3,\"name\":\"Journ\u00e9e des analystes et des investisseurs 2025\"}]},{\"@type\":\"WebSite\",\"@id\":\"https:\/\/orroyalties.com\/fr\/#website\",\"url\":\"https:\/\/orroyalties.com\/fr\/\",\"name\":\"Redevances OR inc.\",\"description\":\"Redevances OR inc. est une soci\u00e9t\u00e9 mini\u00e8re ax\u00e9e sur les redevances aurif\u00e8res et situ\u00e9e \u00e0 Montr\u00e9al, Qu\u00e9bec.\",\"publisher\":{\"@id\":\"https:\/\/orroyalties.com\/fr\/#organization\"},\"potentialAction\":[{\"@type\":\"SearchAction\",\"target\":{\"@type\":\"EntryPoint\",\"urlTemplate\":\"https:\/\/orroyalties.com\/fr\/?s={search_term_string}\"},\"query-input\":\"required name=search_term_string\"}],\"inLanguage\":\"fr-FR\"},{\"@type\":\"Organization\",\"@id\":\"https:\/\/orroyalties.com\/fr\/#organization\",\"name\":\"Osisko Gold Royalties Ltd\",\"url\":\"https:\/\/orroyalties.com\/fr\/\",\"logo\":{\"@type\":\"ImageObject\",\"inLanguage\":\"fr-FR\",\"@id\":\"https:\/\/orroyalties.com\/fr\/#\/schema\/logo\/image\/\",\"url\":\"https:\/\/orroyalties.com\/app\/uploads\/2019\/04\/Osisko_OGR-logo_color.jpg\",\"contentUrl\":\"https:\/\/orroyalties.com\/app\/uploads\/2019\/04\/Osisko_OGR-logo_color.jpg\",\"width\":2550,\"height\":1066,\"caption\":\"Osisko Gold Royalties Ltd\"},\"image\":{\"@id\":\"https:\/\/orroyalties.com\/fr\/#\/schema\/logo\/image\/\"},\"sameAs\":[\"https:\/\/twitter.com\/OsiskoRoyalties\",\"https:\/\/www.linkedin.com\/company\/osisko-gold-royalties-ltd\"]}]}<\/script>\n<!-- \/ Yoast SEO plugin. -->","yoast_head_json":{"title":"Journ\u00e9e des analystes et des investisseurs 2025 | Redevances OR inc.","robots":{"index":"index","follow":"follow","max-snippet":"max-snippet:-1","max-image-preview":"max-image-preview:large","max-video-preview":"max-video-preview:-1"},"canonical":"https:\/\/orroyalties.com\/fr\/investisseurs\/journee-analystes-investisseurs-2025\/","og_locale":"fr_FR","og_type":"article","og_title":"Journ\u00e9e des analystes et des investisseurs 2025 | Redevances OR inc.","og_description":"Journ\u00e9e des analystes et des investisseurs 2025 de Redevances OR\u00a0 D\u00c9TAILS DE L&rsquo;\u00c9V\u00c9NEMENT : Lundi, 10 novembre 2025 \u00e0 13h00 HE Vantage Venues 150 King Street West \u2013 16e \u00e9tage Toronto, ON &nbsp;","og_url":"https:\/\/orroyalties.com\/fr\/investisseurs\/journee-analystes-investisseurs-2025\/","og_site_name":"Redevances OR inc.","article_modified_time":"2025-11-19T16:00:22+00:00","og_image":[{"width":2400,"height":1500,"url":"https:\/\/orroyalties.com\/app\/uploads\/2025\/11\/InvDay2025.jpg","type":"image\/jpeg"}],"twitter_misc":{"Est. reading time":"1 minute"},"schema":{"@context":"https:\/\/schema.org","@graph":[{"@type":"WebPage","@id":"https:\/\/orroyalties.com\/fr\/investisseurs\/journee-analystes-investisseurs-2025\/","url":"https:\/\/orroyalties.com\/fr\/investisseurs\/journee-analystes-investisseurs-2025\/","name":"Journ\u00e9e des analystes et des investisseurs 2025 | Redevances OR inc.","isPartOf":{"@id":"https:\/\/orroyalties.com\/fr\/#website"},"datePublished":"2023-12-01T18:25:42+00:00","dateModified":"2025-11-19T16:00:22+00:00","breadcrumb":{"@id":"https:\/\/orroyalties.com\/fr\/investisseurs\/journee-analystes-investisseurs-2025\/#breadcrumb"},"inLanguage":"fr-FR","potentialAction":[{"@type":"ReadAction","target":["https:\/\/orroyalties.com\/fr\/investisseurs\/journee-analystes-investisseurs-2025\/"]}]},{"@type":"BreadcrumbList","@id":"https:\/\/orroyalties.com\/fr\/investisseurs\/journee-analystes-investisseurs-2025\/#breadcrumb","itemListElement":[{"@type":"ListItem","position":1,"name":"Accueil","item":"https:\/\/orroyalties.com\/fr\/"},{"@type":"ListItem","position":2,"name":"Survol investisseurs","item":"https:\/\/orroyalties.com\/fr\/investisseurs\/"},{"@type":"ListItem","position":3,"name":"Journ\u00e9e des analystes et des investisseurs 2025"}]},{"@type":"WebSite","@id":"https:\/\/orroyalties.com\/fr\/#website","url":"https:\/\/orroyalties.com\/fr\/","name":"Redevances OR inc.","description":"Redevances OR inc. est une soci\u00e9t\u00e9 mini\u00e8re ax\u00e9e sur les redevances aurif\u00e8res et situ\u00e9e \u00e0 Montr\u00e9al, Qu\u00e9bec.","publisher":{"@id":"https:\/\/orroyalties.com\/fr\/#organization"},"potentialAction":[{"@type":"SearchAction","target":{"@type":"EntryPoint","urlTemplate":"https:\/\/orroyalties.com\/fr\/?s={search_term_string}"},"query-input":"required name=search_term_string"}],"inLanguage":"fr-FR"},{"@type":"Organization","@id":"https:\/\/orroyalties.com\/fr\/#organization","name":"Osisko Gold Royalties Ltd","url":"https:\/\/orroyalties.com\/fr\/","logo":{"@type":"ImageObject","inLanguage":"fr-FR","@id":"https:\/\/orroyalties.com\/fr\/#\/schema\/logo\/image\/","url":"https:\/\/orroyalties.com\/app\/uploads\/2019\/04\/Osisko_OGR-logo_color.jpg","contentUrl":"https:\/\/orroyalties.com\/app\/uploads\/2019\/04\/Osisko_OGR-logo_color.jpg","width":2550,"height":1066,"caption":"Osisko Gold Royalties Ltd"},"image":{"@id":"https:\/\/orroyalties.com\/fr\/#\/schema\/logo\/image\/"},"sameAs":["https:\/\/twitter.com\/OsiskoRoyalties","https:\/\/www.linkedin.com\/company\/osisko-gold-royalties-ltd"]}]}},"_links":{"self":[{"href":"https:\/\/orroyalties.com\/fr\/wp-json\/wp\/v2\/pages\/11626"}],"collection":[{"href":"https:\/\/orroyalties.com\/fr\/wp-json\/wp\/v2\/pages"}],"about":[{"href":"https:\/\/orroyalties.com\/fr\/wp-json\/wp\/v2\/types\/page"}],"author":[{"embeddable":true,"href":"https:\/\/orroyalties.com\/fr\/wp-json\/wp\/v2\/users\/4"}],"replies":[{"embeddable":true,"href":"https:\/\/orroyalties.com\/fr\/wp-json\/wp\/v2\/comments?post=11626"}],"version-history":[{"count":13,"href":"https:\/\/orroyalties.com\/fr\/wp-json\/wp\/v2\/pages\/11626\/revisions"}],"predecessor-version":[{"id":13404,"href":"https:\/\/orroyalties.com\/fr\/wp-json\/wp\/v2\/pages\/11626\/revisions\/13404"}],"up":[{"embeddable":true,"href":"https:\/\/orroyalties.com\/fr\/wp-json\/wp\/v2\/pages\/79"}],"wp:featuredmedia":[{"embeddable":true,"href":"https:\/\/orroyalties.com\/fr\/wp-json\/wp\/v2\/media\/13387"}],"wp:attachment":[{"href":"https:\/\/orroyalties.com\/fr\/wp-json\/wp\/v2\/media?parent=11626"}],"curies":[{"name":"wp","href":"https:\/\/api.w.org\/{rel}","templated":true}]}}