{"id":10309,"date":"2022-09-23T15:12:47","date_gmt":"2022-09-23T20:12:47","guid":{"rendered":"https:\/\/osiskogr.com\/?page_id=10309"},"modified":"2025-05-12T09:01:47","modified_gmt":"2025-05-12T14:01:47","slug":"protection-des-renseignements-personnels","status":"publish","type":"page","link":"https:\/\/orroyalties.com\/fr\/gouvernance\/protection-des-renseignements-personnels\/","title":{"rendered":"Protection des renseignements personnels"},"content":{"rendered":"<p>Au sein de Redevances OR inc., les personnes responsables de la protection des renseignements personnels peuvent \u00eatre contact\u00e9es \u00e0 l\u2019adresse suivante :<\/p>\n<p><strong>Andr\u00e9 Le Bel<\/strong><\/p>\n<p>ou<\/p>\n<p><strong>Fr\u00e9d\u00e9ric Ruel<\/strong><\/p>\n<p>Redevances OR inc.<br \/>\n1100 Avenue des Canadiens-de-Montr\u00e9al, Bureau 300<br \/>\nMontreal, Qu\u00e9bec<br \/>\nH3B 2S2<br \/>\n<a href=\"mailto:rprp@orroyalties.com\">rprp@orroyalties.com<\/a><\/p>\n<div class=\"wrap-pdf\"> <a href=\"https:\/\/orroyalties.com\/app\/uploads\/2023\/10\/23-09-22-Osisko_Avis-de-confidentialite.pdf\" target=\"_blank\"> <div class=\"icon-pdf\">&nbsp;<\/div> <div class=\"pdf-box\">Avis de confidentialit\u00e9<\/div> <\/a> <\/div>\n","protected":false},"excerpt":{"rendered":"<p>Au sein de Redevances OR inc., les personnes responsables de la protection des renseignements personnels peuvent \u00eatre contact\u00e9es \u00e0 l\u2019adresse suivante : Andr\u00e9 Le Bel ou Fr\u00e9d\u00e9ric Ruel Redevances OR inc. 1100 Avenue des Canadiens-de-Montr\u00e9al, Bureau 300 Montreal, Qu\u00e9bec H3B 2S2 rprp@orroyalties.com<\/p>\n","protected":false},"author":4,"featured_media":12811,"parent":18,"menu_order":0,"comment_status":"closed","ping_status":"closed","template":"","meta":{"_monsterinsights_skip_tracking":false,"_monsterinsights_sitenote_active":false,"_monsterinsights_sitenote_note":"","_monsterinsights_sitenote_category":0,"footnotes":""},"acf":[],"yoast_head":"<!-- This site is optimized with the Yoast SEO plugin v21.9.1 - https:\/\/yoast.com\/wordpress\/plugins\/seo\/ -->\n<title>Protection des renseignements personnels | Redevances OR inc.<\/title>\n<meta name=\"robots\" content=\"index, follow, max-snippet:-1, max-image-preview:large, max-video-preview:-1\" \/>\n<link rel=\"canonical\" href=\"https:\/\/orroyalties.com\/fr\/gouvernance\/protection-des-renseignements-personnels\/\" \/>\n<meta property=\"og:locale\" content=\"fr_FR\" \/>\n<meta property=\"og:type\" content=\"article\" \/>\n<meta property=\"og:title\" content=\"Protection des renseignements personnels | Redevances OR inc.\" \/>\n<meta property=\"og:description\" content=\"Au sein de Redevances OR inc., les personnes responsables de la protection des renseignements personnels peuvent \u00eatre contact\u00e9es \u00e0 l\u2019adresse suivante : Andr\u00e9 Le Bel ou Fr\u00e9d\u00e9ric Ruel Redevances OR inc. 1100 Avenue des Canadiens-de-Montr\u00e9al, Bureau 300 Montreal, Qu\u00e9bec H3B 2S2 rprp@orroyalties.com\" \/>\n<meta property=\"og:url\" content=\"https:\/\/orroyalties.com\/fr\/gouvernance\/protection-des-renseignements-personnels\/\" \/>\n<meta property=\"og:site_name\" content=\"Redevances OR inc.\" \/>\n<meta property=\"article:modified_time\" content=\"2025-05-12T14:01:47+00:00\" \/>\n<meta property=\"og:image\" content=\"https:\/\/orroyalties.com\/app\/uploads\/2025\/05\/About2025.jpg\" \/>\n\t<meta property=\"og:image:width\" content=\"2000\" \/>\n\t<meta property=\"og:image:height\" content=\"864\" \/>\n\t<meta property=\"og:image:type\" content=\"image\/jpeg\" \/>\n<meta name=\"twitter:label1\" content=\"Est. reading time\" \/>\n\t<meta name=\"twitter:data1\" content=\"1 minute\" \/>\n<script type=\"application\/ld+json\" class=\"yoast-schema-graph\">{\"@context\":\"https:\/\/schema.org\",\"@graph\":[{\"@type\":\"WebPage\",\"@id\":\"https:\/\/orroyalties.com\/fr\/gouvernance\/protection-des-renseignements-personnels\/\",\"url\":\"https:\/\/orroyalties.com\/fr\/gouvernance\/protection-des-renseignements-personnels\/\",\"name\":\"Protection des renseignements personnels | Redevances OR inc.\",\"isPartOf\":{\"@id\":\"https:\/\/orroyalties.com\/fr\/#website\"},\"datePublished\":\"2022-09-23T20:12:47+00:00\",\"dateModified\":\"2025-05-12T14:01:47+00:00\",\"breadcrumb\":{\"@id\":\"https:\/\/orroyalties.com\/fr\/gouvernance\/protection-des-renseignements-personnels\/#breadcrumb\"},\"inLanguage\":\"fr-FR\",\"potentialAction\":[{\"@type\":\"ReadAction\",\"target\":[\"https:\/\/orroyalties.com\/fr\/gouvernance\/protection-des-renseignements-personnels\/\"]}]},{\"@type\":\"BreadcrumbList\",\"@id\":\"https:\/\/orroyalties.com\/fr\/gouvernance\/protection-des-renseignements-personnels\/#breadcrumb\",\"itemListElement\":[{\"@type\":\"ListItem\",\"position\":1,\"name\":\"Accueil\",\"item\":\"https:\/\/orroyalties.com\/fr\/\"},{\"@type\":\"ListItem\",\"position\":2,\"name\":\"Gouvernance\",\"item\":\"https:\/\/orroyalties.com\/fr\/gouvernance\/\"},{\"@type\":\"ListItem\",\"position\":3,\"name\":\"Protection des renseignements personnels\"}]},{\"@type\":\"WebSite\",\"@id\":\"https:\/\/orroyalties.com\/fr\/#website\",\"url\":\"https:\/\/orroyalties.com\/fr\/\",\"name\":\"Redevances OR inc.\",\"description\":\"Redevances OR inc. est une soci\u00e9t\u00e9 mini\u00e8re ax\u00e9e sur les redevances aurif\u00e8res et situ\u00e9e \u00e0 Montr\u00e9al, Qu\u00e9bec.\",\"publisher\":{\"@id\":\"https:\/\/orroyalties.com\/fr\/#organization\"},\"potentialAction\":[{\"@type\":\"SearchAction\",\"target\":{\"@type\":\"EntryPoint\",\"urlTemplate\":\"https:\/\/orroyalties.com\/fr\/?s={search_term_string}\"},\"query-input\":\"required name=search_term_string\"}],\"inLanguage\":\"fr-FR\"},{\"@type\":\"Organization\",\"@id\":\"https:\/\/orroyalties.com\/fr\/#organization\",\"name\":\"Osisko Gold Royalties Ltd\",\"url\":\"https:\/\/orroyalties.com\/fr\/\",\"logo\":{\"@type\":\"ImageObject\",\"inLanguage\":\"fr-FR\",\"@id\":\"https:\/\/orroyalties.com\/fr\/#\/schema\/logo\/image\/\",\"url\":\"https:\/\/orroyalties.com\/app\/uploads\/2019\/04\/Osisko_OGR-logo_color.jpg\",\"contentUrl\":\"https:\/\/orroyalties.com\/app\/uploads\/2019\/04\/Osisko_OGR-logo_color.jpg\",\"width\":2550,\"height\":1066,\"caption\":\"Osisko Gold Royalties Ltd\"},\"image\":{\"@id\":\"https:\/\/orroyalties.com\/fr\/#\/schema\/logo\/image\/\"},\"sameAs\":[\"https:\/\/twitter.com\/OsiskoRoyalties\",\"https:\/\/www.linkedin.com\/company\/osisko-gold-royalties-ltd\"]}]}<\/script>\n<!-- \/ Yoast SEO plugin. -->","yoast_head_json":{"title":"Protection des renseignements personnels | Redevances OR inc.","robots":{"index":"index","follow":"follow","max-snippet":"max-snippet:-1","max-image-preview":"max-image-preview:large","max-video-preview":"max-video-preview:-1"},"canonical":"https:\/\/orroyalties.com\/fr\/gouvernance\/protection-des-renseignements-personnels\/","og_locale":"fr_FR","og_type":"article","og_title":"Protection des renseignements personnels | Redevances OR inc.","og_description":"Au sein de Redevances OR inc., les personnes responsables de la protection des renseignements personnels peuvent \u00eatre contact\u00e9es \u00e0 l\u2019adresse suivante : Andr\u00e9 Le Bel ou Fr\u00e9d\u00e9ric Ruel Redevances OR inc. 1100 Avenue des Canadiens-de-Montr\u00e9al, Bureau 300 Montreal, Qu\u00e9bec H3B 2S2 rprp@orroyalties.com","og_url":"https:\/\/orroyalties.com\/fr\/gouvernance\/protection-des-renseignements-personnels\/","og_site_name":"Redevances OR inc.","article_modified_time":"2025-05-12T14:01:47+00:00","og_image":[{"width":2000,"height":864,"url":"https:\/\/orroyalties.com\/app\/uploads\/2025\/05\/About2025.jpg","type":"image\/jpeg"}],"twitter_misc":{"Est. reading time":"1 minute"},"schema":{"@context":"https:\/\/schema.org","@graph":[{"@type":"WebPage","@id":"https:\/\/orroyalties.com\/fr\/gouvernance\/protection-des-renseignements-personnels\/","url":"https:\/\/orroyalties.com\/fr\/gouvernance\/protection-des-renseignements-personnels\/","name":"Protection des renseignements personnels | Redevances OR inc.","isPartOf":{"@id":"https:\/\/orroyalties.com\/fr\/#website"},"datePublished":"2022-09-23T20:12:47+00:00","dateModified":"2025-05-12T14:01:47+00:00","breadcrumb":{"@id":"https:\/\/orroyalties.com\/fr\/gouvernance\/protection-des-renseignements-personnels\/#breadcrumb"},"inLanguage":"fr-FR","potentialAction":[{"@type":"ReadAction","target":["https:\/\/orroyalties.com\/fr\/gouvernance\/protection-des-renseignements-personnels\/"]}]},{"@type":"BreadcrumbList","@id":"https:\/\/orroyalties.com\/fr\/gouvernance\/protection-des-renseignements-personnels\/#breadcrumb","itemListElement":[{"@type":"ListItem","position":1,"name":"Accueil","item":"https:\/\/orroyalties.com\/fr\/"},{"@type":"ListItem","position":2,"name":"Gouvernance","item":"https:\/\/orroyalties.com\/fr\/gouvernance\/"},{"@type":"ListItem","position":3,"name":"Protection des renseignements personnels"}]},{"@type":"WebSite","@id":"https:\/\/orroyalties.com\/fr\/#website","url":"https:\/\/orroyalties.com\/fr\/","name":"Redevances OR inc.","description":"Redevances OR inc. est une soci\u00e9t\u00e9 mini\u00e8re ax\u00e9e sur les redevances aurif\u00e8res et situ\u00e9e \u00e0 Montr\u00e9al, Qu\u00e9bec.","publisher":{"@id":"https:\/\/orroyalties.com\/fr\/#organization"},"potentialAction":[{"@type":"SearchAction","target":{"@type":"EntryPoint","urlTemplate":"https:\/\/orroyalties.com\/fr\/?s={search_term_string}"},"query-input":"required name=search_term_string"}],"inLanguage":"fr-FR"},{"@type":"Organization","@id":"https:\/\/orroyalties.com\/fr\/#organization","name":"Osisko Gold Royalties Ltd","url":"https:\/\/orroyalties.com\/fr\/","logo":{"@type":"ImageObject","inLanguage":"fr-FR","@id":"https:\/\/orroyalties.com\/fr\/#\/schema\/logo\/image\/","url":"https:\/\/orroyalties.com\/app\/uploads\/2019\/04\/Osisko_OGR-logo_color.jpg","contentUrl":"https:\/\/orroyalties.com\/app\/uploads\/2019\/04\/Osisko_OGR-logo_color.jpg","width":2550,"height":1066,"caption":"Osisko Gold Royalties Ltd"},"image":{"@id":"https:\/\/orroyalties.com\/fr\/#\/schema\/logo\/image\/"},"sameAs":["https:\/\/twitter.com\/OsiskoRoyalties","https:\/\/www.linkedin.com\/company\/osisko-gold-royalties-ltd"]}]}},"_links":{"self":[{"href":"https:\/\/orroyalties.com\/fr\/wp-json\/wp\/v2\/pages\/10309"}],"collection":[{"href":"https:\/\/orroyalties.com\/fr\/wp-json\/wp\/v2\/pages"}],"about":[{"href":"https:\/\/orroyalties.com\/fr\/wp-json\/wp\/v2\/types\/page"}],"author":[{"embeddable":true,"href":"https:\/\/orroyalties.com\/fr\/wp-json\/wp\/v2\/users\/4"}],"replies":[{"embeddable":true,"href":"https:\/\/orroyalties.com\/fr\/wp-json\/wp\/v2\/comments?post=10309"}],"version-history":[{"count":7,"href":"https:\/\/orroyalties.com\/fr\/wp-json\/wp\/v2\/pages\/10309\/revisions"}],"predecessor-version":[{"id":12639,"href":"https:\/\/orroyalties.com\/fr\/wp-json\/wp\/v2\/pages\/10309\/revisions\/12639"}],"up":[{"embeddable":true,"href":"https:\/\/orroyalties.com\/fr\/wp-json\/wp\/v2\/pages\/18"}],"wp:featuredmedia":[{"embeddable":true,"href":"https:\/\/orroyalties.com\/fr\/wp-json\/wp\/v2\/media\/12811"}],"wp:attachment":[{"href":"https:\/\/orroyalties.com\/fr\/wp-json\/wp\/v2\/media?parent=10309"}],"curies":[{"name":"wp","href":"https:\/\/api.w.org\/{rel}","templated":true}]}}