{"id":10161,"date":"2022-04-27T12:37:10","date_gmt":"2022-04-27T17:37:10","guid":{"rendered":"https:\/\/osiskogr.com\/?page_id=10161"},"modified":"2025-07-18T11:13:01","modified_gmt":"2025-07-18T16:13:01","slug":"materialite-engagement","status":"publish","type":"page","link":"https:\/\/orroyalties.com\/fr\/materialite-engagement\/","title":{"rendered":"Mat\u00e9rialit\u00e9 et engagement aupr\u00e8s\u00a0des parties prenantes"},"content":{"rendered":"<table style=\"border-collapse: collapse; width: 100%; height: 81px;\">\n<tbody>\n<tr style=\"height: 29px;\">\n<td style=\"width: 68.7424%; height: 81px; vertical-align: middle;\" rowspan=\"2\">\n<h3><span style=\"color: #cc992a;\">La r\u00e9alisation d&rsquo;une \u00e9valuation de la mat\u00e9rialit\u00e9 est essentielle pour permettre \u00e0 Redevances OR d&rsquo;identifier et de hi\u00e9rarchiser les enjeux importants en mati\u00e8re de d\u00e9veloppement durable pour ses parties prenantes et ses activit\u00e9s. Comprendre les principales pr\u00e9occupations en mati\u00e8re de d\u00e9veloppement durable nous aide \u00e0 am\u00e9liorer la transparence et \u00e0 aligner notre strat\u00e9gie ESG et nos divulgations sur les priorit\u00e9s des parties prenantes, afin de promouvoir des pratiques d&rsquo;entreprise responsables.<\/span><\/h3>\n<\/td>\n<td style=\"width: 31.2576%; height: 29px;\" rowspan=\"2\"><img loading=\"lazy\" decoding=\"async\" class=\"size-medium wp-image-11212 aligncenter\" src=\"https:\/\/orroyalties.com\/app\/uploads\/2023\/07\/FW_fr-190x300.png\" alt=\"\" width=\"190\" height=\"300\" srcset=\"https:\/\/orroyalties.com\/app\/uploads\/2023\/07\/FW_fr-190x300.png 190w, https:\/\/orroyalties.com\/app\/uploads\/2023\/07\/FW_fr-647x1024.png 647w, https:\/\/orroyalties.com\/app\/uploads\/2023\/07\/FW_fr.png 717w\" sizes=\"(max-width: 190px) 100vw, 190px\" \/><\/td>\n<\/tr>\n<\/tbody>\n<\/table>\n<p>&nbsp;<\/p>\n<p>En 2024, avec le soutien de Deloitte, un consultant externe, nous avons proc\u00e9d\u00e9 \u00e0 une mise \u00e0 jour de notre \u00e9valuation de la mat\u00e9rialit\u00e9 en rapport avec nos enjeux ESG afin de nous pr\u00e9parer \u00e0 d&rsquo;\u00e9ventuelles exigences obligatoires en mati\u00e8re de divulgation ESG et d&rsquo;int\u00e9grer les points de vue des parties prenantes sur les questions de durabilit\u00e9 qui importent le plus \u00e0 Redevances OR. L&rsquo;objectif de cette mise \u00e0 jour \u00e9tait de s&rsquo;appuyer sur notre \u00e9valuation de la mat\u00e9rialit\u00e9 de 2022 en incluant des parties prenantes suppl\u00e9mentaires afin de mieux refl\u00e9ter les perspectives internes et externes et l&rsquo;\u00e9volution des pratiques mondiales. L&rsquo;\u00e9valuation s&rsquo;est inspir\u00e9e de la double d\u00e9finition de la mat\u00e9rialit\u00e9 incluse dans la directive europ\u00e9enne sur le reporting extra-financier (Corporate Sustainability Reporting Directive, \u00ab CSRD \u00bb) et les normes europ\u00e9ennes de reporting extra-financier (European Sustainability Reporting Standards, \u00ab ESRS \u00bb). La port\u00e9e de l&rsquo;\u00e9valuation s&rsquo;est limit\u00e9e \u00e0 l&rsquo;\u00e9valuation de la mat\u00e9rialit\u00e9 au niveau des th\u00e8mes, plut\u00f4t qu&rsquo;\u00e0 l&rsquo;\u00e9valuation des impacts, des risques et des opportunit\u00e9s (\u00ab IRO \u00bb). Cela a permis d&rsquo;adopter une approche rationalis\u00e9e pour l&rsquo;ann\u00e9e de mise \u00e0 jour et de pr\u00e9parer Redevances OR \u00e0 une future \u00e9valuation au niveau IRO.<\/p>\n<p>L&rsquo;approche utilis\u00e9e reposait sur une m\u00e9thodologie robuste qui mettait l&rsquo;accent sur un processus syst\u00e9matique et inclusif pour les parties prenantes, align\u00e9 sur les pratiques du secteur et les normes de divulgation ESG, tout en \u00e9tant adapt\u00e9e au mod\u00e8le commercial unique de Redevances OR. Le processus a d\u00e9but\u00e9 par un examen des th\u00e8mes ESG importants identifi\u00e9s par la pr\u00e9c\u00e9dente \u00e9valuation de l&rsquo;importance relative de Redevances OR et ceux identifi\u00e9s par les principaux pairs du secteur et par les normes de divulgation du secteur. Cette liste a servi de base \u00e0 un engagement approfondi des parties prenantes, au cours duquel nous avons recueilli des informations pr\u00e9cieuses aupr\u00e8s de divers groupes internes et externes.<\/p>\n<p><a href=\"https:\/\/orroyalties.com\/app\/uploads\/2025\/07\/Materiality2024.jpg\"><img loading=\"lazy\" decoding=\"async\" class=\"alignleft wp-image-13171\" src=\"https:\/\/orroyalties.com\/app\/uploads\/2025\/07\/Materiality2024.jpg\" alt=\"\" width=\"708\" height=\"376\" srcset=\"https:\/\/orroyalties.com\/app\/uploads\/2025\/07\/Materiality2024.jpg 1500w, https:\/\/orroyalties.com\/app\/uploads\/2025\/07\/Materiality2024-300x159.jpg 300w, https:\/\/orroyalties.com\/app\/uploads\/2025\/07\/Materiality2024-1024x544.jpg 1024w, https:\/\/orroyalties.com\/app\/uploads\/2025\/07\/Materiality2024-768x408.jpg 768w\" sizes=\"(max-width: 708px) 100vw, 708px\" \/><\/a><\/p>\n<p>&nbsp;<\/p>\n<p>&nbsp;<\/p>\n<p>&nbsp;<\/p>\n<p>&nbsp;<\/p>\n<p>&nbsp;<\/p>\n<p>&nbsp;<\/p>\n<p>&nbsp;<\/p>\n<p>&nbsp;<\/p>\n<p>&nbsp;<\/p>\n<p>&nbsp;<\/p>\n<div class=\"panel\">\nSources :<\/p>\n<ul>\n<li>Normes de reporting<\/li>\n<li>Organisme de notation ESG<\/li>\n<li>Sujets pertinents pour les pairs<\/li>\n<li>Contribution du conseil d&rsquo;administration de Redevances OR<\/li>\n<li>Partenaires miniers s\u00e9lectionn\u00e9s<\/li>\n<li>Actionnaires s\u00e9lectionn\u00e9s<\/li>\n<li>Employ\u00e9s de Redevances OR<\/li>\n<\/ul>\n<\/div>\n","protected":false},"excerpt":{"rendered":"<p>La r\u00e9alisation d&rsquo;une \u00e9valuation de la mat\u00e9rialit\u00e9 est essentielle pour permettre \u00e0 Redevances OR d&rsquo;identifier et de hi\u00e9rarchiser les enjeux importants en mati\u00e8re de d\u00e9veloppement durable pour ses parties prenantes et ses activit\u00e9s. Comprendre les principales pr\u00e9occupations en mati\u00e8re de d\u00e9veloppement durable nous aide \u00e0 am\u00e9liorer la transparence et \u00e0 aligner notre strat\u00e9gie ESG et [&hellip;]<\/p>\n","protected":false},"author":4,"featured_media":10128,"parent":0,"menu_order":0,"comment_status":"closed","ping_status":"closed","template":"","meta":{"_monsterinsights_skip_tracking":false,"_monsterinsights_sitenote_active":false,"_monsterinsights_sitenote_note":"","_monsterinsights_sitenote_category":0,"footnotes":""},"acf":[],"yoast_head":"<!-- This site is optimized with the Yoast SEO plugin v21.9.1 - https:\/\/yoast.com\/wordpress\/plugins\/seo\/ -->\n<title>Mat\u00e9rialit\u00e9 et engagement aupr\u00e8s\u00a0des parties prenantes | Redevances OR inc.<\/title>\n<meta name=\"robots\" content=\"index, follow, max-snippet:-1, max-image-preview:large, max-video-preview:-1\" \/>\n<link rel=\"canonical\" href=\"https:\/\/orroyalties.com\/fr\/materialite-engagement\/\" \/>\n<meta property=\"og:locale\" content=\"fr_FR\" \/>\n<meta property=\"og:type\" content=\"article\" \/>\n<meta property=\"og:title\" content=\"Mat\u00e9rialit\u00e9 et engagement aupr\u00e8s\u00a0des parties prenantes | Redevances OR inc.\" \/>\n<meta property=\"og:description\" content=\"La r\u00e9alisation d&rsquo;une \u00e9valuation de la mat\u00e9rialit\u00e9 est essentielle pour permettre \u00e0 Redevances OR d&rsquo;identifier et de hi\u00e9rarchiser les enjeux importants en mati\u00e8re de d\u00e9veloppement durable pour ses parties prenantes et ses activit\u00e9s. Comprendre les principales pr\u00e9occupations en mati\u00e8re de d\u00e9veloppement durable nous aide \u00e0 am\u00e9liorer la transparence et \u00e0 aligner notre strat\u00e9gie ESG et [&hellip;]\" \/>\n<meta property=\"og:url\" content=\"https:\/\/orroyalties.com\/fr\/materialite-engagement\/\" \/>\n<meta property=\"og:site_name\" content=\"Redevances OR inc.\" \/>\n<meta property=\"article:modified_time\" content=\"2025-07-18T16:13:01+00:00\" \/>\n<meta property=\"og:image\" content=\"https:\/\/orroyalties.com\/app\/uploads\/2022\/04\/casque.jpg\" \/>\n\t<meta property=\"og:image:width\" content=\"1200\" \/>\n\t<meta property=\"og:image:height\" content=\"800\" \/>\n\t<meta property=\"og:image:type\" content=\"image\/jpeg\" \/>\n<meta name=\"twitter:label1\" content=\"Est. reading time\" \/>\n\t<meta name=\"twitter:data1\" content=\"3 minutes\" \/>\n<script type=\"application\/ld+json\" class=\"yoast-schema-graph\">{\"@context\":\"https:\/\/schema.org\",\"@graph\":[{\"@type\":\"WebPage\",\"@id\":\"https:\/\/orroyalties.com\/fr\/materialite-engagement\/\",\"url\":\"https:\/\/orroyalties.com\/fr\/materialite-engagement\/\",\"name\":\"Mat\u00e9rialit\u00e9 et engagement aupr\u00e8s\u00a0des parties prenantes | Redevances OR inc.\",\"isPartOf\":{\"@id\":\"https:\/\/orroyalties.com\/fr\/#website\"},\"datePublished\":\"2022-04-27T17:37:10+00:00\",\"dateModified\":\"2025-07-18T16:13:01+00:00\",\"breadcrumb\":{\"@id\":\"https:\/\/orroyalties.com\/fr\/materialite-engagement\/#breadcrumb\"},\"inLanguage\":\"fr-FR\",\"potentialAction\":[{\"@type\":\"ReadAction\",\"target\":[\"https:\/\/orroyalties.com\/fr\/materialite-engagement\/\"]}]},{\"@type\":\"BreadcrumbList\",\"@id\":\"https:\/\/orroyalties.com\/fr\/materialite-engagement\/#breadcrumb\",\"itemListElement\":[{\"@type\":\"ListItem\",\"position\":1,\"name\":\"Accueil\",\"item\":\"https:\/\/orroyalties.com\/fr\/\"},{\"@type\":\"ListItem\",\"position\":2,\"name\":\"Mat\u00e9rialit\u00e9 et engagement aupr\u00e8s\u00a0des parties prenantes\"}]},{\"@type\":\"WebSite\",\"@id\":\"https:\/\/orroyalties.com\/fr\/#website\",\"url\":\"https:\/\/orroyalties.com\/fr\/\",\"name\":\"Redevances OR inc.\",\"description\":\"Redevances OR inc. est une soci\u00e9t\u00e9 mini\u00e8re ax\u00e9e sur les redevances aurif\u00e8res et situ\u00e9e \u00e0 Montr\u00e9al, Qu\u00e9bec.\",\"publisher\":{\"@id\":\"https:\/\/orroyalties.com\/fr\/#organization\"},\"potentialAction\":[{\"@type\":\"SearchAction\",\"target\":{\"@type\":\"EntryPoint\",\"urlTemplate\":\"https:\/\/orroyalties.com\/fr\/?s={search_term_string}\"},\"query-input\":\"required name=search_term_string\"}],\"inLanguage\":\"fr-FR\"},{\"@type\":\"Organization\",\"@id\":\"https:\/\/orroyalties.com\/fr\/#organization\",\"name\":\"Osisko Gold Royalties Ltd\",\"url\":\"https:\/\/orroyalties.com\/fr\/\",\"logo\":{\"@type\":\"ImageObject\",\"inLanguage\":\"fr-FR\",\"@id\":\"https:\/\/orroyalties.com\/fr\/#\/schema\/logo\/image\/\",\"url\":\"https:\/\/orroyalties.com\/app\/uploads\/2019\/04\/Osisko_OGR-logo_color.jpg\",\"contentUrl\":\"https:\/\/orroyalties.com\/app\/uploads\/2019\/04\/Osisko_OGR-logo_color.jpg\",\"width\":2550,\"height\":1066,\"caption\":\"Osisko Gold Royalties Ltd\"},\"image\":{\"@id\":\"https:\/\/orroyalties.com\/fr\/#\/schema\/logo\/image\/\"},\"sameAs\":[\"https:\/\/twitter.com\/OsiskoRoyalties\",\"https:\/\/www.linkedin.com\/company\/osisko-gold-royalties-ltd\"]}]}<\/script>\n<!-- \/ Yoast SEO plugin. -->","yoast_head_json":{"title":"Mat\u00e9rialit\u00e9 et engagement aupr\u00e8s\u00a0des parties prenantes | Redevances OR inc.","robots":{"index":"index","follow":"follow","max-snippet":"max-snippet:-1","max-image-preview":"max-image-preview:large","max-video-preview":"max-video-preview:-1"},"canonical":"https:\/\/orroyalties.com\/fr\/materialite-engagement\/","og_locale":"fr_FR","og_type":"article","og_title":"Mat\u00e9rialit\u00e9 et engagement aupr\u00e8s\u00a0des parties prenantes | Redevances OR inc.","og_description":"La r\u00e9alisation d&rsquo;une \u00e9valuation de la mat\u00e9rialit\u00e9 est essentielle pour permettre \u00e0 Redevances OR d&rsquo;identifier et de hi\u00e9rarchiser les enjeux importants en mati\u00e8re de d\u00e9veloppement durable pour ses parties prenantes et ses activit\u00e9s. Comprendre les principales pr\u00e9occupations en mati\u00e8re de d\u00e9veloppement durable nous aide \u00e0 am\u00e9liorer la transparence et \u00e0 aligner notre strat\u00e9gie ESG et [&hellip;]","og_url":"https:\/\/orroyalties.com\/fr\/materialite-engagement\/","og_site_name":"Redevances OR inc.","article_modified_time":"2025-07-18T16:13:01+00:00","og_image":[{"width":1200,"height":800,"url":"https:\/\/orroyalties.com\/app\/uploads\/2022\/04\/casque.jpg","type":"image\/jpeg"}],"twitter_misc":{"Est. reading time":"3 minutes"},"schema":{"@context":"https:\/\/schema.org","@graph":[{"@type":"WebPage","@id":"https:\/\/orroyalties.com\/fr\/materialite-engagement\/","url":"https:\/\/orroyalties.com\/fr\/materialite-engagement\/","name":"Mat\u00e9rialit\u00e9 et engagement aupr\u00e8s\u00a0des parties prenantes | Redevances OR inc.","isPartOf":{"@id":"https:\/\/orroyalties.com\/fr\/#website"},"datePublished":"2022-04-27T17:37:10+00:00","dateModified":"2025-07-18T16:13:01+00:00","breadcrumb":{"@id":"https:\/\/orroyalties.com\/fr\/materialite-engagement\/#breadcrumb"},"inLanguage":"fr-FR","potentialAction":[{"@type":"ReadAction","target":["https:\/\/orroyalties.com\/fr\/materialite-engagement\/"]}]},{"@type":"BreadcrumbList","@id":"https:\/\/orroyalties.com\/fr\/materialite-engagement\/#breadcrumb","itemListElement":[{"@type":"ListItem","position":1,"name":"Accueil","item":"https:\/\/orroyalties.com\/fr\/"},{"@type":"ListItem","position":2,"name":"Mat\u00e9rialit\u00e9 et engagement aupr\u00e8s\u00a0des parties prenantes"}]},{"@type":"WebSite","@id":"https:\/\/orroyalties.com\/fr\/#website","url":"https:\/\/orroyalties.com\/fr\/","name":"Redevances OR inc.","description":"Redevances OR inc. est une soci\u00e9t\u00e9 mini\u00e8re ax\u00e9e sur les redevances aurif\u00e8res et situ\u00e9e \u00e0 Montr\u00e9al, Qu\u00e9bec.","publisher":{"@id":"https:\/\/orroyalties.com\/fr\/#organization"},"potentialAction":[{"@type":"SearchAction","target":{"@type":"EntryPoint","urlTemplate":"https:\/\/orroyalties.com\/fr\/?s={search_term_string}"},"query-input":"required name=search_term_string"}],"inLanguage":"fr-FR"},{"@type":"Organization","@id":"https:\/\/orroyalties.com\/fr\/#organization","name":"Osisko Gold Royalties Ltd","url":"https:\/\/orroyalties.com\/fr\/","logo":{"@type":"ImageObject","inLanguage":"fr-FR","@id":"https:\/\/orroyalties.com\/fr\/#\/schema\/logo\/image\/","url":"https:\/\/orroyalties.com\/app\/uploads\/2019\/04\/Osisko_OGR-logo_color.jpg","contentUrl":"https:\/\/orroyalties.com\/app\/uploads\/2019\/04\/Osisko_OGR-logo_color.jpg","width":2550,"height":1066,"caption":"Osisko Gold Royalties Ltd"},"image":{"@id":"https:\/\/orroyalties.com\/fr\/#\/schema\/logo\/image\/"},"sameAs":["https:\/\/twitter.com\/OsiskoRoyalties","https:\/\/www.linkedin.com\/company\/osisko-gold-royalties-ltd"]}]}},"_links":{"self":[{"href":"https:\/\/orroyalties.com\/fr\/wp-json\/wp\/v2\/pages\/10161"}],"collection":[{"href":"https:\/\/orroyalties.com\/fr\/wp-json\/wp\/v2\/pages"}],"about":[{"href":"https:\/\/orroyalties.com\/fr\/wp-json\/wp\/v2\/types\/page"}],"author":[{"embeddable":true,"href":"https:\/\/orroyalties.com\/fr\/wp-json\/wp\/v2\/users\/4"}],"replies":[{"embeddable":true,"href":"https:\/\/orroyalties.com\/fr\/wp-json\/wp\/v2\/comments?post=10161"}],"version-history":[{"count":10,"href":"https:\/\/orroyalties.com\/fr\/wp-json\/wp\/v2\/pages\/10161\/revisions"}],"predecessor-version":[{"id":13192,"href":"https:\/\/orroyalties.com\/fr\/wp-json\/wp\/v2\/pages\/10161\/revisions\/13192"}],"wp:featuredmedia":[{"embeddable":true,"href":"https:\/\/orroyalties.com\/fr\/wp-json\/wp\/v2\/media\/10128"}],"wp:attachment":[{"href":"https:\/\/orroyalties.com\/fr\/wp-json\/wp\/v2\/media?parent=10161"}],"curies":[{"name":"wp","href":"https:\/\/api.w.org\/{rel}","templated":true}]}}